{"id":121666,"date":"2025-03-14T10:29:06","date_gmt":"2025-03-14T10:29:06","guid":{"rendered":"https:\/\/www.tradingpedia.com\/ranking-methodology-2\/"},"modified":"2026-01-19T13:11:41","modified_gmt":"2026-01-19T13:11:41","slug":"ranking-methodology","status":"publish","type":"page","link":"https:\/\/www.tradingpedia.com\/it\/ranking-methodology\/","title":{"rendered":"Metodologia di classificazione dei broker Forex su Tradingpedia"},"content":{"rendered":"<p>Su Tradingpedia, i trader possono consultare la nostra selezione di broker affidabili, pensata per diversi profili di trader, inclusi principianti, trader esperti e professionisti. Il nostro team di esperti si basa sulla seguente metodologia per classificare i brand sul sito di Tradingpedia, facendo leva su una valutazione approfondita di tutti gli aspetti chiave che contribuiscono a una corretta esperienza di trading. In ogni recensione di broker, mettiamo in evidenza i seguenti fattori:<\/p>\n<ul>\n<li><a href=\"#regulation\">Regolamentazione<\/a><\/li>\n<li><a href=\"#reputation\">Reputazione<\/a><\/li>\n<li><a href=\"#instruments\">Strumenti di trading disponibili<\/a><\/li>\n<li><a href=\"#platforms\">Piattaforme di trading<\/a><\/li>\n<li><a href=\"#payments\">Pagamenti<\/a><\/li>\n<li><a href=\"#cost\">Costi di trading<\/a><\/li>\n<li><a href=\"#accounts\">Tipologie di conto<\/a><\/li>\n<li><a href=\"#support\">Assistenza clienti<\/a><\/li>\n<\/ul>\n<p>Il punteggio totale per tutti i fattori \u00e8 10. Ogni fattore ha un peso diverso, come segue: Regolamentazione &#8211; 2; Reputazione &#8211; 1,5; Strumenti di trading disponibili &#8211; 1; Piattaforme di trading &#8211; 1,5; Pagamenti &#8211; 1; Costi di trading &#8211; 1; Tipologie di conto &#8211; 1; Assistenza clienti &#8211; 1.<\/p>\n<h2 id=\"regulation\">Regolamentazione (peso: 2)<\/h2>\n<p>Poich\u00e9 ci rivolgiamo a un pubblico globale di trader, ci assicuriamo di valutare i broker tenendo conto di trader provenienti da diverse parti del mondo. Per questo motivo, verifichiamo l\u2019elenco completo delle autorit\u00e0 che regolano ciascun broker, confermando la validit\u00e0 delle rispettive licenze. Poich\u00e9 siamo consapevoli delle restrizioni pi\u00f9 rigorose in Europa, Australia, Stati Uniti e altre regioni, assegniamo un ranking pi\u00f9 alto ai brand che seguono le linee guida normative imposte da autorit\u00e0 come CySEC, FCA, ASIC e altri regolatori di primo livello.<\/p>\n<div class=\"row mb-3\">\n<div class=\"col-6 col-md-3 text-center\"><a href=\"https:\/\/www.fca.org.uk\/\" rel=\"nofollow\" target=\"_blank\"><img decoding=\"async\" src=\"https:\/\/www.tradingpedia.com\/wp-content\/uploads\/2025\/03\/Financial_Conduct_Authority_logo.svg.png\" alt=\"FCA logo\" width=\"200\" height=\"65\" \/><\/a><\/div>\n<div class=\"col-6 col-md-3 text-center\"><a href=\"https:\/\/asic.gov.au\/\" rel=\"nofollow\" target=\"_blank\"><img decoding=\"async\" src=\"https:\/\/www.tradingpedia.com\/wp-content\/uploads\/2025\/03\/asic-logo.png\" alt=\"ASIC logo\" width=\"150\" height=\"65\" \/><\/a><\/div>\n<div class=\"col-6 col-md-3 text-center\"><a href=\"https:\/\/www.cysec.gov.cy\/en-GB\/home\/\" rel=\"nofollow\" target=\"_blank\"><img decoding=\"async\" src=\"https:\/\/www.tradingpedia.com\/wp-content\/uploads\/2025\/03\/Cysec_Cy.jpg\" alt=\"CySEC logo\" width=\"67\" height=\"65\" \/><\/a><\/div>\n<div class=\"col-6 col-md-3 text-center\"><a href=\"https:\/\/fsaseychelles.sc\/\" rel=\"nofollow\" target=\"_blank\"><img decoding=\"async\" src=\"https:\/\/www.tradingpedia.com\/wp-content\/uploads\/2025\/03\/fsa-logo.png\" alt=\"FSA logo\" width=\"90\" height=\"65\" \/><\/a><\/div>\n<\/p><\/div>\n<h2 id=\"reputation\">Reputazione (peso: 1,5)<\/h2>\n<p>Poich\u00e9 puntiamo sulla trasparenza, consideriamo anche i feedback di trader reali. Mostriamo il punteggio Trustpilot attuale di ciascun broker, corrispondente alle recensioni lasciate da clienti reali di ogni brand. Ci\u00f2 consente una corretta valutazione della reputazione, mettendo in evidenza punti di forza e debolezze dei broker che abbiamo recensito nella nostra pagina.<\/p>\n<p><a href=\"https:\/\/www.trustpilot.com\/\" class=\"d-inline-block mr-3\"><img decoding=\"async\" src=\"https:\/\/www.tradingpedia.com\/wp-content\/uploads\/2025\/03\/trustpilot-logo.png\" alt=\"Trustpilot logo\" width=\"300\" height=\"74\" \/><\/a> <a href=\"https:\/\/www.google.com\/maps\/contrib\/\/reviews\/\" class=\"d-inline-block mr-3\"><img decoding=\"async\" src=\"https:\/\/www.tradingpedia.com\/wp-content\/uploads\/2025\/03\/google-logo.webp\" alt=\"Google logo\" width=\"220\" height=\"74\" \/><\/a><\/p>\n<h2 id=\"instruments\">Strumenti di trading disponibili (peso: 1)<\/h2>\n<p>Su Tradingpedia, conosciamo bene le preferenze dei diversi trader: alcuni cercano strumenti specifici, mentre altri desiderano diversificare i propri portafogli. Per questo motivo, copriamo l\u2019intera gamma di mercati e strumenti negoziabili disponibili presso ciascun broker online. Tendiamo a posizionare pi\u00f9 in alto i broker con una selezione pi\u00f9 ampia di asset negoziabili, poich\u00e9 offrono ai trader una scelta pi\u00f9 estesa di prodotti da aggiungere ai propri portafogli di trading. Mentre alcuni broker si concentrano sul trading di Forex e CFD, altri offrono diversi modi per fare trading e investire in alcuni prodotti. Ci assicuriamo di includere l\u2019intera gamma di opzioni negoziabili in ogni recensione di broker.<\/p>\n<h2 id=\"platforms\">Piattaforme di trading (peso: 1,5)<\/h2>\n<p>Un ulteriore fattore che contribuisce al nostro sistema di ranking \u00e8 la gamma di piattaforme di trading supportate da ciascun broker che abbiamo recensito. MetaTrader 4 (MT4) e il suo successore MetaTrader 5 (MT5) sono probabilmente le piattaforme pi\u00f9 conosciute dalla maggior parte dei trader, quindi apprezziamo un broker che abbia adottato una o entrambe. Naturalmente, assegniamo punti extra anche alle societ\u00e0 di intermediazione che offrono opzioni avanzate come cTrader o TradingView, fornendo accesso a strumenti di analisi e grafici approfonditi. Assegniamo inoltre un ranking pi\u00f9 alto ai brand che offrono piattaforme proprietarie, purch\u00e9 siano facili da usare e consentano un trading avanzato per diversi tipi di trader. La compatibilit\u00e0 con pi\u00f9 dispositivi \u00e8 certamente un\u2019altra caratteristica che consideriamo quando valutiamo le piattaforme di trading adottate dai broker.<\/p>\n<h2 id=\"payments\">Pagamenti (peso: 1)<\/h2>\n<p>Un altro aspetto chiave della nostra metodologia di ranking dei broker riguarda i pagamenti. In questa categoria, ancora una volta, il team di Tradingpedia considera le esigenze del nostro pubblico globale, elencando le soluzioni di pagamento disponibili per trader di diverse regioni. I requisiti di deposito minimo, i tempi di elaborazione dei pagamenti e le commissioni associate alla ricarica del saldo di trading sono alcuni degli aspetti chiave che prendiamo in considerazione durante il processo di valutazione. Poich\u00e9 le transazioni di denaro includono anche i prelievi, ci assicuriamo di coprire le opzioni di payout di ciascun broker, assegnando pi\u00f9 punti ai brand che facilitano prelievi rapidi, con commissioni pari a zero o molto basse sulle transazioni.<\/p>\n<h2 id=\"cost\">Costi di trading (peso: 1)<\/h2>\n<p>Uno dei fattori pi\u00f9 importanti durante la nostra valutazione delle performance dei broker \u00e8 il costo complessivo del trading. Spread, commissioni, swap e costi non legati al trading vengono tutti presi in considerazione quando calcoliamo il punteggio di performance complessivo di ciascuna societ\u00e0 di intermediazione. Sebbene le commissioni zero siano molto apprezzate, consideriamo soprattutto i broker con spread ridotti come i migliori nel settore del trading, assegnando loro punteggi pi\u00f9 alti per offrire ai clienti un trading a basso costo.<\/p>\n<h2 id=\"accounts\">Tipologie di conto (peso: 1)<\/h2>\n<p>La maggior parte dei broker consente ai propri clienti di scegliere tra diverse opzioni di conto, per questo consideriamo i modelli di prezzo, gli strumenti supportati e i vari vantaggi disponibili su tutte le offerte di conto dei broker online. Se i brand soddisfano le preferenze di diversi trader, offrendo micro-trading, trading ad alto volume, trading senza swap e altri vantaggi disponibili su varie tipologie di conto, tendiamo ad assegnare punti extra ai broker. I conti demo e i conti professionali sono inoltre considerati vantaggi che teniamo in considerazione quando recensiamo i broker sul nostro sito.<\/p>\n<h2 id=\"support\">Assistenza clienti (peso: 1)<\/h2>\n<p>Infine, ma non meno importante, valutiamo il servizio clienti di ogni brand che recensiamo. Canali di comunicazione multipli e assistenza clienti 24\/7 sono aspetti che, secondo noi, meritano un ranking pi\u00f9 alto. Anche il supporto multilingue e risposte tempestive sono riconosciuti dal team di Tradingpedia come fattori che valgono punti extra durante il processo di valutazione delle performance.<\/p>\n<p>Tutti gli aspetti sopra indicati fanno parte della metodologia di Tradingpedia per il ranking dei broker. Il nostro team non solo \u00e8 determinato a ispezionare a fondo ogni broker recensito nella nostra pagina, ma effettua anche regolari rivalutazioni dei broker per mantenere i nostri rating pertinenti e aggiornati.<\/p>\n","protected":false},"excerpt":{"rendered":"<p>Su Tradingpedia, i trader possono consultare la nostra selezione di broker affidabili, pensata per diversi profili di trader, inclusi principianti, trader esperti e professionisti. Il nostro team di esperti si basa sulla seguente metodologia per classificare i brand sul sito di Tradingpedia, facendo leva su una valutazione approfondita di tutti gli aspetti chiave che contribuiscono [&hellip;]<\/p>\n","protected":false},"author":1,"featured_media":0,"parent":0,"menu_order":0,"comment_status":"closed","ping_status":"closed","template":"templates\/full-width.php","meta":{"footnotes":""},"class_list":["post-121666","page","type-page","status-publish","hentry"],"aioseo_notices":[],"_links":{"self":[{"href":"https:\/\/www.tradingpedia.com\/it\/wp-json\/wp\/v2\/pages\/121666","targetHints":{"allow":["GET"]}}],"collection":[{"href":"https:\/\/www.tradingpedia.com\/it\/wp-json\/wp\/v2\/pages"}],"about":[{"href":"https:\/\/www.tradingpedia.com\/it\/wp-json\/wp\/v2\/types\/page"}],"author":[{"embeddable":true,"href":"https:\/\/www.tradingpedia.com\/it\/wp-json\/wp\/v2\/users\/1"}],"replies":[{"embeddable":true,"href":"https:\/\/www.tradingpedia.com\/it\/wp-json\/wp\/v2\/comments?post=121666"}],"version-history":[{"count":2,"href":"https:\/\/www.tradingpedia.com\/it\/wp-json\/wp\/v2\/pages\/121666\/revisions"}],"predecessor-version":[{"id":121693,"href":"https:\/\/www.tradingpedia.com\/it\/wp-json\/wp\/v2\/pages\/121666\/revisions\/121693"}],"wp:attachment":[{"href":"https:\/\/www.tradingpedia.com\/it\/wp-json\/wp\/v2\/media?parent=121666"}],"curies":[{"name":"wp","href":"https:\/\/api.w.org\/{rel}","templated":true}]}}