{"id":120299,"date":"2024-11-20T12:40:01","date_gmt":"2024-11-20T12:40:01","guid":{"rendered":"https:\/\/www.tradingpedia.com\/authors\/veneta-slavova-cfa\/"},"modified":"2026-01-15T16:23:28","modified_gmt":"2026-01-15T16:23:28","slug":"veneta-slavova-cfa","status":"publish","type":"page","link":"https:\/\/www.tradingpedia.com\/it\/authors\/veneta-slavova-cfa\/","title":{"rendered":"Veneta Slavova, CFA"},"content":{"rendered":"<p>Veneta Slavova, CFA, \u00e8 una dirigente finanziaria con 14 anni di intensa esperienza nei mercati dei capitali e Forex (FX) attraverso attivit\u00e0 di day trading proprietario \/NYSE, Nasdaq, direct access\/, gestione fiduciaria \/6 principali coppie di valute\/, attivit\u00e0 di investimento, oltre che nella stima del fair value di mercato delle azioni, nella redazione di memorandum per IPO e nella definizione di strategie di mercato giornaliere per alcuni asset manager. Veneta \u00e8 anche detentrice della qualifica CFA (Charterholder) e vanta un&#8217;esperienza continuativa nel settore della finanza interaziendale, con attivit\u00e0 nei campi della consulenza, della modellizzazione finanziaria dei flussi di cassa futuri, della pianificazione (budgeting), del reporting e del controllo di gestione.<\/p>\n<p>La sua specializzazione nei mercati finanziari \u00e8 l&#8217;analisi fondamentale, con un focus sulla scomposizione degli eventi macroeconomici, sulla definizione delle correlazioni giornaliere e sugli eventi specifici di settori e societ\u00e0. Grazie a molti anni di osservazione dei mercati, alla copertura di numerosi settori, all&#8217;esperienza in finanza aziendale e al trading attivo su un vasto numero di azioni statunitensi, \u00e8 specializzata nell&#8217;individuare il sentiment di mercato quotidiano e i titoli pi\u00f9 adatti da negoziare. Nelle sue attivit\u00e0 di momentum trading utilizza l&#8217;analisi tecnica come strumento aggiuntivo utile per ottimizzare i punti di ingresso e di uscita dalle posizioni, ma \u00e8 fermamente convinta che gli eventi economici, politici, geopolitici, specifici di settore e di mercato, nonch\u00e9 gli eventi interaziendali, insieme alle stime finanziarie aziendali, siano i veri motori dei flussi monetari globali, pi\u00f9 dei soli segnali tecnici.<\/p>\n","protected":false},"excerpt":{"rendered":"<p>Veneta Slavova, CFA, \u00e8 una dirigente finanziaria con 14 anni di intensa esperienza nei mercati dei capitali e Forex (FX) attraverso attivit\u00e0 di day trading proprietario \/NYSE, Nasdaq, direct access\/, gestione fiduciaria \/6 principali coppie di valute\/, attivit\u00e0 di investimento, oltre che nella stima del fair value di mercato delle azioni, nella redazione di memorandum [&hellip;]<\/p>\n","protected":false},"author":1,"featured_media":0,"parent":120203,"menu_order":0,"comment_status":"closed","ping_status":"closed","template":"templates\/full-width.php","meta":{"footnotes":""},"class_list":["post-120299","page","type-page","status-publish","hentry"],"aioseo_notices":[],"_links":{"self":[{"href":"https:\/\/www.tradingpedia.com\/it\/wp-json\/wp\/v2\/pages\/120299","targetHints":{"allow":["GET"]}}],"collection":[{"href":"https:\/\/www.tradingpedia.com\/it\/wp-json\/wp\/v2\/pages"}],"about":[{"href":"https:\/\/www.tradingpedia.com\/it\/wp-json\/wp\/v2\/types\/page"}],"author":[{"embeddable":true,"href":"https:\/\/www.tradingpedia.com\/it\/wp-json\/wp\/v2\/users\/1"}],"replies":[{"embeddable":true,"href":"https:\/\/www.tradingpedia.com\/it\/wp-json\/wp\/v2\/comments?post=120299"}],"version-history":[{"count":0,"href":"https:\/\/www.tradingpedia.com\/it\/wp-json\/wp\/v2\/pages\/120299\/revisions"}],"up":[{"embeddable":true,"href":"https:\/\/www.tradingpedia.com\/it\/wp-json\/wp\/v2\/pages\/120203"}],"wp:attachment":[{"href":"https:\/\/www.tradingpedia.com\/it\/wp-json\/wp\/v2\/media?parent=120299"}],"curies":[{"name":"wp","href":"https:\/\/api.w.org\/{rel}","templated":true}]}}