{"id":120293,"date":"2024-11-20T12:33:32","date_gmt":"2024-11-20T12:33:32","guid":{"rendered":"https:\/\/www.tradingpedia.com\/authors\/sandra-leggero\/"},"modified":"2026-01-15T16:21:26","modified_gmt":"2026-01-15T16:21:26","slug":"sandra-leggero","status":"publish","type":"page","link":"https:\/\/www.tradingpedia.com\/it\/authors\/sandra-leggero\/","title":{"rendered":"Sandra Leggero"},"content":{"rendered":"<p><img decoding=\"async\" src=\"https:\/\/www.tradingpedia.com\/wp-content\/uploads\/2013\/09\/sandra1.jpg\" alt=\"sleggero\" width=\"180\" height=\"187\" class=\"alignleft size-full wp-image-9931\" \/>Sandra Leggero vanta una solida esperienza nei mercati finanziari, avendo trascorso oltre 9 anni nel trading di materie prime per diverse societ\u00e0 europee e asiatiche. \u00c8 laureata in Economia presso  l&#8217;Universit\u00e0 di Pavia e si \u00e8 specializzata nei mercati emergenti. Prima di entrare in TradingPedia, Leggero ha lavorato come addetta commerciale in un&#8217;azienda transnazionale di import-export operante nel settore delle materie prime.<\/p>\n<p>Leggero ha una laurea in Marketing e un master in Commercio internazionale. Supervisiona le sezioni \u00abAzioni\u00bb e \u00abMaterie prime\u00bb e si dimostra una fonte preziosa di informazioni sul trading di future su cereali e soft commodities.<\/p>\n","protected":false},"excerpt":{"rendered":"<p>Sandra Leggero vanta una solida esperienza nei mercati finanziari, avendo trascorso oltre 9 anni nel trading di materie prime per diverse societ\u00e0 europee e asiatiche. \u00c8 laureata in Economia presso l&#8217;Universit\u00e0 di Pavia e si \u00e8 specializzata nei mercati emergenti. Prima di entrare in TradingPedia, Leggero ha lavorato come addetta commerciale in un&#8217;azienda transnazionale di [&hellip;]<\/p>\n","protected":false},"author":1,"featured_media":0,"parent":120203,"menu_order":0,"comment_status":"closed","ping_status":"closed","template":"templates\/full-width.php","meta":{"footnotes":""},"class_list":["post-120293","page","type-page","status-publish","hentry"],"aioseo_notices":[],"_links":{"self":[{"href":"https:\/\/www.tradingpedia.com\/it\/wp-json\/wp\/v2\/pages\/120293","targetHints":{"allow":["GET"]}}],"collection":[{"href":"https:\/\/www.tradingpedia.com\/it\/wp-json\/wp\/v2\/pages"}],"about":[{"href":"https:\/\/www.tradingpedia.com\/it\/wp-json\/wp\/v2\/types\/page"}],"author":[{"embeddable":true,"href":"https:\/\/www.tradingpedia.com\/it\/wp-json\/wp\/v2\/users\/1"}],"replies":[{"embeddable":true,"href":"https:\/\/www.tradingpedia.com\/it\/wp-json\/wp\/v2\/comments?post=120293"}],"version-history":[{"count":0,"href":"https:\/\/www.tradingpedia.com\/it\/wp-json\/wp\/v2\/pages\/120293\/revisions"}],"up":[{"embeddable":true,"href":"https:\/\/www.tradingpedia.com\/it\/wp-json\/wp\/v2\/pages\/120203"}],"wp:attachment":[{"href":"https:\/\/www.tradingpedia.com\/it\/wp-json\/wp\/v2\/media?parent=120293"}],"curies":[{"name":"wp","href":"https:\/\/api.w.org\/{rel}","templated":true}]}}