{"id":120247,"date":"2020-08-27T09:36:48","date_gmt":"2020-08-27T09:36:48","guid":{"rendered":"https:\/\/www.tradingpedia.com\/trading-apps-2\/"},"modified":"2026-01-19T09:08:36","modified_gmt":"2026-01-19T09:08:36","slug":"trading-apps","status":"publish","type":"page","link":"https:\/\/www.tradingpedia.com\/it\/trading-apps\/","title":{"rendered":"Le migliori app per il trading Forex"},"content":{"rendered":"<p>At TradingPedia, i trader possono confrontare le migliori app per il trading da dispositivi mobili e le relative funzionalit\u00e0, cos\u00ec da effettuare una scelta adeguata che si adatti al meglio alle loro esigenze. Le nostre recensioni approfondite coprono tutti gli aspetti delle app dei broker per il trading mobile, inclusi i tipi di conto disponibili, la gamma di strumenti finanziari supportati, le opzioni di deposito e prelievo, la regolamentazione, le commissioni e gli spread. <\/p>\n<div class=\"clearfix\"><\/div><div class=\"row featured-brokers-cards brokers-list\"><div class=\"col-6 col-sm-4 col-md-3 item\"><div class=\"h-100 d-flex flex-column justify-content-between\"><div class=\"h-100 card-content border-radius-10\"><a href=\"https:\/\/www.tradingpedia.com\/forex-brokers\/fusion-markets\/\"><img decoding=\"async\" class=\"logo\" src=\"https:\/\/www.tradingpedia.com\/www-tradingpedia-com\/wp-content\/uploads\/logos\/md-fusion-markets-logo.webp\" \/><\/a><ul class=\"features\"><li class=\"yes\">0 $ Min Deposit<\/li><li class=\"yes\">Conto demo<\/li><li class=\"yes\">Hedging<\/li><li class=\"yes\">Scalping<\/li><\/ul><div class=\"excerpt\"><i class=\"fas fa-plus-circle view-excerpt\"><\/i><div class=\"excerpt-content border-radius-10\">Libertex \u00e8 un broker mobile regolamentato che offre ai trader accesso ai mercati finanziari tramite due intuitive app native. I trader che operano da mobile possono scaricare gratuitamente le applicazioni dal sito ufficiale del broker oppure navigan... <a href=\"https:\/\/www.tradingpedia.com\/forex-brokers\/fusion-markets\/\">Read more<\/a><\/div><\/div><\/div><div class=\"card-c2a\"><a class=\"btn border-radius-10 c2a-btn\" rel=\"nofollow\" target=\"_blank\" href=\"\/out\/fusion-markets?au=114&bp=1\">VISIT<\/a><\/div><\/div><\/div><div class=\"col-6 col-sm-4 col-md-3 item\"><div class=\"h-100 d-flex flex-column justify-content-between\"><div class=\"h-100 card-content border-radius-10\"><a href=\"https:\/\/www.tradingpedia.com\/forex-brokers\/fxpro\/\"><img decoding=\"async\" class=\"logo\" src=\"https:\/\/www.tradingpedia.com\/www-tradingpedia-com\/wp-content\/uploads\/logos\/md-fxpro-logo.webp\" \/><\/a><ul class=\"features\"><li class=\"yes\">100 $ Min Deposit<\/li><li class=\"yes\">Conto demo<\/li><li class=\"yes\">Hedging<\/li><li class=\"yes\">Scalping<\/li><\/ul><div class=\"excerpt\"><i class=\"fas fa-plus-circle view-excerpt\"><\/i><div class=\"excerpt-content border-radius-10\">Libertex \u00e8 un broker mobile regolamentato che offre ai trader accesso ai mercati finanziari tramite due intuitive app native. I trader che operano da mobile possono scaricare gratuitamente le applicazioni dal sito ufficiale del broker oppure navigan... <a href=\"https:\/\/www.tradingpedia.com\/forex-brokers\/fxpro\/\">Read more<\/a><\/div><\/div><\/div><div class=\"card-c2a\"><a class=\"btn border-radius-10 c2a-btn\" rel=\"nofollow\" target=\"_blank\" href=\"\/out\/fxpro?au=114&bp=2\">VISIT<\/a><\/div><\/div><\/div><div class=\"col-6 col-sm-4 col-md-3 item\"><div class=\"h-100 d-flex flex-column justify-content-between\"><div class=\"h-100 card-content border-radius-10\"><a href=\"https:\/\/www.tradingpedia.com\/forex-brokers\/xm\/\"><img decoding=\"async\" class=\"logo\" src=\"https:\/\/www.tradingpedia.com\/www-tradingpedia-com\/wp-content\/uploads\/logos\/md-xm-logo.webp\" \/><\/a><ul class=\"features\"><li class=\"yes\">5 $ Min Deposit<\/li><li class=\"yes\">Conto demo<\/li><li class=\"yes\">Hedging<\/li><li class=\"yes\">Scalping<\/li><\/ul><div class=\"excerpt\"><i class=\"fas fa-plus-circle view-excerpt\"><\/i><div class=\"excerpt-content border-radius-10\">Libertex \u00e8 un broker mobile regolamentato che offre ai trader accesso ai mercati finanziari tramite due intuitive app native. I trader che operano da mobile possono scaricare gratuitamente le applicazioni dal sito ufficiale del broker oppure navigan... <a href=\"https:\/\/www.tradingpedia.com\/forex-brokers\/xm\/\">Read more<\/a><\/div><\/div><\/div><div class=\"card-c2a\"><a class=\"btn border-radius-10 c2a-btn\" rel=\"nofollow\" target=\"_blank\" href=\"\/out\/xm?au=114&bp=3\">VISIT<\/a><\/div><\/div><\/div><div class=\"col-6 col-sm-4 col-md-3 item\"><div class=\"h-100 d-flex flex-column justify-content-between\"><div class=\"h-100 card-content border-radius-10\"><a href=\"https:\/\/www.tradingpedia.com\/forex-brokers\/libertex\/\"><img decoding=\"async\" class=\"logo\" src=\"https:\/\/www.tradingpedia.com\/www-tradingpedia-com\/wp-content\/uploads\/logos\/md-libertex-logo.webp\" \/><\/a><ul class=\"features\"><li class=\"yes\">10 $\/\u20ac, 100 \u20ac (primo deposito, Europa) Min Deposit<\/li><li class=\"yes\">Conto demo<\/li><li class=\"yes\">Hedging<\/li><li class=\"yes\">Scalping<\/li><\/ul><div class=\"excerpt\"><i class=\"fas fa-plus-circle view-excerpt\"><\/i><div class=\"excerpt-content border-radius-10\">Libertex \u00e8 un broker mobile regolamentato che offre ai trader accesso ai mercati finanziari tramite due intuitive app native. I trader che operano da mobile possono scaricare gratuitamente le applicazioni dal sito ufficiale del broker oppure navigan... <a href=\"https:\/\/www.tradingpedia.com\/forex-brokers\/libertex\/\">Read more<\/a><\/div><\/div><\/div><div class=\"card-c2a\"><a class=\"btn border-radius-10 c2a-btn\" rel=\"nofollow\" target=\"_blank\" href=\"\/out\/libertex?au=114&bp=4\">VISIT<\/a><\/div><\/div><\/div><div class=\"col-6 col-sm-4 col-md-3 item\"><div class=\"h-100 d-flex flex-column justify-content-between\"><div class=\"h-100 card-content border-radius-10\"><a href=\"https:\/\/www.tradingpedia.com\/forex-brokers\/avatrade\/\"><img decoding=\"async\" class=\"logo\" src=\"https:\/\/www.tradingpedia.com\/www-tradingpedia-com\/wp-content\/uploads\/logos\/md-avatrade-logo.webp\" \/><\/a><ul class=\"features\"><li class=\"yes\">100 $ Min Deposit<\/li><li class=\"yes\">Conto demo<\/li><li class=\"yes\">Hedging<\/li><li class=\"yes\">Scalping<\/li><\/ul><div class=\"excerpt\"><i class=\"fas fa-plus-circle view-excerpt\"><\/i><div class=\"excerpt-content border-radius-10\">Libertex \u00e8 un broker mobile regolamentato che offre ai trader accesso ai mercati finanziari tramite due intuitive app native. I trader che operano da mobile possono scaricare gratuitamente le applicazioni dal sito ufficiale del broker oppure navigan... <a href=\"https:\/\/www.tradingpedia.com\/forex-brokers\/avatrade\/\">Read more<\/a><\/div><\/div><\/div><div class=\"card-c2a\"><a class=\"btn border-radius-10 c2a-btn\" rel=\"nofollow\" target=\"_blank\" href=\"\/out\/avatrade?au=114&bp=5\">VISIT<\/a><\/div><\/div><\/div><div class=\"col-6 col-sm-4 col-md-3 item\"><div class=\"h-100 d-flex flex-column justify-content-between\"><div class=\"h-100 card-content border-radius-10\"><a href=\"https:\/\/www.tradingpedia.com\/forex-brokers\/etoro\/\"><img decoding=\"async\" class=\"logo\" src=\"https:\/\/www.tradingpedia.com\/www-tradingpedia-com\/wp-content\/uploads\/logos\/md-etoro-logo.webp\" \/><\/a><ul class=\"features\"><li class=\"yes\">50 $ o 100 $ in base al paese (10 $ per il Regno Unito) Min Deposit<\/li><li class=\"yes\">Conto demo<\/li><li class=\"yes\">Hedging<\/li><li class=\"no\">Scalping<\/li><\/ul><div class=\"excerpt\"><i class=\"fas fa-plus-circle view-excerpt\"><\/i><div class=\"excerpt-content border-radius-10\">Libertex \u00e8 un broker mobile regolamentato che offre ai trader accesso ai mercati finanziari tramite due intuitive app native. I trader che operano da mobile possono scaricare gratuitamente le applicazioni dal sito ufficiale del broker oppure navigan... <a href=\"https:\/\/www.tradingpedia.com\/forex-brokers\/etoro\/\">Read more<\/a><\/div><\/div><\/div><div class=\"card-c2a\"><a class=\"btn border-radius-10 c2a-btn\" rel=\"nofollow\" target=\"_blank\" href=\"\/out\/etoro?au=114&bp=6\">VISIT<\/a><\/div><\/div><\/div><div class=\"col-6 col-sm-4 col-md-3 item\"><div class=\"h-100 d-flex flex-column justify-content-between\"><div class=\"h-100 card-content border-radius-10\"><a href=\"https:\/\/www.tradingpedia.com\/forex-brokers\/markets-com\/\"><img decoding=\"async\" class=\"logo\" src=\"https:\/\/www.tradingpedia.com\/www-tradingpedia-com\/wp-content\/uploads\/logos\/md-markets-com-logo.webp\" \/><\/a><ul class=\"features\"><li class=\"yes\">100 $ Min Deposit<\/li><li class=\"yes\">Conto demo<\/li><li class=\"yes\">Hedging<\/li><li class=\"yes\">Scalping<\/li><\/ul><div class=\"excerpt\"><i class=\"fas fa-plus-circle view-excerpt\"><\/i><div class=\"excerpt-content border-radius-10\">Libertex \u00e8 un broker mobile regolamentato che offre ai trader accesso ai mercati finanziari tramite due intuitive app native. I trader che operano da mobile possono scaricare gratuitamente le applicazioni dal sito ufficiale del broker oppure navigan... <a href=\"https:\/\/www.tradingpedia.com\/forex-brokers\/markets-com\/\">Read more<\/a><\/div><\/div><\/div><div class=\"card-c2a\"><a class=\"btn border-radius-10 c2a-btn\">VISIT<\/a><\/div><\/div><\/div><div class=\"col-6 col-sm-4 col-md-3 item\"><div class=\"h-100 d-flex flex-column justify-content-between\"><div class=\"h-100 card-content border-radius-10\"><a href=\"https:\/\/www.tradingpedia.com\/it\/trading-apps\/robinhood-mobile-trading-app\/\"><img decoding=\"async\" class=\"logo\" src=\"\/wp-content\/uploads\/logos\/md-robinhood-logo.jpg\" \/><\/a><ul class=\"features\"><li class=\"yes\">1 Min Deposit<\/li><li class=\"no\">Conto demo<\/li><li class=\"no\">Hedging<\/li><li class=\"no\">Scalping<\/li><\/ul><div class=\"excerpt\"><i class=\"fas fa-plus-circle view-excerpt\"><\/i><div class=\"excerpt-content border-radius-10\">Robinhood \u00e8 un broker azionario affermato, la cui storia \u00e8 iniziata quasi dieci a... <a href=\"https:\/\/www.tradingpedia.com\/it\/trading-apps\/robinhood-mobile-trading-app\/\">Read more<\/a><\/div><\/div><\/div><div class=\"card-c2a\"><a class=\"btn border-radius-10 c2a-btn\">VISIT<\/a><\/div><\/div><\/div><div class=\"col-6 col-sm-4 col-md-3 item\"><div class=\"h-100 d-flex flex-column justify-content-between\"><div class=\"h-100 card-content border-radius-10\"><a href=\"https:\/\/www.tradingpedia.com\/it\/trading-apps\/dukascopy-mobile-trading-app\/\"><img decoding=\"async\" class=\"logo\" src=\"\/wp-content\/uploads\/logos\/md-dukascopy-logo.jpg\" \/><\/a><ul class=\"features\"><li class=\"yes\">5000.0000 Min Deposit<\/li><li class=\"yes\">Conto demo<\/li><li class=\"no\">Hedging<\/li><li class=\"no\">Scalping<\/li><\/ul><div class=\"excerpt\"><i class=\"fas fa-plus-circle view-excerpt\"><\/i><div class=\"excerpt-content border-radius-10\">Dukascopy \u00e8 un broker e una banca pluripremiati con sede nella citt\u00e0 pi\u00f9 popolosa del... <a href=\"https:\/\/www.tradingpedia.com\/it\/trading-apps\/dukascopy-mobile-trading-app\/\">Read more<\/a><\/div><\/div><\/div><div class=\"card-c2a\"><a class=\"btn border-radius-10 c2a-btn\">VISIT<\/a><\/div><\/div><\/div><\/div><div class=\"clearfix\"><\/div>\n<h2>Come scegliere l&#8217;app giusta per il trading Forex<\/h2>\n<p>Scegliere il broker Forex giusto \u00e8 fondamentale per qualsiasi trader che desideri avere successo nel mercato valutario. Con cos\u00ec tante opzioni disponibili, pu\u00f2 essere difficile stabilire quale broker sia il pi\u00f9 adatto alle proprie esigenze. Di seguito trovi nove fattori chiave da considerare quando selezioni un broker Forex:<\/p>\n<h3>Conformit\u00e0 normativa<\/h3>\n<p>Assicurati che il broker sia regolamentato da un&#8217;autorit\u00e0 affidabile, come la Financial Conduct Authority (<a href=\"https:\/\/www.fca.org.uk\/\" rel=\"noopener nofollow \" target=\"_blank\">FCA<\/a>), la National Futures Association (<a href=\"https:\/\/www.nfa.futures.org\/\" rel=\"noopener nofollow \" target=\"_blank\">NFA<\/a>),  la Cyprus Securities and Exchange Commission (<a href=\"https:\/\/www.cysec.gov.cy\/en-gb\/home\/\" rel=\"noopener nofollow \" target=\"_blank\">CySEC<\/a>) o l&#8217;Australian Securities and Investments Commission (<a href=\"https:\/\/asic.gov.au\/\" rel=\"noopener nofollow \" target=\"_blank\">ASIC<\/a>). Questo ti offre un ulteriore livello di protezione per i tuoi fondi e garantisce che il broker operi in modo corretto e trasparente.<\/p>\n<h3>Leva finanziaria e margini<\/h3>\n<p>La leva finanziaria ti consente di controllare posizioni pi\u00f9 grandi con un capitale inferiore. Tuttavia, aumenta anche il rischio di perdite. Cerca un broker che offra opzioni di leva flessibili e requisiti di margine competitivi.<\/p>\n<h3>Spread e commissioni<\/h3>\n<p>Lo spread \u00e8 la differenza tra il prezzo di acquisto e quello di vendita di una coppia di valute. Cerca un broker che offra spread competitivi e commissioni basse.<\/p>\n<h3>Depositi e prelievi<\/h3>\n<p>Verifica le politiche di deposito e prelievo del broker per assicurarti che siano comode e convenienti. Cerca broker che offrano depositi e prelievi gratuiti, oltre a una gamma di metodi di pagamento che includa <a href=\"https:\/\/www.tradingpedia.com\/it\/forex-brokers\/forex-trading-with-visa-card\/\" rel=\"noopener\" target=\"_blank\">Visa<\/a>, <a href=\"https:\/\/www.tradingpedia.com\/it\/forex-brokers\/forex-trading-with-mastercard\/\" rel=\"noopener\" target=\"_blank\">MasterCard<\/a>, <a href=\"https:\/\/www.tradingpedia.com\/it\/forex-brokers\/forex-trading-brokers-paypal\/\" rel=\"noopener\" target=\"_blank\">PayPal<\/a> o <a href=\"https:\/\/www.tradingpedia.com\/it\/forex-brokers\/forex-trading-with-crypto\/\" rel=\"noopener\" target=\"_blank\">crypto<\/a>.<\/p>\n<h3>Piattaforme di trading<\/h3>\n<p>Una buona piattaforma di trading dovrebbe essere intuitiva, affidabile e offrire una serie di funzionalit\u00e0 e strumenti per aiutarti a fare trading in modo efficace. Cerca broker che offrano pi\u00f9 piattaforme, comprese soluzioni per dispositivi mobili e basate sul web. Le piattaforme di trading pi\u00f9 popolari sono <a href=\"https:\/\/www.metatrader4.com\/en\" rel=\"noopener nofollow \" target=\"_blank\">MetaTrader 4<\/a>, <a href=\"https:\/\/www.metatrader5.com\/\" rel=\"noopener nofollow \" target=\"_blank\">MetaTrader 5<\/a>, <a href=\"https:\/\/www.tradingview.com\/brokerage-integration\/\" rel=\"noopener nofollow \" target=\"_blank\">TradingView<\/a> e <a href=\"https:\/\/ctrader.com\/\" rel=\"noopener nofollow \" target=\"_blank\">cTrader<\/a>.<\/p>\n<h3>Orari di trading<\/h3>\n<p>Il Forex \u00e8 un mercato attivo 24 ore su 24, quindi \u00e8 essenziale scegliere un broker che offra orari di negoziazione flessibili. Cerca broker che permettano di fare trading 24\/5, oltre a offrire operativit\u00e0 anche nel fine settimana.<\/p>\n<h3>Numero di mercati Forex disponibili<\/h3>\n<p>Un buon broker dovrebbe offrire un&#8217;ampia gamma di coppie di valute, comprese le coppie major, minor ed esotiche. Cerca broker che offrano pi\u00f9 di 80 coppie di valute, oltre a diversi modi per negoziarle, come il trading spot e le posizioni sui futures.<\/p>\n<h3>Strumenti formativi<\/h3>\n<p> Un buon broker dovrebbe offrire una serie di risorse formative per aiutarti a migliorare le tue competenze di trading. Cerca broker che mettano a disposizione corsi gratuiti, webinar e articoli di analisi, oltre a un conto di trading demo su cui fare pratica.<\/p>\n<h3>Assistenza clienti<\/h3>\n<p> Un buon servizio di assistenza \u00e8 essenziale per qualsiasi trader. Cerca broker che offrano supporto 24 ore su 24, oltre a una gamma di opzioni di contatto, tra cui telefono, e-mail e chat dal vivo. Considerando questi fattori, puoi trovare un broker Forex che soddisfi le tue esigenze e ti aiuti a raggiungere i tuoi obiettivi di trading. Ricorda sempre di fare le tue ricerche e leggere le recensioni di altri trader prima di prendere una decisione.<\/p>\n<p>In conclusione, scegliere il broker Forex giusto \u00e8 una decisione cruciale che pu\u00f2 fare una grande differenza per il tuo successo nel trading. Considerando i fattori illustrati sopra, puoi trovare un broker che offra la giusta combinazione di funzionalit\u00e0, strumenti e servizi per aiutarti a raggiungere i tuoi obiettivi di trading. Ricorda sempre di informarti, leggere le recensioni e testare la piattaforma di un broker prima di prendere una decisione.<\/p>\n","protected":false},"excerpt":{"rendered":"<p>At TradingPedia, i trader possono confrontare le migliori app per il trading da dispositivi mobili e le relative funzionalit\u00e0, cos\u00ec da effettuare una scelta adeguata che si adatti al meglio alle loro esigenze. Le nostre recensioni approfondite coprono tutti gli aspetti delle app dei broker per il trading mobile, inclusi i tipi di conto disponibili, [&hellip;]<\/p>\n","protected":false},"author":1,"featured_media":0,"parent":0,"menu_order":0,"comment_status":"closed","ping_status":"closed","template":"templates\/full-width.php","meta":{"footnotes":""},"class_list":["post-120247","page","type-page","status-publish","hentry"],"aioseo_notices":[],"_links":{"self":[{"href":"https:\/\/www.tradingpedia.com\/it\/wp-json\/wp\/v2\/pages\/120247","targetHints":{"allow":["GET"]}}],"collection":[{"href":"https:\/\/www.tradingpedia.com\/it\/wp-json\/wp\/v2\/pages"}],"about":[{"href":"https:\/\/www.tradingpedia.com\/it\/wp-json\/wp\/v2\/types\/page"}],"author":[{"embeddable":true,"href":"https:\/\/www.tradingpedia.com\/it\/wp-json\/wp\/v2\/users\/1"}],"replies":[{"embeddable":true,"href":"https:\/\/www.tradingpedia.com\/it\/wp-json\/wp\/v2\/comments?post=120247"}],"version-history":[{"count":1,"href":"https:\/\/www.tradingpedia.com\/it\/wp-json\/wp\/v2\/pages\/120247\/revisions"}],"predecessor-version":[{"id":121529,"href":"https:\/\/www.tradingpedia.com\/it\/wp-json\/wp\/v2\/pages\/120247\/revisions\/121529"}],"wp:attachment":[{"href":"https:\/\/www.tradingpedia.com\/it\/wp-json\/wp\/v2\/media?parent=120247"}],"curies":[{"name":"wp","href":"https:\/\/api.w.org\/{rel}","templated":true}]}}