{"id":120225,"date":"2019-09-04T07:47:20","date_gmt":"2019-09-04T07:47:20","guid":{"rendered":"https:\/\/www.tradingpedia.com\/forex-brokers\/libertex\/"},"modified":"2026-04-28T09:29:48","modified_gmt":"2026-04-28T09:29:48","slug":"libertex","status":"publish","type":"page","link":"https:\/\/www.tradingpedia.com\/it\/forex-brokers\/libertex\/","title":{"rendered":"Libertex: Recensione e Opinione"},"content":{"rendered":"<p>Libertex \u00e8 un broker online con una lunga esperienza nei mercati finanziari, specializzato nel trading di azioni reali e CFD. Il broker offre un&#8217;app intuitiva per dispositivi mobili iOS e Android.<\/p>\n<p>Dalla procedura di registrazione e versamento dei fondi, semplice e veloce, all&#8217;esecuzione fulminea degli ordini e a un ambiente di trading unico, la piattaforma \u00e8 dotata di tutto il necessario per il trading online. Grazie alla sua interfaccia intuitiva, Libertex \u00e8 adatta a tutti i tipi di trader.<\/p>\n\n    <section class=\"instruments\">\n      <div class=\"instruments_head\">\n        <h2 id=\"instruments\">Attivit\u00e0 sottostanti<div class=\"star-rating stars-4\"><\/div><\/h2>\n        Con Libertex hai la possibilit\u00e0 di negoziare su una variet\u00e0 di attivit\u00e0 sottostanti o di investire in azioni reali. A seconda del tuo stile e dei tuoi obiettivi di trading, puoi scegliere gli strumenti che meglio si adattano alle tue esigenze. Libertex offre CFD negoziabili, con sottostanti che comprendono materie prime, indici, Forex, ETF, criptovalute, azioni e altri. I clienti possono negoziare CFD con commissioni contenute e spread ridotti.\n      <\/div>\n\n      <div class=\"instruments_body\">\n        <ul class=\"row\">\n          <li class=\"col-12 col-sm-6 col-md-4\"><div class=\"instrument\"><a href=\"#trading_instruments-0\">CFD su valute<\/a><\/div><\/li><li class=\"col-12 col-sm-6 col-md-4\"><div class=\"instrument\"><a href=\"#trading_instruments-1\">CFD su criptovalute<\/a><\/div><\/li><li class=\"col-12 col-sm-6 col-md-4\"><div class=\"instrument\"><a href=\"#trading_instruments-2\">CFD sui metalli preziosi<\/a><\/div><\/li><li class=\"col-12 col-sm-6 col-md-4\"><div class=\"instrument\"><a href=\"#trading_instruments-3\">CFD su petrolio e gas<\/a><\/div><\/li><li class=\"col-12 col-sm-6 col-md-4\"><div class=\"instrument\"><a href=\"#trading_instruments-4\">CFD su azioni<\/a><\/div><\/li><li class=\"col-12 col-sm-6 col-md-4\"><div class=\"instrument\"><a href=\"#trading_instruments-5\">CFD sull'agricoltura<\/a><\/div><\/li>\n        <\/ul>\n      <\/div>\n\n      <div class=\"instruments_foot\">\n        <div id=\"trading_instruments-0\"><h3>CFD su valute<\/h3><p>Il trading di CFD su Forex permette ai trader di speculare sia sull&#8217;aumento sia sulla diminuzione dei prezzi di varie coppie di valute senza possedere le valute sottostanti. Su Libertex \u00e8 possibile negoziare sette coppie di CFD principali (EUR\/USD, GBP\/USD, USD\/JPY e altre) e ventitr\u00e9 coppie di CFD incrociate (EUR\/JPY, GBP\/JPY, CAD\/JPY ecc.). Inoltre sono disponibili oltre venti coppie di CFD esotiche.<\/p>\n<\/div><div id=\"trading_instruments-1\"><h3>CFD su criptovalute<\/h3><p>In un mondo sempre pi\u00f9 digitalizzato, le criptovalute stanno guadagnando popolarit\u00e0. Come nel trading di CFD su Forex, i trader non possiedono gli asset sottostanti che negoziano. Libertex offre CFD sia su Bitcoin sia su Litecoin. Il prezzo di Bitcoin \u00e8 molto volatile perch\u00e9 il suo valore dipende dalla domanda e dalla quantit\u00e0 di beni che \u00e8 possibile acquistare con esso. Litecoin \u00e8 la seconda criptovaluta per volume di scambi ed \u00e8 spesso definita l&#8217;argento rispetto all&#8217;oro rappresentato da Bitcoin. La sua volatilit\u00e0 offre inoltre opportunit\u00e0 interessanti per i trader.<\/p>\n<\/div><div id=\"trading_instruments-2\"><h3>CFD sui metalli preziosi<\/h3><p>I metalli preziosi costituiscono un&#8217;altra classe di strumenti molto ricercata dagli operatori di ogni livello di esperienza. Libertex permette agli operatori di negoziare CFD su oro, argento, rame, platino e palladio. La sezione \u00abnotizie di mercato\u00bb della piattaforma mantiene gli operatori ben informati sugli ultimi sviluppi e sulle tendenze di mercato. I CFD su oro e argento attirano molta attenzione da parte degli operatori, poich\u00e9 sono considerati tra i migliori strumenti sottostanti per il trading. Anche i CFD su rame, platino e palladio suscitano interesse tra gli operatori, poich\u00e9 questi metalli sono ampiamente utilizzati in diversi settori industriali.<\/p>\n<\/div><div id=\"trading_instruments-3\"><h3>CFD su petrolio e gas<\/h3><p>Libertex offre ai trader la possibilit\u00e0 di negoziare cinque tipi di CFD su petrolio e gas &#8211; Brent Crude Oil, WTI Crude Oil, Henry Hub Natural Gas, Heating Oil e Light Sweet Crude Oil. L&#8217;andamento dei prezzi del petrolio \u00e8 generalmente determinato dall&#8217;equilibrio tra domanda e offerta, oltre che da vari fattori macroeconomici e geopolitici. Oltre all&#8217;equilibrio tra domanda e offerta, altri fattori che influenzano i prezzi del gas naturale sono i prezzi del petrolio e le condizioni meteorologiche.<\/p>\n<\/div><div id=\"trading_instruments-4\"><h3>CFD su azioni<\/h3><p>Il trading di CFD su azioni \u00e8 un&#8217;altra opzione disponibile per i clienti di Libertex. La piattaforma elenca vari settori, tra cui tecnologia, industria, finanza, servizi al consumo, telecomunicazioni, energia e sanit\u00e0, tra gli altri. I CFD sulle azioni di societ\u00e0 di rilievo &#8211; come eBay Inc., Twitter Inc., Google Inc., Apple Inc., Microsoft Corp. e Adobe Systems Inc. &#8211; sono molto richiesti dagli operatori.<\/p>\n<\/div><div id=\"trading_instruments-5\"><h3>CFD sull'agricoltura<\/h3><p>Quando Libertex parla di CFD agricoli, si riferisce ai tradizionali contratti per differenza (CFD) disponibili per la negoziazione sulla sua piattaforma moderna. Questi strumenti attraggono operatori sia alle prime armi sia esperti, offrendo CFD su caff\u00e8, cacao, soia, grano, mais e zucchero. Rimangono tra i sottostanti pi\u00f9 scambiati, con prezzi che fluttuano stagionalmente e nel corso dell&#8217;anno. Oltre alla domanda e all&#8217;offerta, i prezzi delle materie prime agricole sono influenzati da fattori come le condizioni meteorologiche, i progressi nelle tecnologie agricole e la crescita della popolazione mondiale.<\/p>\n<\/div>\n      <\/div>\n    <\/section>\n  \n<h2 id=\"platforms\">Piattaforma di trading <div class=\"star-rating stars-4-5\"><\/div><\/h2>\n\n<div class=\"platforms\">\n<table>\n  <tbody>\n    <tr>\n      <th>\n        <img decoding=\"async\" src=\"https:\/\/www.tradingpedia.com\/wp-content\/themes\/trading-pedia\/images\/platforms-icon.svg\">\n        <h3>Piattaforme<\/h3>\n      <\/th>\n      <th>\n        <img decoding=\"async\" src=\"https:\/\/www.tradingpedia.com\/wp-content\/themes\/trading-pedia\/images\/pc-mac-icon.svg\">\n        <h3>PC \/ MAC<\/h3>\n      <\/th>\n      <th>\n        <img decoding=\"async\" src=\"https:\/\/www.tradingpedia.com\/wp-content\/themes\/trading-pedia\/images\/smartphones-icon.svg\">\n        <h3>Smartphone<\/h3>\n      <\/th>\n      <th>\n        <img decoding=\"async\" src=\"https:\/\/www.tradingpedia.com\/wp-content\/themes\/trading-pedia\/images\/tablets-icon.svg\">\n        <h3>Tablet<\/h3>\n      <\/th>\n    <\/tr><tr><td>MetaTrader 4<\/td><td><img decoding=\"async\" src=\"https:\/\/www.tradingpedia.com\/wp-content\/themes\/trading-pedia\/images\/windows-logo.svg\" \/><img decoding=\"async\" src=\"https:\/\/www.tradingpedia.com\/wp-content\/themes\/trading-pedia\/images\/apple-logo.svg\" \/><\/td><td><img decoding=\"async\" src=\"https:\/\/www.tradingpedia.com\/wp-content\/themes\/trading-pedia\/images\/ios-logo.svg\" \/><img decoding=\"async\" src=\"https:\/\/www.tradingpedia.com\/wp-content\/themes\/trading-pedia\/images\/android-logo.svg\" \/><\/td><td><img decoding=\"async\" src=\"https:\/\/www.tradingpedia.com\/wp-content\/themes\/trading-pedia\/images\/ios-logo.svg\" \/><img decoding=\"async\" src=\"https:\/\/www.tradingpedia.com\/wp-content\/themes\/trading-pedia\/images\/android-logo.svg\" \/><\/td><\/tr><tr><td>MetaTrader 5<\/td><td><img decoding=\"async\" src=\"https:\/\/www.tradingpedia.com\/wp-content\/themes\/trading-pedia\/images\/windows-logo.svg\" \/><img decoding=\"async\" src=\"https:\/\/www.tradingpedia.com\/wp-content\/themes\/trading-pedia\/images\/apple-logo.svg\" \/><\/td><td><img decoding=\"async\" src=\"https:\/\/www.tradingpedia.com\/wp-content\/themes\/trading-pedia\/images\/ios-logo.svg\" \/><img decoding=\"async\" src=\"https:\/\/www.tradingpedia.com\/wp-content\/themes\/trading-pedia\/images\/android-logo.svg\" \/><\/td><td><img decoding=\"async\" src=\"https:\/\/www.tradingpedia.com\/wp-content\/themes\/trading-pedia\/images\/ios-logo.svg\" \/><img decoding=\"async\" src=\"https:\/\/www.tradingpedia.com\/wp-content\/themes\/trading-pedia\/images\/android-logo.svg\" \/><\/td><\/tr><\/tbody><\/table><\/div>\n\n        <div class=\"table-wrapper\">\n          <table>\n            <tr><th colspan=\"2\">Informazioni di trading<\/th><\/tr>\n            <tr><td>Piattaforme di trading<\/td><td>MetaTrader 4, MetaTrader 5<\/d><\/tr>\n      <tr><td>Conto demo<\/td><td><img decoding=\"async\" width=\"24\" height=\"24\" src=\"https:\/\/www.tradingpedia.com\/wp-content\/themes\/trading-pedia\/images\/ico-check.svg\" alt=\"Disponibile\" \/><\/td><\/tr><tr><td>Hedging<\/td><td><img decoding=\"async\" width=\"24\" height=\"24\" src=\"https:\/\/www.tradingpedia.com\/wp-content\/themes\/trading-pedia\/images\/ico-check.svg\" alt=\"Disponibile\" \/><\/td><\/tr><tr><td>Scalping<\/td><td><img decoding=\"async\" width=\"24\" height=\"24\" src=\"https:\/\/www.tradingpedia.com\/wp-content\/themes\/trading-pedia\/images\/ico-check.svg\" alt=\"Disponibile\" \/><\/td><\/tr><tr><td>Trader USA<\/td><td><img decoding=\"async\" width=\"24\" height=\"24\" src=\"https:\/\/www.tradingpedia.com\/wp-content\/themes\/trading-pedia\/images\/ico-xmark.svg\" alt=\"Non disponibile\" \/><\/td><\/tr><tr><td>Trader arabi<\/td><td><img decoding=\"async\" width=\"24\" height=\"24\" src=\"https:\/\/www.tradingpedia.com\/wp-content\/themes\/trading-pedia\/images\/ico-xmark.svg\" alt=\"Non disponibile\" \/><\/td><\/tr>\n          <\/table>\n        <\/div>\n      \n<p>Con Libertex puoi fare trading su MT4, MT5 e sulla piattaforma Libertex, oltre che tramite le app per iOS e Android. La piattaforma Libertex funziona molto bene sia su desktop sia su dispositivi mobili. La sua piattaforma di trading basata sul web offre un&#8217;interfaccia intuitiva, che la rende adatta a trader di ogni livello di esperienza. La piattaforma mette a disposizione diverse funzionalit\u00e0 speciali che rendono l&#8217;esperienza di trading pi\u00f9 varia. Ad esempio, puoi aggiungere uno specifico asset sottostante ai preferiti, cos\u00ec da trovarlo istantaneamente la volta successiva in cui ti serve.<\/p>\n<p>Puoi anche scegliere come visualizzare ogni grafico e il relativo timeframe. Per accedere ai mercati finanziari non \u00e8 necessario scaricare o installare alcun software. La piattaforma funziona in modo fluido su diversi dispositivi mobili, inclusi Android e iOS. Per un accesso pi\u00f9 rapido puoi scaricare l&#8217;app dedicata di Libertex direttamente da Google Play Store o da Apple App Store. Grazie all&#8217;app puoi fare trading quando e dove vuoi.<\/p>\n<h2 id=\"payment\">Metodi di pagamento <div class=\"star-rating stars-4\"><\/div><\/h2>\n<p>Per finanziare il tuo conto Libertex puoi scegliere tra diversi metodi di pagamento &#8211; Visa, Mastercard, bonifico bancario, Skrill, PayPal, ecc. La disponibilit\u00e0 di ciascun metodo dipende dal tuo paese di residenza e da eventuali normative locali applicabili.<\/p>\n<h2 id=\"account\">Tipi di conto <div class=\"star-rating stars-4\"><\/div><\/h2>\n<p>Su Libertex sono disponibili tre tipi di conto: un conto Invest, un conto di trading CFD e un conto demo. Se non ti senti ancora pronto a iniziare a fare trading con i tuoi fondi, puoi optare per il conto demo. Per aprirlo \u00e8 sufficiente un indirizzo e-mail e una password. Una volta completata la registrazione riceverai fondi virtuali che potrai utilizzare per esercitarti al trading sulla piattaforma Libertex.<\/p>\n<p>La seconda tipologia che puoi aprire \u00e8 un conto di trading con denaro reale.<\/p>\n<div class=\"important\"><strong>Importante:<\/strong> Sebbene Libertex si proponga di semplificare ogni fase \u2014 dalla registrazione e dal versamento dei fondi fino all&#8217;esecuzione degli ordini \u2014 il trading comporta comunque un rischio finanziario significativo. Assicurati di leggere tutta la documentazione legale del broker, verificare attentamente tutte le commissioni e testare le strategie con il conto demo gratuito prima di impegnare capitale reale. Una gestione responsabile del denaro rimane sempre una tua responsabilit\u00e0 personale.<\/div>\n<h2 id=\"support\">Assistenza <div class=\"star-rating stars-4-5\"><\/div><\/h2>\n<p>Se hai bisogno di assistenza, puoi contattare il team di supporto tramite telefono, e-mail o live chat. In generale la live chat \u00e8 l&#8217;opzione pi\u00f9 rapida perch\u00e9 ti mette in contatto diretto con un membro del team di assistenza clienti. I rappresentanti dell&#8217;azienda sono molto competenti e rispondono rapidamente alle richieste. Inoltre, la sezione \u00abAiuto e supporto\u00bb di Libertex offre informazioni dettagliate su diversi argomenti, tra cui la piattaforma di trading, le transazioni e altro ancora.<\/p>\n\n    <section class=\"ready-to-trade\">\n      <div class=\"ready-to-trade_head\">\n        <h3>Sei pronto a fare trading?<\/h3>\n      <\/div>\n      <div class=\"ready-to-trade_body\">\n        <div class=\"row\">\n          <div class=\"col-12 col-md-6\">\n            <a href=\"\/out\/libertex?au=114&bp=1\" target=\"_blank\" rel=\"nofollow noopener noreferrer\" class=\"demo\">Apri un conto demo<\/a>\n          <\/div>\n\n          <div class=\"col-12 col-md-6\">\n            <a href=\"\/out\/libertex?au=114&bp=1\" target=\"_blank\" rel=\"nofollow noopener noreferrer\" class=\"account\">Apri un conto<\/a>\n          <\/div>\n        <\/div>\n      <\/div>\n    <\/section>\n  \n<p><em>Avvertenza di rischio: i CFD sono strumenti complessi e comportano un alto rischio di perdere denaro rapidamente a causa della leva finanziaria. Il 84% dei conti degli investitori al dettaglio perde denaro quando fa trading di CFD con questo fornitore. Dovresti valutare se comprendi come funzionano i CFD e se puoi permetterti di correre l&#8217;elevato rischio di perdere il tuo denaro.<\/em><\/p>\n","protected":false},"excerpt":{"rendered":"<p>Libertex \u00e8 un broker online con una lunga esperienza nei mercati finanziari, specializzato nel trading di azioni reali e CFD. Il broker offre un&#8217;app intuitiva per dispositivi mobili iOS e Android. Dalla procedura di registrazione e versamento dei fondi, semplice e veloce, all&#8217;esecuzione fulminea degli ordini e a un ambiente di trading unico, la piattaforma [&hellip;]<\/p>\n","protected":false},"author":1,"featured_media":0,"parent":120207,"menu_order":9910,"comment_status":"closed","ping_status":"closed","template":"templates\/broker.php","meta":{"footnotes":""},"class_list":["post-120225","page","type-page","status-publish","hentry"],"aioseo_notices":[],"_links":{"self":[{"href":"https:\/\/www.tradingpedia.com\/it\/wp-json\/wp\/v2\/pages\/120225","targetHints":{"allow":["GET"]}}],"collection":[{"href":"https:\/\/www.tradingpedia.com\/it\/wp-json\/wp\/v2\/pages"}],"about":[{"href":"https:\/\/www.tradingpedia.com\/it\/wp-json\/wp\/v2\/types\/page"}],"author":[{"embeddable":true,"href":"https:\/\/www.tradingpedia.com\/it\/wp-json\/wp\/v2\/users\/1"}],"replies":[{"embeddable":true,"href":"https:\/\/www.tradingpedia.com\/it\/wp-json\/wp\/v2\/comments?post=120225"}],"version-history":[{"count":3,"href":"https:\/\/www.tradingpedia.com\/it\/wp-json\/wp\/v2\/pages\/120225\/revisions"}],"predecessor-version":[{"id":135618,"href":"https:\/\/www.tradingpedia.com\/it\/wp-json\/wp\/v2\/pages\/120225\/revisions\/135618"}],"up":[{"embeddable":true,"href":"https:\/\/www.tradingpedia.com\/it\/wp-json\/wp\/v2\/pages\/120207"}],"wp:attachment":[{"href":"https:\/\/www.tradingpedia.com\/it\/wp-json\/wp\/v2\/media?parent=120225"}],"curies":[{"name":"wp","href":"https:\/\/api.w.org\/{rel}","templated":true}]}}