{"id":120220,"date":"2019-09-04T07:47:20","date_gmt":"2019-09-04T07:47:20","guid":{"rendered":"https:\/\/www.tradingpedia.com\/forex-brokers\/fxcm\/"},"modified":"2026-01-19T07:23:01","modified_gmt":"2026-01-19T07:23:01","slug":"fxcm","status":"publish","type":"page","link":"https:\/\/www.tradingpedia.com\/it\/forex-brokers\/fxcm\/","title":{"rendered":"FXCM: Recensione e Opinione"},"content":{"rendered":"<p>La pluripremiata piattaforma Trading Station di FXCM supporta il trading da dispositivi mobili, l&#8217;esecuzione degli ordini con un solo clic e l&#8217;operativit\u00e0 direttamente dai grafici in tempo reale. L&#8217;azienda \u00e8 un fornitore globale di servizi di trading Forex, offrendo  l&#8217;accesso a un&#8217;ampia rete di fornitori di liquidit\u00e0 Forex.<\/p>\n<h2 id=\"overview\">Panoramica<\/h2>\n<p>FXCM \u00e8 uno dei broker Forex pi\u00f9 grandi e avanzati sul web. Fondata nel 1999, da allora \u00e8 diventata la scelta preferita di milioni di trader alla ricerca di un broker affidabile, intuitivo e moderno.<\/p>\n<p>I servizi di FXCM sono disponibili per i clienti di tutto il mondo e la societ\u00e0 \u00e8 regolamentata dai seguenti organismi: NFA, CFTC, SFC, ASIC, CONSOB, FCA, DGCX, BaFin, ACP e AMF. Il suo sito web \u00e8 disponibile in pi\u00f9 di 10 lingue, tra cui arabo, russo, ebraico, inglese, tedesco e altre.<\/p>\n\n        <div class=\"table-wrapper\">\n          <table>\n            <tr><th colspan=\"2\">Informazioni generali su FXCM<\/th><\/tr>\n            <tr>\n              <td><strong>Deposito minimo<\/strong><\/td>\n              <td>50 $<\/td>\n            <\/tr>\n\n            <tr>\n              <td><strong>Lingue supportate<\/strong><\/td>\n              <td>Arabo, Italiano, Turco<\/td>\n            <\/tr>\n            <tr>\n              <td><strong>Valute supportate<\/strong><\/td>\n              <td>EUR, GBP, USD<\/td>\n            <\/tr>\n            \n              <tr>\n                <td style=\"width: 250px;\"><strong>Sito web<\/strong><\/td>\n                <td><a>https:\/\/www.fxcm-markets.com\/<\/a><\/td>\n              <\/tr>\n          \n              <tr>\n                <td><strong>Numero di telefono<\/strong><\/td>\n                <td><a href=\"tel:+357 22022619\">+357 22022619<\/a><\/td>\n              <\/tr>\n          \n              <tr>\n                <td><strong>Email di assistenza<\/strong><\/td>\n                <td><a href=\"mailto:info@fxcmmarkets.com\">info@fxcmmarkets.com<\/a><\/td>\n              <\/tr>\n          \n              <tr>\n                <td><strong>Indirizzo della sede centrale<\/strong><\/td>\n                <td><a href=\"https:\/\/maps.app.goo.gl\/QcLxRSNDnWSErfrC7\" rel=\"nofollow\" target=\"_blank\">33 Neas Engomis Street, 2409 Engomi, Nicosia, Cyprus<\/a><\/td>\n              <\/tr>\n          \n              <tr>\n                <td colspan=\"2\"><iframe src=\"https:\/\/www.google.com\/maps\/embed?pb=!1m18!1m12!1m3!1d3261.6580665595525!2d33.32009147443975!3d35.16514749796311!2m3!1f0!2f0!3f0!3m2!1i1024!2i768!4f13.1!3m3!1m2!1s0x14de1a7296dfeaf7%3A0xdb495d02197498a1!2sDOMS%20Business%20Centre!5e0!3m2!1sen!2smy!4v1738133522993!5m2!1sen!2smy\" style=\"width: 100%; height: 300px;\" style=\"border:0;\" allowfullscreen=\"\" loading=\"lazy\" referrerpolicy=\"no-referrer-when-downgrade\"><\/iframe><\/td>\n              <\/tr>\n          \n          <\/table>\n        <\/div>\n      \n\n          <div class=\"table-wrapper\">\n            <table>\n              <tr><th>Regolatore<\/th><th>Licenza<\/th><\/tr>\n        <tr><td>CySEC<\/td><td><a href=\"https:\/\/www.cysec.gov.cy\/en-GB\/entities\/investment-firms\/cypriot\/88692\/\" rel=\"nofollow\" target=\"_blank\">392\/20<\/a><\/td><\/tr><tr><td>FCA<\/td><td><a href=\"https:\/\/register.fca.org.uk\/s\/firm?id=001b000000MfNCCAA3\" rel=\"nofollow\" target=\"_blank\">217689<\/a><\/td><\/tr><tr><td>SVGFSA<\/td><td><a href=\"https:\/\/svgfsa.com\" rel=\"nofollow\" target=\"_blank\">1776<\/a><\/td><\/tr><tr><td>FSCA<\/td><td>46534<\/td><\/tr><tr><td>ISA<\/td><td>515234623<\/td><\/tr><tr><td>ASIC<\/td><td><a href=\"https:\/\/service.asic.gov.au\/Search\/EntityDetail?LicenceNumber=309763&PermissionType=Australian%20financial%20services%20licensees&licenceName=STRATOS%20TRADING%20PTY.%20LIMITED\" rel=\"nofollow\" target=\"_blank\">309763<\/a><\/td><\/tr>\n            <\/table>\n          <\/div>\n        \n<h2 id=\"features\">Piattaforme &amp; funzionalit\u00e0 <div class=\"star-rating stars-4\"><\/div><\/h2>\n\n<div class=\"platforms\">\n<table>\n  <tbody>\n    <tr>\n      <th>\n        <img decoding=\"async\" src=\"https:\/\/www.tradingpedia.com\/wp-content\/themes\/trading-pedia\/images\/platforms-icon.svg\">\n        <h3>Piattaforme<\/h3>\n      <\/th>\n      <th>\n        <img decoding=\"async\" src=\"https:\/\/www.tradingpedia.com\/wp-content\/themes\/trading-pedia\/images\/pc-mac-icon.svg\">\n        <h3>PC \/ MAC<\/h3>\n      <\/th>\n      <th>\n        <img decoding=\"async\" src=\"https:\/\/www.tradingpedia.com\/wp-content\/themes\/trading-pedia\/images\/smartphones-icon.svg\">\n        <h3>Smartphone<\/h3>\n      <\/th>\n      <th>\n        <img decoding=\"async\" src=\"https:\/\/www.tradingpedia.com\/wp-content\/themes\/trading-pedia\/images\/tablets-icon.svg\">\n        <h3>Tablet<\/h3>\n      <\/th>\n    <\/tr><tr><td>MetaTrader 4<\/td><td><img decoding=\"async\" src=\"https:\/\/www.tradingpedia.com\/wp-content\/themes\/trading-pedia\/images\/windows-logo.svg\" \/><img decoding=\"async\" src=\"https:\/\/www.tradingpedia.com\/wp-content\/themes\/trading-pedia\/images\/apple-logo.svg\" \/><\/td><td><img decoding=\"async\" src=\"https:\/\/www.tradingpedia.com\/wp-content\/themes\/trading-pedia\/images\/ios-logo.svg\" \/><img decoding=\"async\" src=\"https:\/\/www.tradingpedia.com\/wp-content\/themes\/trading-pedia\/images\/android-logo.svg\" \/><\/td><td><img decoding=\"async\" src=\"https:\/\/www.tradingpedia.com\/wp-content\/themes\/trading-pedia\/images\/ios-logo.svg\" \/><img decoding=\"async\" src=\"https:\/\/www.tradingpedia.com\/wp-content\/themes\/trading-pedia\/images\/android-logo.svg\" \/><\/td><\/tr><tr><td>FXCM Trading Station<\/td><td><img decoding=\"async\" src=\"https:\/\/www.tradingpedia.com\/wp-content\/themes\/trading-pedia\/images\/windows-logo.svg\" \/><img decoding=\"async\" src=\"https:\/\/www.tradingpedia.com\/wp-content\/themes\/trading-pedia\/images\/apple-logo.svg\" \/><\/td><td><img decoding=\"async\" src=\"https:\/\/www.tradingpedia.com\/wp-content\/themes\/trading-pedia\/images\/ios-logo.svg\" \/><img decoding=\"async\" src=\"https:\/\/www.tradingpedia.com\/wp-content\/themes\/trading-pedia\/images\/android-logo.svg\" \/><\/td><td><img decoding=\"async\" src=\"https:\/\/www.tradingpedia.com\/wp-content\/themes\/trading-pedia\/images\/ios-logo.svg\" \/><img decoding=\"async\" src=\"https:\/\/www.tradingpedia.com\/wp-content\/themes\/trading-pedia\/images\/android-logo.svg\" \/><\/td><\/tr><tr><td>FXCC Zulu Trade<\/td><td><img decoding=\"async\" src=\"https:\/\/www.tradingpedia.com\/wp-content\/themes\/trading-pedia\/images\/windows-logo.svg\" \/><img decoding=\"async\" src=\"https:\/\/www.tradingpedia.com\/wp-content\/themes\/trading-pedia\/images\/apple-logo.svg\" \/><\/td><td><img decoding=\"async\" src=\"https:\/\/www.tradingpedia.com\/wp-content\/themes\/trading-pedia\/images\/ios-logo.svg\" \/><img decoding=\"async\" src=\"https:\/\/www.tradingpedia.com\/wp-content\/themes\/trading-pedia\/images\/android-logo.svg\" \/><\/td><td><img decoding=\"async\" src=\"https:\/\/www.tradingpedia.com\/wp-content\/themes\/trading-pedia\/images\/ios-logo.svg\" \/><img decoding=\"async\" src=\"https:\/\/www.tradingpedia.com\/wp-content\/themes\/trading-pedia\/images\/android-logo.svg\" \/><\/td><\/tr><tr><td>Mirror Trader<\/td><td><img decoding=\"async\" src=\"https:\/\/www.tradingpedia.com\/wp-content\/themes\/trading-pedia\/images\/windows-logo.svg\" \/><img decoding=\"async\" src=\"https:\/\/www.tradingpedia.com\/wp-content\/themes\/trading-pedia\/images\/apple-logo.svg\" \/><\/td><td><img decoding=\"async\" src=\"https:\/\/www.tradingpedia.com\/wp-content\/themes\/trading-pedia\/images\/ios-logo.svg\" \/><img decoding=\"async\" src=\"https:\/\/www.tradingpedia.com\/wp-content\/themes\/trading-pedia\/images\/android-logo.svg\" \/><\/td><td><img decoding=\"async\" src=\"https:\/\/www.tradingpedia.com\/wp-content\/themes\/trading-pedia\/images\/ios-logo.svg\" \/><img decoding=\"async\" src=\"https:\/\/www.tradingpedia.com\/wp-content\/themes\/trading-pedia\/images\/android-logo.svg\" \/><\/td><\/tr><tr><td>Ninja Trader<\/td><td><img decoding=\"async\" src=\"https:\/\/www.tradingpedia.com\/wp-content\/themes\/trading-pedia\/images\/windows-logo.svg\" \/><\/td><td><img decoding=\"async\" src=\"https:\/\/www.tradingpedia.com\/wp-content\/themes\/trading-pedia\/images\/ios-logo.svg\" \/><img decoding=\"async\" src=\"https:\/\/www.tradingpedia.com\/wp-content\/themes\/trading-pedia\/images\/android-logo.svg\" \/><\/td><td><img decoding=\"async\" src=\"https:\/\/www.tradingpedia.com\/wp-content\/themes\/trading-pedia\/images\/ios-logo.svg\" \/><img decoding=\"async\" src=\"https:\/\/www.tradingpedia.com\/wp-content\/themes\/trading-pedia\/images\/android-logo.svg\" \/><\/td><\/tr><tr><td>FXCM Trading Station Web<\/td><td><img decoding=\"async\" src=\"https:\/\/www.tradingpedia.com\/wp-content\/themes\/trading-pedia\/images\/windows-logo.svg\" \/><img decoding=\"async\" src=\"https:\/\/www.tradingpedia.com\/wp-content\/themes\/trading-pedia\/images\/apple-logo.svg\" \/><\/td><td><img decoding=\"async\" src=\"https:\/\/www.tradingpedia.com\/wp-content\/themes\/trading-pedia\/images\/ios-logo.svg\" \/><img decoding=\"async\" src=\"https:\/\/www.tradingpedia.com\/wp-content\/themes\/trading-pedia\/images\/android-logo.svg\" \/><\/td><td><img decoding=\"async\" src=\"https:\/\/www.tradingpedia.com\/wp-content\/themes\/trading-pedia\/images\/ios-logo.svg\" \/><img decoding=\"async\" src=\"https:\/\/www.tradingpedia.com\/wp-content\/themes\/trading-pedia\/images\/android-logo.svg\" \/><\/td><\/tr><\/tbody><\/table><\/div>\n<p>I trader che utilizzano i servizi di FXCM possono scegliere tra un lungo elenco di piattaforme di trading. L&#8217;opzione pi\u00f9 popolare \u00e8 MetaTrader 4, ma sono disponibili diverse altre soluzioni come Mirror Trader, ZuluTrade, NinjaTrader e le versioni proprietarie web, mobile e desktop della piattaforma Trading Station. <\/p>\n<p>Una delle funzionalit\u00e0 pi\u00f9 apprezzate offerte da FXCM \u00e8 il suo esclusivo centro formativo, che pu\u00f2 aiutare i trader principianti, intermedi ed esperti a migliorare le proprie competenze. FXCM \u00e8 preferito da molti anche per diversi altri motivi:  spread ridotti sulle principali coppie di valute, condizioni di leva favorevoli e possibilit\u00e0 di utilizzare un conto demo illimitato.<\/p>\n\n        <div class=\"table-wrapper\">\n          <table>\n            <tr><th colspan=\"2\">Informazioni di trading<\/th><\/tr>\n            <tr><td>Piattaforme di trading<\/td><td>MetaTrader 4, TradingView, ZuluTrade, Trading Station<\/d><\/tr>\n      <tr><td>Conto demo<\/td><td><img decoding=\"async\" width=\"24\" height=\"24\" src=\"https:\/\/www.tradingpedia.com\/wp-content\/themes\/trading-pedia\/images\/ico-check.svg\" alt=\"Disponibile\" \/><\/td><\/tr><tr><td>Hedging<\/td><td><img decoding=\"async\" width=\"24\" height=\"24\" src=\"https:\/\/www.tradingpedia.com\/wp-content\/themes\/trading-pedia\/images\/ico-check.svg\" alt=\"Disponibile\" \/><\/td><\/tr><tr><td>Scalping<\/td><td><img decoding=\"async\" width=\"24\" height=\"24\" src=\"https:\/\/www.tradingpedia.com\/wp-content\/themes\/trading-pedia\/images\/ico-check.svg\" alt=\"Disponibile\" \/><\/td><\/tr><tr><td>Trader USA<\/td><td><img decoding=\"async\" width=\"24\" height=\"24\" src=\"https:\/\/www.tradingpedia.com\/wp-content\/themes\/trading-pedia\/images\/ico-check.svg\" alt=\"Disponibile\" \/><\/td><\/tr><tr><td>Trader arabi<\/td><td><img decoding=\"async\" width=\"24\" height=\"24\" src=\"https:\/\/www.tradingpedia.com\/wp-content\/themes\/trading-pedia\/images\/ico-check.svg\" alt=\"Disponibile\" \/><\/td><\/tr>\n          <\/table>\n        <\/div>\n      \n<h2 id=\"assets\">Strumenti di trading <div class=\"star-rating stars-4-5\"><\/div><\/h2>\n<p>Sulle piattaforme di trading di FXCM avrai accesso a un&#8217;ampia gamma di coppie di valute, incluse coppie popolari come EUR\/USD, USD\/CHF, USD\/JPY e molte altre. Oltre al trading Forex, le piattaforme supportano anche il trading di CFD (oro, argento, petrolio greggio, ecc.). Dai un&#8217;occhiata al sito web di FXCM per scoprire di pi\u00f9 sugli strumenti disponibili.<\/p>\n<p>\n        <div class=\"table-wrapper\">\n          <table>\n            <tr><th>Strumento<\/th><th>Spread<\/th><\/tr>\n      <tr><td>AUDUSD<\/td><td>AVG 1.8 pip<\/td><\/tr><tr><td>EURGBP<\/td><td>AVG 2.3 pip<\/td><\/tr><tr><td>EURUSD<\/td><td>AVG 1.3 pip<\/td><\/tr><tr><td>GBPUSD<\/td><td>AVG 1.7 pip<\/td><\/tr><tr><td>NZDUSD<\/td><td>AVG 2 pip<\/td><\/tr><tr><td>USDCAD<\/td><td>AVG 2.2 pip<\/td><\/tr><tr><td>USDCHF<\/td><td>AVG 1.6 pip<\/td><\/tr><tr><td>USDCNY<\/td><td>AVG 7.5 pip<\/td><\/tr><tr><td>USDJPY<\/td><td>AVG 1.4 pip<\/td><\/tr>\n          <\/table>\n        <\/div>\n      <br \/>\n\n<div class=\"banking_tabs_holder\"> \n <ul>\n  <li class=\"tab_header_item tab_selected\"><a href=\"#table_broker_deposit_methods\">Deposito<\/a><\/li><li class=\"tab_header_item\"><a href=\"#table_broker_withdrawal_methods\">Prelievo<\/a><\/li>\n <\/ul>\n <div class=\"content_holder\"> \n  \n<div id=\"table_broker_deposit_methods\">\n\n<table> \n<thead> \n<tr><td>Marchio<\/td><td>Minimo<\/td><td>Commissioni<\/td><td>Tempo di elaborazione<\/td><\/tr>\n<tbody><tr><td><img decoding=\"async\" src=\"https:\/\/www.tradingpedia.com\/wp-content\/uploads\/banking\/visa-logo.svg\" \/><\/td><td>50 $<\/td><td>Nessuna commissione<\/td><td>1 giorno lavorativo<\/td><\/tr><tr><td><img decoding=\"async\" src=\"https:\/\/www.tradingpedia.com\/wp-content\/uploads\/banking\/mastercard-logo.svg\" \/><\/td><td>50 USD<\/td><td>Nessuna commissione<\/td><td>1 giorno lavorativo<\/td><\/tr><tr><td><img decoding=\"async\" src=\"https:\/\/www.tradingpedia.com\/wp-content\/uploads\/banking\/bank-transfer-logo.svg\" \/><\/td><td>50 $<\/td><td>Nessuna commissione<\/td><td>Da 1 a 5 giorni lavorativi<\/td><\/tr><tr><td><img decoding=\"async\" src=\"https:\/\/www.tradingpedia.com\/wp-content\/uploads\/banking\/skrill-logo.svg\" \/><\/td><td>50 USD<\/td><td>Nessuna commissione<\/td><td>1 giorno lavorativo<\/td><\/tr><tr><td><img decoding=\"async\" src=\"https:\/\/www.tradingpedia.com\/wp-content\/uploads\/banking\/neteller-logo.svg\" \/><\/td><td>50 $<\/td><td>Nessuna commissione<\/td><td>1 giorno lavorativo<\/td><\/tr><tr><td><img decoding=\"async\" src=\"https:\/\/www.tradingpedia.com\/wp-content\/uploads\/banking\/wire-transfer-logo.svg\" \/><\/td><td>50,00 $<\/td><td>Nessuna commissione<\/td><td>1 giorno lavorativo<\/td><\/tr><\/tbody><\/table><\/div>\n<div id=\"table_broker_withdrawal_methods\">\n\n<table> \n<thead> \n<tr><td>Marchio<\/td><td>Minimo<\/td><td>Commissioni<\/td><td>Tempo di elaborazione<\/td><\/tr>\n<tbody><tr><td><img decoding=\"async\" src=\"https:\/\/www.tradingpedia.com\/wp-content\/uploads\/banking\/visa-logo.svg\" \/><\/td><td>-<\/td><td>Nessuna commissione<\/td><td>Dipende dal sistema di pagamento<\/td><\/tr><tr><td><img decoding=\"async\" src=\"https:\/\/www.tradingpedia.com\/wp-content\/uploads\/banking\/mastercard-logo.svg\" \/><\/td><td>-<\/td><td>Nessuna commissione<\/td><td>Dipende dal sistema di pagamento.<\/td><\/tr><tr><td><img decoding=\"async\" src=\"https:\/\/www.tradingpedia.com\/wp-content\/uploads\/banking\/skrill-logo.svg\" \/><\/td><td>-<\/td><td>Nessuna commissione<\/td><td>5 giorni lavorativi<\/td><\/tr><tr><td><img decoding=\"async\" src=\"https:\/\/www.tradingpedia.com\/wp-content\/uploads\/banking\/wire-transfer-logo.svg\" \/><\/td><td>-<\/td><td>Nessuna commissione<\/td><td>Dipende dal sistema di pagamento.<\/td><\/tr><\/tbody><\/table><\/div>\n <\/div>\n<\/div>\n<\/p>\n<h2 id=\"reliability\">Affidabilit\u00e0 <div class=\"star-rating stars-4\"><\/div><\/h2>\n<p>In termini di affidabilit\u00e0, FXCM \u00e8 uno dei migliori broker Forex che puoi trovare. I suoi servizi sono stati utilizzati da milioni di persone nel corso degli anni e ci sono pochissimi reclami sull&#8217;azienda. I motivi principali sono l&#8217;eccellente sistema di trading, il sito web e le piattaforme, oltre al team di assistenza cordiale e competente, sempre pronto a fornire supporto 24\/7. <\/p>\n<div class=\"important\"><strong>Importante:<\/strong> Il trading di prodotti con leva, come Forex e CFD, comporta un elevato livello di rischio e potrebbe non essere adatto a tutti gli investitori. Prima di aprire un conto con FXCM, assicurati di comprendere come funziona la leva, il potenziale di perdite rapide e i requisiti di margine del broker. Valuta i tuoi obiettivi di investimento, il tuo livello di esperienza e la tua tolleranza al rischio e, se necessario, richiedi una consulenza indipendente. Non investire mai denaro che non puoi permetterti di perdere.<\/div>\n<p>Depositare o prelevare fondi \u00e8 rapido e semplice e pu\u00f2 essere fatto tramite uno dei seguenti metodi: carta di credito\/debito, bonifico bancario, ACH e assegno cartaceo. FXCM \u00e8 anche nota per richiedere un deposito minimo molto basso, pari a soli 50 USD. Puoi scegliere tra otto valute di conto (AUD, JPY, CHF, NZD, USD, CAD, EUR e GBP).<\/p>\n\n        <div class=\"table-wrapper\">\n          <table>\n            <tr><th>Mercato<\/th><th>Leva<\/th><\/tr>\n      <tr><td>CFD su materie prime<\/td><td>1:20 (ASIC | Conto retail)<\/td><\/tr><tr><td>CFD su materie prime<\/td><td>1:20 (CySEC | Conto retail)<\/td><\/tr><tr><td>CFD su materie prime<\/td><td>1:20 (FCA | Conto retail)<\/td><\/tr><tr><td>CFD su materie prime<\/td><td>1:20 (FSCA | Conto retail)<\/td><\/tr><tr><td>CFD su azioni<\/td><td>1:5 (ASIC | Conto retail)<\/td><\/tr><tr><td>CFD su azioni<\/td><td>1:5 (FCA | Conto retail)<\/td><\/tr><tr><td>CFD su azioni<\/td><td>1:5 (FSCA | Conto retail)<\/td><\/tr><tr><td>CFD su azioni<\/td><td>1:5 (CySEC)<\/td><\/tr><tr><td>CFD su criptovalute<\/td><td>1:2 (ASIC | Conto retail)<\/td><\/tr><tr><td>CFD su criptovalute<\/td><td>1:2 (CySEC)<\/td><\/tr><tr><td>CFD su Forex<\/td><td>1:30 (ASIC | Conto retail)<\/td><\/tr><tr><td>CFD su Forex<\/td><td>1:30 (CySEC | Conto retail)<\/td><\/tr><tr><td>CFD su Forex<\/td><td>1:30 (FCA | Conto retail)<\/td><\/tr><tr><td>CFD su Forex<\/td><td>1:30 (FSCA | Conto retail)<\/td><\/tr><tr><td>CFD su Forex<\/td><td>1:100 (ISA | Conto retail)<\/td><\/tr><tr><td>CFD su indici<\/td><td>1:20 (ASIC | Conto retail)<\/td><\/tr><tr><td>CFD su indici<\/td><td>1:20 (CySEC | Conto retail)<\/td><\/tr><tr><td>CFD su indici<\/td><td>1:20 (FCA | Conto retail)<\/td><\/tr><tr><td>CFD su indici<\/td><td>1:20 (FSCA | Conto retail)<\/td><\/tr><tr><td>CFD su indici<\/td><td>1:40 (ISA | Conto retail)<\/td><\/tr><tr><td>CFD su materie prime<\/td><td>1:10 (ASIC | Conto retail)<\/td><\/tr><tr><td>CFD su materie prime<\/td><td>1:10 (CySEC | Conto retail)<\/td><\/tr><tr><td>CFD su materie prime<\/td><td>1:10 (FCA | Conto retail)<\/td><\/tr><tr><td>CFD su materie prime<\/td><td>1:10 (FSCA | Conto retail)<\/td><\/tr><tr><td>CFD su materie prime<\/td><td>1:20 (ISA | Conto retail)<\/td><\/tr>\n          <\/table>\n        <\/div>\n      \n<h2 id=\"bonus\">Offerte bonus <div class=\"star-rating stars-5\"><\/div><\/h2>\n<p>L&#8217;unica promozione offerta da FXCM al momento \u00e8 il suo programma di presentazione. Tramite questo programma, i trader possono ricevere un bonus per ogni amico o familiare che presentano ai servizi di FXCM. Se segnali qualcuno che apre un conto con FXCM, sia tu sia la persona presentata riceverete un bonus di trading di 100 USD! Tieni presente che questo bonus non pu\u00f2 essere prelevato finch\u00e9 non vengono soddisfatti specifici requisiti. <\/p>\n","protected":false},"excerpt":{"rendered":"<p>La pluripremiata piattaforma Trading Station di FXCM supporta il trading da dispositivi mobili, l&#8217;esecuzione degli ordini con un solo clic e l&#8217;operativit\u00e0 direttamente dai grafici in tempo reale. L&#8217;azienda \u00e8 un fornitore globale di servizi di trading Forex, offrendo l&#8217;accesso a un&#8217;ampia rete di fornitori di liquidit\u00e0 Forex. Panoramica FXCM \u00e8 uno dei broker Forex [&hellip;]<\/p>\n","protected":false},"author":1,"featured_media":0,"parent":120207,"menu_order":0,"comment_status":"closed","ping_status":"closed","template":"templates\/broker.php","meta":{"footnotes":""},"class_list":["post-120220","page","type-page","status-publish","hentry"],"aioseo_notices":[],"_links":{"self":[{"href":"https:\/\/www.tradingpedia.com\/it\/wp-json\/wp\/v2\/pages\/120220","targetHints":{"allow":["GET"]}}],"collection":[{"href":"https:\/\/www.tradingpedia.com\/it\/wp-json\/wp\/v2\/pages"}],"about":[{"href":"https:\/\/www.tradingpedia.com\/it\/wp-json\/wp\/v2\/types\/page"}],"author":[{"embeddable":true,"href":"https:\/\/www.tradingpedia.com\/it\/wp-json\/wp\/v2\/users\/1"}],"replies":[{"embeddable":true,"href":"https:\/\/www.tradingpedia.com\/it\/wp-json\/wp\/v2\/comments?post=120220"}],"version-history":[{"count":1,"href":"https:\/\/www.tradingpedia.com\/it\/wp-json\/wp\/v2\/pages\/120220\/revisions"}],"predecessor-version":[{"id":121438,"href":"https:\/\/www.tradingpedia.com\/it\/wp-json\/wp\/v2\/pages\/120220\/revisions\/121438"}],"up":[{"embeddable":true,"href":"https:\/\/www.tradingpedia.com\/it\/wp-json\/wp\/v2\/pages\/120207"}],"wp:attachment":[{"href":"https:\/\/www.tradingpedia.com\/it\/wp-json\/wp\/v2\/media?parent=120220"}],"curies":[{"name":"wp","href":"https:\/\/api.w.org\/{rel}","templated":true}]}}