{"id":120218,"date":"2019-09-04T07:47:19","date_gmt":"2019-09-04T07:47:19","guid":{"rendered":"https:\/\/www.tradingpedia.com\/forex-brokers\/dukascopy\/"},"modified":"2026-01-19T07:24:02","modified_gmt":"2026-01-19T07:24:02","slug":"dukascopy","status":"publish","type":"page","link":"https:\/\/www.tradingpedia.com\/it\/forex-brokers\/dukascopy\/","title":{"rendered":"Dukascopy Bank: Recensione e Opinione"},"content":{"rendered":"<p>Dukascopy offre accesso diretto allo Swiss Foreign Exchange Marketplace. Questo mercato fornisce il pi\u00f9 grande pool di liquidit\u00e0 ECN sul mercato spot Forex disponibile per banche, hedge fund, altre istituzioni e trader professionali. Lo Swiss Foreign Exchange Marketplace (SWFX) \u00e8 una soluzione tecnologica per il trading Forex che utilizza un modello di mercato centralizzato-decentralizzato. Il suo lancio di successo \u00e8 stato il risultato della stretta collaborazione con banche selezionate, altre istituzioni, mercati Forex e fornitori di soluzioni tecnologiche.<\/p>\n\n        <div class=\"table-wrapper\">\n          <table>\n            <tr><th colspan=\"2\">Informazioni generali su Dukascopy Bank SA<\/th><\/tr>\n            <tr>\n              <td><strong>Deposito minimo<\/strong><\/td>\n              <td>$5000.0000<\/td>\n            <\/tr>\n\n            <tr>\n              <td><strong>Lingue supportate<\/strong><\/td>\n              <td>Arabo, Cinese (mandarino)<\/td>\n            <\/tr>\n            <tr>\n              <td><strong>Valute supportate<\/strong><\/td>\n              <td>Dollaro statunitense, Euro, Yen giapponese, Sterlina britannica, Franco svizzero, Dollaro canadese, Dollaro australiano<\/td>\n            <\/tr>\n            \n          <\/table>\n        <\/div>\n      \n<h2 id=\"overview\">Panoramica<\/h2>\n<p>Dukascopy \u00e8 uno dei principali broker Forex sul mercato e uno dei pochi che offre accesso diretto e illimitato al mercato Forex svizzero. I clienti al dettaglio, i fondi d&#8217;investimento, le banche e i clienti istituzionali possono aprire conti con Dukascopy e depositare fondi per partecipare allo Swiss FX Marketplace. La societ\u00e0 \u00e8 stata fondata nel 1998 ed \u00e8 regolamentata dalla FINMA. <\/p>\n<p>Tieni presente che Dukascopy \u00e8 suddivisa in due organizzazioni\u2014Dukascopy Europe e Dukascopy Bank SA. I trader possono registrarsi per entrambi i servizi, ma i requisiti non sono gli stessi.<\/p>\n\n          <div class=\"table-wrapper\">\n            <table>\n              <tr><th>Regolatore<\/th><th>Licenza<\/th><\/tr>\n        <tr><td>ASIC (Australia)<\/td><td>S\u00ec<\/td><\/tr><tr><td>FMA (Austria)<\/td><td>S\u00ec<\/td><\/tr><tr><td>FSMA (Belgium)<\/td><td>S\u00ec<\/td><\/tr><tr><td>IFSC (Belize)<\/td><td>S\u00ec<\/td><\/tr><tr><td>FSC (British Virgin Islands)<\/td><td>S\u00ec<\/td><\/tr><tr><td>BNB (Bulgaria)<\/td><td>S\u00ec<\/td><\/tr><tr><td>FSA (Denmark)<\/td><td>S\u00ec<\/td><\/tr><tr><td>DFSA (Dubai)<\/td><td>S\u00ec<\/td><\/tr><tr><td>FSA (Estonia)<\/td><td>S\u00ec<\/td><\/tr><tr><td>FSC (Mauritius)<\/td><td>S\u00ec<\/td><\/tr><tr><td>AFM (Netherlands)<\/td><td>S\u00ec<\/td><\/tr><tr><td>FINMA (Switzerland)<\/td><td>S\u00ec<\/td><\/tr>\n            <\/table>\n          <\/div>\n        \n\n        <div class=\"table-wrapper\">\n          <table>\n            <tr><th>Strumento<\/th><th>Spread<\/th><\/tr>\n      <tr><td>EUR\/USD<\/td><td>0.40<\/td><\/tr><tr><td>GBP\/USD<\/td><td>1.20<\/td><\/tr><tr><td>USD\/JPY<\/td><td>1.10<\/td><\/tr>\n          <\/table>\n        <\/div>\n      \n<h2 id=\"features\">Piattaforme &amp; funzionalit\u00e0 <div class=\"star-rating stars-4\"><\/div><\/h2>\n\n<div class=\"platforms\">\n<table>\n  <tbody>\n    <tr>\n      <th>\n        <img decoding=\"async\" src=\"https:\/\/www.tradingpedia.com\/wp-content\/themes\/trading-pedia\/images\/platforms-icon.svg\">\n        <h3>Piattaforme<\/h3>\n      <\/th>\n      <th>\n        <img decoding=\"async\" src=\"https:\/\/www.tradingpedia.com\/wp-content\/themes\/trading-pedia\/images\/pc-mac-icon.svg\">\n        <h3>PC \/ MAC<\/h3>\n      <\/th>\n      <th>\n        <img decoding=\"async\" src=\"https:\/\/www.tradingpedia.com\/wp-content\/themes\/trading-pedia\/images\/smartphones-icon.svg\">\n        <h3>Smartphone<\/h3>\n      <\/th>\n      <th>\n        <img decoding=\"async\" src=\"https:\/\/www.tradingpedia.com\/wp-content\/themes\/trading-pedia\/images\/tablets-icon.svg\">\n        <h3>Tablet<\/h3>\n      <\/th>\n    <\/tr><tr><td>MetaTrader 4<\/td><td><img decoding=\"async\" src=\"https:\/\/www.tradingpedia.com\/wp-content\/themes\/trading-pedia\/images\/windows-logo.svg\" \/><img decoding=\"async\" src=\"https:\/\/www.tradingpedia.com\/wp-content\/themes\/trading-pedia\/images\/apple-logo.svg\" \/><\/td><td><img decoding=\"async\" src=\"https:\/\/www.tradingpedia.com\/wp-content\/themes\/trading-pedia\/images\/ios-logo.svg\" \/><img decoding=\"async\" src=\"https:\/\/www.tradingpedia.com\/wp-content\/themes\/trading-pedia\/images\/android-logo.svg\" \/><\/td><td><img decoding=\"async\" src=\"https:\/\/www.tradingpedia.com\/wp-content\/themes\/trading-pedia\/images\/ios-logo.svg\" \/><img decoding=\"async\" src=\"https:\/\/www.tradingpedia.com\/wp-content\/themes\/trading-pedia\/images\/android-logo.svg\" \/><\/td><\/tr><tr><td>JForex<\/td><td><img decoding=\"async\" src=\"https:\/\/www.tradingpedia.com\/wp-content\/themes\/trading-pedia\/images\/windows-logo.svg\" \/><img decoding=\"async\" src=\"https:\/\/www.tradingpedia.com\/wp-content\/themes\/trading-pedia\/images\/apple-logo.svg\" \/><\/td><td><img decoding=\"async\" src=\"https:\/\/www.tradingpedia.com\/wp-content\/themes\/trading-pedia\/images\/ios-logo.svg\" \/><img decoding=\"async\" src=\"https:\/\/www.tradingpedia.com\/wp-content\/themes\/trading-pedia\/images\/android-logo.svg\" \/><\/td><td><img decoding=\"async\" src=\"https:\/\/www.tradingpedia.com\/wp-content\/themes\/trading-pedia\/images\/ios-logo.svg\" \/><img decoding=\"async\" src=\"https:\/\/www.tradingpedia.com\/wp-content\/themes\/trading-pedia\/images\/android-logo.svg\" \/><\/td><\/tr><tr><td>SwissFX Web<\/td><td><img decoding=\"async\" src=\"https:\/\/www.tradingpedia.com\/wp-content\/themes\/trading-pedia\/images\/windows-logo.svg\" \/><img decoding=\"async\" src=\"https:\/\/www.tradingpedia.com\/wp-content\/themes\/trading-pedia\/images\/apple-logo.svg\" \/><\/td><td><img decoding=\"async\" src=\"https:\/\/www.tradingpedia.com\/wp-content\/themes\/trading-pedia\/images\/ios-logo.svg\" \/><img decoding=\"async\" src=\"https:\/\/www.tradingpedia.com\/wp-content\/themes\/trading-pedia\/images\/android-logo.svg\" \/><\/td><td><img decoding=\"async\" src=\"https:\/\/www.tradingpedia.com\/wp-content\/themes\/trading-pedia\/images\/ios-logo.svg\" \/><img decoding=\"async\" src=\"https:\/\/www.tradingpedia.com\/wp-content\/themes\/trading-pedia\/images\/android-logo.svg\" \/><\/td><\/tr><\/tbody><\/table><\/div>\n\n        <div class=\"table-wrapper\">\n          <table>\n            <tr><th colspan=\"2\">Informazioni di trading<\/th><\/tr>\n            <tr><td>Piattaforme di trading<\/td><td>MetaTrader 4, JForex, SwissFX Web<\/d><\/tr>\n      <tr><td>Conto demo<\/td><td><img decoding=\"async\" width=\"24\" height=\"24\" src=\"https:\/\/www.tradingpedia.com\/wp-content\/themes\/trading-pedia\/images\/ico-check.svg\" alt=\"Disponibile\" \/><\/td><\/tr><tr><td>Hedging<\/td><td><img decoding=\"async\" width=\"24\" height=\"24\" src=\"https:\/\/www.tradingpedia.com\/wp-content\/themes\/trading-pedia\/images\/ico-xmark.svg\" alt=\"Non disponibile\" \/><\/td><\/tr><tr><td>Scalping<\/td><td><img decoding=\"async\" width=\"24\" height=\"24\" src=\"https:\/\/www.tradingpedia.com\/wp-content\/themes\/trading-pedia\/images\/ico-xmark.svg\" alt=\"Non disponibile\" \/><\/td><\/tr><tr><td>Conto pensionistico<\/td><td><img decoding=\"async\" width=\"24\" height=\"24\" src=\"https:\/\/www.tradingpedia.com\/wp-content\/themes\/trading-pedia\/images\/ico-xmark.svg\" alt=\"Non disponibile\" \/><\/td><\/tr><tr><td>Trader USA<\/td><td><img decoding=\"async\" width=\"24\" height=\"24\" src=\"https:\/\/www.tradingpedia.com\/wp-content\/themes\/trading-pedia\/images\/ico-xmark.svg\" alt=\"Non disponibile\" \/><\/td><\/tr><tr><td>Trader arabi<\/td><td><img decoding=\"async\" width=\"24\" height=\"24\" src=\"https:\/\/www.tradingpedia.com\/wp-content\/themes\/trading-pedia\/images\/ico-xmark.svg\" alt=\"Non disponibile\" \/><\/td><\/tr>\n          <\/table>\n        <\/div>\n      \n<p>Gli utenti Dukascopy hanno accesso a diverse piattaforme di trading, tra cui JForex, SwissFX Web, MetaTrader 4, SWFX Trader per iOS, SWFX Trader per Android e una piattaforma basata su Java. Ogni piattaforma \u00e8 unica e consente ai trader di utilizzare un&#8217;ampia gamma di strumenti e statistiche tecniche. Gli specialisti di Dukascopy hanno fatto in modo che i trader non incontrino problemi di compatibilit\u00e0 e possano fare trading praticamente da qualsiasi dispositivo e sistema operativo. <\/p>\n<p>Aprire un conto con Dukascopy pu\u00f2 richiedere tempo a causa delle ulteriori misure di sicurezza, ma puoi essere certo che i tuoi fondi sono al sicuro. Il deposito minimo \u00e8 di 5.000 $, e la valuta del tuo conto pu\u00f2 essere AUD, CHF, JPY, GBP, USD, CAD o EUR. <\/p>\n<h2 id=\"assets\">Strumenti di trading <div class=\"star-rating stars-3-5\"><\/div><\/h2>\n<p>I trader che utilizzano i servizi di Dukascopy hanno accesso a oltre 30 coppie di valute, nonch\u00e9 a due materie prime\u2014oro e argento. Sebbene gli spread offerti da questo broker non siano tra i pi\u00f9 competitivi, le funzionalit\u00e0 aggiuntive fornite da Dukascopy compensano i costi pi\u00f9 elevati. La maggior parte delle principali coppie di valute \u00e8 inclusa, quindi la selezione limitata non dovrebbe rappresentare un problema.<\/p>\n\n        <div class=\"table-wrapper\">\n          <table>\n            <tr><th>Mercato<\/th><th>Leva<\/th><\/tr>\n      <tr><td>Valute<\/td><td>100<\/td><\/tr>\n          <\/table>\n        <\/div>\n      \n\n<div class=\"banking_tabs_holder\"> \n <ul>\n  <li class=\"tab_header_item tab_selected\"><a href=\"#table_broker_deposit_methods\">Deposito<\/a><\/li><li class=\"tab_header_item\"><a href=\"#table_broker_withdrawal_methods\">Prelievo<\/a><\/li>\n <\/ul>\n <div class=\"content_holder\"> \n  \n<div id=\"table_broker_deposit_methods\">\n\n<table> \n<thead> \n<tr><td>Marchio<\/td><td>Minimo<\/td><td>Commissioni<\/td><td>Tempo di elaborazione<\/td><\/tr>\n<tbody><tr><td><img decoding=\"async\" src=\"https:\/\/www.tradingpedia.com\/wp-content\/uploads\/banking\/visa-logo.svg\" \/><\/td><td>200 USD<\/td><td>1,2%<\/td><td>1-2 giorni lavorativi<\/td><\/tr><tr><td><img decoding=\"async\" src=\"https:\/\/www.tradingpedia.com\/wp-content\/uploads\/banking\/mastercard-logo.svg\" \/><\/td><td>200 $<\/td><td>1,2%<\/td><td>1-2 giorni lavorativi<\/td><\/tr><tr><td><img decoding=\"async\" src=\"https:\/\/www.tradingpedia.com\/wp-content\/uploads\/banking\/bank-transfer-logo.svg\" \/><\/td><td>200 $<\/td><td>1,2%<\/td><td>1-2 giorni lavorativi<\/td><\/tr><tr><td><img decoding=\"async\" src=\"https:\/\/www.tradingpedia.com\/wp-content\/uploads\/banking\/skrill-logo.svg\" \/><\/td><td>200 $<\/td><td>2,5%<\/td><td>1-2 giorni lavorativi<\/td><\/tr><tr><td><img decoding=\"async\" src=\"https:\/\/www.tradingpedia.com\/wp-content\/uploads\/banking\/neteller-logo.svg\" \/><\/td><td>200 USD<\/td><td>1 EUR o 2,5%<\/td><td>1-2 giorni lavorativi<\/td><\/tr><tr><td><img decoding=\"async\" src=\"https:\/\/www.tradingpedia.com\/wp-content\/uploads\/banking\/maestro-logo.svg\" \/><\/td><td>200 USD<\/td><td>1,2%<\/td><td>1-2 giorni lavorativi<\/td><\/tr><tr><td><img decoding=\"async\" src=\"https:\/\/www.tradingpedia.com\/wp-content\/uploads\/banking\/wire-transfer-logo.svg\" \/><\/td><td>200 $<\/td><td>1,2%<\/td><td>1-2 giorni lavorativi<\/td><\/tr><\/tbody><\/table><\/div>\n<div id=\"table_broker_withdrawal_methods\">\n\n<table> \n<thead> \n<tr><td>Marchio<\/td><td>Minimo<\/td><td>Commissioni<\/td><td>Tempo di elaborazione<\/td><\/tr>\n<tbody><tr><td><img decoding=\"async\" src=\"https:\/\/www.tradingpedia.com\/wp-content\/uploads\/banking\/visa-logo.svg\" \/><\/td><td>200,00 USD<\/td><td>1,5 EUR + 2,5%<\/td><td>3-5 giorni lavorativi<\/td><\/tr><tr><td><img decoding=\"async\" src=\"https:\/\/www.tradingpedia.com\/wp-content\/uploads\/banking\/mastercard-logo.svg\" \/><\/td><td>200 USD<\/td><td>1,5 EUR + 2,5%<\/td><td>3-5 giorni lavorativi<\/td><\/tr><tr><td><img decoding=\"async\" src=\"https:\/\/www.tradingpedia.com\/wp-content\/uploads\/banking\/maestro-logo.svg\" \/><\/td><td>200 $<\/td><td>1,5 EUR + 2,5%<\/td><td>Da 3 a 5 giorni lavorativi<\/td><\/tr><\/tbody><\/table><\/div>\n <\/div>\n<\/div>\n\n<h2 id=\"reliability\">Affidabilit\u00e0 <div class=\"star-rating stars-4-5\"><\/div><\/h2>\n<p>Il deposito minimo richiesto per iniziare a fare trading con Dukascopy \u00e8 il seguente: 100 $ per un conto con Dukascopy Europe e 5.000 $ per un conto con Dukascopy Bank SA. Tieni presente che Dukascopy Bank SA impone requisiti pi\u00f9 severi, quindi la registrazione presso questa entit\u00e0 comporta altre condizioni, come una dimensione minima del lotto di 1.000 unit\u00e0. <\/p>\n<p>Dukascopy \u00e8 uno dei broker Forex pi\u00f9 affidabili disponibili, quindi puoi operare in tutta tranquillit\u00e0 utilizzando i suoi servizi. Il personale di assistenza \u00e8 disponibile 24 ore al giorno, sei giorni alla settimana, e puoi contattarli tramite forum, telefono o chat. <\/p>\n<div class=\"important\"><strong>Importante:<\/strong>Sebbene Dukascopy Bank SA richieda un deposito iniziale pi\u00f9 elevato, la maggiore protezione del capitale, il controllo pi\u00f9 rigoroso da parte della FINMA e l&#8217;accesso prioritario ai fornitori di liquidit\u00e0 possono rappresentare vantaggi decisivi per i trader esperti che gestiscono portafogli di dimensioni rilevanti. Prima di scegliere tra Dukascopy Europe e Dukascopy Bank SA, valuta il tuo volume di trading, la leva preferita e gli obblighi normativi per assicurarti di selezionare la struttura che si allinea meglio ai tuoi obiettivi.<\/div>\n<h2 id=\"bonus\">Offerte bonus <div class=\"star-rating stars-4\"><\/div><\/h2>\n<p>Purtroppo, al momento Dukascopy non dispone di alcuna offerta bonus attiva.<\/p>\n","protected":false},"excerpt":{"rendered":"<p>Dukascopy offre accesso diretto allo Swiss Foreign Exchange Marketplace. Questo mercato fornisce il pi\u00f9 grande pool di liquidit\u00e0 ECN sul mercato spot Forex disponibile per banche, hedge fund, altre istituzioni e trader professionali. Lo Swiss Foreign Exchange Marketplace (SWFX) \u00e8 una soluzione tecnologica per il trading Forex che utilizza un modello di mercato centralizzato-decentralizzato. Il [&hellip;]<\/p>\n","protected":false},"author":1,"featured_media":0,"parent":120207,"menu_order":0,"comment_status":"closed","ping_status":"closed","template":"templates\/broker.php","meta":{"footnotes":""},"class_list":["post-120218","page","type-page","status-publish","hentry"],"aioseo_notices":[],"_links":{"self":[{"href":"https:\/\/www.tradingpedia.com\/it\/wp-json\/wp\/v2\/pages\/120218","targetHints":{"allow":["GET"]}}],"collection":[{"href":"https:\/\/www.tradingpedia.com\/it\/wp-json\/wp\/v2\/pages"}],"about":[{"href":"https:\/\/www.tradingpedia.com\/it\/wp-json\/wp\/v2\/types\/page"}],"author":[{"embeddable":true,"href":"https:\/\/www.tradingpedia.com\/it\/wp-json\/wp\/v2\/users\/1"}],"replies":[{"embeddable":true,"href":"https:\/\/www.tradingpedia.com\/it\/wp-json\/wp\/v2\/comments?post=120218"}],"version-history":[{"count":1,"href":"https:\/\/www.tradingpedia.com\/it\/wp-json\/wp\/v2\/pages\/120218\/revisions"}],"predecessor-version":[{"id":121451,"href":"https:\/\/www.tradingpedia.com\/it\/wp-json\/wp\/v2\/pages\/120218\/revisions\/121451"}],"up":[{"embeddable":true,"href":"https:\/\/www.tradingpedia.com\/it\/wp-json\/wp\/v2\/pages\/120207"}],"wp:attachment":[{"href":"https:\/\/www.tradingpedia.com\/it\/wp-json\/wp\/v2\/media?parent=120218"}],"curies":[{"name":"wp","href":"https:\/\/api.w.org\/{rel}","templated":true}]}}