{"id":120203,"date":"2013-09-15T07:52:26","date_gmt":"2013-09-15T07:52:26","guid":{"rendered":"https:\/\/www.tradingpedia.com\/authors-2\/"},"modified":"2026-01-20T12:50:17","modified_gmt":"2026-01-20T12:50:17","slug":"authors","status":"publish","type":"page","link":"https:\/\/www.tradingpedia.com\/it\/authors\/","title":{"rendered":"Autori"},"content":{"rendered":"<p>Qui sotto puoi trovare informazioni sugli autori che curano le nostre notizie finanziarie quotidiane.<\/p>\n<h2><a href=\"https:\/\/www.tradingpedia.com\/it\/authors\/miroslav-marinov\/\">Miroslav Marinov<\/a><\/h2>\n<p>Miroslav Marinov, redattore di notizie finanziarie per TradingPedia, si occupa di osservare e riportare le tendenze del mercato dei cambi, concentrandosi attualmente sulle principali valute di otto economie sviluppate nel mondo. Supervisiona la sezione \u201dTrading valutario\u201d del sito e contribuisce anche alle sezioni \u201dAnalisi fondamentale\u201d, \u201dAnalisi tecnica\u201d e \u201dStrategia di trading\u201d.<\/p>\n<p>Marinov \u00e8 un trader Forex freelance da due anni. Ha lavorato anche nel settore del retail banking e del customer relationship management, cos\u00ec come nella revisione contabile indipendente. I suoi interessi professionali comprendono i mercati finanziari globali, la gestione patrimoniale internazionale, le buone pratiche di corporate governance e la pianificazione del capitale. Ha conseguito una laurea in finanza e una laurea magistrale in finanza aziendale.<\/p>\n<p><a target=\"_blank\" href=\"https:\/\/bg.linkedin.com\/in\/miroslav-marinoff-5a909828\" rel=\"nofollow noopener\"><img decoding=\"async\" width=\"25\" src=\"\/wp-content\/themes\/trading-pedia\/images\/icon-linkedin.svg\" \/><\/a><\/p>\n<hr \/>\n<h2><a href=\"https:\/\/www.tradingpedia.com\/it\/authors\/mircea-vasiu\/\">Mircea Vasiu<\/a><\/h2>\n<p>Mircea Vasiu \u00e8 un analista di mercato esperto presso TradingPedia e trader professionista, con un decennio di esperienza nella descrizione delle complessit\u00e0 del mercato azionario e del trading valutario. Combinando la sua competenza in macroeconomia con una spiccata capacit\u00e0 di analisi dei dati, Mircea \u00e8 in grado di distillare tendenze di mercato complesse in indicazioni operative per il trading e gli investimenti. \u00c8 l&#8217;autore della nostra sezione video. <\/p>\n<p><a target=\"_blank\" href=\"https:\/\/www.linkedin.com\/in\/mirceavasiu\/\" rel=\"nofollow noopener\"><img decoding=\"async\" width=\"25\" src=\"\/wp-content\/themes\/trading-pedia\/images\/icon-linkedin.svg\" \/><\/a><\/p>\n<hr \/>\n<h2><a href=\"https:\/\/www.tradingpedia.com\/it\/authors\/miro-nikolov\/\">Miro Nikolov<\/a><\/h2>\n<p>Miro Nikolov \u00e8 cofondatore di TradingPedia.com e BestBrokers.com. La sua missione \u00e8 aiutare le persone a realizzare investimenti redditizi offrendo loro accesso a risorse formative e strumenti di analisi. <\/p>\n<p><a target=\"_blank\" href=\"https:\/\/www.linkedin.com\/in\/miro-nikolov-1946b9141\/\" rel=\"nofollow noopener\"><img decoding=\"async\" width=\"25\" src=\"\/wp-content\/themes\/trading-pedia\/images\/icon-linkedin.svg\" \/><\/a><\/p>\n<hr \/>\n<h2><a href=\"https:\/\/www.tradingpedia.com\/it\/authors\/arslan-ali\/\">Arslan Ali<\/a><\/h2>\n<p>Ti presentiamo Arslan, un esperto di lunga esperienza nel mondo dei derivati, specializzato in criptovalute, Forex, materie prime e indici. In qualit\u00e0 di relatore professionista di webinar in diretta, condivide le sue intuizioni con un pubblico in tutto il mondo. Forte di una solida formazione accademica, che include un MBA in finanza e un MPhil in finanza comportamentale, Arslan porta nel suo lavoro una combinazione unica di competenza tecnica e analisi dei comportamenti, che lo rende una voce affidabile nel settore.<\/p>\n<p><a target=\"_blank\" href=\"https:\/\/www.linkedin.com\/in\/arslan-butt\/\" rel=\"nofollow noopener\"><img decoding=\"async\" width=\"25\" src=\"\/wp-content\/themes\/trading-pedia\/images\/icon-linkedin.svg\" \/><\/a><\/p>\n<hr \/>\n<h2><a href=\"https:\/\/www.tradingpedia.com\/it\/authors\/jeremy-wagner\/\">Jeremy Wagner<\/a><\/h2>\n<p>Trader attivo su Forex, azioni e opzioni su azioni. Jeremy \u00e8 il principale autore della nostra Trading Academy. <\/p>\n<p><a target=\"_blank\" href=\"https:\/\/www.linkedin.com\/in\/jeremydwagner\/\" rel=\"nofollow noopener\"><img decoding=\"async\" width=\"25\" src=\"\/wp-content\/themes\/trading-pedia\/images\/icon-linkedin.svg\" \/><\/a><\/p>\n","protected":false},"excerpt":{"rendered":"<p>Qui sotto puoi trovare informazioni sugli autori che curano le nostre notizie finanziarie quotidiane. Miroslav Marinov Miroslav Marinov, redattore di notizie finanziarie per TradingPedia, si occupa di osservare e riportare le tendenze del mercato dei cambi, concentrandosi attualmente sulle principali valute di otto economie sviluppate nel mondo. Supervisiona la sezione \u201dTrading valutario\u201d del sito e [&hellip;]<\/p>\n","protected":false},"author":1,"featured_media":0,"parent":0,"menu_order":200,"comment_status":"closed","ping_status":"open","template":"templates\/full-width.php","meta":{"footnotes":""},"class_list":["post-120203","page","type-page","status-publish","hentry"],"aioseo_notices":[],"_links":{"self":[{"href":"https:\/\/www.tradingpedia.com\/it\/wp-json\/wp\/v2\/pages\/120203","targetHints":{"allow":["GET"]}}],"collection":[{"href":"https:\/\/www.tradingpedia.com\/it\/wp-json\/wp\/v2\/pages"}],"about":[{"href":"https:\/\/www.tradingpedia.com\/it\/wp-json\/wp\/v2\/types\/page"}],"author":[{"embeddable":true,"href":"https:\/\/www.tradingpedia.com\/it\/wp-json\/wp\/v2\/users\/1"}],"replies":[{"embeddable":true,"href":"https:\/\/www.tradingpedia.com\/it\/wp-json\/wp\/v2\/comments?post=120203"}],"version-history":[{"count":1,"href":"https:\/\/www.tradingpedia.com\/it\/wp-json\/wp\/v2\/pages\/120203\/revisions"}],"predecessor-version":[{"id":121968,"href":"https:\/\/www.tradingpedia.com\/it\/wp-json\/wp\/v2\/pages\/120203\/revisions\/121968"}],"wp:attachment":[{"href":"https:\/\/www.tradingpedia.com\/it\/wp-json\/wp\/v2\/media?parent=120203"}],"curies":[{"name":"wp","href":"https:\/\/api.w.org\/{rel}","templated":true}]}}