{"id":120192,"date":"2013-06-29T18:51:24","date_gmt":"2013-06-29T18:51:24","guid":{"rendered":"https:\/\/www.tradingpedia.com\/what-is-managed-forex-account\/"},"modified":"2026-01-18T17:31:11","modified_gmt":"2026-01-18T17:31:11","slug":"what-is-managed-forex-account","status":"publish","type":"page","link":"https:\/\/www.tradingpedia.com\/it\/forex-brokers\/what-is-managed-forex-account\/","title":{"rendered":"Broker Forex con conto gestito"},"content":{"rendered":"<p><img decoding=\"async\" src=\"https:\/\/www.tradingpedia.com\/wp-content\/uploads\/2020\/10\/what-is-managed-forex-account.svg\" alt=\"managed_forex_account\" width=\"300\" height=\"227\" class=\"alignleft size-medium\">Molti broker oggi offrono conti gestiti ai trader Forex. Questo tipo di conto \u00e8 particolarmente utile per chi \u00e8 alle prime armi nel mercato valutario. Occorre parecchio tempo per familiarizzare con tutte le complessit\u00e0 del trading Forex, anche se si ha accesso illimitato a vari materiali didattici e corsi di formazione gratuiti. <\/p>\n<p>Diventare un trader costantemente profittevole richiede un notevole impegno e una buona preparazione; in caso contrario, il fallimento \u00e8 pressoch\u00e9 inevitabile. Con i conti gestiti, i trader possono partecipare indirettamente al mercato Forex, proprio come accade sul mercato azionario tramite i fondi comuni d&#8217;investimento. <\/p>\n<p>Si affida il proprio capitale a un professionista dei mercati che esegue operazioni per conto tuo in cambio di una commissione prestabilita. Questo articolo spiega come funzionano i conti gestiti e ne illustra le caratteristiche principali. Analizziamo anche chi dovrebbe utilizzare un conto gestito e chi, invece, dovrebbe evitarne l&#8217;apertura. <\/p>\n<h2 id=\"what\">Conti Forex gestiti &#8211; cosa sono?<\/h2>\n<p><img decoding=\"async\" src=\"https:\/\/www.tradingpedia.com\/wp-content\/uploads\/2020\/10\/managed-forex-account-what-are-they.svg\" alt=\"managed forex accounts\" class=\"alignleft\" width=\"150\">A differenza dei <a href=\"https:\/\/www.tradingpedia.com\/it\/forex-brokers\/real-money-forex-account\/\">conti standard<\/a>, in cui i trader aprono e chiudono attivamente le proprie posizioni, i conti Forex gestiti sono amministrati da professionisti esperti che acquistano e vendono coppie di valute per conto loro. Questo tipo di conto comporta costi pi\u00f9 elevati, poich\u00e9 i gestori applicano commissioni aggiuntive per i loro servizi. Tali commissioni possono variare in modo significativo a seconda del broker presso cui si opera. <\/p>\n<p>Naturalmente, prima \u00e8 necessario <a href=\"https:\/\/www.tradingpedia.com\/it\/forex-brokers\/how-to-open-forex-account\/\">aprire un conto reale<\/a> presso un broker affidabile e trasferire sul suo saldo l&#8217;ammontare di capitale richiesto. Tieni presente che i gestori non hanno il pieno controllo dei conti che amministrano; il loro accesso \u00e8 limitato. <\/p>\n<p>Il trader mantiene il controllo di funzioni come depositi e prelievi. All&#8217;apertura di un conto di questo tipo, trader e gestore devono firmare un accordo di Limited Power of Attorney (LPOA), che garantisce elevati livelli di sicurezza e trasparenza per il trader. <\/p>\n<p>Attraverso questo documento legale, le due parti stabiliscono che il gestore pu\u00f2 effettuare operazioni per conto dell&#8217;intestatario del conto senza tuttavia poter depositare o prelevare fondi. Una volta firmata la LPOA, il conto gestito viene spostato in quello che viene definito \u00abmaster block\u00bb. <\/p>\n<p>Il reale intestatario del conto pu\u00f2 consultare il saldo, effettuare depositi e prelievi e monitorare tutte le attivit\u00e0 di trading che vi si svolgono. Il trader pu\u00f2 revocare la LPOA in qualsiasi momento. Finch\u00e9 l&#8217;accordo non viene annullato, non potr\u00e0 eseguire operazioni sul conto gestito. <\/p>\n<p>La maggior parte dei <a href=\"https:\/\/www.tradingpedia.com\/it\/forex-brokers\/forex-brokers-for-beginners\/\">trader principianti<\/a> lascia al gestore le decisioni su segnali e strategie. Tuttavia, se sei pi\u00f9 esperto e hai gi\u00e0 in mente una strategia specifica, puoi sempre incaricare il tuo gestore personale di applicarla. <\/p>\n<p>Un altro aspetto importante \u00e8 che la maggior parte dei gestori prevede requisiti specifici in termini di orizzonte temporale e deposito minimo. Se richiedi un prelievo anticipato, potrebbero anche applicarti costi aggiuntivi. Inoltre, i conti gestiti richiedono di solito depositi minimi sensibilmente pi\u00f9 alti rispetto ai conti di trading standard.<\/p>\n<p>\u00c8 fondamentale assicurarsi che la persona scelta come gestore del conto disponga di una notevole esperienza e di uno storico di risultati comprovato prima di autorizzarla a operare per conto tuo. Segui i passaggi riportati di seguito prima di aprire un conto Forex gestito:<\/p>\n<ol>\n<li>Verifica il livello di rischio del conto e del gestore scelti, accertandoti che corrisponda alla tua tolleranza al rischio personale.<\/li>\n<li>Controlla le commissioni e i costi associati alla gestione del conto, insieme ai requisiti di deposito minimo. Le spese possono variare notevolmente tra i diversi broker, tipi di conto e livelli di rischio. Vale anche la pena considerare l&#8217;eventuale high-water mark, ossia una commissione mensile applicata ai conti gestiti il cui saldo netto ha superato una determinata percentuale. A seconda del broker, potresti dover pagare anche una commissione di gestione del conto o una commissione di chiusura.<\/li>\n<li>Infine, verifica se il broker scelto mette a disposizione uno storico delle performance per il conto gestito. In tal caso, dovrebbe coprire diversi anni.<\/li>\n<\/ol>\n<p>Esiste un diffuso malinteso secondo cui i conti gestiti garantirebbero profitti. Ci\u00f2 non \u00e8 vero a causa della volatilit\u00e0 insita nei mercati Forex. Tutti i broker seri che offrono conti gestiti pubblicano avvertenze per informare i clienti della possibilit\u00e0 di subire perdite. <\/p>\n<div class=\"important\"><strong>Importante:<\/strong> Verifica sempre che il broker e il gestore del conto che hai scelto siano correttamente regolamentati e trasparenti. Prima di finanziare un conto, leggi tutti i documenti informativi, comprendi ogni costo e assicurati di poter revocare la LPOA in qualsiasi momento. Anche il gestore pi\u00f9 affidabile non pu\u00f2 eliminare il rischio di mercato: non investire mai denaro che non puoi permetterti di perdere e controlla spesso i report delle performance per verificare che la strategia sia ancora in linea con i tuoi obiettivi.<\/div>\n<h3>Tipi di conti gestiti<\/h3>\n<p><img decoding=\"async\" src=\"https:\/\/www.tradingpedia.com\/wp-content\/uploads\/2020\/10\/types-of-managed-account.svg\" alt=\"types-of-managed-account\" class=\"alignleft\" width=\"150\">I conti gestiti, noti anche come slave account, si suddividono in diversi gruppi principali, ognuno con caratteristiche proprie. I broker che offrono questo tipo di servizio propongono solitamente conti individuali o conti collettivi (MAM, LAMM o PAMM). Queste sigle possono sembrare un po&#8217; intimidatorie ai principianti del Forex, quindi esaminiamone le principali differenze. <\/p>\n<h3 id=\"individually\">Conti gestiti individualmente<\/h3>\n<p><img decoding=\"async\" src=\"https:\/\/www.tradingpedia.com\/wp-content\/uploads\/2020\/10\/individually-managed-accounts.svg\" alt=\"individually managed accounts\" width=\"150\" height=\"150\" class=\"alignleft size-full wp-image-62343\">I conti individuali rappresentano la categoria pi\u00f9 semplice e lineare di conto gestito. Si tratta di un conto completamente segregato, nel quale il tuo gestore esegue operazioni per tuo conto e segue tutte le istruzioni che gli fornisci. Le decisioni operative del gestore dipendono dalla tua tolleranza al rischio e dalle strategie che hai definito per lui. <\/p>\n<p>L&#8217;importo minimo richiesto per un conto gestito individualmente \u00e8 spesso piuttosto elevato, perch\u00e9 i fondi non vengono condivisi tra pi\u00f9 investitori, come avviene invece nei conti collettivi. Di norma \u00e8 necessario iniziare con un investimento di almeno 10.000 USD per aprire un conto di questo tipo. <\/p>\n<p>\u00c8 molto importante scegliere un gestore altamente qualificato e competente, poich\u00e9 i depositi sono elevati e tutte le operazioni vengono gestite individualmente per te. Effettua ricerche approfondite e consulta le recensioni di altri clienti prima di fare la tua scelta. <\/p>\n<h3 id=\"pooled\">Conti gestiti collettivi<\/h3>\n<p><img decoding=\"async\" src=\"https:\/\/www.tradingpedia.com\/wp-content\/uploads\/2020\/10\/pooled-managed-accounts.svg\" alt=\"pooled accounts\" width=\"150\" height=\"150\" class=\"alignleft size-full wp-image-62344\">Questo tipo di conto funziona in modo molto simile a un fondo comune d&#8217;investimento. Come suggerisce il nome, i fondi di pi\u00f9 investitori vengono convogliati in un unico conto gestito. Ogni investitore che partecipa al pool pu\u00f2 avere un diverso livello di tolleranza al rischio, una propria strategia di trading e un portafoglio di valute specifico. Anche commissioni e costi possono variare da un trader all&#8217;altro. <\/p>\n<p>Come per la scelta di un conto individuale, \u00e8 necessario informarsi con attenzione prima di decidere quale pool sia pi\u00f9 adatto alle tue esigenze. Ovviamente, la principale differenza \u00e8 che lo stesso gestore si occupa delle operazioni di molti investitori. <\/p>\n<p>Per stabilire a quale pool aderire, devi analizzare come si sono comportati i diversi fondi negli ultimi anni. L&#8217;importo minimo di deposito \u00e8 in genere pi\u00f9 basso (2.000 USD o anche meno in alcuni casi), perch\u00e9 molte persone investono nello stesso pool.<\/p>\n<h3 id=\"pamm\">Conti PAMM (Percent Allocation Management Module)<\/h3>\n<p><img decoding=\"async\" src=\"https:\/\/www.tradingpedia.com\/wp-content\/uploads\/2020\/10\/pamm-accounts.svg\" alt=\"pamm accounts\" width=\"150\" height=\"150\" class=\"alignleft size-full wp-image-62345\">Si tratta di una sottocategoria di conti collettivi che utilizza un sistema di money management basato sulla ripartizione percentuale. Alpari \u00e8 stato il primo broker a lanciare questo tipo di servizio nel 2008. Lo stesso gestore esegue operazioni per conto di pi\u00f9 investitori, consentendo di lavorare con volumi maggiori e potenzialmente ottenere rendimenti pi\u00f9 elevati. <\/p>\n<p>Un unico professionista pu\u00f2 gestire contemporaneamente l&#8217;operativit\u00e0 di un numero illimitato di investitori. Con i conti PAMM, le posizioni, i profitti e le perdite del gestore vengono ripartiti tra i diversi portafogli che amministra. <\/p>\n<p>Ogni conto di ciascun trader ha un proprio coefficiente PAMM, calcolato in base all&#8217;importo depositato; da qui il nome \u00abpercent allocation money management module\u00bb. Il rischio viene distribuito tra i portafogli di tutti i trader che partecipano al modulo. <\/p>\n<p>Ogni partecipante pu\u00f2 monitorare in tempo reale l&#8217;operativit\u00e0 del gestore PAMM. Ci\u00f2 aumenta la fiducia e offre agli investitori una maggiore sensazione di controllo. Naturalmente, il gestore applica una commissione in percentuale, specificata nell&#8217;accordo LPOA. <\/p>\n<p>Di seguito un esempio di funzionamento di un conto PAMM. Abbiamo un unico gestore che lavora con tre investitori individuali e applica una commissione del 10% per i suoi servizi. Il pool complessivo comprende investimenti per 20.000 USD, ripartiti tra le quattro parti coinvolte come segue:<\/p>\n<ul>\n<li>Il trader, cio\u00e8 il gestore del conto, apporta il 40% del fondo, pari a 8.000 USD.<\/li>\n<li>L&#8217;investitore A rappresenta il 20% del valore del pool, pari a 4.000 USD.<\/li>\n<li>L&#8217;investitore B ha fornito il 30% dei fondi, pari a 6.000 USD.<\/li>\n<li>L&#8217;investitore C ha investito nel fondo il 10%, pari a 2.000 USD.<\/li>\n<\/ul>\n<p>Supponiamo che, dopo un mese, il trader che gestisce il conto porti il capitale iniziale del pool a 28.000 USD, il che corrisponde a un aumento del 40%. Il gestore applicherebbe quindi la propria commissione del 10% sui profitti netti, cio\u00e8 800 USD. I restanti utili, pari a 7.200 USD, verrebbero distribuiti tra le quattro parti come segue:<\/p>\n<ul>\n<li>Il trader\/gestore del conto incassa 7.200 USD \u00d7 40% = 2.880 USD di profitto netto.<\/li>\n<li>L&#8217;investitore A ottiene 7.200 USD \u00d7 20% = 1.440 USD di profitto netto.<\/li>\n<li>L&#8217;investitore B riceve 7.200 USD \u00d7 30% = 2.160 USD di profitto netto.<\/li>\n<li>L&#8217;investitore C riceve 7.200 USD \u00d7 10% = 720 USD di profitto netto.<\/li>\n<\/ul>\n<p>Poich\u00e9 anche il gestore ha conferito capitale al pool, \u00e8 meno probabile che si comporti in modo scorretto verso gli investitori o che gestisca il denaro con superficialit\u00e0. Naturalmente, per quanto accurato sia il suo lavoro, esiste sempre la possibilit\u00e0 di subire perdite in un determinato periodo di trading. In tal caso, il gestore ovviamente non applicher\u00e0 la commissione del 10%. <\/p>\n<p>Supponiamo che, nel mese successivo, il gestore perda il 10% del capitale del conto. Il pool di 28.000 USD scenderebbe quindi di 2.800 USD, arrivando a 25.200 USD. Di conseguenza, anche l&#8217;investimento individuale di ciascun partecipante al pool diminuirebbe del 10%.<\/p>\n<h3 id=\"lamm\">Conti LAMM (Lot Allocation Management Module)<\/h3>\n<p><img decoding=\"async\" src=\"https:\/\/www.tradingpedia.com\/wp-content\/uploads\/2020\/10\/lamm-accounts.svg\" alt=\"lamm accounts\" width=\"150\" height=\"150\" class=\"alignleft size-full wp-image-62346\">I conti LAMM sono considerati i predecessori dei conti PAMM. Funzionano in modo simile, con una differenza fondamentale: qui sono gli investitori a determinare il numero di lotti negoziati sul mercato. I loro profitti e le loro perdite corrispondono ai multipli di lotti di valuta che hanno investito. <\/p>\n<p>Di conseguenza, se il trader che gestisce le operazioni acquista un lotto standard, il conto di ciascun investitore aumenter\u00e0 anch&#8217;esso di un lotto standard. In questo caso, la dimensione dei conti degli investitori \u00e8 irrilevante. <\/p>\n<p>Naturalmente, questo sistema funziona in genere quando il trader gestore e gli investitori dispongono di patrimoni di dimensioni relativamente simili. I conti LAMM sono per lo pi\u00f9 adatti a chi opera con volumi di capitale significativi. <\/p>\n<p>La ripartizione percentuale ha poca rilevanza in questo caso. La liquidit\u00e0 pu\u00f2 rappresentare un problema per gli investitori che operano con importi cos\u00ec elevati. Talvolta \u00e8 impossibile eseguire interamente i loro ordini al prezzo di mercato corrente quando sul mercato di riferimento non vi \u00e8 liquidit\u00e0 sufficiente. <\/p>\n<p>Per il resto, un LAMM \u00e8 sostanzialmente un sistema di copy trading. Il trader che gestisce il conto LAMM richiede agli investitori il pagamento di una commissione. Sia gli investitori sia il gestore utilizzano i propri fondi per operare. <\/p>\n<p>Le posizioni che il gestore apre nel conto principale vengono copiate ed eseguite nei sotto-conti degli investitori che lo seguono. I follower possono seguire tutte le attivit\u00e0 di trading in tempo reale. Ogni investitore pu\u00f2 stabilire il proprio rapporto di copia per gestire il rischio. <\/p>\n<h3 id=\"mam\">Conti MAM (Multi-Account Management)<\/h3>\n<p><img decoding=\"async\" src=\"https:\/\/www.tradingpedia.com\/wp-content\/uploads\/2020\/10\/mam-accounts.svg\" alt=\"mam accounts\" width=\"150\" height=\"150\" class=\"alignleft size-full wp-image-62347\">Come suggerisce il nome, un conto MAM controlla pi\u00f9 sotto-conti. Il gestore del conto pu\u00f2 aumentare la leva su singoli sotto-conti quando gli investitori lo autorizzano a farlo. Analogamente, i livelli di rischio possono essere regolati separatamente. Il gestore pu\u00f2 anche stabilire quanti lotti vengono negoziati da ciascun sotto-conto. <\/p>\n<p>In linea generale, questo tipo di conto gestito \u00e8 pi\u00f9 adatto alle esigenze di trader con una maggiore tolleranza al rischio e una solida comprensione del mercato. Come per i conti PAMM, profitti e perdite vengono regolati alla fine del periodo di trading, secondo i termini dell&#8217;accordo che gli investitori hanno firmato con il proprio gestore MAM. <\/p>\n<p>I conti MAM offrono diverse funzionalit\u00e0 utili. Le posizioni vengono aperte istantaneamente su tutti i sotto-conti. Gli investitori hanno la possibilit\u00e0 di consultare statistiche dettagliate sulle operazioni eseguite, insieme a uno storico completo delle transazioni. Possono inoltre monitorare in tempo reale le commissioni e le performance del gestore.<\/p>\n<h2 id=\"features\">Caratteristiche chiave di un buon conto Forex gestito<\/h2>\n<p><img decoding=\"async\" src=\"https:\/\/www.tradingpedia.com\/wp-content\/uploads\/2020\/10\/key-features.svg\" alt=\"key features of managed accounts\" width=\"150\" height=\"150\" class=\"alignleft size-full wp-image-62348\">Ora che abbiamo presentato le principali tipologie di conti gestiti, vediamo quali caratteristiche dovresti prendere in considerazione prima di aprirne uno. Prima di tutto, devi registrarti presso un broker affidabile e correttamente regolamentato, che garantisca equit\u00e0 e un ambiente trasparente per i titolari di conti gestiti.<\/p>\n<p>In seguito, dovresti valutare lo storico dei risultati del gestore che intendi scegliere. La persona deve dimostrare una redditivit\u00e0 complessiva costante. \u00c8 fondamentale optare per un gestore con un livello di drawdown massimo contenuto. <\/p>\n<h3>L&#8217;importanza di un basso drawdown massimo quando si opera con un conto gestito<\/h3>\n<p><img decoding=\"async\" src=\"https:\/\/www.tradingpedia.com\/wp-content\/uploads\/2020\/10\/the-importance.svg\" alt=\"the-importance\" class=\"alignleft\" width=\"150\">Il drawdown \u00e8 importante perch\u00e9 indica l&#8217;ammontare di capitale che il gestore ha perso a causa di operazioni non riuscite. Supponiamo che una persona inizi a fare trading con un saldo di 50.000 USD. Dopo un&#8217;operazione in perdita, il suo capitale scende a 42.000 USD, il che significa che il conto ha subito un drawdown di 8.000 USD. <\/p>\n<p>Nel contesto di un conto gestito, il drawdown del gestore rappresenta la differenza tra il picco massimo del saldo del conto e il successivo minimo. Il drawdown si calcola sottraendo il valore minimo netto dell&#8217;equity dal suo valore massimo netto e dividendo poi il risultato per il valore massimo netto dell&#8217;equity. <\/p>\n<p>Ecco un semplice esempio per comprenderlo meglio. Supponiamo che tu inizi con un saldo di 20.000 USD. Questo sale poi a 40.000 USD, scende a 15.000 USD, risale a 30.000 USD, scende di nuovo a 12.000 USD e infine sale a 42.000 USD. <\/p>\n<p>In questo caso, il valore netto massimo della tua equity \u00e8 chiaramente 42.000 USD, mentre il valore netto minimo \u00e8 12.000 USD. Pertanto, il tuo drawdown massimo \u00e8 pari a (42.000 USD \u2212 12.000 USD) \/ 42.000 USD, cio\u00e8 il 71,4%. Tieni presente che una percentuale di drawdown cos\u00ec elevata \u00e8 considerata molto alta.<\/p>\n<p>Cali e rialzi cos\u00ec marcati dell&#8217;equity sono di solito il risultato di decisioni operative ad alto rischio. Un drawdown massimo pi\u00f9 contenuto, al contrario, pu\u00f2 indicare investimenti meno volatili. \u00c8 consigliabile confrontare gli estratti conto di diversi gestori per scegliere quello con il drawdown massimo pi\u00f9 basso. Gli estratti dovrebbero coprire un periodo di tre-cinque anni. <\/p>\n<p>Oltre alla redditivit\u00e0 complessiva e al drawdown del gestore, la tua scelta dovrebbe basarsi su diversi altri fattori, tra cui il sistema di trading che utilizza, l&#8217;eventuale operativit\u00e0 in derivati, i segnali su cui si basa e la piattaforma con cui opera. Di seguito riportiamo un elenco di alcuni buoni broker Forex che consentono il trading tramite conti Forex gestiti, cos\u00ec che tu possa sceglierne uno.<\/p>\n<h2 id=\"invest\">Motivi per investire in un conto Forex gestito<\/h2>\n<p><img decoding=\"async\" src=\"https:\/\/www.tradingpedia.com\/wp-content\/uploads\/2020\/10\/reasons-to-invest.svg\" alt=\"reasons to invest\" width=\"150\" height=\"150\" class=\"alignleft size-full wp-image-62350\">Alcuni di voi si staranno probabilmente chiedendo perch\u00e9 qualcuno dovrebbe lasciare che un&#8217;altra persona gestisca il proprio capitale. In realt\u00e0, esistono diversi motivi validi per cui molti scelgono di investire in conti Forex gestiti. Se apri un conto gestito presso un broker di comprovata reputazione, beneficerai di elevati livelli di sicurezza, trasparenza e controllo normativo. <\/p>\n<p>Questa \u00e8 la soluzione ideale per i trader principianti che non si sentono ancora abbastanza sicuri delle proprie capacit\u00e0 operative e della propria conoscenza dei mercati. I conti Forex gestiti consentono loro di generare profitti interessanti in un periodo relativamente breve. <\/p>\n<p>\u00c8 sempre meglio affidare i propri fondi a un professionista del trading con una comprovata esperienza, invece di aprire e chiudere posizioni basandoti sull&#8217;intuito. Un gestore competente pu\u00f2 aiutarti ad accelerare la curva di apprendimento attraverso una guida e consigli adeguati. Certo, la persona ti far\u00e0 pagare il servizio, ma non devi dimenticare che stai pagando per la sua competenza, per l&#8217;ampia esperienza maturata e per il tempo e l&#8217;impegno che dedica al tuo conto. <\/p>\n<p>Inoltre, un trader pu\u00f2 sempre revocare la LPOA se ritiene di aver acquisito esperienza sufficiente per operare sui mercati in piena autonomia. D&#8217;altra parte, alcune persone sono interessate a investire nel Forex ma non hanno tempo da dedicare al trading. Avvalersi dei servizi di un buon gestore di conto li aiuter\u00e0 inevitabilmente a ottenere un&#8217;entrata aggiuntiva.<\/p>\n<h2 id=\"who\">Chi dovrebbe utilizzare un conto Forex gestito?<\/h2>\n<p>Aprire un conto Forex gestito \u00e8 un&#8217;ottima soluzione per i trader che rientrano nelle categorie descritte brevemente qui sotto:<\/p>\n<ul>\n<li>Le persone che non hanno tempo sufficiente per osservare e negoziare i mercati in autonomia. I trader con un lavoro a tempo pieno non possono permettersi di dedicare abbastanza tempo al monitoraggio dei movimenti dei prezzi, ma il successo nel Forex richiede un impegno totale. I conti gestiti consentono a queste persone di mantenere il proprio lavoro abituale e, al tempo stesso, ottenere un guadagno aggiuntivo.<\/li>\n<li>Le persone che non hanno ancora maturato un&#8217;esperienza adeguata dovrebbero a loro volta prendere in considerazione i conti gestiti. Il trading sul Forex richiede conoscenze e pratica; in loro assenza, il trader \u00e8 destinato al fallimento. \u00c8 preferibile affidarsi a un gestore competente, che conosce a fondo i mercati, piuttosto che operare basandosi sull&#8217;intuizione. Una volta acquisita sufficiente esperienza, potrai revocare la LPOA e iniziare a eseguire operazioni in autonomia.<\/li>\n<li>Le persone che non sono psicologicamente adatte al trading. Alcuni trader non riescono semplicemente a tenere a bada le proprie emozioni. \u00c8 comune che tali soggetti si aggrappino disperatamente a posizioni che sono chiaramente perdenti. Altri trovano il trading sul Forex molto eccitante e tendono a sovra-operare, con effetti dannosi.<\/li>\n<\/ul>\n<p>Se ti riconosci in una o pi\u00f9 di queste descrizioni, \u00e8 preferibile lasciare che sia un trader professionista a gestire le tue posizioni. <\/p>\n<h2>Chi dovrebbe evitare di aprire un conto Forex gestito?<\/h2>\n<p>Per quanto possa sembrare allettante delegare a qualcun altro le decisioni operative, i conti Forex gestiti non sono adatti a tutti. Leggi con attenzione i punti seguenti ed evita di aprire un conto gestito se ti riconosci in uno o pi\u00f9 di essi. <\/p>\n<ul>\n<li>Le persone che dispongono di capitale insufficiente. Come abbiamo gi\u00e0 spiegato, i conti gestiti comportano costi pi\u00f9 elevati. Devi pagare una commissione alla persona che opera per tuo conto e, inoltre, i depositi minimi richiesti sono significativamente pi\u00f9 alti rispetto a quelli dei conti Forex standard.<\/li>\n<li>Le persone che desiderano mantenere il pieno controllo sulle proprie operazioni. Sebbene sia sempre possibile indicare al gestore quali segnali e strategie seguire, i titolari di un conto gestito hanno in genere un controllo limitato sulla propria operativit\u00e0.<\/li>\n<li>Le persone che non sono disposte ad affrontare la procedura di apertura di un conto gestito. Abbiamo gi\u00e0 accennato al fatto che \u00e8 necessario firmare un accordo LPOA con il gestore prima di poter aprire questo tipo di conto. In sostanza, si tratta di un documento legale che comprova che il gestore \u00e8 autorizzato dall&#8217;intestatario del conto a operare per suo conto. Questa procedura pu\u00f2 risultare piuttosto lunga.<\/li>\n<li>Le persone che non hanno tempo sufficiente per effettuare una ricerca accurata sui vari gestori di conto. Con una scelta cos\u00ec ampia di professionisti, \u00e8 fortemente consigliato controllare e confrontare gli storici e le performance del maggior numero possibile di gestori prima di decidere. In caso contrario, rischi di affidarti a una persona con un drawdown massimo elevato e un&#8217;esperienza insufficiente, con conseguenti perdite economiche.<\/li>\n<\/ul>\n","protected":false},"excerpt":{"rendered":"<p>Molti broker oggi offrono conti gestiti ai trader Forex. Questo tipo di conto \u00e8 particolarmente utile per chi \u00e8 alle prime armi nel mercato valutario. Occorre parecchio tempo per familiarizzare con tutte le complessit\u00e0 del trading Forex, anche se si ha accesso illimitato a vari materiali didattici e corsi di formazione gratuiti. Diventare un trader [&hellip;]<\/p>\n","protected":false},"author":7,"featured_media":0,"parent":120207,"menu_order":0,"comment_status":"closed","ping_status":"open","template":"templates\/best-brokers-list.php","meta":{"footnotes":""},"class_list":["post-120192","page","type-page","status-publish","hentry"],"aioseo_notices":[],"_links":{"self":[{"href":"https:\/\/www.tradingpedia.com\/it\/wp-json\/wp\/v2\/pages\/120192","targetHints":{"allow":["GET"]}}],"collection":[{"href":"https:\/\/www.tradingpedia.com\/it\/wp-json\/wp\/v2\/pages"}],"about":[{"href":"https:\/\/www.tradingpedia.com\/it\/wp-json\/wp\/v2\/types\/page"}],"author":[{"embeddable":true,"href":"https:\/\/www.tradingpedia.com\/it\/wp-json\/wp\/v2\/users\/7"}],"replies":[{"embeddable":true,"href":"https:\/\/www.tradingpedia.com\/it\/wp-json\/wp\/v2\/comments?post=120192"}],"version-history":[{"count":2,"href":"https:\/\/www.tradingpedia.com\/it\/wp-json\/wp\/v2\/pages\/120192\/revisions"}],"predecessor-version":[{"id":121220,"href":"https:\/\/www.tradingpedia.com\/it\/wp-json\/wp\/v2\/pages\/120192\/revisions\/121220"}],"up":[{"embeddable":true,"href":"https:\/\/www.tradingpedia.com\/it\/wp-json\/wp\/v2\/pages\/120207"}],"wp:attachment":[{"href":"https:\/\/www.tradingpedia.com\/it\/wp-json\/wp\/v2\/media?parent=120192"}],"curies":[{"name":"wp","href":"https:\/\/api.w.org\/{rel}","templated":true}]}}