{"id":120166,"date":"2013-05-21T06:47:24","date_gmt":"2013-05-21T06:47:24","guid":{"rendered":"https:\/\/www.tradingpedia.com\/forex-trading-brokers-with-paysafecard\/"},"modified":"2026-02-20T15:44:39","modified_gmt":"2026-02-20T15:44:39","slug":"forex-trading-brokers-with-paysafecard","status":"publish","type":"page","link":"https:\/\/www.tradingpedia.com\/it\/forex-brokers\/forex-trading-brokers-with-paysafecard\/","title":{"rendered":"Broker Forex con Paysafecard"},"content":{"rendered":"<p>Stai cercando broker Forex regolamentati e affidabili che accettano Paysafecard? Il nostro team di trader esperti ha testato numerosi broker Forex utilizzando conti reali e ha compilato un elenco dei migliori che accettano Paysafecard. Paysafecard \u00e8 una delle soluzioni prepagate pi\u00f9 popolari attualmente disponibili su Internet. Fa parte dei diversi servizi offerti da Paysafe Group, una societ\u00e0 regolamentata dalla Financial Conduct Authority del Regno Unito. <\/p>\n<ol class=\"brokers-grid-container list-brokers\" data-pid=\"120166\">\n          <li><a rel=\"nofollow\" target=\"_blank\" href=\"\/out\/plus500-us?au=114&bp=1\">\n            \n      <figure>\n        <img decoding=\"async\" src=\"https:\/\/www.tradingpedia.com\/www-tradingpedia-com\/wp-content\/uploads\/logos\/lg-plus500-us-logo.webp\" width=\"160\" height=\"45\">\n      <\/figure>\n    \n\n            <div>\n              <span class=\"broker-name\">Plus500 US<\/span>\n\n              <div class=\"broker-rating\">Valutazione: 4,2 <i class=\"ico-star\"><\/i><\/div>\n\n              <em>Questo contenuto si applica esclusivamente a Plus500 US e ai clienti degli Stati Uniti. Il trading sui futures comporta il rischio di perdita.<\/em>\n            <\/div>\n          <\/a><\/li>\n        \n          <li><a rel=\"nofollow\" target=\"_blank\" href=\"\/out\/etoro?au=114&bp=2\">\n            \n      <figure>\n        <img decoding=\"async\" src=\"https:\/\/www.tradingpedia.com\/www-tradingpedia-com\/wp-content\/uploads\/logos\/lg-etoro-logo.webp\" width=\"160\" height=\"45\">\n      <\/figure>\n    \n\n            <div>\n              <span class=\"broker-name\">eToro<\/span>\n\n              <div class=\"broker-rating\">Valutazione: 4,2 <i class=\"ico-star\"><\/i><\/div>\n\n              <em>50% dei conti degli investitori al dettaglio perdono denaro<\/em>\n            <\/div>\n          <\/a><\/li>\n        \n          <li><a rel=\"nofollow\" target=\"_blank\" href=\"\/out\/fusion-markets?au=114&bp=3\">\n            \n      <figure>\n        <img decoding=\"async\" src=\"https:\/\/www.tradingpedia.com\/www-tradingpedia-com\/wp-content\/uploads\/logos\/lg-fusion-markets-logo.webp\" width=\"160\" height=\"45\">\n      <\/figure>\n    \n\n            <div>\n              <span class=\"broker-name\">Fusion Markets<\/span>\n\n              <div class=\"broker-rating\">Valutazione: 4,8 <i class=\"ico-star\"><\/i><\/div>\n\n              <em>74-89% dei conti CFD al dettaglio perdono denaro<\/em>\n            <\/div>\n          <\/a><\/li>\n        \n          <li><a rel=\"nofollow\" target=\"_blank\" href=\"\/out\/fp-markets?au=114&bp=4\">\n            \n      <figure>\n        <img decoding=\"async\" src=\"https:\/\/www.tradingpedia.com\/www-tradingpedia-com\/wp-content\/uploads\/logos\/lg-fp-markets-logo.webp\" width=\"160\" height=\"45\">\n      <\/figure>\n    \n\n            <div>\n              <span class=\"broker-name\">FP Markets<\/span>\n\n              <div class=\"broker-rating\">Valutazione: 4,9 <i class=\"ico-star\"><\/i><\/div>\n\n              <em>73,33% dei conti retail degli investitori perdono denaro<\/em>\n            <\/div>\n          <\/a><\/li>\n        \n          <li><a rel=\"nofollow\" target=\"_blank\" href=\"\/out\/global-prime?au=114&bp=5\">\n            \n      <figure>\n        <img decoding=\"async\" src=\"https:\/\/www.tradingpedia.com\/www-tradingpedia-com\/wp-content\/uploads\/logos\/lg-global-prime-logo.jpg\" width=\"160\" height=\"45\">\n      <\/figure>\n    \n\n            <div>\n              <span class=\"broker-name\">Global Prime<\/span>\n\n              <div class=\"broker-rating\">Valutazione: 4,7 <i class=\"ico-star\"><\/i><\/div>\n\n              <em>74-89% dei conti CFD al dettaglio perdono denaro<\/em>\n            <\/div>\n          <\/a><\/li>\n        \n          <li><a rel=\"nofollow\" target=\"_blank\" href=\"\/out\/pepperstone?au=114&bp=6\">\n            \n      <figure>\n        <img decoding=\"async\" src=\"https:\/\/www.tradingpedia.com\/www-tradingpedia-com\/wp-content\/uploads\/logos\/lg-pepperstone-logo.webp\" width=\"160\" height=\"45\">\n      <\/figure>\n    \n\n            <div>\n              <span class=\"broker-name\">Pepperstone<\/span>\n\n              <div class=\"broker-rating\">Valutazione: 4,4 <i class=\"ico-star\"><\/i><\/div>\n\n              <em>72,9% dei conti degli investitori al dettaglio perdono denaro<\/em>\n            <\/div>\n          <\/a><\/li>\n        <\/ol>\n<p>Attualmente Paysafecard \u00e8 disponibile in dozzine di paesi e in centinaia di migliaia di punti vendita in tutto il mondo. Inoltre, l&#8217;assistenza offerta \u00e8 senza pari rispetto a qualsiasi altro servizio prepagato e, in termini di accessibilit\u00e0, pu\u00f2 competere con le <a href=\"https:\/\/www.tradingpedia.com\/it\/forex-brokers\/credit-card-forex-brokers\/\">credit cards<\/a> e i portafogli elettronici. Anche il settore del trading Forex online apprezza molto Paysafecard, e ci sono numerosi siti di broker disposti ad accettare pagamenti tramite questo metodo. Di seguito analizzeremo gli aspetti pi\u00f9 importanti dell&#8217;utilizzo di Paysafecard per fare trading sul Forex e cosa puoi aspettarti da questa soluzione prepagata.<\/p>\n<h2 id=\"deposit\">Come finanziare un conto Forex con Paysafecard<\/h2>\n<p><img decoding=\"async\" src=\"https:\/\/www.tradingpedia.com\/wp-content\/uploads\/2013\/07\/how-to-fund-forex-account.svg\" alt=\"\" class=\"alignleft\" width=\"150\" height=\"150\">Effettuare un deposito tramite Paysafecard \u00e8 uno degli aspetti pi\u00f9 semplici del trading Forex e, una volta completata la procedura la prima volta, non avrai difficolt\u00e0 a ripeterla. Il processo \u00e8 piuttosto lineare e non \u00e8 molto diverso dagli altri metodi di pagamento. Tutto ci\u00f2 che devi fare \u00e8 prendere il tuo voucher Paysafecard e annotare il codice a 16 cifre stampato su di esso. Poi, individua la pagina dei pagamenti sul sito del broker e scegli Paysafecard dall&#8217;elenco dei servizi supportati. Inserisci l&#8217;importo che desideri depositare e il codice riportato sulla ricevuta. Una volta confermata la transazione, il denaro apparir\u00e0 istantaneamente nel tuo saldo e potrai usarlo per fare trading come preferisci.<\/p>\n<p>Depositare tramite Paysafecard \u00e8 semplice e diretto. Non devi affrontare molte delle difficolt\u00e0 che affliggono altre soluzioni bancarie. Inoltre, la procedura \u00e8 identica sia su computer sia su dispositivi mobili, offrendoti la possibilit\u00e0 di utilizzare tutti i tuoi dispositivi per le tue esigenze di trading Forex.<\/p>\n<h2 id=\"withdraw\">Come prelevare da un conto Forex con Paysafecard<\/h2>\n<p><img decoding=\"async\" src=\"https:\/\/www.tradingpedia.com\/wp-content\/uploads\/2020\/08\/how-to-withdraw.svg\" alt=\"\" class=\"alignleft\" width=\"150\" height=\"150\">I prelievi non sono possibili con Paysafecard. Sebbene il settore del trading Forex richieda un costante movimento di denaro tra broker e clienti, Paysafecard non \u00e8 stata progettata con questo scopo. \u00c8 stata invece creata per piccoli acquisti digitali, non per transazioni di ampia entit\u00e0. Di conseguenza, Paysafecard pu\u00f2 spostare il denaro in una sola direzione \u2014 verso il broker. Se desideri incassare il tuo saldo, la richiesta non verr\u00e0 rifiutata, ma non potrai farlo tramite Paysafecard.<\/p>\n<p>La maggior parte dei <a href=\"https:\/\/www.tradingpedia.com\/it\/forex-brokers\/\">broker Forex<\/a> ti permetter\u00e0 di prelevare i fondi tramite un tradizionale <a href=\"https:\/\/www.tradingpedia.com\/it\/forex-brokers\/forex-trading-brokers-with-bank-transfer\/\">bonifico bancario<\/a>. A tal fine dovrai fornire al broker i tuoi dati bancari e poi attendere che il pagamento venga approvato. Una volta approvata, la transazione richieder\u00e0 generalmente da uno a cinque giorni lavorativi per essere elaborata.<\/p>\n<h2 id=\"pros\">Vantaggi dell&#8217;utilizzo di Paysafecard per il trading Forex<\/h2>\n<p><img decoding=\"async\" src=\"https:\/\/www.tradingpedia.com\/wp-content\/uploads\/2020\/08\/benefits.svg\" alt=\"\" class=\"alignleft\" width=\"150\" height=\"150\">Paysafecard offre diversi vantaggi che rendono il servizio interessante per i clienti. Questi benefici si presentano in varie forme e possono avere un impatto significativo sulla tua esperienza di trading Forex. Per cominciare, Paysafecard consente di effettuare depositi istantanei. Il servizio \u00e8 rapido ed efficiente nell&#8217;elaborazione dei pagamenti, assicurandoti di non subire interruzioni.<\/p>\n<p>Un altro aspetto da considerare \u00e8 che, per la maggior parte degli utilizzi, il servizio \u00e8 completamente gratuito. Non ci sono commissioni per effettuare transazioni n\u00e9 per acquistare un voucher. Ti verranno addebitati costi solo se desideri trasferire il saldo di un PIN Paysafecard sul tuo conto bancario, dopo un lungo periodo di inattivit\u00e0 oppure quando effettui una transazione in valuta estera. Naturalmente, queste spese possono essere evitate con un po&#8217; di pianificazione.<\/p>\n<p>Un ulteriore grande vantaggio di Paysafecard \u00e8 la sua disponibilit\u00e0 in oltre 400.000 punti vendita in tutto il mondo. \u00c8 molto probabile che ci sia un negozio vicino a te che offre voucher Paysafecard, che potrai acquistare facilmente. Puoi farlo persino durante le normali commissioni quotidiane. In termini di disponibilit\u00e0 e facilit\u00e0 d&#8217;uso, pochi servizi possono competere con Paysafecard.<\/p>\n<h2 id=\"cons\">Svantaggi dell&#8217;utilizzo di Paysafecard per il trading Forex<\/h2>\n<p><img decoding=\"async\" src=\"https:\/\/www.tradingpedia.com\/wp-content\/uploads\/2020\/08\/disadvantages.svg\" alt=\"\" class=\"alignleft\" width=\"150\" height=\"150\">Ci sono diversi motivi per cui Paysafecard potrebbe non essere adatta al trading Forex, e dovresti conoscerli prima di scegliere un metodo di pagamento. Per iniziare, il servizio non supporta i prelievi, quindi dovrai trovare un modo alternativo per incassare. In genere, i broker ti permettono di prelevare il saldo tramite bonifico bancario, ma questo metodo \u00e8 relativamente lento e pu\u00f2 richiedere diversi giorni lavorativi per essere elaborato.<\/p>\n<p>Un altro svantaggio \u00e8 che Paysafecard pu\u00f2 prevedere limiti di transazione molto bassi. Un singolo PIN Paysafecard pu\u00f2 contenere al massimo 100 $, o un importo equivalente in un&#8217;altra valuta. Questo limite \u00e8 estremamente ridotto e la maggior parte dei trader lo trover\u00e0 insufficiente. Sebbene tu possa collegare pi\u00f9 voucher nella stessa transazione, non si tratta di un modo ideale per depositare fondi. \u00c8 scomodo e ti obbliga ad acquistare in anticipo pi\u00f9 PIN. Se desideri depositare somme nell&#8217;ordine delle migliaia di unit\u00e0, avrai bisogno di una soluzione bancaria diversa.<\/p>\n<p>Ultimo ma non meno importante, devi acquistare un voucher fisico ogni volta che vuoi effettuare un deposito. Con il tempo, recarti di continuo in un punto vendita pu\u00f2 diventare poco pratico.<\/p>\n<h2 id=\"fees\">Commissioni e limiti nell&#8217;utilizzo di Paysafecard per fare trading sul Forex<\/h2>\n<p><img decoding=\"async\" src=\"https:\/\/www.tradingpedia.com\/wp-content\/uploads\/2020\/08\/fees-and-limits.svg\" alt=\"\" class=\"alignleft\" width=\"150\" height=\"150\">Paysafecard prevede limiti di transazione chiaramente definiti e una struttura commissionale generalmente favorevole ai clienti. Per quanto riguarda i limiti, Paysafecard risulta piuttosto restrittiva. Un voucher pu\u00f2 essere acquistato in diversi tagli, con 100 $ come valore massimo per un singolo PIN. Di per s\u00e9, questo importo \u00e8 estremamente basso e non soddisfer\u00e0 la grande maggioranza dei trader. Tuttavia, i clienti possono collegare fino a 10 PIN per transazione, consentendo un pagamento massimo di 1.000 $ alla volta. Sebbene ci\u00f2 permetta trasferimenti pi\u00f9 elevati, non rappresenta una soluzione elegante n\u00e9 offre la flessibilit\u00e0 dei servizi con limiti pi\u00f9 alti. Tieni presente che Paysafecard applica limiti diversi a seconda del paese, quindi potrebbero esserci alcune discrepanze.<\/p>\n<p>Per quanto riguarda i costi, puoi utilizzare Paysafecard per un periodo piuttosto lungo prima di dover pagare qualcosa. Le transazioni effettuate con Paysafecard sono gratuite dal lato del servizio, cos\u00ec come l&#8217;acquisto del voucher stesso. Tuttavia, in alcune circostanze possono essere applicate commissioni. Ad esempio, effettuare una transazione in valuta estera comporter\u00e0 costi di cambio. Inoltre, un PIN Paysafecard inutilizzato sar\u00e0 soggetto a una commissione di 2,00 $ al mese dopo 12 mesi di inattivit\u00e0. Infine, se desideri trasferire il saldo di un voucher Paysafecard, dal totale verranno detratti 7,50 $.<\/p>\n<div class=\"important\"><strong>Importante:<\/strong> Quando scegli Paysafecard per i depositi sul Forex, ricorda che il voucher pu\u00f2 spostare fondi solo verso il broker e mai di nuovo verso di te. Poich\u00e9 i prelievi devono essere effettuati tramite bonifico bancario, dovrai verificare la tua identit\u00e0 e attendere fino a diversi giorni per ogni pagamento. Se trasferimenti rapidi e bidirezionali sono fondamentali per la tua strategia, valuta di combinare Paysafecard con un&#8217;opzione di pagamento pi\u00f9 veloce e reversibile.<\/div>\n<h2 id=\"chargeback\">Chargeback Paysafecard su conto Forex<\/h2>\n<p><img decoding=\"async\" src=\"https:\/\/www.tradingpedia.com\/wp-content\/uploads\/2020\/08\/chargeback.svg\" alt=\"\" class=\"alignleft\" width=\"150\" height=\"150\">Un ambito in cui Paysafecard \u00e8 notoriamente inflessibile \u00e8 quello dei rimborsi e dei chargeback. In particolare, non esistono chargeback quando utilizzi Paysafecard in qualsiasi forma. La societ\u00e0 non annulla le transazioni in nessuna circostanza \u2014 che tu effettui un pagamento per errore, che il tuo PIN venga rubato o che si verifichi qualsiasi altro problema. Se non sei prudente con il tuo denaro, non avrai alcun rimedio e dovrai sostenere interamente la perdita.<\/p>\n<p>Di conseguenza, se subisci una truffa e un broker si rifiuta di pagarti, non avrai alcuna possibilit\u00e0 di intervento. Questo \u00e8 un aspetto che devi davvero prendere in seria considerazione se decidi di utilizzare Paysafecard per il trading Forex. Se non sei disposto ad accettare questo rischio, ti converr\u00e0 orientarti verso un&#8217;altra soluzione di pagamento.<\/p>\n<h2 id=\"security\">Sicurezza nel trading Forex con Paysafecard<\/h2>\n<p><img decoding=\"async\" src=\"https:\/\/www.tradingpedia.com\/wp-content\/uploads\/2020\/08\/security.svg\" alt=\"\" class=\"alignleft\" width=\"150\" height=\"150\">Per quanto riguarda la sicurezza, Paysafecard pu\u00f2 essere ideale per determinati clienti, in particolare per coloro che sono restii a condividere informazioni sensibili online. Il principale vantaggio \u00e8 che non ti viene mai richiesto di fornire dati personali. Puoi semplicemente recarti alla cassa di un punto vendita e acquistare un voucher senza alcun requisito preliminare. Di conseguenza, i tuoi dati importanti non possono essere divulgati se non vengono mai forniti.<\/p>\n<p>Naturalmente, se desideri incassare dovrai utilizzare una soluzione diversa, solitamente un bonifico bancario. A questo scopo, il broker ti chieder\u00e0 i tuoi dati bancari, che verranno conservati dietro una barriera di crittografia di alto livello. In questo modo le informazioni diventano illeggibili per qualsiasi soggetto non autorizzato, consentendoti di fare trading in tutta tranquillit\u00e0, sapendo di non essere a rischio.  <\/p>\n<h2 id=\"conclusion\">Conclusione<\/h2>\n<p><img decoding=\"async\" src=\"https:\/\/www.tradingpedia.com\/wp-content\/uploads\/2020\/08\/conclusion.svg\" alt=\"\" class=\"alignleft\" width=\"150\" height=\"150\">In definitiva, Paysafecard \u00e8 adatta a una ristretta nicchia di clienti, mentre molti altri potrebbero trovarsi meglio con una diversa soluzione di pagamento. I limiti bassi e l&#8217;assenza della funzionalit\u00e0 di prelievo impediscono a questo servizio di essere considerato un metodo di pagamento di livello premium.<\/p>\n","protected":false},"excerpt":{"rendered":"<p>Stai cercando broker Forex regolamentati e affidabili che accettano Paysafecard? Il nostro team di trader esperti ha testato numerosi broker Forex utilizzando conti reali e ha compilato un elenco dei migliori che accettano Paysafecard. Paysafecard \u00e8 una delle soluzioni prepagate pi\u00f9 popolari attualmente disponibili su Internet. Fa parte dei diversi servizi offerti da Paysafe Group, [&hellip;]<\/p>\n","protected":false},"author":7,"featured_media":121048,"parent":120207,"menu_order":0,"comment_status":"open","ping_status":"open","template":"templates\/best-brokers-list.php","meta":{"footnotes":""},"class_list":["post-120166","page","type-page","status-publish","has-post-thumbnail","hentry"],"aioseo_notices":[],"_links":{"self":[{"href":"https:\/\/www.tradingpedia.com\/it\/wp-json\/wp\/v2\/pages\/120166","targetHints":{"allow":["GET"]}}],"collection":[{"href":"https:\/\/www.tradingpedia.com\/it\/wp-json\/wp\/v2\/pages"}],"about":[{"href":"https:\/\/www.tradingpedia.com\/it\/wp-json\/wp\/v2\/types\/page"}],"author":[{"embeddable":true,"href":"https:\/\/www.tradingpedia.com\/it\/wp-json\/wp\/v2\/users\/7"}],"replies":[{"embeddable":true,"href":"https:\/\/www.tradingpedia.com\/it\/wp-json\/wp\/v2\/comments?post=120166"}],"version-history":[{"count":3,"href":"https:\/\/www.tradingpedia.com\/it\/wp-json\/wp\/v2\/pages\/120166\/revisions"}],"predecessor-version":[{"id":126884,"href":"https:\/\/www.tradingpedia.com\/it\/wp-json\/wp\/v2\/pages\/120166\/revisions\/126884"}],"up":[{"embeddable":true,"href":"https:\/\/www.tradingpedia.com\/it\/wp-json\/wp\/v2\/pages\/120207"}],"wp:featuredmedia":[{"embeddable":true,"href":"https:\/\/www.tradingpedia.com\/it\/wp-json\/wp\/v2\/media\/121048"}],"wp:attachment":[{"href":"https:\/\/www.tradingpedia.com\/it\/wp-json\/wp\/v2\/media?parent=120166"}],"curies":[{"name":"wp","href":"https:\/\/api.w.org\/{rel}","templated":true}]}}