{"id":122962,"date":"2026-01-22T14:56:59","date_gmt":"2026-01-22T14:56:59","guid":{"rendered":"https:\/\/www.tradingpedia.com\/?page_id=122962"},"modified":"2026-01-22T15:01:01","modified_gmt":"2026-01-22T15:01:01","slug":"philippe-etiemble","status":"publish","type":"page","link":"https:\/\/www.tradingpedia.com\/fr\/authors\/philippe-etiemble\/","title":{"rendered":"Philippe Etiemble"},"content":{"rendered":"<p>Philippe Etiemble est traducteur ind\u00e9pendant dipl\u00f4m\u00e9 de l\u2019ISIT (Paris), sp\u00e9cialis\u00e9 dans les contenus li\u00e9s au trading et aux march\u00e9s financiers. Il traduit de l\u2019anglais vers le fran\u00e7ais avec une attention particuli\u00e8re \u00e0 la pr\u00e9cision terminologique et \u00e0 la clart\u00e9 pour le lecteur. Passionn\u00e9 par la bourse et la finance personnelle, il s\u2019int\u00e9resse aux actions, \u00e0 la macro\u00e9conomie et aux fondamentaux qui influencent les march\u00e9s.<\/p>\n<p><a target=\"_blank\" href=\"https:\/\/www.linkedin.com\/in\/philippe-etiemble-836b0565\/\" rel=\"nofollow noopener\"><img decoding=\"async\" width=\"25\" src=\"\/wp-content\/themes\/trading-pedia\/images\/icon-linkedin.svg\" \/><\/a><\/p>\n","protected":false},"excerpt":{"rendered":"<p>Philippe Etiemble est traducteur ind\u00e9pendant dipl\u00f4m\u00e9 de l\u2019ISIT (Paris), sp\u00e9cialis\u00e9 dans les contenus li\u00e9s au trading et aux march\u00e9s financiers. Il traduit de l\u2019anglais vers le fran\u00e7ais avec une attention particuli\u00e8re \u00e0 la pr\u00e9cision terminologique et \u00e0 la clart\u00e9 pour le lecteur. Passionn\u00e9 par la bourse et la finance personnelle, il s\u2019int\u00e9resse aux actions, \u00e0 [&hellip;]<\/p>\n","protected":false},"author":1,"featured_media":0,"parent":120399,"menu_order":0,"comment_status":"closed","ping_status":"closed","template":"templates\/full-width.php","meta":{"footnotes":""},"class_list":["post-122962","page","type-page","status-publish","hentry"],"aioseo_notices":[],"_links":{"self":[{"href":"https:\/\/www.tradingpedia.com\/fr\/wp-json\/wp\/v2\/pages\/122962","targetHints":{"allow":["GET"]}}],"collection":[{"href":"https:\/\/www.tradingpedia.com\/fr\/wp-json\/wp\/v2\/pages"}],"about":[{"href":"https:\/\/www.tradingpedia.com\/fr\/wp-json\/wp\/v2\/types\/page"}],"author":[{"embeddable":true,"href":"https:\/\/www.tradingpedia.com\/fr\/wp-json\/wp\/v2\/users\/1"}],"replies":[{"embeddable":true,"href":"https:\/\/www.tradingpedia.com\/fr\/wp-json\/wp\/v2\/comments?post=122962"}],"version-history":[{"count":2,"href":"https:\/\/www.tradingpedia.com\/fr\/wp-json\/wp\/v2\/pages\/122962\/revisions"}],"predecessor-version":[{"id":122965,"href":"https:\/\/www.tradingpedia.com\/fr\/wp-json\/wp\/v2\/pages\/122962\/revisions\/122965"}],"up":[{"embeddable":true,"href":"https:\/\/www.tradingpedia.com\/fr\/wp-json\/wp\/v2\/pages\/120399"}],"wp:attachment":[{"href":"https:\/\/www.tradingpedia.com\/fr\/wp-json\/wp\/v2\/media?parent=122962"}],"curies":[{"name":"wp","href":"https:\/\/api.w.org\/{rel}","templated":true}]}}