{"id":121667,"date":"2025-03-14T10:29:06","date_gmt":"2025-03-14T10:29:06","guid":{"rendered":"https:\/\/www.tradingpedia.com\/ranking-methodology-2\/"},"modified":"2026-01-19T13:11:26","modified_gmt":"2026-01-19T13:11:26","slug":"ranking-methodology","status":"publish","type":"page","link":"https:\/\/www.tradingpedia.com\/fr\/ranking-methodology\/","title":{"rendered":"M\u00e9thodologie de classement des courtiers Forex sur Tradingpedia"},"content":{"rendered":"<p>Chez Tradingpedia, les traders peuvent consulter notre s\u00e9lection de courtiers r\u00e9put\u00e9s, adapt\u00e9s \u00e0 diff\u00e9rents profils, notamment les d\u00e9butants, les traders exp\u00e9riment\u00e9s et les professionnels. Notre \u00e9quipe d\u2019experts s\u2019appuie sur la m\u00e9thodologie suivante pour classer les marques sur le site de Tradingpedia, en s\u2019appuyant sur une \u00e9valuation approfondie de tous les aspects cl\u00e9s qui contribuent \u00e0 une exp\u00e9rience de trading r\u00e9ussie. Dans chaque avis sur un courtier, nous mettons en avant les facteurs suivants :<\/p>\n<ul>\n<li><a href=\"#regulation\">R\u00e9glementation<\/a><\/li>\n<li><a href=\"#reputation\">R\u00e9putation<\/a><\/li>\n<li><a href=\"#instruments\">Instruments de trading disponibles<\/a><\/li>\n<li><a href=\"#platforms\">Plateformes de trading<\/a><\/li>\n<li><a href=\"#payments\">Paiements<\/a><\/li>\n<li><a href=\"#cost\">Co\u00fbt du trading<\/a><\/li>\n<li><a href=\"#accounts\">Types de comptes<\/a><\/li>\n<li><a href=\"#support\">Service client<\/a><\/li>\n<\/ul>\n<p>Le score total pour l\u2019ensemble des facteurs est de 10. Chaque facteur a un poids diff\u00e9rent, comme suit : R\u00e9glementation &#8211; 2 ; R\u00e9putation &#8211; 1,5 ; Instruments de trading disponibles &#8211; 1 ; Plateformes de trading &#8211; 1,5 ; Paiements &#8211; 1 ; Co\u00fbt du trading &#8211; 1 ; Types de comptes &#8211; 1 ; Service client &#8211; 1.<\/p>\n<h2 id=\"regulation\">R\u00e9glementation (poids : 2)<\/h2>\n<p>Comme nous nous adressons \u00e0 un public mondial de traders, nous veillons \u00e0 \u00e9valuer les courtiers en tenant compte des traders de diff\u00e9rentes r\u00e9gions du monde. C\u2019est pourquoi nous v\u00e9rifions la liste compl\u00e8te des autorit\u00e9s qui r\u00e9gulent chaque courtier, en confirmant la validit\u00e9 de leurs licences respectives. Conscients des restrictions plus strictes en Europe, en Australie, aux \u00c9tats-Unis et dans d\u2019autres r\u00e9gions, nous attribuons une meilleure note aux marques qui respectent les lignes directrices r\u00e9glementaires impos\u00e9es par des autorit\u00e9s telles que la CySEC, la FCA, l\u2019ASIC et d\u2019autres r\u00e9gulateurs de premier rang.<\/p>\n<div class=\"row mb-3\">\n<div class=\"col-6 col-md-3 text-center\"><a href=\"https:\/\/www.fca.org.uk\/\" rel=\"nofollow\" target=\"_blank\"><img decoding=\"async\" src=\"https:\/\/www.tradingpedia.com\/wp-content\/uploads\/2025\/03\/Financial_Conduct_Authority_logo.svg.png\" alt=\"FCA logo\" width=\"200\" height=\"65\" \/><\/a><\/div>\n<div class=\"col-6 col-md-3 text-center\"><a href=\"https:\/\/asic.gov.au\/\" rel=\"nofollow\" target=\"_blank\"><img decoding=\"async\" src=\"https:\/\/www.tradingpedia.com\/wp-content\/uploads\/2025\/03\/asic-logo.png\" alt=\"ASIC logo\" width=\"150\" height=\"65\" \/><\/a><\/div>\n<div class=\"col-6 col-md-3 text-center\"><a href=\"https:\/\/www.cysec.gov.cy\/en-GB\/home\/\" rel=\"nofollow\" target=\"_blank\"><img decoding=\"async\" src=\"https:\/\/www.tradingpedia.com\/wp-content\/uploads\/2025\/03\/Cysec_Cy.jpg\" alt=\"CySEC logo\" width=\"67\" height=\"65\" \/><\/a><\/div>\n<div class=\"col-6 col-md-3 text-center\"><a href=\"https:\/\/fsaseychelles.sc\/\" rel=\"nofollow\" target=\"_blank\"><img decoding=\"async\" src=\"https:\/\/www.tradingpedia.com\/wp-content\/uploads\/2025\/03\/fsa-logo.png\" alt=\"FSA logo\" width=\"90\" height=\"65\" \/><\/a><\/div>\n<\/p><\/div>\n<h2 id=\"reputation\">R\u00e9putation (poids : 1,5)<\/h2>\n<p>Comme la transparence est au c\u0153ur de notre d\u00e9marche, nous prenons \u00e9galement en compte les avis de traders r\u00e9els. Nous affichons la note Trustpilot actuelle de chaque courtier, correspondant aux \u00e9valuations laiss\u00e9es par de vrais clients de chaque marque. Cela permet d\u2019\u00e9valuer correctement la r\u00e9putation en mettant en lumi\u00e8re les points forts et les points faibles des courtiers que nous avons examin\u00e9s sur notre page.<\/p>\n<p><a href=\"https:\/\/www.trustpilot.com\/\" class=\"d-inline-block mr-3\"><img decoding=\"async\" src=\"https:\/\/www.tradingpedia.com\/wp-content\/uploads\/2025\/03\/trustpilot-logo.png\" alt=\"Trustpilot logo\" width=\"300\" height=\"74\" \/><\/a> <a href=\"https:\/\/www.google.com\/maps\/contrib\/\/reviews\/\" class=\"d-inline-block mr-3\"><img decoding=\"async\" src=\"https:\/\/www.tradingpedia.com\/wp-content\/uploads\/2025\/03\/google-logo.webp\" alt=\"Google logo\" width=\"220\" height=\"74\" \/><\/a><\/p>\n<h2 id=\"instruments\">Instruments de trading disponibles (poids : 1)<\/h2>\n<p>Chez Tradingpedia, nous connaissons bien les pr\u00e9f\u00e9rences des diff\u00e9rents traders : certains recherchent des instruments sp\u00e9cifiques, tandis que d\u2019autres souhaitent diversifier leurs portefeuilles. C\u2019est pourquoi nous couvrons l\u2019ensemble des march\u00e9s et des instruments n\u00e9gociables disponibles chez chaque courtier en ligne. Nous avons tendance \u00e0 mieux classer les courtiers proposant une s\u00e9lection plus large d\u2019actifs n\u00e9gociables, car ils offrent aux traders un choix plus \u00e9tendu de produits \u00e0 ajouter \u00e0 leurs portefeuilles de trading. Alors que certains courtiers se concentrent sur le trading du Forex et des CFD, d\u2019autres proposent diff\u00e9rentes fa\u00e7ons de trader et d\u2019investir sur certains produits. Nous veillons \u00e0 inclure l\u2019ensemble des options n\u00e9gociables dans chaque avis sur un courtier.<\/p>\n<h2 id=\"platforms\">Plateformes de trading (poids : 1,5)<\/h2>\n<p>Un autre facteur qui contribue \u00e0 notre syst\u00e8me de classement est la gamme de plateformes de trading prises en charge par chaque courtier que nous avons \u00e9valu\u00e9. MetaTrader 4 (MT4) et son successeur MetaTrader 5 (MT5) sont probablement les plateformes les plus connues par la majorit\u00e9 des traders, c\u2019est pourquoi nous appr\u00e9cions un courtier qui a adopt\u00e9 l\u2019une ou les deux plateformes. Bien entendu, nous attribuons \u00e9galement des points suppl\u00e9mentaires aux courtiers qui proposent des options avanc\u00e9es comme cTrader ou TradingView, donnant acc\u00e8s \u00e0 des outils d\u2019analyse et de graphiques approfondis. Nous attribuons aussi un meilleur classement aux marques qui offrent des plateformes propri\u00e9taires, \u00e0 condition qu\u2019elles soient conviviales et permettent un trading avanc\u00e9 pour diff\u00e9rents types de traders. La compatibilit\u00e9 multi-appareils est \u00e9galement un crit\u00e8re que nous prenons en compte lors de l\u2019\u00e9valuation des plateformes de trading adopt\u00e9es par les courtiers.<\/p>\n<h2 id=\"payments\">Paiements (poids : 1)<\/h2>\n<p>Un autre \u00e9l\u00e9ment cl\u00e9 de notre m\u00e9thodologie de classement des courtiers concerne les paiements. Dans cette cat\u00e9gorie, l\u2019\u00e9quipe Tradingpedia tient \u00e0 nouveau compte des besoins de notre public mondial, en r\u00e9pertoriant les solutions de paiement disponibles pour les traders de diff\u00e9rentes r\u00e9gions. Les exigences de d\u00e9p\u00f4t minimum, les d\u00e9lais de traitement des paiements et les frais li\u00e9s \u00e0 l\u2019alimentation de votre solde de trading font partie des aspects cl\u00e9s que nous examinons au cours de notre processus d\u2019\u00e9valuation. Comme les transactions financi\u00e8res incluent aussi les retraits, nous veillons \u00e0 couvrir les options de retrait propos\u00e9es par chaque courtier, en attribuant davantage de points aux marques qui facilitent les retraits rapides, avec des frais nuls ou tr\u00e8s faibles sur les transactions.<\/p>\n<h2 id=\"cost\">Co\u00fbt du trading (poids : 1)<\/h2>\n<p>L\u2019un des facteurs les plus importants de notre \u00e9valuation des performances des courtiers est le co\u00fbt global du trading. Les spreads, les commissions, les swaps et les frais hors trading sont tous pris en compte lorsque nous calculons le score de performance global de chaque courtier. Si les commissions nulles sont tr\u00e8s appr\u00e9ci\u00e9es, nous consid\u00e9rons surtout que les courtiers proposant des spreads serr\u00e9s sont les meilleurs acteurs du secteur du trading, et nous leur attribuons des scores plus \u00e9lev\u00e9s pour offrir un trading \u00e0 faible co\u00fbt \u00e0 leurs clients.<\/p>\n<h2 id=\"accounts\">Types de comptes (poids : 1)<\/h2>\n<p>La plupart des courtiers permettent \u00e0 leurs clients de choisir parmi plusieurs options de compte. C\u2019est pourquoi nous prenons en compte les mod\u00e8les de tarification, les instruments pris en charge et les diff\u00e9rents avantages disponibles sur l\u2019ensemble des offres de compte chez les courtiers en ligne. Lorsque les marques r\u00e9pondent aux pr\u00e9f\u00e9rences de diff\u00e9rents traders, en proposant le micro-trading, le trading \u00e0 fort volume, le trading sans swaps et d\u2019autres avantages disponibles via diverses options de compte, nous avons tendance \u00e0 attribuer des points suppl\u00e9mentaires. Les comptes d\u00e9mo et les comptes professionnels sont \u00e9galement consid\u00e9r\u00e9s comme des atouts que nous prenons en compte lors de l\u2019\u00e9valuation des courtiers sur notre site.<\/p>\n<h2 id=\"support\">Service client (poids : 1)<\/h2>\n<p>Enfin, nous \u00e9valuons le service client de chaque marque que nous examinons. Des canaux de communication multiples et un service client disponible 24 h\/24 et 7 j\/7 sont, selon nous, des \u00e9l\u00e9ments qui m\u00e9ritent un meilleur classement. L\u2019assistance multilingue et des r\u00e9ponses rapides sont \u00e9galement reconnues par l\u2019\u00e9quipe Tradingpedia comme des facteurs qui valent des points suppl\u00e9mentaires au cours du processus d\u2019\u00e9valuation des performances.<\/p>\n<p>Tous les aspects ci-dessus font partie de la m\u00e9thodologie de classement des courtiers de Tradingpedia. Notre \u00e9quipe ne se contente pas d\u2019inspecter minutieusement chaque courtier \u00e9valu\u00e9 sur notre page : nous r\u00e9alisons \u00e9galement des r\u00e9\u00e9valuations r\u00e9guli\u00e8res afin de maintenir des notes pertinentes et \u00e0 jour.<\/p>\n","protected":false},"excerpt":{"rendered":"<p>Chez Tradingpedia, les traders peuvent consulter notre s\u00e9lection de courtiers r\u00e9put\u00e9s, adapt\u00e9s \u00e0 diff\u00e9rents profils, notamment les d\u00e9butants, les traders exp\u00e9riment\u00e9s et les professionnels. Notre \u00e9quipe d\u2019experts s\u2019appuie sur la m\u00e9thodologie suivante pour classer les marques sur le site de Tradingpedia, en s\u2019appuyant sur une \u00e9valuation approfondie de tous les aspects cl\u00e9s qui contribuent \u00e0 [&hellip;]<\/p>\n","protected":false},"author":1,"featured_media":0,"parent":0,"menu_order":0,"comment_status":"closed","ping_status":"closed","template":"templates\/full-width.php","meta":{"footnotes":""},"class_list":["post-121667","page","type-page","status-publish","hentry"],"aioseo_notices":[],"_links":{"self":[{"href":"https:\/\/www.tradingpedia.com\/fr\/wp-json\/wp\/v2\/pages\/121667","targetHints":{"allow":["GET"]}}],"collection":[{"href":"https:\/\/www.tradingpedia.com\/fr\/wp-json\/wp\/v2\/pages"}],"about":[{"href":"https:\/\/www.tradingpedia.com\/fr\/wp-json\/wp\/v2\/types\/page"}],"author":[{"embeddable":true,"href":"https:\/\/www.tradingpedia.com\/fr\/wp-json\/wp\/v2\/users\/1"}],"replies":[{"embeddable":true,"href":"https:\/\/www.tradingpedia.com\/fr\/wp-json\/wp\/v2\/comments?post=121667"}],"version-history":[{"count":2,"href":"https:\/\/www.tradingpedia.com\/fr\/wp-json\/wp\/v2\/pages\/121667\/revisions"}],"predecessor-version":[{"id":121692,"href":"https:\/\/www.tradingpedia.com\/fr\/wp-json\/wp\/v2\/pages\/121667\/revisions\/121692"}],"wp:attachment":[{"href":"https:\/\/www.tradingpedia.com\/fr\/wp-json\/wp\/v2\/media?parent=121667"}],"curies":[{"name":"wp","href":"https:\/\/api.w.org\/{rel}","templated":true}]}}