{"id":120552,"date":"2026-01-08T12:57:11","date_gmt":"2026-01-08T12:57:11","guid":{"rendered":"https:\/\/www.tradingpedia.com\/tools\/pip-value-calculator\/"},"modified":"2026-01-21T13:16:55","modified_gmt":"2026-01-21T13:16:55","slug":"pip-value-calculator","status":"publish","type":"page","link":"https:\/\/www.tradingpedia.com\/fr\/tools\/pip-value-calculator\/","title":{"rendered":"Calculateur de la valeur du pip"},"content":{"rendered":"<div class=\"row\">\n    <!-- Inputs Column -->\n    <div class=\"col-12 col-md-4 mb-3\">\n        <strong class=\"d-block text-center\">Valeurs<\/strong>\n        <div class=\"card p-4\">\n\n            <!-- Currency Pair -->\n            <div class=\"form-group mb-3\">\n                <label for=\"pipCalculator_pair\" class=\"form-label\">Paire de devises:<\/label>\n                <select id=\"pipCalculator_pair\" class=\"form-control form-select\">\n                    <option value=\"AUDCAD\">AUDCAD<\/option>\n                    <option value=\"AUDCHF\">AUDCHF<\/option>\n                    <option value=\"AUDJPY\">AUDJPY<\/option>\n                    <option value=\"AUDNZD\">AUDNZD<\/option>\n                    <option value=\"AUDSGD\">AUDSGD<\/option>\n                    <option value=\"AUDUSD\">AUDUSD<\/option>\n                    <option value=\"CADCHF\">CADCHF<\/option>\n                    <option value=\"CADJPY\">CADJPY<\/option>\n                    <option value=\"CHFJPY\">CHFJPY<\/option>\n                    <option value=\"CHFSGD\">CHFSGD<\/option>\n                    <option value=\"EURAUD\">EURAUD<\/option>\n                    <option value=\"EURCAD\">EURCAD<\/option>\n                    <option value=\"EURCHF\">EURCHF<\/option>\n                    <option value=\"EURCZK\">EURCZK<\/option>\n                    <option value=\"EURGBP\">EURGBP<\/option>\n                    <option value=\"EURHUF\">EURHUF<\/option>\n                    <option value=\"EURJPY\">EURJPY<\/option>\n                    <option value=\"EURMXN\">EURMXN<\/option>\n                    <option value=\"EURNOK\">EURNOK<\/option>\n                    <option value=\"EURNZD\">EURNZD<\/option>\n                    <option value=\"EURPLN\">EURPLN<\/option>\n                    <option value=\"EURSEK\">EURSEK<\/option>\n                    <option value=\"EURSGD\">EURSGD<\/option>\n                    <option value=\"EURTRY\">EURTRY<\/option>\n                    <option value=\"EURUSD\">EURUSD<\/option>\n                    <option value=\"EURZAR\">EURZAR<\/option>\n                    <option value=\"GBPAUD\">GBPAUD<\/option>\n                    <option value=\"GBPCAD\">GBPCAD<\/option>\n                    <option value=\"GBPCHF\">GBPCHF<\/option>\n                    <option value=\"GBPJPY\">GBPJPY<\/option>\n                    <option value=\"GBPMXN\">GBPMXN<\/option>\n                    <option value=\"GBPNOK\">GBPNOK<\/option>\n                    <option value=\"GBPNZD\">GBPNZD<\/option>\n                    <option value=\"GBPSEK\">GBPSEK<\/option>\n                    <option value=\"GBPSGD\">GBPSGD<\/option>\n                    <option value=\"GBPTRY\">GBPTRY<\/option>\n                    <option value=\"GBPUSD\">GBPUSD<\/option>\n                    <option value=\"NOKJPY\">NOKJPY<\/option>\n                    <option value=\"NOKSEK\">NOKSEK<\/option>\n                    <option value=\"NZDCAD\">NZDCAD<\/option>\n                    <option value=\"NZDCHF\">NZDCHF<\/option>\n                    <option value=\"NZDJPY\">NZDJPY<\/option>\n                    <option value=\"NZDUSD\">NZDUSD<\/option>\n                    <option value=\"SEKJPY\">SEKJPY<\/option>\n                    <option value=\"SGDJPY\">SGDJPY<\/option>\n                    <option value=\"USDCAD\">USDCAD<\/option>\n                    <option value=\"USDCHF\">USDCHF<\/option>\n                    <option value=\"USDCNH\">USDCNH<\/option>\n                    <option value=\"USDCZK\">USDCZK<\/option>\n                    <option value=\"USDHUF\">USDHUF<\/option>\n                    <option value=\"USDJPY\">USDJPY<\/option>\n                    <option value=\"USDMXN\">USDMXN<\/option>\n                    <option value=\"USDNOK\">USDNOK<\/option>\n                    <option value=\"USDPLN\">USDPLN<\/option>\n                    <option value=\"USDRUB\">USDRUB<\/option>\n                    <option value=\"USDSEK\">USDSEK<\/option>\n                    <option value=\"USDSGD\">USDSGD<\/option>\n                    <option value=\"USDTHB\">USDTHB<\/option>\n                    <option value=\"USDTRY\">USDTRY<\/option>\n                    <option value=\"USDZAR\">USDZAR<\/option>\n                    <option value=\"XAGAUD\">XAGAUD<\/option>\n                    <option value=\"XAGEUR\">XAGEUR<\/option>\n                    <option value=\"XAGUSD\">XAGUSD<\/option>\n                    <option value=\"XAUAUD\">XAUAUD<\/option>\n                    <option value=\"XAUCHF\">XAUCHF<\/option>\n                    <option value=\"XAUEUR\">XAUEUR<\/option>\n                    <option value=\"XAUGBP\">XAUGBP<\/option>\n                    <option value=\"XAUJPY\">XAUJPY<\/option>\n                    <option value=\"XAUUSD\">XAUUSD<\/option>\n                    <option value=\"XPDUSD\">XPDUSD<\/option>\n                    <option value=\"XPTUSD\">XPTUSD<\/option>\n                    <option value=\"ZARJPY\">ZARJPY<\/option>\n                <\/select>\n            <\/div>\n\n            <!-- Price (base->quote) -->\n            <div class=\"form-group mb-3\">\n                <label for=\"pipCalculator_price\" class=\"form-label\">\n                    Prix                <\/label>\n                <input\n                    type=\"number\"\n                    id=\"pipCalculator_price\"\n                    class=\"form-control\"\n                    placeholder=\"Base\u2192Quote (e.g. 0.89775)\"\n                    step=\"any\"\n                \/>\n            <\/div>\n\n            <!-- Account Currency -->\n            <div class=\"form-group mb-3\">\n                <label for=\"pipCalculator_accountCur\" class=\"form-label\">\n                    Devise du compte                <\/label>\n                <select id=\"pipCalculator_accountCur\" class=\"form-control form-select\">\n                    <option value=\"USD\" selected>USD<\/option>\n                    <!-- Add more if needed -->\n                <\/select>\n            <\/div>\n\n            <!-- Exchange Rate (quote->account) -->\n            <div class=\"form-group mb-3\">\n                <label for=\"pipCalculator_exchangeRate\" class=\"form-label\">\n                    Taux de change (1 cotation \u2192 X compte)                <\/label>\n                <input\n                    type=\"number\"\n                    id=\"pipCalculator_exchangeRate\"\n                    class=\"form-control\"\n                    placeholder=\"e.g. 0.78 (1 CAD => 0.78 USD)\"\n                    step=\"any\"\n                    value=\"0.78\"\n                \/>\n            <\/div>\n\n            <!-- Trade size (Lots) -->\n            <div class=\"form-group mb-3\">\n                <label for=\"pipCalculator_lots\" class=\"form-label\">\n                    Taille de la position (lots)                <\/label>\n                <input\n                    type=\"number\"\n                    id=\"pipCalculator_lots\"\n                    class=\"form-control\"\n                    placeholder=\"1.0\"\n                    step=\"any\"\n                    value=\"1\"\n                \/>\n            <\/div>\n\n            <!-- Pips -->\n            <div class=\"form-group mb-3\">\n                <label for=\"pipCalculator_pips\" class=\"form-label\">\n                    Pips                <\/label>\n                <input\n                    type=\"number\"\n                    id=\"pipCalculator_pips\"\n                    class=\"form-control\"\n                    placeholder=\"1\"\n                    step=\"any\"\n                    value=\"1\"\n                \/>\n            <\/div>\n\n            <!-- Calculate + Reset buttons -->\n            <div>\n                <button\n                    class=\"btn btn-primary me-2\"\n                    onclick=\"calculatePipValue()\"\n                >\n                    Calculer                <\/button>\n                <button\n                    class=\"btn btn-secondary\"\n                    onclick=\"resetPipCalculator()\"\n                >\n                    R\u00e9initialiser                <\/button>\n            <\/div>\n        <\/div>\n    <\/div>\n\n    <!-- Results Column -->\n    <div class=\"col-12 col-md-8 mb-3\">\n        <strong class=\"d-block text-center\">\n            R\u00e9sultats        <\/strong>\n        <div class=\"card p-4\">\n            <table class=\"table\">\n                <thead>\n                    <tr>\n                        <th>M\u00e9trique<\/th>\n                        <th>Valeur<\/th>\n                    <\/tr>\n                <\/thead>\n                <tbody>\n                    <tr>\n                        <td>Lot standard<\/td>\n                        <td id=\"pipCalculator_stdCell\">$0.00<\/td>\n                    <\/tr>\n                    <tr>\n                        <td>Mini lot<\/td>\n                        <td id=\"pipCalculator_miniCell\">$0.00<\/td>\n                    <\/tr>\n                    <tr>\n                        <td>Micro lot<\/td>\n                        <td id=\"pipCalculator_microCell\">$0.00<\/td>\n                    <\/tr>\n                    <tr>\n                        <td>Valeur du pip<\/td>\n                        <td id=\"pipCalculator_pipValCell\">$0.00<\/td>\n                    <\/tr>\n                <\/tbody>\n            <\/table>\n        <\/div>\n    <\/div>\n<\/div>\n\n<script>\n\/\/ Determines whether the pair is JPY-based\nfunction getPipFactor(pair) {\n  return pair.slice(-3).toUpperCase() === 'JPY' ? 0.01 : 0.0001;\n}\n\nfunction calculatePipValue() {\n  const pair         = document.getElementById('pipCalculator_pair').value;         \/\/ e.g. \"AUDUSD\"\n  const price        = parseFloat(document.getElementById('pipCalculator_price').value); \/\/ base->quote\n  const lots         = parseFloat(document.getElementById('pipCalculator_lots').value);\n  const pips         = parseFloat(document.getElementById('pipCalculator_pips').value);\n  const exchRate     = parseFloat(document.getElementById('pipCalculator_exchangeRate').value); \/\/ quote->account\n  const accountCur   = document.getElementById('pipCalculator_accountCur').value;   \/\/ e.g. \"USD\"\n\n  if (\n    isNaN(price) || price <= 0 ||\n    isNaN(lots)  || lots <= 0  ||\n    isNaN(pips)  || pips <= 0  ||\n    isNaN(exchRate) || exchRate <= 0\n  ) {\n    alert(\"Veuillez saisir des valeurs num\u00e9riques valides.\");\n    return;\n  }\n\n  \/\/ 1) If pair\u2019s quote == account currency and not JPY => standard-lot pip = pips * 10\n  \/\/    If pair\u2019s quote == account currency and JPY => standard-lot pip = pips * 100\n  \/\/    otherwise => universal formula with price+exchRate\n  const quoteCcy = pair.slice(-3).toUpperCase();\n  const isJpyPair = (quoteCcy === 'JPY');\n\n  let standardLotVal;\n  if (quoteCcy === accountCur) {\n    \/\/ The pair\u2019s quote is the same as the user\u2019s account currency.\n    if (isJpyPair) {\n      \/\/ e.g. USDJPY with account=JPY or CADJPY with account=JPY => 1 pip, 1 lot => 100\n      standardLotVal = pips * 100;\n    } else {\n      \/\/ e.g. AUDUSD with account=USD => 1 pip, 1 lot => $10\n      standardLotVal = pips * 10;\n    }\n  } else {\n    \/\/ 2) universal approach\n    \/\/ pipFactor: 0.01 if the pair\u2019s base is something and quote is JPY, else 0.0001\n    const pipFactor = isJpyPair ? 0.01 : 0.0001;\n\n    \/\/ e.g. standardLotVal = pips * (pipFactor * 100000) * price * exchRate\n    const baseUnitsPerPip = pipFactor * 100000; \/\/ e.g. 10 if not JPY\n    \/\/ convert base->quote by multiplying by price\n    const quotePerPip = baseUnitsPerPip * price;\n\n    \/\/ then quote->account by multiplying exchRate\n    standardLotVal = pips * (quotePerPip * exchRate);\n  }\n\n  \/\/ mini & micro\n  const miniLotVal  = standardLotVal * 0.1;\n  const microLotVal = standardLotVal * 0.01;\n  \/\/ user-lots pip\n  const userPipVal  = standardLotVal * lots;\n\n  \/\/ display\n  document.getElementById('pipCalculator_stdCell').textContent    = '$' + standardLotVal.toFixed(5);\n  document.getElementById('pipCalculator_miniCell').textContent   = '$' + miniLotVal.toFixed(5);\n  document.getElementById('pipCalculator_microCell').textContent  = '$' + microLotVal.toFixed(5);\n  document.getElementById('pipCalculator_pipValCell').textContent = '$' + userPipVal.toFixed(5);\n}\n\nfunction resetPipCalculator() {\n  document.getElementById('pipCalculator_price').value        = '';\n  document.getElementById('pipCalculator_exchangeRate').value = '1.0';\n  document.getElementById('pipCalculator_lots').value         = '1';\n  document.getElementById('pipCalculator_pips').value         = '1';\n\n  document.getElementById('pipCalculator_stdCell').textContent    = '$0.00';\n  document.getElementById('pipCalculator_miniCell').textContent   = '$0.00';\n  document.getElementById('pipCalculator_microCell').textContent  = '$0.00';\n  document.getElementById('pipCalculator_pipValCell').textContent = '$0.00';\n}\n<\/script>\n\n<p><strong>Le calculateur de valeur de pip vous indique combien vaut en termes mon\u00e9taires un mouvement d&rsquo;un pip pour une taille de position donn\u00e9e.<\/strong> C&rsquo;est essentiel pour la gestion du risque, car les distances de stop-loss et de take-profit sont mesur\u00e9es en pips, tandis que le risque de votre compte est mesur\u00e9 en dollars (ou dans la devise de votre compte).<\/p>\n<p>En transformant les pips en valeurs mon\u00e9taires r\u00e9elles, le calculateur vous aide \u00e0 \u00e9viter de surdimensionner vos positions et facilite le maintien d&rsquo;un niveau de risque coh\u00e9rent entre les diff\u00e9rentes paires de devises et conditions de march\u00e9.<\/p>\n<h2>Pourquoi les traders calculent la valeur du pip<\/h2>\n<p>Les pips d\u00e9crivent le mouvement du prix, mais ils ne vous indiquent pas combien vous pouvez gagner ou perdre. Le m\u00eame stop de 20 pips peut \u00eatre modeste sur une transaction et important sur une autre, selon la paire, la taille du lot et la devise de votre compte.<\/p>\n<p>V\u00e9rifier la valeur du pip est \u00e9galement utile lorsque vous passez des paires majeures aux paires crois\u00e9es et aux paires en JPY, o\u00f9 la taille d&rsquo;un pip et la volatilit\u00e9 typique peuvent varier.<\/p>\n<h2>Cas d&rsquo;utilisation courants<\/h2>\n<ul>\n<li><strong>Planification du stop-loss :<\/strong> traduisez un stop en pips en un montant de risque mon\u00e9taire clair.<\/li>\n<li><strong>Assistance au dimensionnement des positions :<\/strong> combinez la valeur du pip avec vos r\u00e8gles de risque par transaction pour dimensionner vos positions de mani\u00e8re coh\u00e9rente.<\/li>\n<li><strong>Comparaison des instruments :<\/strong> voyez comment la valeur du pip varie d&rsquo;une paire \u00e0 l&rsquo;autre pour une m\u00eame taille de lot.<\/li>\n<li><strong>Gestion des positions :<\/strong> comprenez ce que signifient les cl\u00f4tures partielles ou les stops suiveurs dans la devise de votre compte.<\/li>\n<li><strong>Conversion de la devise du compte :<\/strong> estimez la valeur du pip m\u00eame lorsque la devise de cotation diff\u00e8re de celle de votre compte.<\/li>\n<\/ul>\n<h2>Ce que signifient les param\u00e8tres<\/h2>\n<p><strong>La paire de devises<\/strong> d\u00e9termine les r\u00e8gles de taille du pip, en particulier pour les paires en JPY o\u00f9 un pip est g\u00e9n\u00e9ralement plus grand en termes de prix cot\u00e9.<\/p>\n<p><strong>Le prix<\/strong> est utilis\u00e9 lorsque la devise de cotation est diff\u00e9rente de la devise de votre compte, car la valeur du pip peut d\u00e9pendre du taux de change actuel.<\/p>\n<p><strong>Le taux de change (cot\u00e9 vers compte)<\/strong> est utilis\u00e9 pour convertir la valeur du pip dans la devise de votre compte. C&rsquo;est important si votre compte est en USD alors que la devise de cotation de la paire est le CAD, le JPY ou une autre devise.<\/p>\n<p><strong>La taille de la position (lots)<\/strong> fixe l&rsquo;\u00e9chelle de la position. La valeur du pip augmente lin\u00e9airement avec la taille du lot, de sorte que doubler le nombre de lots double la valeur du pip.<\/p>\n<p><strong>Pips<\/strong> vous permet d&rsquo;estimer la valeur d&rsquo;un mouvement sup\u00e9rieur \u00e0 un pip, ce qui est utile pour \u00e9valuer les distances de stop-loss et de take-profit.<\/p>\n<h2>Comment interpr\u00e9ter les r\u00e9sultats<\/h2>\n<p>Le tableau affiche la valeur du pip pour les lots standard, mini et micro, puis indique la valeur du pip pour la taille de position que vous avez s\u00e9lectionn\u00e9e. Cela vous permet de raisonner facilement en termes de \u00ab taille sur la plateforme \u00bb (lots) ou en termes de risque (montant).<\/p>\n<p>La donn\u00e9e la plus utile est la valeur du pip pour la taille du lot que vous avez choisie, car elle vous aide \u00e0 convertir rapidement votre stop-loss pr\u00e9vu en un montant en dollars.<\/p>\n<h2>Conseils pour une planification du risque plus pr\u00e9cise<\/h2>\n<p>Utilisez des prix r\u00e9alistes et actuels lorsque vous n\u00e9gociez des paires crois\u00e9es, car la valeur du pip peut \u00e9voluer avec les taux de change. Si vous n\u00e9gociez fr\u00e9quemment, la mise \u00e0 jour r\u00e9guli\u00e8re du prix saisi peut am\u00e9liorer la pr\u00e9cision.<\/p>\n<p>N&rsquo;oubliez pas que les spreads et les commissions peuvent modifier l\u00e9g\u00e8rement le risque effectif, en particulier sur les transactions de court terme avec des stops serr\u00e9s.<\/p>\n<ul>\n<li><strong>Consid\u00e9rez les r\u00e9sultats comme des estimations :<\/strong> l&rsquo;ex\u00e9cution r\u00e9elle, le spread et le glissement peuvent affecter les r\u00e9sultats.<\/li>\n<li><strong>Planifiez avec une marge de s\u00e9curit\u00e9 :<\/strong> si vous n\u00e9gociez autour des annonces, pr\u00e9voyez des spreads plus larges et des mouvements plus rapides.<\/li>\n<li><strong>Utilisez-le avec le dimensionnement des positions :<\/strong> la valeur du pip est particuli\u00e8rement utile lorsqu&rsquo;elle est combin\u00e9e \u00e0 une r\u00e8gle de risque fixe par transaction.<\/li>\n<\/ul>\n","protected":false},"excerpt":{"rendered":"<p>Le calculateur de valeur de pip vous indique combien vaut en termes mon\u00e9taires un mouvement d&rsquo;un pip pour une taille de position donn\u00e9e. C&rsquo;est essentiel pour la gestion du risque, car les distances de stop-loss et de take-profit sont mesur\u00e9es en pips, tandis que le risque de votre compte est mesur\u00e9 en dollars (ou dans [&hellip;]<\/p>\n","protected":false},"author":1,"featured_media":121075,"parent":120546,"menu_order":0,"comment_status":"closed","ping_status":"closed","template":"templates\/full-width.php","meta":{"footnotes":""},"class_list":["post-120552","page","type-page","status-publish","has-post-thumbnail","hentry"],"aioseo_notices":[],"_links":{"self":[{"href":"https:\/\/www.tradingpedia.com\/fr\/wp-json\/wp\/v2\/pages\/120552","targetHints":{"allow":["GET"]}}],"collection":[{"href":"https:\/\/www.tradingpedia.com\/fr\/wp-json\/wp\/v2\/pages"}],"about":[{"href":"https:\/\/www.tradingpedia.com\/fr\/wp-json\/wp\/v2\/types\/page"}],"author":[{"embeddable":true,"href":"https:\/\/www.tradingpedia.com\/fr\/wp-json\/wp\/v2\/users\/1"}],"replies":[{"embeddable":true,"href":"https:\/\/www.tradingpedia.com\/fr\/wp-json\/wp\/v2\/comments?post=120552"}],"version-history":[{"count":1,"href":"https:\/\/www.tradingpedia.com\/fr\/wp-json\/wp\/v2\/pages\/120552\/revisions"}],"predecessor-version":[{"id":122315,"href":"https:\/\/www.tradingpedia.com\/fr\/wp-json\/wp\/v2\/pages\/120552\/revisions\/122315"}],"up":[{"embeddable":true,"href":"https:\/\/www.tradingpedia.com\/fr\/wp-json\/wp\/v2\/pages\/120546"}],"wp:featuredmedia":[{"embeddable":true,"href":"https:\/\/www.tradingpedia.com\/fr\/wp-json\/wp\/v2\/media\/121075"}],"wp:attachment":[{"href":"https:\/\/www.tradingpedia.com\/fr\/wp-json\/wp\/v2\/media?parent=120552"}],"curies":[{"name":"wp","href":"https:\/\/api.w.org\/{rel}","templated":true}]}}