{"id":120549,"date":"2026-01-08T12:52:39","date_gmt":"2026-01-08T12:52:39","guid":{"rendered":"https:\/\/www.tradingpedia.com\/tools\/leverage-calculator\/"},"modified":"2026-01-21T13:15:37","modified_gmt":"2026-01-21T13:15:37","slug":"leverage-calculator","status":"publish","type":"page","link":"https:\/\/www.tradingpedia.com\/fr\/tools\/leverage-calculator\/","title":{"rendered":"Calculateur d&rsquo;effet de levier"},"content":{"rendered":"<div class=\"row\">\n    <!-- Values Column -->\n    <div class=\"col-12 col-md-4 mb-3\">\n        <strong class=\"d-block text-center\">Valeurs<\/strong>\n        <div class=\"card p-4\">\n            <!-- Currency Pair -->\n            <div class=\"form-group mb-3\">\n                <label for=\"calculatorLeverage_pair\" class=\"form-label\">Paire de devises:<\/label>\n                <select id=\"calculatorLeverage_pair\" class=\"form-control form-select\">\n                    <option value=\"AUDCAD\">AUDCAD<\/option>\n                    <option value=\"AUDCHF\">AUDCHF<\/option>\n                    <option value=\"AUDJPY\">AUDJPY<\/option>\n                    <option value=\"AUDNZD\">AUDNZD<\/option>\n                    <option value=\"AUDSGD\">AUDSGD<\/option>\n                    <option value=\"AUDUSD\">AUDUSD<\/option>\n                    <option value=\"CADCHF\">CADCHF<\/option>\n                    <option value=\"CADJPY\">CADJPY<\/option>\n                    <option value=\"CHFJPY\">CHFJPY<\/option>\n                    <option value=\"CHFSGD\">CHFSGD<\/option>\n                    <option value=\"EURAUD\">EURAUD<\/option>\n                    <option value=\"EURCAD\">EURCAD<\/option>\n                    <option value=\"EURCHF\">EURCHF<\/option>\n                    <option value=\"EURCZK\">EURCZK<\/option>\n                    <option value=\"EURGBP\">EURGBP<\/option>\n                    <option value=\"EURHUF\">EURHUF<\/option>\n                    <option value=\"EURJPY\">EURJPY<\/option>\n                    <option value=\"EURMXN\">EURMXN<\/option>\n                    <option value=\"EURNOK\">EURNOK<\/option>\n                    <option value=\"EURNZD\">EURNZD<\/option>\n                    <option value=\"EURPLN\">EURPLN<\/option>\n                    <option value=\"EURSEK\">EURSEK<\/option>\n                    <option value=\"EURSGD\">EURSGD<\/option>\n                    <option value=\"EURTRY\">EURTRY<\/option>\n                    <option value=\"EURUSD\">EURUSD<\/option>\n                    <option value=\"EURZAR\">EURZAR<\/option>\n                    <option value=\"GBPAUD\">GBPAUD<\/option>\n                    <option value=\"GBPCAD\">GBPCAD<\/option>\n                    <option value=\"GBPCHF\">GBPCHF<\/option>\n                    <option value=\"GBPJPY\">GBPJPY<\/option>\n                    <option value=\"GBPMXN\">GBPMXN<\/option>\n                    <option value=\"GBPNOK\">GBPNOK<\/option>\n                    <option value=\"GBPNZD\">GBPNZD<\/option>\n                    <option value=\"GBPSEK\">GBPSEK<\/option>\n                    <option value=\"GBPSGD\">GBPSGD<\/option>\n                    <option value=\"GBPTRY\">GBPTRY<\/option>\n                    <option value=\"GBPUSD\">GBPUSD<\/option>\n                    <option value=\"NOKJPY\">NOKJPY<\/option>\n                    <option value=\"NOKSEK\">NOKSEK<\/option>\n                    <option value=\"NZDCAD\">NZDCAD<\/option>\n                    <option value=\"NZDCHF\">NZDCHF<\/option>\n                    <option value=\"NZDJPY\">NZDJPY<\/option>\n                    <option value=\"NZDUSD\">NZDUSD<\/option>\n                    <option value=\"SEKJPY\">SEKJPY<\/option>\n                    <option value=\"SGDJPY\">SGDJPY<\/option>\n                    <option value=\"USDCAD\">USDCAD<\/option>\n                    <option value=\"USDCHF\">USDCHF<\/option>\n                    <option value=\"USDCNH\">USDCNH<\/option>\n                    <option value=\"USDCZK\">USDCZK<\/option>\n                    <option value=\"USDHUF\">USDHUF<\/option>\n                    <option value=\"USDJPY\">USDJPY<\/option>\n                    <option value=\"USDMXN\">USDMXN<\/option>\n                    <option value=\"USDNOK\">USDNOK<\/option>\n                    <option value=\"USDPLN\">USDPLN<\/option>\n                    <option value=\"USDRUB\">USDRUB<\/option>\n                    <option value=\"USDSEK\">USDSEK<\/option>\n                    <option value=\"USDSGD\">USDSGD<\/option>\n                    <option value=\"USDTHB\">USDTHB<\/option>\n                    <option value=\"USDTRY\">USDTRY<\/option>\n                    <option value=\"USDZAR\">USDZAR<\/option>\n                    <option value=\"XAGAUD\">XAGAUD<\/option>\n                    <option value=\"XAGEUR\">XAGEUR<\/option>\n                    <option value=\"XAGUSD\">XAGUSD<\/option>\n                    <option value=\"XAUAUD\">XAUAUD<\/option>\n                    <option value=\"XAUCHF\">XAUCHF<\/option>\n                    <option value=\"XAUEUR\">XAUEUR<\/option>\n                    <option value=\"XAUGBP\">XAUGBP<\/option>\n                    <option value=\"XAUJPY\">XAUJPY<\/option>\n                    <option value=\"XAUUSD\">XAUUSD<\/option>\n                    <option value=\"XPDUSD\">XPDUSD<\/option>\n                    <option value=\"XPTUSD\">XPTUSD<\/option>\n                    <option value=\"ZARJPY\">ZARJPY<\/option>\n                <\/select>\n            <\/div>\n\n            <!-- Exchange Rate -->\n            <div class=\"form-group mb-3\">\n                <label for=\"calculatorLeverage_exchangeRate\" class=\"form-label\">Taux de change:<\/label>\n                <input type=\"number\" id=\"calculatorLeverage_exchangeRate\" class=\"form-control\" placeholder=\"1.04116\" step=\"any\" value=\"1\">\n            <\/div>\n\n            <!-- Margin (default 30) -->\n            <div class=\"form-group mb-3\">\n                <label for=\"calculatorLeverage_marginInput\" class=\"form-label\">Marge:<\/label>\n                <input type=\"number\" id=\"calculatorLeverage_marginInput\" class=\"form-control\" placeholder=\"30\" step=\"any\" value=\"30\">\n            <\/div>\n\n            <!-- Number of Lots -->\n            <div class=\"form-group mb-3\">\n                <label for=\"calculatorLeverage_lotCount\" class=\"form-label\">Nombre de lots:<\/label>\n                <input type=\"number\" id=\"calculatorLeverage_lotCount\" class=\"form-control\" placeholder=\"1.0\" step=\"any\" value=\"1\">\n            <\/div>\n\n            <div>\n                <button class=\"btn btn-primary me-2\" onclick=\"calculateLeverage()\"> Calculer <\/button>\n                <button class=\"btn btn-secondary\" onclick=\"resetLeverageCalculator()\"> R\u00e9initialiser <\/button>\n            <\/div>\n        <\/div>\n    <\/div>\n\n    <!-- Results Column -->\n    <div class=\"col-12 col-md-8 mb-3\">\n        <strong class=\"d-block text-center\">R\u00e9sultats<\/strong>\n        <div class=\"card p-4\" id=\"calculatorLeverage_resultCard\">\n            <p>\n                <strong>R\u00e9sultat :<\/strong>\n                <span id=\"calculatorLeverage_resultValue\">0.00<\/span>\n            <\/p>\n        <\/div>\n    <\/div>\n<\/div>\n\n<script>\nfunction calculateLeverage() {\n    const exchangeRate = parseFloat(document.getElementById('calculatorLeverage_exchangeRate').value);\n    const margin = parseFloat(document.getElementById('calculatorLeverage_marginInput').value);\n    const lotCount = parseFloat(document.getElementById('calculatorLeverage_lotCount').value);\n\n    if (\n      isNaN(exchangeRate) ||\n      isNaN(margin) ||\n      isNaN(lotCount) ||\n      margin === 0\n    ) {\n        alert(\"Veuillez saisir des valeurs num\u00e9riques valides et assurez-vous que la marge n'est pas nulle.\");\n        return;\n    }\n\n    \/\/ fixed lot size = 100,000 units\n    const FIXED_LOT_SIZE = 100000;\n\n    const result = (exchangeRate * FIXED_LOT_SIZE * lotCount) \/ margin;\n\n    document.getElementById('calculatorLeverage_resultValue').textContent = result.toFixed(6);\n}\n\nfunction resetLeverageCalculator() {\n    document.getElementById('calculatorLeverage_pair').value = 'EURUSD';\n    document.getElementById('calculatorLeverage_exchangeRate').value = '1';\n    document.getElementById('calculatorLeverage_marginInput').value = '30';\n    document.getElementById('calculatorLeverage_lotCount').value = '1';\n\n    document.getElementById('calculatorLeverage_resultValue').textContent = '0.00';\n}\n<\/script>\n<p><strong>Le calculateur d&rsquo;effet de levier Forex vous aide \u00e0 comprendre quel niveau d&rsquo;exposition votre marge g\u00e9n\u00e8re.<\/strong> Il est utile pour v\u00e9rifier l&rsquo;effet de levier effectif sur une position et pour vous assurer que la taille de votre transaction correspond \u00e0 vos limites de risque, surtout lorsque vous n\u00e9gociez des instruments dont les prix sont tr\u00e8s diff\u00e9rents.<\/p>\n<p>L&rsquo;effet de levier n&rsquo;est pas seulement un param\u00e8tre de courtier ; c&rsquo;est aussi une mesure pratique de la taille de votre position par rapport \u00e0 la marge que vous utilisez. Ce calculateur rend cette relation visible afin que vous puissiez \u00e9viter une surexposition accidentelle.<\/p>\n<h2>Pourquoi les traders utilisent un calculateur d&rsquo;effet de levier<\/h2>\n<p>Beaucoup de traders se concentrent sur la taille du lot, mais celle-ci, \u00e0 elle seule, ne refl\u00e8te pas toujours le risque. Une position peut para\u00eetre petite en nombre de lots tout en repr\u00e9sentant une exposition importante lorsque l&rsquo;on tient compte du prix du sous-jacent et des taux de conversion. Un calculateur d&rsquo;effet de levier vous aide \u00e0 mesurer l&rsquo;exposition de fa\u00e7on coh\u00e9rente.<\/p>\n<p>Il est \u00e9galement utile pour respecter diverses contraintes, comme les plafonds d&rsquo;effet de levier impos\u00e9s par le courtier, les r\u00e8gles du compte ou un plan de trading personnel qui limite l&rsquo;effet de levier pendant les p\u00e9riodes de forte volatilit\u00e9.<\/p>\n<h2>Cas d&rsquo;utilisation courants<\/h2>\n<ul>\n<li><strong>Contr\u00f4le du risque :<\/strong> confirmez que votre exposition n&rsquo;est pas plus importante que pr\u00e9vu avant d&rsquo;entrer en position ou d&rsquo;ajouter \u00e0 une position.<\/li>\n<li><strong>D\u00e9cisions de dimensionnement :<\/strong> mesurez comment l&rsquo;effet de levier \u00e9volue lorsque vous augmentez le nombre de lots.<\/li>\n<li><strong>Coh\u00e9rence de la strat\u00e9gie :<\/strong> maintenez un effet de levier effectif stable sur diff\u00e9rentes paires et dans diverses conditions de march\u00e9.<\/li>\n<li><strong>Ajustements \u00e0 la volatilit\u00e9 :<\/strong> r\u00e9duisez votre exposition lorsque les conditions de march\u00e9 deviennent instables ou que les spreads s&rsquo;\u00e9largissent.<\/li>\n<li><strong>Protection du compte :<\/strong> \u00e9vitez qu&rsquo;\u00ab une seule position \u00bb n&rsquo;utilise trop de votre marge et ne limite votre flexibilit\u00e9.<\/li>\n<\/ul>\n<h2>Ce que signifient les param\u00e8tres<\/h2>\n<p><strong>La paire de devises<\/strong> identifie l&rsquo;instrument, tandis que le <strong>taux de change<\/strong> aide \u00e0 exprimer l&rsquo;exposition en des termes comparables. Cela est important lorsque vous n\u00e9gociez des paires crois\u00e9es ou lorsque la devise de votre compte diff\u00e8re de la devise de cotation.<\/p>\n<p><strong>La marge<\/strong> est le capital allou\u00e9 pour soutenir la position. Elle peut \u00eatre bas\u00e9e sur les exigences du courtier ou sur la marge que vous avez l&rsquo;intention d&rsquo;engager dans le cadre de votre plan.<\/p>\n<p><strong>Le nombre de lots<\/strong> d\u00e9finit la taille de la position. Augmenter le nombre de lots accro\u00eet l&rsquo;exposition notionnelle et augmente g\u00e9n\u00e9ralement l&rsquo;effet de levier, sauf si la marge est augment\u00e9e proportionnellement.<\/p>\n<h2>Comment interpr\u00e9ter le r\u00e9sultat<\/h2>\n<p>Le r\u00e9sultat repr\u00e9sente une mesure, proche de l&rsquo;effet de levier, du niveau d&rsquo;exposition que vous prenez par rapport \u00e0 la marge que vous utilisez. Des valeurs \u00e9lev\u00e9es indiquent une plus forte amplification des gains et des pertes. Des valeurs plus faibles offrent g\u00e9n\u00e9ralement davantage de marge de man\u0153uvre et rendent la gestion du risque plus facile.<\/p>\n<p>Une fa\u00e7on utile de penser au r\u00e9sultat est de se demander \u00ab quelle est la sensibilit\u00e9 de mon compte \u00e0 une fluctuation de prix normale ? \u00bb. Si un petit mouvement peut cr\u00e9er une importante variation de votre capital, l&rsquo;effet de levier effectif est peut-\u00eatre trop \u00e9lev\u00e9 pour les conditions de march\u00e9.<\/p>\n<h2>Conseils pratiques<\/h2>\n<p>Utilisez l&rsquo;effet de levier effectif comme indicateur de coh\u00e9rence. Si vous maintenez l&rsquo;effet de levier dans une plage adapt\u00e9e \u00e0 votre strat\u00e9gie, les r\u00e9sultats de vos transactions deviennent plus comparables entre diff\u00e9rents instruments et horizons temporels.<\/p>\n<p>Soyez prudent avec l&rsquo;effet de levier lorsque vous pr\u00e9voyez de conserver des positions pendant la nuit ou lors d&rsquo;\u00e9v\u00e9nements. Les gaps, l&rsquo;\u00e9largissement des spreads et les mouvements rapides peuvent provoquer des baisses de capital disproportionn\u00e9es lorsque l&rsquo;effet de levier effectif est \u00e9lev\u00e9.<\/p>\n<ul>\n<li><strong>Mod\u00e9lisez l&rsquo;\u00e9tape suivante :<\/strong> si vous envisagez d&rsquo;ajouter un lot suppl\u00e9mentaire, recalculez l&rsquo;effet de levier avant d&rsquo;augmenter votre position.<\/li>\n<li><strong>Laissez de la flexibilit\u00e9 :<\/strong> un effet de levier plus faible peut vous aider \u00e0 g\u00e9rer vos positions sans \u00eatre forc\u00e9 de sortir en raison de la pression sur la marge.<\/li>\n<li><strong>Alignez-vous sur la logique de votre stop-loss :<\/strong> l&rsquo;effet de levier doit compl\u00e9ter le placement de vos stops, et non aller \u00e0 son encontre.<\/li>\n<\/ul>\n","protected":false},"excerpt":{"rendered":"<p>Le calculateur d&rsquo;effet de levier Forex vous aide \u00e0 comprendre quel niveau d&rsquo;exposition votre marge g\u00e9n\u00e8re. Il est utile pour v\u00e9rifier l&rsquo;effet de levier effectif sur une position et pour vous assurer que la taille de votre transaction correspond \u00e0 vos limites de risque, surtout lorsque vous n\u00e9gociez des instruments dont les prix sont tr\u00e8s [&hellip;]<\/p>\n","protected":false},"author":1,"featured_media":121059,"parent":120546,"menu_order":0,"comment_status":"closed","ping_status":"closed","template":"templates\/full-width.php","meta":{"footnotes":""},"class_list":["post-120549","page","type-page","status-publish","has-post-thumbnail","hentry"],"aioseo_notices":[],"_links":{"self":[{"href":"https:\/\/www.tradingpedia.com\/fr\/wp-json\/wp\/v2\/pages\/120549","targetHints":{"allow":["GET"]}}],"collection":[{"href":"https:\/\/www.tradingpedia.com\/fr\/wp-json\/wp\/v2\/pages"}],"about":[{"href":"https:\/\/www.tradingpedia.com\/fr\/wp-json\/wp\/v2\/types\/page"}],"author":[{"embeddable":true,"href":"https:\/\/www.tradingpedia.com\/fr\/wp-json\/wp\/v2\/users\/1"}],"replies":[{"embeddable":true,"href":"https:\/\/www.tradingpedia.com\/fr\/wp-json\/wp\/v2\/comments?post=120549"}],"version-history":[{"count":1,"href":"https:\/\/www.tradingpedia.com\/fr\/wp-json\/wp\/v2\/pages\/120549\/revisions"}],"predecessor-version":[{"id":122312,"href":"https:\/\/www.tradingpedia.com\/fr\/wp-json\/wp\/v2\/pages\/120549\/revisions\/122312"}],"up":[{"embeddable":true,"href":"https:\/\/www.tradingpedia.com\/fr\/wp-json\/wp\/v2\/pages\/120546"}],"wp:featuredmedia":[{"embeddable":true,"href":"https:\/\/www.tradingpedia.com\/fr\/wp-json\/wp\/v2\/media\/121059"}],"wp:attachment":[{"href":"https:\/\/www.tradingpedia.com\/fr\/wp-json\/wp\/v2\/media?parent=120549"}],"curies":[{"name":"wp","href":"https:\/\/api.w.org\/{rel}","templated":true}]}}