{"id":120500,"date":"2024-11-20T13:54:01","date_gmt":"2024-11-20T13:54:01","guid":{"rendered":"https:\/\/www.tradingpedia.com\/authors\/mircea-vasiu\/"},"modified":"2026-01-15T20:32:38","modified_gmt":"2026-01-15T20:32:38","slug":"mircea-vasiu","status":"publish","type":"page","link":"https:\/\/www.tradingpedia.com\/fr\/authors\/mircea-vasiu\/","title":{"rendered":"Mircea Vasiu"},"content":{"rendered":"<p>Mircea Vasiu est un analyste de march\u00e9 chevronn\u00e9 chez TradingPedia et un trader professionnel, avec une d\u00e9cennie d&rsquo;exp\u00e9rience dans la r\u00e9daction sur les subtilit\u00e9s du march\u00e9 boursier et du trading de devises. En combinant son expertise en macro\u00e9conomie avec un sens aigu de l&rsquo;analyse de donn\u00e9es, Mircea parvient \u00e0 distiller des tendances de march\u00e9 complexes en id\u00e9es de trading et d&rsquo;investissement exploitables. Il est l&rsquo;auteur de notre section vid\u00e9o. <\/p>\n<p><a target=\"_blank\" href=\"https:\/\/www.linkedin.com\/in\/mirceavasiu\/\" rel=\"nofollow noopener\"><img decoding=\"async\" width=\"25\" src=\"\/wp-content\/themes\/trading-pedia\/images\/icon-linkedin.svg\" \/><\/a><\/p>\n","protected":false},"excerpt":{"rendered":"<p>Mircea Vasiu est un analyste de march\u00e9 chevronn\u00e9 chez TradingPedia et un trader professionnel, avec une d\u00e9cennie d&rsquo;exp\u00e9rience dans la r\u00e9daction sur les subtilit\u00e9s du march\u00e9 boursier et du trading de devises. En combinant son expertise en macro\u00e9conomie avec un sens aigu de l&rsquo;analyse de donn\u00e9es, Mircea parvient \u00e0 distiller des tendances de march\u00e9 complexes [&hellip;]<\/p>\n","protected":false},"author":1,"featured_media":0,"parent":120399,"menu_order":0,"comment_status":"closed","ping_status":"closed","template":"templates\/full-width.php","meta":{"footnotes":""},"class_list":["post-120500","page","type-page","status-publish","hentry"],"aioseo_notices":[],"_links":{"self":[{"href":"https:\/\/www.tradingpedia.com\/fr\/wp-json\/wp\/v2\/pages\/120500","targetHints":{"allow":["GET"]}}],"collection":[{"href":"https:\/\/www.tradingpedia.com\/fr\/wp-json\/wp\/v2\/pages"}],"about":[{"href":"https:\/\/www.tradingpedia.com\/fr\/wp-json\/wp\/v2\/types\/page"}],"author":[{"embeddable":true,"href":"https:\/\/www.tradingpedia.com\/fr\/wp-json\/wp\/v2\/users\/1"}],"replies":[{"embeddable":true,"href":"https:\/\/www.tradingpedia.com\/fr\/wp-json\/wp\/v2\/comments?post=120500"}],"version-history":[{"count":0,"href":"https:\/\/www.tradingpedia.com\/fr\/wp-json\/wp\/v2\/pages\/120500\/revisions"}],"up":[{"embeddable":true,"href":"https:\/\/www.tradingpedia.com\/fr\/wp-json\/wp\/v2\/pages\/120399"}],"wp:attachment":[{"href":"https:\/\/www.tradingpedia.com\/fr\/wp-json\/wp\/v2\/media?parent=120500"}],"curies":[{"name":"wp","href":"https:\/\/api.w.org\/{rel}","templated":true}]}}