{"id":120498,"date":"2024-11-20T13:02:04","date_gmt":"2024-11-20T13:02:04","guid":{"rendered":"https:\/\/www.tradingpedia.com\/authors\/arslan-ali\/"},"modified":"2026-01-15T20:31:27","modified_gmt":"2026-01-15T20:31:27","slug":"arslan-ali","status":"publish","type":"page","link":"https:\/\/www.tradingpedia.com\/fr\/authors\/arslan-ali\/","title":{"rendered":"Arslan Ali"},"content":{"rendered":"<p>Rencontrez Arslan, un expert chevronn\u00e9 dans le monde des produits d\u00e9riv\u00e9s, sp\u00e9cialis\u00e9 dans les cryptomonnaies, le Forex, les mati\u00e8res premi\u00e8res et les indices. En tant qu\u2019animateur professionnel de webinaires en direct, il partage ses analyses avec des audiences du monde entier. Fort d\u2019une solide formation universitaire, comprenant un MBA en finance et un MPhil en finance comportementale, Arslan apporte \u00e0 son travail un m\u00e9lange unique d\u2019expertise technique et d\u2019analyse comportementale, ce qui fait de lui une voix de confiance dans le secteur.<\/p>\n<p><a target=\"_blank\" href=\"https:\/\/www.linkedin.com\/in\/arslan-butt\/\" rel=\"nofollow noopener\"><img decoding=\"async\" width=\"25\" src=\"\/wp-content\/themes\/trading-pedia\/images\/icon-linkedin.svg\" \/><\/a><\/p>\n","protected":false},"excerpt":{"rendered":"<p>Rencontrez Arslan, un expert chevronn\u00e9 dans le monde des produits d\u00e9riv\u00e9s, sp\u00e9cialis\u00e9 dans les cryptomonnaies, le Forex, les mati\u00e8res premi\u00e8res et les indices. En tant qu\u2019animateur professionnel de webinaires en direct, il partage ses analyses avec des audiences du monde entier. Fort d\u2019une solide formation universitaire, comprenant un MBA en finance et un MPhil en [&hellip;]<\/p>\n","protected":false},"author":1,"featured_media":0,"parent":120399,"menu_order":0,"comment_status":"closed","ping_status":"closed","template":"templates\/full-width.php","meta":{"footnotes":""},"class_list":["post-120498","page","type-page","status-publish","hentry"],"aioseo_notices":[],"_links":{"self":[{"href":"https:\/\/www.tradingpedia.com\/fr\/wp-json\/wp\/v2\/pages\/120498","targetHints":{"allow":["GET"]}}],"collection":[{"href":"https:\/\/www.tradingpedia.com\/fr\/wp-json\/wp\/v2\/pages"}],"about":[{"href":"https:\/\/www.tradingpedia.com\/fr\/wp-json\/wp\/v2\/types\/page"}],"author":[{"embeddable":true,"href":"https:\/\/www.tradingpedia.com\/fr\/wp-json\/wp\/v2\/users\/1"}],"replies":[{"embeddable":true,"href":"https:\/\/www.tradingpedia.com\/fr\/wp-json\/wp\/v2\/comments?post=120498"}],"version-history":[{"count":0,"href":"https:\/\/www.tradingpedia.com\/fr\/wp-json\/wp\/v2\/pages\/120498\/revisions"}],"up":[{"embeddable":true,"href":"https:\/\/www.tradingpedia.com\/fr\/wp-json\/wp\/v2\/pages\/120399"}],"wp:attachment":[{"href":"https:\/\/www.tradingpedia.com\/fr\/wp-json\/wp\/v2\/media?parent=120498"}],"curies":[{"name":"wp","href":"https:\/\/api.w.org\/{rel}","templated":true}]}}