{"id":120496,"date":"2024-11-20T12:40:01","date_gmt":"2024-11-20T12:40:01","guid":{"rendered":"https:\/\/www.tradingpedia.com\/authors\/veneta-slavova-cfa\/"},"modified":"2026-01-15T20:31:10","modified_gmt":"2026-01-15T20:31:10","slug":"veneta-slavova-cfa","status":"publish","type":"page","link":"https:\/\/www.tradingpedia.com\/fr\/authors\/veneta-slavova-cfa\/","title":{"rendered":"Veneta Slavova, CFA"},"content":{"rendered":"<p>Veneta Slavova, CFA, est une cadre financi\u00e8re qui poss\u00e8de 14 ans d&rsquo;exp\u00e9rience intensive sur les march\u00e9s de capitaux et le march\u00e9 des changes (FX) \u00e0 travers des activit\u00e9s de day trading pour compte propre \/NYSE, Nasdaq, acc\u00e8s direct\/, de gestion fiduciaire \/6 principales paires de devises\/, d&rsquo;investissement, ainsi que des estimations de la juste valeur de march\u00e9 des actions, la r\u00e9daction de m\u00e9morandums d&rsquo;introduction en bourse (IPO) et la d\u00e9finition de strat\u00e9gies quotidiennes de march\u00e9 pour certains g\u00e9rants d&rsquo;actifs. Veneta est \u00e9galement titulaire de la certification CFA et dispose d&rsquo;une exp\u00e9rience continue dans le secteur de la finance interentreprises, avec des activit\u00e9s dans les domaines du conseil, de la mod\u00e9lisation financi\u00e8re des flux de tr\u00e9sorerie futurs, de la budg\u00e9tisation, du reporting et du contr\u00f4le de gestion.<\/p>\n<p>Sa sp\u00e9cialit\u00e9 sur les march\u00e9s financiers est l&rsquo;analyse fondamentale, avec un accent particulier sur la d\u00e9composition des \u00e9v\u00e9nements macro\u00e9conomiques, la d\u00e9finition des corr\u00e9lations quotidiennes et l&rsquo;analyse des \u00e9v\u00e9nements sp\u00e9cifiques aux secteurs et aux entreprises. Forte de nombreuses ann\u00e9es d&rsquo;observation des march\u00e9s, de la couverture de plusieurs secteurs, d&rsquo;une exp\u00e9rience en finance d&rsquo;entreprise et d&rsquo;une pratique de trading actif sur un tr\u00e8s grand nombre d&rsquo;actions am\u00e9ricaines, elle s&rsquo;est sp\u00e9cialis\u00e9e dans l&rsquo;identification du sentiment de march\u00e9 au jour le jour et des actions les plus adapt\u00e9es au trading. Dans ses activit\u00e9s de trading de momentum, elle utilise l&rsquo;analyse technique comme un outil compl\u00e9mentaire utile pour affiner les points d&rsquo;entr\u00e9e et de sortie des positions, mais elle est convaincue que les \u00e9v\u00e9nements \u00e9conomiques, politiques, g\u00e9opolitiques, sectoriels, sp\u00e9cifiques au march\u00e9 et interentreprises, ainsi que les pr\u00e9visions financi\u00e8res des entreprises, sont les v\u00e9ritables moteurs des flux mondiaux de capitaux, plut\u00f4t que les seuls signaux techniques.<\/p>\n","protected":false},"excerpt":{"rendered":"<p>Veneta Slavova, CFA, est une cadre financi\u00e8re qui poss\u00e8de 14 ans d&rsquo;exp\u00e9rience intensive sur les march\u00e9s de capitaux et le march\u00e9 des changes (FX) \u00e0 travers des activit\u00e9s de day trading pour compte propre \/NYSE, Nasdaq, acc\u00e8s direct\/, de gestion fiduciaire \/6 principales paires de devises\/, d&rsquo;investissement, ainsi que des estimations de la juste valeur [&hellip;]<\/p>\n","protected":false},"author":1,"featured_media":0,"parent":120399,"menu_order":0,"comment_status":"closed","ping_status":"closed","template":"templates\/full-width.php","meta":{"footnotes":""},"class_list":["post-120496","page","type-page","status-publish","hentry"],"aioseo_notices":[],"_links":{"self":[{"href":"https:\/\/www.tradingpedia.com\/fr\/wp-json\/wp\/v2\/pages\/120496","targetHints":{"allow":["GET"]}}],"collection":[{"href":"https:\/\/www.tradingpedia.com\/fr\/wp-json\/wp\/v2\/pages"}],"about":[{"href":"https:\/\/www.tradingpedia.com\/fr\/wp-json\/wp\/v2\/types\/page"}],"author":[{"embeddable":true,"href":"https:\/\/www.tradingpedia.com\/fr\/wp-json\/wp\/v2\/users\/1"}],"replies":[{"embeddable":true,"href":"https:\/\/www.tradingpedia.com\/fr\/wp-json\/wp\/v2\/comments?post=120496"}],"version-history":[{"count":0,"href":"https:\/\/www.tradingpedia.com\/fr\/wp-json\/wp\/v2\/pages\/120496\/revisions"}],"up":[{"embeddable":true,"href":"https:\/\/www.tradingpedia.com\/fr\/wp-json\/wp\/v2\/pages\/120399"}],"wp:attachment":[{"href":"https:\/\/www.tradingpedia.com\/fr\/wp-json\/wp\/v2\/media?parent=120496"}],"curies":[{"name":"wp","href":"https:\/\/api.w.org\/{rel}","templated":true}]}}