{"id":120495,"date":"2024-11-20T12:38:28","date_gmt":"2024-11-20T12:38:28","guid":{"rendered":"https:\/\/www.tradingpedia.com\/authors\/veselin-valchev\/"},"modified":"2026-01-15T20:29:58","modified_gmt":"2026-01-15T20:29:58","slug":"veselin-valchev","status":"publish","type":"page","link":"https:\/\/www.tradingpedia.com\/fr\/authors\/veselin-valchev\/","title":{"rendered":"Veselin Valchev"},"content":{"rendered":"<p>Veselin est r\u00e9dacteur et \u00e9diteur d&rsquo;actualit\u00e9s financi\u00e8res chez TradingPedia ; il suit le march\u00e9 au comptant des mati\u00e8res premi\u00e8res et rend compte de l&rsquo;\u00e9volution des prix et des tendances sur le march\u00e9 \u00e0 terme.<\/p>\n<p>Veselin est titulaire d&rsquo;une licence en marketing et son exp\u00e9rience ant\u00e9rieure comprend les \u00e9tudes de march\u00e9, l&rsquo;analyse \u00e9conomique et la r\u00e9daction de contenus vari\u00e9s. Veselin est passionn\u00e9 de football, de jeux vid\u00e9o et de science.<\/p>\n","protected":false},"excerpt":{"rendered":"<p>Veselin est r\u00e9dacteur et \u00e9diteur d&rsquo;actualit\u00e9s financi\u00e8res chez TradingPedia ; il suit le march\u00e9 au comptant des mati\u00e8res premi\u00e8res et rend compte de l&rsquo;\u00e9volution des prix et des tendances sur le march\u00e9 \u00e0 terme. Veselin est titulaire d&rsquo;une licence en marketing et son exp\u00e9rience ant\u00e9rieure comprend les \u00e9tudes de march\u00e9, l&rsquo;analyse \u00e9conomique et la r\u00e9daction [&hellip;]<\/p>\n","protected":false},"author":1,"featured_media":0,"parent":120399,"menu_order":0,"comment_status":"closed","ping_status":"closed","template":"templates\/full-width.php","meta":{"footnotes":""},"class_list":["post-120495","page","type-page","status-publish","hentry"],"aioseo_notices":[],"_links":{"self":[{"href":"https:\/\/www.tradingpedia.com\/fr\/wp-json\/wp\/v2\/pages\/120495","targetHints":{"allow":["GET"]}}],"collection":[{"href":"https:\/\/www.tradingpedia.com\/fr\/wp-json\/wp\/v2\/pages"}],"about":[{"href":"https:\/\/www.tradingpedia.com\/fr\/wp-json\/wp\/v2\/types\/page"}],"author":[{"embeddable":true,"href":"https:\/\/www.tradingpedia.com\/fr\/wp-json\/wp\/v2\/users\/1"}],"replies":[{"embeddable":true,"href":"https:\/\/www.tradingpedia.com\/fr\/wp-json\/wp\/v2\/comments?post=120495"}],"version-history":[{"count":0,"href":"https:\/\/www.tradingpedia.com\/fr\/wp-json\/wp\/v2\/pages\/120495\/revisions"}],"up":[{"embeddable":true,"href":"https:\/\/www.tradingpedia.com\/fr\/wp-json\/wp\/v2\/pages\/120399"}],"wp:attachment":[{"href":"https:\/\/www.tradingpedia.com\/fr\/wp-json\/wp\/v2\/media?parent=120495"}],"curies":[{"name":"wp","href":"https:\/\/api.w.org\/{rel}","templated":true}]}}