{"id":120494,"date":"2024-11-20T12:36:54","date_gmt":"2024-11-20T12:36:54","guid":{"rendered":"https:\/\/www.tradingpedia.com\/authors\/vladimir-manev\/"},"modified":"2026-01-15T20:30:33","modified_gmt":"2026-01-15T20:30:33","slug":"vladimir-manev","status":"publish","type":"page","link":"https:\/\/www.tradingpedia.com\/fr\/authors\/vladimir-manev\/","title":{"rendered":"Vladimir Manev"},"content":{"rendered":"<p>Vladimir est r\u00e9dacteur et \u00e9diteur d&rsquo;actualit\u00e9s financi\u00e8res chez TradingPedia, o\u00f9 il surveille et rend compte des tendances du march\u00e9 des changes (Forex), ainsi que des march\u00e9s au comptant et \u00e0 terme des mati\u00e8res premi\u00e8res et des facteurs qui influencent la formation de leurs prix.<\/p>\n<p>Avant d&rsquo;occuper son poste actuel, il a d\u00e9but\u00e9 sa carri\u00e8re professionnelle au sein du bureau de change international \u201cICE\u201d Plc. Il est titulaire d&rsquo;une licence en finance et d&rsquo;un master en \u00e9conomie et administration des affaires de l&rsquo;universit\u00e9 de Vaasa, en Finlande. Parall\u00e8lement \u00e0 son int\u00e9r\u00eat pour les march\u00e9s des changes et des mati\u00e8res premi\u00e8res, il pratique activement le VTT.<\/p>\n","protected":false},"excerpt":{"rendered":"<p>Vladimir est r\u00e9dacteur et \u00e9diteur d&rsquo;actualit\u00e9s financi\u00e8res chez TradingPedia, o\u00f9 il surveille et rend compte des tendances du march\u00e9 des changes (Forex), ainsi que des march\u00e9s au comptant et \u00e0 terme des mati\u00e8res premi\u00e8res et des facteurs qui influencent la formation de leurs prix. Avant d&rsquo;occuper son poste actuel, il a d\u00e9but\u00e9 sa carri\u00e8re professionnelle [&hellip;]<\/p>\n","protected":false},"author":1,"featured_media":0,"parent":120399,"menu_order":0,"comment_status":"closed","ping_status":"closed","template":"templates\/full-width.php","meta":{"footnotes":""},"class_list":["post-120494","page","type-page","status-publish","hentry"],"aioseo_notices":[],"_links":{"self":[{"href":"https:\/\/www.tradingpedia.com\/fr\/wp-json\/wp\/v2\/pages\/120494","targetHints":{"allow":["GET"]}}],"collection":[{"href":"https:\/\/www.tradingpedia.com\/fr\/wp-json\/wp\/v2\/pages"}],"about":[{"href":"https:\/\/www.tradingpedia.com\/fr\/wp-json\/wp\/v2\/types\/page"}],"author":[{"embeddable":true,"href":"https:\/\/www.tradingpedia.com\/fr\/wp-json\/wp\/v2\/users\/1"}],"replies":[{"embeddable":true,"href":"https:\/\/www.tradingpedia.com\/fr\/wp-json\/wp\/v2\/comments?post=120494"}],"version-history":[{"count":0,"href":"https:\/\/www.tradingpedia.com\/fr\/wp-json\/wp\/v2\/pages\/120494\/revisions"}],"up":[{"embeddable":true,"href":"https:\/\/www.tradingpedia.com\/fr\/wp-json\/wp\/v2\/pages\/120399"}],"wp:attachment":[{"href":"https:\/\/www.tradingpedia.com\/fr\/wp-json\/wp\/v2\/media?parent=120494"}],"curies":[{"name":"wp","href":"https:\/\/api.w.org\/{rel}","templated":true}]}}