{"id":120493,"date":"2024-11-20T12:35:41","date_gmt":"2024-11-20T12:35:41","guid":{"rendered":"https:\/\/www.tradingpedia.com\/authors\/elmira-miteva\/"},"modified":"2026-01-15T20:29:59","modified_gmt":"2026-01-15T20:29:59","slug":"elmira-miteva","status":"publish","type":"page","link":"https:\/\/www.tradingpedia.com\/fr\/authors\/elmira-miteva\/","title":{"rendered":"Elmira Miteva"},"content":{"rendered":"<p><img decoding=\"async\" src=\"https:\/\/www.tradingpedia.com\/wp-content\/uploads\/2013\/09\/elmira-150x150.png\" alt=\"elmira\" width=\"150\" height=\"150\" class=\"alignleft size-thumbnail wp-image-19438\" \/>Elmira, r\u00e9dactrice et \u00e9ditrice d\u2019actualit\u00e9s financi\u00e8res chez TradingPedia, contribue \u00e0 la section \u00ab Trading sur actions \u00bb du site. Elle est charg\u00e9e de suivre et de pr\u00e9senter les derni\u00e8res nouvelles, rapports et indicateurs fondamentaux concernant les plus grandes et les plus r\u00e9put\u00e9es structures d\u2019entreprise dans le monde entier.<\/p>\n<p>Son exp\u00e9rience ant\u00e9rieure comprend l\u2019audit du secteur public et la banque d\u2019entreprise. Elmira est titulaire d\u2019une licence en comptabilit\u00e9 et d\u2019un master en gestion bancaire. En plus de son int\u00e9r\u00eat pour les actions, elle est une alpiniste passionn\u00e9e et une d\u00e9fenseuse de l\u2019environnement.<\/p>\n","protected":false},"excerpt":{"rendered":"<p>Elmira, r\u00e9dactrice et \u00e9ditrice d\u2019actualit\u00e9s financi\u00e8res chez TradingPedia, contribue \u00e0 la section \u00ab Trading sur actions \u00bb du site. Elle est charg\u00e9e de suivre et de pr\u00e9senter les derni\u00e8res nouvelles, rapports et indicateurs fondamentaux concernant les plus grandes et les plus r\u00e9put\u00e9es structures d\u2019entreprise dans le monde entier. Son exp\u00e9rience ant\u00e9rieure comprend l\u2019audit du secteur [&hellip;]<\/p>\n","protected":false},"author":1,"featured_media":0,"parent":120399,"menu_order":0,"comment_status":"closed","ping_status":"closed","template":"templates\/full-width.php","meta":{"footnotes":""},"class_list":["post-120493","page","type-page","status-publish","hentry"],"aioseo_notices":[],"_links":{"self":[{"href":"https:\/\/www.tradingpedia.com\/fr\/wp-json\/wp\/v2\/pages\/120493","targetHints":{"allow":["GET"]}}],"collection":[{"href":"https:\/\/www.tradingpedia.com\/fr\/wp-json\/wp\/v2\/pages"}],"about":[{"href":"https:\/\/www.tradingpedia.com\/fr\/wp-json\/wp\/v2\/types\/page"}],"author":[{"embeddable":true,"href":"https:\/\/www.tradingpedia.com\/fr\/wp-json\/wp\/v2\/users\/1"}],"replies":[{"embeddable":true,"href":"https:\/\/www.tradingpedia.com\/fr\/wp-json\/wp\/v2\/comments?post=120493"}],"version-history":[{"count":0,"href":"https:\/\/www.tradingpedia.com\/fr\/wp-json\/wp\/v2\/pages\/120493\/revisions"}],"up":[{"embeddable":true,"href":"https:\/\/www.tradingpedia.com\/fr\/wp-json\/wp\/v2\/pages\/120399"}],"wp:attachment":[{"href":"https:\/\/www.tradingpedia.com\/fr\/wp-json\/wp\/v2\/media?parent=120493"}],"curies":[{"name":"wp","href":"https:\/\/api.w.org\/{rel}","templated":true}]}}