{"id":120492,"date":"2024-11-20T12:34:36","date_gmt":"2024-11-20T12:34:36","guid":{"rendered":"https:\/\/www.tradingpedia.com\/authors\/teodor-dimov\/"},"modified":"2026-01-15T20:28:48","modified_gmt":"2026-01-15T20:28:48","slug":"teodor-dimov","status":"publish","type":"page","link":"https:\/\/www.tradingpedia.com\/fr\/authors\/teodor-dimov\/","title":{"rendered":"Teodor Dimov"},"content":{"rendered":"<p>Teodor est r\u00e9dacteur et \u00e9diteur d&rsquo;actualit\u00e9s financi\u00e8res chez TradingPedia, o\u00f9 il couvre les march\u00e9s au comptant et \u00e0 terme de mati\u00e8res premi\u00e8res ainsi que les facteurs fondamentaux li\u00e9s \u00e0 leur tarification. Avec ses coll\u00e8gues, Dimov r\u00e9dige et \u00e9dite des analyses fondamentales et techniques portant sur le trading de mati\u00e8res premi\u00e8res et sur le Forex.<\/p>\n<p>Avant de rejoindre TradingPedia, Dimov a d\u00e9but\u00e9 sa carri\u00e8re dans la gestion de la relation client chez Piraeus Bank. Il est titulaire d&rsquo;une licence en finance et d&rsquo;un master en finance d&rsquo;entreprise. <\/p>\n","protected":false},"excerpt":{"rendered":"<p>Teodor est r\u00e9dacteur et \u00e9diteur d&rsquo;actualit\u00e9s financi\u00e8res chez TradingPedia, o\u00f9 il couvre les march\u00e9s au comptant et \u00e0 terme de mati\u00e8res premi\u00e8res ainsi que les facteurs fondamentaux li\u00e9s \u00e0 leur tarification. Avec ses coll\u00e8gues, Dimov r\u00e9dige et \u00e9dite des analyses fondamentales et techniques portant sur le trading de mati\u00e8res premi\u00e8res et sur le Forex. Avant [&hellip;]<\/p>\n","protected":false},"author":1,"featured_media":0,"parent":120399,"menu_order":0,"comment_status":"closed","ping_status":"closed","template":"templates\/full-width.php","meta":{"footnotes":""},"class_list":["post-120492","page","type-page","status-publish","hentry"],"aioseo_notices":[],"_links":{"self":[{"href":"https:\/\/www.tradingpedia.com\/fr\/wp-json\/wp\/v2\/pages\/120492","targetHints":{"allow":["GET"]}}],"collection":[{"href":"https:\/\/www.tradingpedia.com\/fr\/wp-json\/wp\/v2\/pages"}],"about":[{"href":"https:\/\/www.tradingpedia.com\/fr\/wp-json\/wp\/v2\/types\/page"}],"author":[{"embeddable":true,"href":"https:\/\/www.tradingpedia.com\/fr\/wp-json\/wp\/v2\/users\/1"}],"replies":[{"embeddable":true,"href":"https:\/\/www.tradingpedia.com\/fr\/wp-json\/wp\/v2\/comments?post=120492"}],"version-history":[{"count":0,"href":"https:\/\/www.tradingpedia.com\/fr\/wp-json\/wp\/v2\/pages\/120492\/revisions"}],"up":[{"embeddable":true,"href":"https:\/\/www.tradingpedia.com\/fr\/wp-json\/wp\/v2\/pages\/120399"}],"wp:attachment":[{"href":"https:\/\/www.tradingpedia.com\/fr\/wp-json\/wp\/v2\/media?parent=120492"}],"curies":[{"name":"wp","href":"https:\/\/api.w.org\/{rel}","templated":true}]}}