{"id":120491,"date":"2024-11-20T12:33:32","date_gmt":"2024-11-20T12:33:32","guid":{"rendered":"https:\/\/www.tradingpedia.com\/authors\/sandra-leggero\/"},"modified":"2026-01-15T20:29:09","modified_gmt":"2026-01-15T20:29:09","slug":"sandra-leggero","status":"publish","type":"page","link":"https:\/\/www.tradingpedia.com\/fr\/authors\/sandra-leggero\/","title":{"rendered":"Sandra Leggero"},"content":{"rendered":"<p><img decoding=\"async\" src=\"https:\/\/www.tradingpedia.com\/wp-content\/uploads\/2013\/09\/sandra1.jpg\" alt=\"sleggero\" width=\"180\" height=\"187\" class=\"alignleft size-full wp-image-9931\" \/>Sandra Leggero poss\u00e8de une solide exp\u00e9rience des march\u00e9s financiers, apr\u00e8s avoir pass\u00e9 plus de 9 ans dans le n\u00e9goce de mati\u00e8res premi\u00e8res pour plusieurs entreprises europ\u00e9ennes et asiatiques. Elle est dipl\u00f4m\u00e9e en \u00e9conomie de  l&rsquo;universit\u00e9 de Pavie et se sp\u00e9cialise dans les march\u00e9s \u00e9mergents. Avant de rejoindre TradingPedia, Leggero a travaill\u00e9 comme collaboratrice commerciale dans une soci\u00e9t\u00e9 transnationale d&rsquo;import-export sp\u00e9cialis\u00e9e dans les mati\u00e8res premi\u00e8res.<\/p>\n<p>Leggero est titulaire d&rsquo;une licence en marketing et d&rsquo;un master en commerce international. Elle supervise les sections \u00ab Actions \u00bb et \u00ab Mati\u00e8res premi\u00e8res \u00bb et s&rsquo;av\u00e8re \u00eatre une source d&rsquo;information inestimable sur le trading de contrats \u00e0 terme sur les c\u00e9r\u00e9ales et les produits agricoles \u00ab soft \u00bb.<\/p>\n","protected":false},"excerpt":{"rendered":"<p>Sandra Leggero poss\u00e8de une solide exp\u00e9rience des march\u00e9s financiers, apr\u00e8s avoir pass\u00e9 plus de 9 ans dans le n\u00e9goce de mati\u00e8res premi\u00e8res pour plusieurs entreprises europ\u00e9ennes et asiatiques. Elle est dipl\u00f4m\u00e9e en \u00e9conomie de l&rsquo;universit\u00e9 de Pavie et se sp\u00e9cialise dans les march\u00e9s \u00e9mergents. Avant de rejoindre TradingPedia, Leggero a travaill\u00e9 comme collaboratrice commerciale dans [&hellip;]<\/p>\n","protected":false},"author":1,"featured_media":0,"parent":120399,"menu_order":0,"comment_status":"closed","ping_status":"closed","template":"templates\/full-width.php","meta":{"footnotes":""},"class_list":["post-120491","page","type-page","status-publish","hentry"],"aioseo_notices":[],"_links":{"self":[{"href":"https:\/\/www.tradingpedia.com\/fr\/wp-json\/wp\/v2\/pages\/120491","targetHints":{"allow":["GET"]}}],"collection":[{"href":"https:\/\/www.tradingpedia.com\/fr\/wp-json\/wp\/v2\/pages"}],"about":[{"href":"https:\/\/www.tradingpedia.com\/fr\/wp-json\/wp\/v2\/types\/page"}],"author":[{"embeddable":true,"href":"https:\/\/www.tradingpedia.com\/fr\/wp-json\/wp\/v2\/users\/1"}],"replies":[{"embeddable":true,"href":"https:\/\/www.tradingpedia.com\/fr\/wp-json\/wp\/v2\/comments?post=120491"}],"version-history":[{"count":0,"href":"https:\/\/www.tradingpedia.com\/fr\/wp-json\/wp\/v2\/pages\/120491\/revisions"}],"up":[{"embeddable":true,"href":"https:\/\/www.tradingpedia.com\/fr\/wp-json\/wp\/v2\/pages\/120399"}],"wp:attachment":[{"href":"https:\/\/www.tradingpedia.com\/fr\/wp-json\/wp\/v2\/media?parent=120491"}],"curies":[{"name":"wp","href":"https:\/\/api.w.org\/{rel}","templated":true}]}}