{"id":120490,"date":"2024-11-20T12:32:16","date_gmt":"2024-11-20T12:32:16","guid":{"rendered":"https:\/\/www.tradingpedia.com\/authors\/miroslav-marinov\/"},"modified":"2026-01-15T20:28:32","modified_gmt":"2026-01-15T20:28:32","slug":"miroslav-marinov","status":"publish","type":"page","link":"https:\/\/www.tradingpedia.com\/fr\/authors\/miroslav-marinov\/","title":{"rendered":"Miroslav Marinov"},"content":{"rendered":"<p><img decoding=\"async\" src=\"https:\/\/www.tradingpedia.com\/wp-content\/uploads\/2013\/09\/mmarinov.jpg\" alt=\"Miroslav Marinov\" width=\"180\" height=\"187\" class=\"alignleft size-full wp-image-9855\" srcset=\"https:\/\/www.tradingpedia.com\/wp-content\/uploads\/2013\/09\/mmarinov.jpg 180w, https:\/\/www.tradingpedia.com\/wp-content\/uploads\/2013\/09\/mmarinov-52x55.jpg 52w\" sizes=\"(max-width: 180px) 100vw, 180px\" \/>Miroslav Marinov, r\u00e9dacteur d&rsquo;actualit\u00e9s financi\u00e8res chez TradingPedia, est charg\u00e9 d&rsquo;observer et de rendre compte des tendances du march\u00e9 des changes, son attention \u00e9tant actuellement port\u00e9e sur les principales devises de huit pays d\u00e9velopp\u00e9s \u00e0 travers le monde. Il supervise la section \u00ab trading de devises \u00bb du site et contribue \u00e9galement aux rubriques \u00ab analyse fondamentale \u00bb, \u00ab analyse technique \u00bb et \u00ab strat\u00e9gie de trading \u00bb.<\/p>\n<p>Marinov est trader Forex ind\u00e9pendant depuis deux ans. Il a \u00e9galement travaill\u00e9 dans les domaines de la banque de d\u00e9tail et de la gestion de la relation client, ainsi que dans l&rsquo;audit financier ind\u00e9pendant. Ses centres d&rsquo;int\u00e9r\u00eat professionnels englobent les march\u00e9s financiers mondiaux, la gestion de patrimoine \u00e0 l&rsquo;\u00e9chelle mondiale, les bonnes pratiques de gouvernance d&rsquo;entreprise et la budg\u00e9tisation des investissements. Il est titulaire d&rsquo;une licence en finance et d&rsquo;un master en finance d&rsquo;entreprise.<\/p>\n<p><a target=\"_blank\" href=\"https:\/\/bg.linkedin.com\/in\/miroslav-marinoff-5a909828\" rel=\"nofollow noopener\"><img decoding=\"async\" width=\"25\" src=\"\/wp-content\/themes\/trading-pedia\/images\/icon-linkedin.svg\" \/><\/a><\/p>\n","protected":false},"excerpt":{"rendered":"<p>Miroslav Marinov, r\u00e9dacteur d&rsquo;actualit\u00e9s financi\u00e8res chez TradingPedia, est charg\u00e9 d&rsquo;observer et de rendre compte des tendances du march\u00e9 des changes, son attention \u00e9tant actuellement port\u00e9e sur les principales devises de huit pays d\u00e9velopp\u00e9s \u00e0 travers le monde. Il supervise la section \u00ab trading de devises \u00bb du site et contribue \u00e9galement aux rubriques \u00ab analyse [&hellip;]<\/p>\n","protected":false},"author":1,"featured_media":0,"parent":120399,"menu_order":0,"comment_status":"closed","ping_status":"closed","template":"templates\/full-width.php","meta":{"footnotes":""},"class_list":["post-120490","page","type-page","status-publish","hentry"],"aioseo_notices":[],"_links":{"self":[{"href":"https:\/\/www.tradingpedia.com\/fr\/wp-json\/wp\/v2\/pages\/120490","targetHints":{"allow":["GET"]}}],"collection":[{"href":"https:\/\/www.tradingpedia.com\/fr\/wp-json\/wp\/v2\/pages"}],"about":[{"href":"https:\/\/www.tradingpedia.com\/fr\/wp-json\/wp\/v2\/types\/page"}],"author":[{"embeddable":true,"href":"https:\/\/www.tradingpedia.com\/fr\/wp-json\/wp\/v2\/users\/1"}],"replies":[{"embeddable":true,"href":"https:\/\/www.tradingpedia.com\/fr\/wp-json\/wp\/v2\/comments?post=120490"}],"version-history":[{"count":0,"href":"https:\/\/www.tradingpedia.com\/fr\/wp-json\/wp\/v2\/pages\/120490\/revisions"}],"up":[{"embeddable":true,"href":"https:\/\/www.tradingpedia.com\/fr\/wp-json\/wp\/v2\/pages\/120399"}],"wp:attachment":[{"href":"https:\/\/www.tradingpedia.com\/fr\/wp-json\/wp\/v2\/media?parent=120490"}],"curies":[{"name":"wp","href":"https:\/\/api.w.org\/{rel}","templated":true}]}}