{"id":120489,"date":"2024-11-20T12:30:42","date_gmt":"2024-11-20T12:30:42","guid":{"rendered":"https:\/\/www.tradingpedia.com\/authors\/michael-fisher\/"},"modified":"2026-01-15T20:27:32","modified_gmt":"2026-01-15T20:27:32","slug":"michael-fisher","status":"publish","type":"page","link":"https:\/\/www.tradingpedia.com\/fr\/authors\/michael-fisher\/","title":{"rendered":"Michael Fisher"},"content":{"rendered":"<p><img decoding=\"async\" src=\"https:\/\/www.tradingpedia.com\/wp-content\/uploads\/2013\/09\/mfisher2.jpg\" alt=\"mfisher\" width=\"180\" height=\"187\" class=\"alignleft size-full wp-image-9950\" srcset=\"https:\/\/www.tradingpedia.com\/wp-content\/uploads\/2013\/09\/mfisher2.jpg 180w, https:\/\/www.tradingpedia.com\/wp-content\/uploads\/2013\/09\/mfisher2-52x55.jpg 52w\" sizes=\"(max-width: 180px) 100vw, 180px\" \/>Michael Fisher est un trader actif et analyste de march\u00e9. Il est titulaire d&rsquo;une licence en \u00e9conomie de l&rsquo;Universit\u00e9 de Pennsylvanie et a commenc\u00e9 sa carri\u00e8re comme trader Forex ind\u00e9pendant en 2005. Il a particip\u00e9 \u00e0 des \u00e9tudes portant sur des syst\u00e8mes de trading fond\u00e9s sur le suivi de tendance. Il a \u00e9galement acquis une exp\u00e9rience en tant qu&rsquo;analyste financier d&rsquo;entreprise dans le secteur de la banque priv\u00e9e. <\/p>\n<p>Fisher contribue \u00e0 la r\u00e9daction et \u00e0 la r\u00e9vision du contenu de la section \u00ab Trading Strategy \u00bb. En plus de ses int\u00e9r\u00eats pour l&rsquo;\u00e9conomie, Fisher est passionn\u00e9 par l&rsquo;art et le graphisme num\u00e9rique. <\/p>\n","protected":false},"excerpt":{"rendered":"<p>Michael Fisher est un trader actif et analyste de march\u00e9. Il est titulaire d&rsquo;une licence en \u00e9conomie de l&rsquo;Universit\u00e9 de Pennsylvanie et a commenc\u00e9 sa carri\u00e8re comme trader Forex ind\u00e9pendant en 2005. Il a particip\u00e9 \u00e0 des \u00e9tudes portant sur des syst\u00e8mes de trading fond\u00e9s sur le suivi de tendance. Il a \u00e9galement acquis une [&hellip;]<\/p>\n","protected":false},"author":1,"featured_media":0,"parent":120399,"menu_order":0,"comment_status":"closed","ping_status":"closed","template":"templates\/full-width.php","meta":{"footnotes":""},"class_list":["post-120489","page","type-page","status-publish","hentry"],"aioseo_notices":[],"_links":{"self":[{"href":"https:\/\/www.tradingpedia.com\/fr\/wp-json\/wp\/v2\/pages\/120489","targetHints":{"allow":["GET"]}}],"collection":[{"href":"https:\/\/www.tradingpedia.com\/fr\/wp-json\/wp\/v2\/pages"}],"about":[{"href":"https:\/\/www.tradingpedia.com\/fr\/wp-json\/wp\/v2\/types\/page"}],"author":[{"embeddable":true,"href":"https:\/\/www.tradingpedia.com\/fr\/wp-json\/wp\/v2\/users\/1"}],"replies":[{"embeddable":true,"href":"https:\/\/www.tradingpedia.com\/fr\/wp-json\/wp\/v2\/comments?post=120489"}],"version-history":[{"count":0,"href":"https:\/\/www.tradingpedia.com\/fr\/wp-json\/wp\/v2\/pages\/120489\/revisions"}],"up":[{"embeddable":true,"href":"https:\/\/www.tradingpedia.com\/fr\/wp-json\/wp\/v2\/pages\/120399"}],"wp:attachment":[{"href":"https:\/\/www.tradingpedia.com\/fr\/wp-json\/wp\/v2\/media?parent=120489"}],"curies":[{"name":"wp","href":"https:\/\/api.w.org\/{rel}","templated":true}]}}