{"id":120488,"date":"2024-11-20T12:29:28","date_gmt":"2024-11-20T12:29:28","guid":{"rendered":"https:\/\/www.tradingpedia.com\/authors\/ivaylo-mihaylov\/"},"modified":"2026-01-15T20:27:27","modified_gmt":"2026-01-15T20:27:27","slug":"ivaylo-mihaylov","status":"publish","type":"page","link":"https:\/\/www.tradingpedia.com\/fr\/authors\/ivaylo-mihaylov\/","title":{"rendered":"Ivaylo Mihaylov"},"content":{"rendered":"<p>Ivaylo est r\u00e9dacteur sp\u00e9cialis\u00e9 dans l\u2019actualit\u00e9 financi\u00e8re, couvrant les march\u00e9s boursiers internationaux et les march\u00e9s \u00e0 terme sur actions. Il suit l\u2019actualit\u00e9 des entreprises et r\u00e9dige des analyses d\u2019entreprise. Avec ses coll\u00e8gues, il \u00e9crit des articles sur des strat\u00e9gies de trading li\u00e9es \u00e0 l\u2019analyse technique et\/ou fondamentale.<\/p>\n<p>Ses exp\u00e9riences professionnelles pr\u00e9c\u00e9dentes portent sur les pratiques de fiscalit\u00e9 des entreprises au sein de grandes soci\u00e9t\u00e9s en Europe ainsi qu\u2019aux \u00c9tats-Unis.<\/p>\n<p>Mihaylov est titulaire d\u2019un Bachelor of Science en administration des affaires, avec une sp\u00e9cialisation en finance, obtenu \u00e0 la Concord University, WV, \u00c9tats-Unis.<\/p>\n","protected":false},"excerpt":{"rendered":"<p>Ivaylo est r\u00e9dacteur sp\u00e9cialis\u00e9 dans l\u2019actualit\u00e9 financi\u00e8re, couvrant les march\u00e9s boursiers internationaux et les march\u00e9s \u00e0 terme sur actions. Il suit l\u2019actualit\u00e9 des entreprises et r\u00e9dige des analyses d\u2019entreprise. Avec ses coll\u00e8gues, il \u00e9crit des articles sur des strat\u00e9gies de trading li\u00e9es \u00e0 l\u2019analyse technique et\/ou fondamentale. Ses exp\u00e9riences professionnelles pr\u00e9c\u00e9dentes portent sur les pratiques [&hellip;]<\/p>\n","protected":false},"author":1,"featured_media":0,"parent":120399,"menu_order":0,"comment_status":"closed","ping_status":"closed","template":"templates\/full-width.php","meta":{"footnotes":""},"class_list":["post-120488","page","type-page","status-publish","hentry"],"aioseo_notices":[],"_links":{"self":[{"href":"https:\/\/www.tradingpedia.com\/fr\/wp-json\/wp\/v2\/pages\/120488","targetHints":{"allow":["GET"]}}],"collection":[{"href":"https:\/\/www.tradingpedia.com\/fr\/wp-json\/wp\/v2\/pages"}],"about":[{"href":"https:\/\/www.tradingpedia.com\/fr\/wp-json\/wp\/v2\/types\/page"}],"author":[{"embeddable":true,"href":"https:\/\/www.tradingpedia.com\/fr\/wp-json\/wp\/v2\/users\/1"}],"replies":[{"embeddable":true,"href":"https:\/\/www.tradingpedia.com\/fr\/wp-json\/wp\/v2\/comments?post=120488"}],"version-history":[{"count":0,"href":"https:\/\/www.tradingpedia.com\/fr\/wp-json\/wp\/v2\/pages\/120488\/revisions"}],"up":[{"embeddable":true,"href":"https:\/\/www.tradingpedia.com\/fr\/wp-json\/wp\/v2\/pages\/120399"}],"wp:attachment":[{"href":"https:\/\/www.tradingpedia.com\/fr\/wp-json\/wp\/v2\/media?parent=120488"}],"curies":[{"name":"wp","href":"https:\/\/api.w.org\/{rel}","templated":true}]}}