{"id":120487,"date":"2024-11-20T12:28:11","date_gmt":"2024-11-20T12:28:11","guid":{"rendered":"https:\/\/www.tradingpedia.com\/authors\/brian-mccoll\/"},"modified":"2026-01-15T20:26:28","modified_gmt":"2026-01-15T20:26:28","slug":"brian-mccoll","status":"publish","type":"page","link":"https:\/\/www.tradingpedia.com\/fr\/authors\/brian-mccoll\/","title":{"rendered":"Brian McColl"},"content":{"rendered":"<p><img decoding=\"async\" src=\"https:\/\/www.tradingpedia.com\/wp-content\/uploads\/2013\/09\/bmccoll1.jpg\" alt=\"bmccoll\" width=\"180\" height=\"187\" class=\"alignleft size-full wp-image-9930\" srcset=\"https:\/\/www.tradingpedia.com\/wp-content\/uploads\/2013\/09\/bmccoll1.jpg 180w, https:\/\/www.tradingpedia.com\/wp-content\/uploads\/2013\/09\/bmccoll1-52x55.jpg 52w\" sizes=\"(max-width: 180px) 100vw, 180px\" \/>Brian McColl est un expert et mentor en analyse fondamentale et technique. Brian participe aux march\u00e9s du Forex et des actions depuis plus de dix ans en tant que trader ind\u00e9pendant. Avant de rejoindre TradingPedia.com, il a travaill\u00e9 comme analyste financier dans le secteur des technologies de l&rsquo;information.<\/p>\n<p>McColl est r\u00e9dacteur de contenu et \u00e9diteur dans les rubriques \u00ab Trading Strategy \u00bb et \u00ab Forex Brokers \u00bb. Il poss\u00e8de une connaissance approfondie de l&rsquo;assurance d&rsquo;entreprise, de l&rsquo;analyse financi\u00e8re et des valeurs mobili\u00e8res. McColl est titulaire d&rsquo;un master en \u00e9conomie financi\u00e8re.<\/p>\n","protected":false},"excerpt":{"rendered":"<p>Brian McColl est un expert et mentor en analyse fondamentale et technique. Brian participe aux march\u00e9s du Forex et des actions depuis plus de dix ans en tant que trader ind\u00e9pendant. Avant de rejoindre TradingPedia.com, il a travaill\u00e9 comme analyste financier dans le secteur des technologies de l&rsquo;information. McColl est r\u00e9dacteur de contenu et \u00e9diteur [&hellip;]<\/p>\n","protected":false},"author":1,"featured_media":0,"parent":120399,"menu_order":0,"comment_status":"closed","ping_status":"closed","template":"templates\/full-width.php","meta":{"footnotes":""},"class_list":["post-120487","page","type-page","status-publish","hentry"],"aioseo_notices":[],"_links":{"self":[{"href":"https:\/\/www.tradingpedia.com\/fr\/wp-json\/wp\/v2\/pages\/120487","targetHints":{"allow":["GET"]}}],"collection":[{"href":"https:\/\/www.tradingpedia.com\/fr\/wp-json\/wp\/v2\/pages"}],"about":[{"href":"https:\/\/www.tradingpedia.com\/fr\/wp-json\/wp\/v2\/types\/page"}],"author":[{"embeddable":true,"href":"https:\/\/www.tradingpedia.com\/fr\/wp-json\/wp\/v2\/users\/1"}],"replies":[{"embeddable":true,"href":"https:\/\/www.tradingpedia.com\/fr\/wp-json\/wp\/v2\/comments?post=120487"}],"version-history":[{"count":0,"href":"https:\/\/www.tradingpedia.com\/fr\/wp-json\/wp\/v2\/pages\/120487\/revisions"}],"up":[{"embeddable":true,"href":"https:\/\/www.tradingpedia.com\/fr\/wp-json\/wp\/v2\/pages\/120399"}],"wp:attachment":[{"href":"https:\/\/www.tradingpedia.com\/fr\/wp-json\/wp\/v2\/media?parent=120487"}],"curies":[{"name":"wp","href":"https:\/\/api.w.org\/{rel}","templated":true}]}}