{"id":120445,"date":"2020-08-27T09:36:48","date_gmt":"2020-08-27T09:36:48","guid":{"rendered":"https:\/\/www.tradingpedia.com\/trading-apps-2\/"},"modified":"2026-01-15T19:18:13","modified_gmt":"2026-01-15T19:18:13","slug":"trading-apps","status":"publish","type":"page","link":"https:\/\/www.tradingpedia.com\/fr\/trading-apps\/","title":{"rendered":"Applications de n\u00e9gociation Forex (iOS et Android)"},"content":{"rendered":"<p>Sur TradingPedia, les traders peuvent comparer les meilleures applications de trading mobile et leurs fonctionnalit\u00e9s afin d\u2019effectuer un choix adapt\u00e9 \u00e0 leurs besoins. Nos analyses d\u00e9taill\u00e9es couvrent tous les aspects des applications mobiles des courtiers, notamment les types de comptes disponibles, la gamme d\u2019instruments financiers propos\u00e9s, les options de d\u00e9p\u00f4t et de retrait, la r\u00e9glementation, les frais et les spreads. <\/p>\n<div class=\"clearfix\"><\/div><div class=\"row featured-brokers-cards brokers-list\"><div class=\"col-6 col-sm-4 col-md-3 item\"><div class=\"h-100 d-flex flex-column justify-content-between\"><div class=\"h-100 card-content border-radius-10\"><a href=\"https:\/\/www.tradingpedia.com\/forex-brokers\/fusion-markets\/\"><img decoding=\"async\" class=\"logo\" src=\"https:\/\/www.tradingpedia.com\/www-tradingpedia-com\/wp-content\/uploads\/logos\/md-fusion-markets-logo.webp\" \/><\/a><ul class=\"features\"><li class=\"yes\">$0 Min Deposit<\/li><li class=\"yes\">Compte d\u00e9mo<\/li><li class=\"yes\">Couverture (hedging)<\/li><li class=\"yes\">Scalping<\/li><\/ul><div class=\"excerpt\"><i class=\"fas fa-plus-circle view-excerpt\"><\/i><div class=\"excerpt-content border-radius-10\">Libertex est un courtier mobile r\u00e9glement\u00e9 qui donne aux traders acc\u00e8s aux march\u00e9s financiers via deux applications natives intuitives. Les traders sur mobile peuvent t\u00e9l\u00e9charger gratuitement ces applications soit depuis le site officiel du cou... <a href=\"https:\/\/www.tradingpedia.com\/forex-brokers\/fusion-markets\/\">Read more<\/a><\/div><\/div><\/div><div class=\"card-c2a\"><a class=\"btn border-radius-10 c2a-btn\" rel=\"nofollow\" target=\"_blank\" href=\"\/out\/fusion-markets?au=114&bp=1\">VISIT<\/a><\/div><\/div><\/div><div class=\"col-6 col-sm-4 col-md-3 item\"><div class=\"h-100 d-flex flex-column justify-content-between\"><div class=\"h-100 card-content border-radius-10\"><a href=\"https:\/\/www.tradingpedia.com\/forex-brokers\/fxpro\/\"><img decoding=\"async\" class=\"logo\" src=\"https:\/\/www.tradingpedia.com\/www-tradingpedia-com\/wp-content\/uploads\/logos\/md-fxpro-logo.webp\" \/><\/a><ul class=\"features\"><li class=\"yes\">$100 Min Deposit<\/li><li class=\"yes\">Compte d\u00e9mo<\/li><li class=\"yes\">Couverture (hedging)<\/li><li class=\"yes\">Scalping<\/li><\/ul><div class=\"excerpt\"><i class=\"fas fa-plus-circle view-excerpt\"><\/i><div class=\"excerpt-content border-radius-10\">Libertex est un courtier mobile r\u00e9glement\u00e9 qui donne aux traders acc\u00e8s aux march\u00e9s financiers via deux applications natives intuitives. Les traders sur mobile peuvent t\u00e9l\u00e9charger gratuitement ces applications soit depuis le site officiel du cou... <a href=\"https:\/\/www.tradingpedia.com\/forex-brokers\/fxpro\/\">Read more<\/a><\/div><\/div><\/div><div class=\"card-c2a\"><a class=\"btn border-radius-10 c2a-btn\" rel=\"nofollow\" target=\"_blank\" href=\"\/out\/fxpro?au=114&bp=2\">VISIT<\/a><\/div><\/div><\/div><div class=\"col-6 col-sm-4 col-md-3 item\"><div class=\"h-100 d-flex flex-column justify-content-between\"><div class=\"h-100 card-content border-radius-10\"><a href=\"https:\/\/www.tradingpedia.com\/forex-brokers\/xm\/\"><img decoding=\"async\" class=\"logo\" src=\"https:\/\/www.tradingpedia.com\/www-tradingpedia-com\/wp-content\/uploads\/logos\/md-xm-logo.webp\" \/><\/a><ul class=\"features\"><li class=\"yes\">$5 Min Deposit<\/li><li class=\"yes\">Compte d\u00e9mo<\/li><li class=\"yes\">Couverture (hedging)<\/li><li class=\"yes\">Scalping<\/li><\/ul><div class=\"excerpt\"><i class=\"fas fa-plus-circle view-excerpt\"><\/i><div class=\"excerpt-content border-radius-10\">Libertex est un courtier mobile r\u00e9glement\u00e9 qui donne aux traders acc\u00e8s aux march\u00e9s financiers via deux applications natives intuitives. Les traders sur mobile peuvent t\u00e9l\u00e9charger gratuitement ces applications soit depuis le site officiel du cou... <a href=\"https:\/\/www.tradingpedia.com\/forex-brokers\/xm\/\">Read more<\/a><\/div><\/div><\/div><div class=\"card-c2a\"><a class=\"btn border-radius-10 c2a-btn\" rel=\"nofollow\" target=\"_blank\" href=\"\/out\/xm?au=114&bp=3\">VISIT<\/a><\/div><\/div><\/div><div class=\"col-6 col-sm-4 col-md-3 item\"><div class=\"h-100 d-flex flex-column justify-content-between\"><div class=\"h-100 card-content border-radius-10\"><a href=\"https:\/\/www.tradingpedia.com\/forex-brokers\/libertex\/\"><img decoding=\"async\" class=\"logo\" src=\"https:\/\/www.tradingpedia.com\/www-tradingpedia-com\/wp-content\/uploads\/logos\/md-libertex-logo.webp\" \/><\/a><ul class=\"features\"><li class=\"yes\">$\/\u20ac10, \u20ac100 (first deposit, Europe) Min Deposit<\/li><li class=\"yes\">Compte d\u00e9mo<\/li><li class=\"yes\">Couverture (hedging)<\/li><li class=\"yes\">Scalping<\/li><\/ul><div class=\"excerpt\"><i class=\"fas fa-plus-circle view-excerpt\"><\/i><div class=\"excerpt-content border-radius-10\">Libertex est un courtier mobile r\u00e9glement\u00e9 qui donne aux traders acc\u00e8s aux march\u00e9s financiers via deux applications natives intuitives. Les traders sur mobile peuvent t\u00e9l\u00e9charger gratuitement ces applications soit depuis le site officiel du cou... <a href=\"https:\/\/www.tradingpedia.com\/forex-brokers\/libertex\/\">Read more<\/a><\/div><\/div><\/div><div class=\"card-c2a\"><a class=\"btn border-radius-10 c2a-btn\" rel=\"nofollow\" target=\"_blank\" href=\"\/out\/libertex?au=114&bp=4\">VISIT<\/a><\/div><\/div><\/div><div class=\"col-6 col-sm-4 col-md-3 item\"><div class=\"h-100 d-flex flex-column justify-content-between\"><div class=\"h-100 card-content border-radius-10\"><a href=\"https:\/\/www.tradingpedia.com\/forex-brokers\/avatrade\/\"><img decoding=\"async\" class=\"logo\" src=\"https:\/\/www.tradingpedia.com\/www-tradingpedia-com\/wp-content\/uploads\/logos\/md-avatrade-logo.webp\" \/><\/a><ul class=\"features\"><li class=\"yes\">$100 Min Deposit<\/li><li class=\"yes\">Compte d\u00e9mo<\/li><li class=\"yes\">Couverture (hedging)<\/li><li class=\"yes\">Scalping<\/li><\/ul><div class=\"excerpt\"><i class=\"fas fa-plus-circle view-excerpt\"><\/i><div class=\"excerpt-content border-radius-10\">Libertex est un courtier mobile r\u00e9glement\u00e9 qui donne aux traders acc\u00e8s aux march\u00e9s financiers via deux applications natives intuitives. Les traders sur mobile peuvent t\u00e9l\u00e9charger gratuitement ces applications soit depuis le site officiel du cou... <a href=\"https:\/\/www.tradingpedia.com\/forex-brokers\/avatrade\/\">Read more<\/a><\/div><\/div><\/div><div class=\"card-c2a\"><a class=\"btn border-radius-10 c2a-btn\" rel=\"nofollow\" target=\"_blank\" href=\"\/out\/avatrade?au=114&bp=5\">VISIT<\/a><\/div><\/div><\/div><div class=\"col-6 col-sm-4 col-md-3 item\"><div class=\"h-100 d-flex flex-column justify-content-between\"><div class=\"h-100 card-content border-radius-10\"><a href=\"https:\/\/www.tradingpedia.com\/forex-brokers\/etoro\/\"><img decoding=\"async\" class=\"logo\" src=\"https:\/\/www.tradingpedia.com\/www-tradingpedia-com\/wp-content\/uploads\/logos\/md-etoro-logo.webp\" \/><\/a><ul class=\"features\"><li class=\"yes\">50 $ ou 100 $ selon le pays (10 $ pour le Royaume-Uni) Min Deposit<\/li><li class=\"yes\">Compte d\u00e9mo<\/li><li class=\"yes\">Couverture (hedging)<\/li><li class=\"no\">Scalping<\/li><\/ul><div class=\"excerpt\"><i class=\"fas fa-plus-circle view-excerpt\"><\/i><div class=\"excerpt-content border-radius-10\">Libertex est un courtier mobile r\u00e9glement\u00e9 qui donne aux traders acc\u00e8s aux march\u00e9s financiers via deux applications natives intuitives. Les traders sur mobile peuvent t\u00e9l\u00e9charger gratuitement ces applications soit depuis le site officiel du cou... <a href=\"https:\/\/www.tradingpedia.com\/forex-brokers\/etoro\/\">Read more<\/a><\/div><\/div><\/div><div class=\"card-c2a\"><a class=\"btn border-radius-10 c2a-btn\" rel=\"nofollow\" target=\"_blank\" href=\"\/out\/etoro?au=114&bp=6\">VISIT<\/a><\/div><\/div><\/div><div class=\"col-6 col-sm-4 col-md-3 item\"><div class=\"h-100 d-flex flex-column justify-content-between\"><div class=\"h-100 card-content border-radius-10\"><a href=\"https:\/\/www.tradingpedia.com\/forex-brokers\/markets-com\/\"><img decoding=\"async\" class=\"logo\" src=\"https:\/\/www.tradingpedia.com\/www-tradingpedia-com\/wp-content\/uploads\/logos\/md-markets-com-logo.webp\" \/><\/a><ul class=\"features\"><li class=\"yes\">$100 Min Deposit<\/li><li class=\"yes\">Compte d\u00e9mo<\/li><li class=\"yes\">Couverture (hedging)<\/li><li class=\"yes\">Scalping<\/li><\/ul><div class=\"excerpt\"><i class=\"fas fa-plus-circle view-excerpt\"><\/i><div class=\"excerpt-content border-radius-10\">Libertex est un courtier mobile r\u00e9glement\u00e9 qui donne aux traders acc\u00e8s aux march\u00e9s financiers via deux applications natives intuitives. Les traders sur mobile peuvent t\u00e9l\u00e9charger gratuitement ces applications soit depuis le site officiel du cou... <a href=\"https:\/\/www.tradingpedia.com\/forex-brokers\/markets-com\/\">Read more<\/a><\/div><\/div><\/div><div class=\"card-c2a\"><a class=\"btn border-radius-10 c2a-btn\">VISIT<\/a><\/div><\/div><\/div><div class=\"col-6 col-sm-4 col-md-3 item\"><div class=\"h-100 d-flex flex-column justify-content-between\"><div class=\"h-100 card-content border-radius-10\"><a href=\"https:\/\/www.tradingpedia.com\/fr\/trading-apps\/robinhood-mobile-trading-app\/\"><img decoding=\"async\" class=\"logo\" src=\"\/wp-content\/uploads\/logos\/md-robinhood-logo.jpg\" \/><\/a><ul class=\"features\"><li class=\"yes\">1 Min Deposit<\/li><li class=\"no\">Compte d\u00e9mo<\/li><li class=\"no\">Couverture (hedging)<\/li><li class=\"no\">Scalping<\/li><\/ul><div class=\"excerpt\"><i class=\"fas fa-plus-circle view-excerpt\"><\/i><div class=\"excerpt-content border-radius-10\">Robinhood est un courtier en actions bien \u00e9tabli dont l'histoire a commenc\u00e9 il y ... <a href=\"https:\/\/www.tradingpedia.com\/fr\/trading-apps\/robinhood-mobile-trading-app\/\">Read more<\/a><\/div><\/div><\/div><div class=\"card-c2a\"><a class=\"btn border-radius-10 c2a-btn\">VISIT<\/a><\/div><\/div><\/div><div class=\"col-6 col-sm-4 col-md-3 item\"><div class=\"h-100 d-flex flex-column justify-content-between\"><div class=\"h-100 card-content border-radius-10\"><a href=\"https:\/\/www.tradingpedia.com\/fr\/trading-apps\/dukascopy-mobile-trading-app\/\"><img decoding=\"async\" class=\"logo\" src=\"\/wp-content\/uploads\/logos\/md-dukascopy-logo.jpg\" \/><\/a><ul class=\"features\"><li class=\"yes\">5000.0000 Min Deposit<\/li><li class=\"yes\">Compte d\u00e9mo<\/li><li class=\"no\">Couverture (hedging)<\/li><li class=\"no\">Scalping<\/li><\/ul><div class=\"excerpt\"><i class=\"fas fa-plus-circle view-excerpt\"><\/i><div class=\"excerpt-content border-radius-10\">Dukascopy est un courtier en ligne et une banque prim\u00e9s, originaires de la ville la plu... <a href=\"https:\/\/www.tradingpedia.com\/fr\/trading-apps\/dukascopy-mobile-trading-app\/\">Read more<\/a><\/div><\/div><\/div><div class=\"card-c2a\"><a class=\"btn border-radius-10 c2a-btn\">VISIT<\/a><\/div><\/div><\/div><\/div><div class=\"clearfix\"><\/div>\n<h2>Comment choisir la bonne application de trading Forex<\/h2>\n<p>Choisir le bon courtier Forex est crucial pour tout trader qui souhaite r\u00e9ussir sur le march\u00e9 des changes. Avec autant d\u2019options disponibles, il peut \u00eatre difficile de d\u00e9terminer quel courtier correspond le mieux \u00e0 vos besoins. Voici neuf facteurs cl\u00e9s \u00e0 prendre en compte lors du choix d\u2019un courtier Forex :<\/p>\n<h3>Conformit\u00e9 r\u00e9glementaire<\/h3>\n<p>Assurez-vous que le courtier est r\u00e9gul\u00e9 par une autorit\u00e9 r\u00e9put\u00e9e, telle que la Financial Conduct Authority (<a href=\"https:\/\/www.fca.org.uk\/\" rel=\"noopener nofollow \" target=\"_blank\">FCA<\/a>), la National Futures Association (<a href=\"https:\/\/www.nfa.futures.org\/\" rel=\"noopener nofollow \" target=\"_blank\">NFA<\/a>),  la Cyprus Securities and Exchange Commission (<a href=\"https:\/\/www.cysec.gov.cy\/en-gb\/home\/\" rel=\"noopener nofollow \" target=\"_blank\">CySEC<\/a>) ou l\u2019Australian Securities and Investments Commission (<a href=\"https:\/\/asic.gov.au\/\" rel=\"noopener nofollow \" target=\"_blank\">ASIC<\/a>). Cela ajoute une couche de protection suppl\u00e9mentaire pour vos fonds et garantit que le courtier op\u00e8re de mani\u00e8re \u00e9quitable et transparente.<\/p>\n<h3>Effet de levier et niveaux de marge<\/h3>\n<p>L\u2019effet de levier vous permet de contr\u00f4ler des positions plus importantes avec un capital plus r\u00e9duit. Cependant, il augmente \u00e9galement le risque de pertes. Recherchez un courtier qui propose des options de levier flexibles et des exigences de marge comp\u00e9titives.<\/p>\n<h3>Spreads et commissions<\/h3>\n<p>Le spread est la diff\u00e9rence entre les prix d\u2019achat et de vente d\u2019une paire de devises. Recherchez un courtier qui propose des spreads comp\u00e9titifs et des commissions faibles.<\/p>\n<h3>D\u00e9p\u00f4ts et retraits<\/h3>\n<p>V\u00e9rifiez les politiques de d\u00e9p\u00f4t et de retrait du courtier afin de vous assurer qu\u2019elles sont pratiques et \u00e9conomiques. Recherchez des courtiers qui proposent des d\u00e9p\u00f4ts et des retraits gratuits, ainsi qu\u2019un large choix de moyens de paiement, notamment <a href=\"https:\/\/www.tradingpedia.com\/fr\/forex-brokers\/forex-trading-with-visa-card\/\" rel=\"noopener\" target=\"_blank\">Visa<\/a>, <a href=\"https:\/\/www.tradingpedia.com\/fr\/forex-brokers\/forex-trading-with-mastercard\/\" rel=\"noopener\" target=\"_blank\">MasterCard<\/a>, <a href=\"https:\/\/www.tradingpedia.com\/fr\/forex-brokers\/forex-trading-brokers-paypal\/\" rel=\"noopener\" target=\"_blank\">PayPal<\/a> ou <a href=\"https:\/\/www.tradingpedia.com\/fr\/forex-brokers\/forex-trading-with-crypto\/\" rel=\"noopener\" target=\"_blank\">crypto<\/a>.<\/p>\n<h3>Plateformes de trading<\/h3>\n<p>Une bonne plateforme de trading doit \u00eatre conviviale, fiable et offrir un ensemble de fonctionnalit\u00e9s et d\u2019outils pour vous aider \u00e0 trader efficacement. Recherchez des courtiers qui proposent plusieurs plateformes, y compris des solutions mobiles et des interfaces bas\u00e9es sur le web. Les plateformes de trading les plus populaires sont <a href=\"https:\/\/www.metatrader4.com\/en\" rel=\"noopener nofollow \" target=\"_blank\">MetaTrader 4<\/a>, <a href=\"https:\/\/www.metatrader5.com\/\" rel=\"noopener nofollow \" target=\"_blank\">MetaTrader 5<\/a>, <a href=\"https:\/\/www.tradingview.com\/brokerage-integration\/\" rel=\"noopener nofollow \" target=\"_blank\">TradingView<\/a> et <a href=\"https:\/\/ctrader.com\/\" rel=\"noopener nofollow \" target=\"_blank\">cTrader<\/a>.<\/p>\n<h3>Heures de trading<\/h3>\n<p>Le Forex est un march\u00e9 ouvert 24 h\/24, il est donc essentiel de choisir un courtier qui offre des horaires de trading flexibles. Recherchez des courtiers qui proposent du trading 24 h\/24, 5 jours sur 7, ainsi que des horaires de n\u00e9gociation le week-end.<\/p>\n<h3>Nombre de march\u00e9s Forex disponibles<\/h3>\n<p>Un bon courtier doit proposer un large \u00e9ventail de paires de devises, y compris des paires majeures, mineures et exotiques. Recherchez des courtiers qui offrent plus de 80 paires de devises, ainsi que diff\u00e9rentes mani\u00e8res de les trader, comme le spot et les positions sur contrats \u00e0 terme.<\/p>\n<h3>Outils p\u00e9dagogiques<\/h3>\n<p> Un bon courtier doit proposer un ensemble de ressources p\u00e9dagogiques pour vous aider \u00e0 am\u00e9liorer vos comp\u00e9tences de trading. Recherchez des courtiers qui offrent des cours gratuits, des webinaires et des articles d\u2019analyse, ainsi qu\u2019un compte de d\u00e9monstration pour vous entra\u00eener.<\/p>\n<h3>Service client<\/h3>\n<p> Un bon service client est essentiel pour tout trader. Recherchez des courtiers qui proposent une assistance 24 h\/24, ainsi qu\u2019une large gamme de moyens de contact, notamment par t\u00e9l\u00e9phone, par e-mail et via le chat en direct. En tenant compte de ces facteurs, vous pouvez trouver un courtier Forex qui r\u00e9pond \u00e0 vos besoins et vous aide \u00e0 atteindre vos objectifs de trading. N\u2019oubliez jamais de faire vos propres recherches et de lire les avis d\u2019autres traders avant de prendre une d\u00e9cision.<\/p>\n<p>En conclusion, le choix du bon courtier Forex est une d\u00e9cision cruciale qui peut avoir un impact significatif sur votre r\u00e9ussite en trading. En tenant compte des facteurs d\u00e9crits ci-dessus, vous pouvez trouver un courtier qui offre la bonne combinaison de fonctionnalit\u00e9s, d\u2019outils et de services pour vous aider \u00e0 atteindre vos objectifs de trading. Rappelez-vous toujours de faire vos propres recherches, de lire les avis et de tester la plateforme d\u2019un courtier avant de prendre une d\u00e9cision.<\/p>\n","protected":false},"excerpt":{"rendered":"<p>Sur TradingPedia, les traders peuvent comparer les meilleures applications de trading mobile et leurs fonctionnalit\u00e9s afin d\u2019effectuer un choix adapt\u00e9 \u00e0 leurs besoins. Nos analyses d\u00e9taill\u00e9es couvrent tous les aspects des applications mobiles des courtiers, notamment les types de comptes disponibles, la gamme d\u2019instruments financiers propos\u00e9s, les options de d\u00e9p\u00f4t et de retrait, la r\u00e9glementation, [&hellip;]<\/p>\n","protected":false},"author":1,"featured_media":0,"parent":0,"menu_order":0,"comment_status":"closed","ping_status":"closed","template":"templates\/full-width.php","meta":{"footnotes":""},"class_list":["post-120445","page","type-page","status-publish","hentry"],"aioseo_notices":[],"_links":{"self":[{"href":"https:\/\/www.tradingpedia.com\/fr\/wp-json\/wp\/v2\/pages\/120445","targetHints":{"allow":["GET"]}}],"collection":[{"href":"https:\/\/www.tradingpedia.com\/fr\/wp-json\/wp\/v2\/pages"}],"about":[{"href":"https:\/\/www.tradingpedia.com\/fr\/wp-json\/wp\/v2\/types\/page"}],"author":[{"embeddable":true,"href":"https:\/\/www.tradingpedia.com\/fr\/wp-json\/wp\/v2\/users\/1"}],"replies":[{"embeddable":true,"href":"https:\/\/www.tradingpedia.com\/fr\/wp-json\/wp\/v2\/comments?post=120445"}],"version-history":[{"count":0,"href":"https:\/\/www.tradingpedia.com\/fr\/wp-json\/wp\/v2\/pages\/120445\/revisions"}],"wp:attachment":[{"href":"https:\/\/www.tradingpedia.com\/fr\/wp-json\/wp\/v2\/media?parent=120445"}],"curies":[{"name":"wp","href":"https:\/\/api.w.org\/{rel}","templated":true}]}}