{"id":120422,"date":"2019-09-04T07:47:20","date_gmt":"2019-09-04T07:47:20","guid":{"rendered":"https:\/\/www.tradingpedia.com\/forex-brokers\/libertex\/"},"modified":"2026-04-28T09:28:04","modified_gmt":"2026-04-28T09:28:04","slug":"libertex","status":"publish","type":"page","link":"https:\/\/www.tradingpedia.com\/fr\/forex-brokers\/libertex\/","title":{"rendered":"Avis sur la plateforme Libertex"},"content":{"rendered":"<p>Libertex est un courtier en ligne exp\u00e9riment\u00e9 sur les march\u00e9s financiers, sp\u00e9cialis\u00e9 dans le trading d\u2019actions r\u00e9elles et de CFD. Le courtier propose une application conviviale pour les appareils mobiles iOS et Android.<\/p>\n<p>De l\u2019inscription et de l\u2019alimentation du compte, simples et rapides, \u00e0 l\u2019ex\u00e9cution ultra-rapide des ordres et \u00e0 un environnement de trading unique, la plateforme dispose de tout le n\u00e9cessaire pour le trading en ligne. Avec son interface conviviale, Libertex convient \u00e0 tous les types de traders.<\/p>\n\n    <section class=\"instruments\">\n      <div class=\"instruments_head\">\n        <h2 id=\"instruments\">Actifs sous-jacents<div class=\"star-rating stars-4\"><\/div><\/h2>\n        Chez Libertex, vous pouvez n\u00e9gocier une grande vari\u00e9t\u00e9 d'actifs sous-jacents ou investir dans des actions r\u00e9elles. En fonction de votre style de n\u00e9gociation et de vos objectifs, vous pouvez choisir les actifs qui correspondent le mieux \u00e0 vos besoins. Libertex propose des CFD n\u00e9gociables, dont les actifs sous-jacents comprennent les mati\u00e8res premi\u00e8res, les indices, le Forex, les ETF, les crypto-monnaies, les actions et d'autres instruments. Les clients peuvent n\u00e9gocier des CFD avec des frais de commission faibles et des spreads serr\u00e9s.\n      <\/div>\n\n      <div class=\"instruments_body\">\n        <ul class=\"row\">\n          <li class=\"col-12 col-sm-6 col-md-4\"><div class=\"instrument\"><a href=\"#trading_instruments-0\">CFD sur les devises<\/a><\/div><\/li><li class=\"col-12 col-sm-6 col-md-4\"><div class=\"instrument\"><a href=\"#trading_instruments-1\">CFD sur les crypto-monnaies<\/a><\/div><\/li><li class=\"col-12 col-sm-6 col-md-4\"><div class=\"instrument\"><a href=\"#trading_instruments-2\">CFDs sur les m\u00e9taux pr\u00e9cieux<\/a><\/div><\/li><li class=\"col-12 col-sm-6 col-md-4\"><div class=\"instrument\"><a href=\"#trading_instruments-3\">CFD sur le p\u00e9trole et le gaz<\/a><\/div><\/li><li class=\"col-12 col-sm-6 col-md-4\"><div class=\"instrument\"><a href=\"#trading_instruments-4\">CFD sur actions<\/a><\/div><\/li><li class=\"col-12 col-sm-6 col-md-4\"><div class=\"instrument\"><a href=\"#trading_instruments-5\">CFD sur les produits agricoles<\/a><\/div><\/li>\n        <\/ul>\n      <\/div>\n\n      <div class=\"instruments_foot\">\n        <div id=\"trading_instruments-0\"><h3>CFD sur les devises<\/h3><p>Le trading de CFD sur le Forex permet aux traders de sp\u00e9culer sur la hausse ou la baisse des cours de diff\u00e9rentes paires de devises sans poss\u00e9der les devises sous-jacentes. Sur Libertex, vous pouvez n\u00e9gocier sept paires principales de CFD (EUR\/USD, GBP\/USD, USD\/JPY et d&rsquo;autres) ainsi que vingt-trois paires crois\u00e9es de CFD (EUR\/JPY, GBP\/JPY, CAD\/JPY, etc.). Par ailleurs, plus de vingt paires exotiques de CFD sont disponibles.<\/p>\n<\/div><div id=\"trading_instruments-1\"><h3>CFD sur les crypto-monnaies<\/h3><p>Dans un monde de plus en plus num\u00e9ris\u00e9, les cryptomonnaies gagnent en popularit\u00e9. Comme pour le trading de CFD sur le Forex, les traders ne poss\u00e8dent pas les actifs sous-jacents qu&rsquo;ils n\u00e9gocient. Libertex propose des CFD sur Bitcoin et Litecoin. Le prix du Bitcoin fluctue fortement, car sa valeur d\u00e9pend de la demande et du volume de biens qu&rsquo;il permet d&rsquo;acheter. Le Litecoin est la deuxi\u00e8me cryptomonnaie la plus \u00e9chang\u00e9e et est souvent consid\u00e9r\u00e9e comme l&rsquo;argent par rapport \u00e0 l&rsquo;or repr\u00e9sent\u00e9 par le Bitcoin. Sa volatilit\u00e9 offre \u00e9galement des opportunit\u00e9s int\u00e9ressantes pour les traders.<\/p>\n<\/div><div id=\"trading_instruments-2\"><h3>CFDs sur les m\u00e9taux pr\u00e9cieux<\/h3><p>Les m\u00e9taux pr\u00e9cieux constituent une autre classe d&rsquo;actifs tr\u00e8s recherch\u00e9e par les traders de tous les niveaux d&rsquo;exp\u00e9rience. Libertex permet aux traders de n\u00e9gocier des CFD sur l&rsquo;or, l&rsquo;argent, le cuivre, le platine et le palladium. La section actualit\u00e9s du march\u00e9 de la plateforme les tient bien inform\u00e9s des derniers d\u00e9veloppements et tendances. Les CFD sur l&rsquo;or et l&rsquo;argent suscitent beaucoup d&rsquo;int\u00e9r\u00eat aupr\u00e8s des traders, car ils sont consid\u00e9r\u00e9s comme des actifs sous-jacents de choix pour la n\u00e9gociation. Les CFD sur le cuivre, le platine et le palladium suscitent \u00e9galement l&rsquo;int\u00e9r\u00eat des traders, car ces m\u00e9taux sont largement utilis\u00e9s dans de nombreux secteurs industriels.<\/p>\n<\/div><div id=\"trading_instruments-3\"><h3>CFD sur le p\u00e9trole et le gaz<\/h3><p>Libertex offre aux traders la possibilit\u00e9 de n\u00e9gocier cinq types de contrats sur diff\u00e9rence (CFD) portant sur le p\u00e9trole et le gaz : p\u00e9trole brut Brent, p\u00e9trole brut WTI, gaz naturel Henry Hub, fioul de chauffage et p\u00e9trole brut l\u00e9ger. Le comportement des prix du p\u00e9trole est g\u00e9n\u00e9ralement d\u00e9termin\u00e9 par l&rsquo;\u00e9quilibre entre l&rsquo;offre et la demande, ainsi que par divers facteurs macro\u00e9conomiques et g\u00e9opolitiques. Outre l&rsquo;\u00e9quilibre entre l&rsquo;offre et la demande, d&rsquo;autres facteurs influant sur les prix du gaz naturel sont les prix du p\u00e9trole et les conditions m\u00e9t\u00e9orologiques.<\/p>\n<\/div><div id=\"trading_instruments-4\"><h3>CFD sur actions<\/h3><p>Le trading de CFD sur actions est une option suppl\u00e9mentaire propos\u00e9e aux clients de Libertex. La plateforme r\u00e9pertorie une vari\u00e9t\u00e9 de secteurs, notamment technologie, industrie, finance, services aux consommateurs, t\u00e9l\u00e9communications, \u00e9nergie et sant\u00e9, entre autres. Les CFD sur les actions de soci\u00e9t\u00e9s de premier plan \u2014 telles que eBay Inc., Twitter Inc., Google Inc., Apple Inc., Microsoft Corp. et Adobe Systems Inc. \u2014 sont tr\u00e8s pris\u00e9s des traders.<\/p>\n<\/div><div id=\"trading_instruments-5\"><h3>CFD sur les produits agricoles<\/h3><p>Lorsque Libertex parle des CFD agricoles, il s&rsquo;agit de contrats pour diff\u00e9rence traditionnels disponibles sur sa plateforme moderne. Ces instruments s\u00e9duisent \u00e0 la fois les investisseurs d\u00e9butants et exp\u00e9riment\u00e9s ; ils proposent des CFD sur le caf\u00e9, le cacao, le soja, le bl\u00e9, le ma\u00efs et le sucre. Ils demeurent parmi les actifs sous-jacents les plus activement n\u00e9goci\u00e9s, leurs prix fluctuant de fa\u00e7on saisonni\u00e8re et tout au long de l&rsquo;ann\u00e9e. Outre l&rsquo;offre et la demande, les prix des mati\u00e8res premi\u00e8res agricoles sont influenc\u00e9s par des facteurs tels que les conditions m\u00e9t\u00e9orologiques, les progr\u00e8s des technologies agricoles et la croissance de la population mondiale.<\/p>\n<\/div>\n      <\/div>\n    <\/section>\n  \n<h2 id=\"platforms\">Plateforme de trading <div class=\"star-rating stars-4-5\"><\/div><\/h2>\n\n<div class=\"platforms\">\n<table>\n  <tbody>\n    <tr>\n      <th>\n        <img decoding=\"async\" src=\"https:\/\/www.tradingpedia.com\/wp-content\/themes\/trading-pedia\/images\/platforms-icon.svg\">\n        <h3>Plateformes<\/h3>\n      <\/th>\n      <th>\n        <img decoding=\"async\" src=\"https:\/\/www.tradingpedia.com\/wp-content\/themes\/trading-pedia\/images\/pc-mac-icon.svg\">\n        <h3>PC \/ Mac<\/h3>\n      <\/th>\n      <th>\n        <img decoding=\"async\" src=\"https:\/\/www.tradingpedia.com\/wp-content\/themes\/trading-pedia\/images\/smartphones-icon.svg\">\n        <h3>Smartphones<\/h3>\n      <\/th>\n      <th>\n        <img decoding=\"async\" src=\"https:\/\/www.tradingpedia.com\/wp-content\/themes\/trading-pedia\/images\/tablets-icon.svg\">\n        <h3>Tablettes<\/h3>\n      <\/th>\n    <\/tr><tr><td>MetaTrader 4<\/td><td><img decoding=\"async\" src=\"https:\/\/www.tradingpedia.com\/wp-content\/themes\/trading-pedia\/images\/windows-logo.svg\" \/><img decoding=\"async\" src=\"https:\/\/www.tradingpedia.com\/wp-content\/themes\/trading-pedia\/images\/apple-logo.svg\" \/><\/td><td><img decoding=\"async\" src=\"https:\/\/www.tradingpedia.com\/wp-content\/themes\/trading-pedia\/images\/ios-logo.svg\" \/><img decoding=\"async\" src=\"https:\/\/www.tradingpedia.com\/wp-content\/themes\/trading-pedia\/images\/android-logo.svg\" \/><\/td><td><img decoding=\"async\" src=\"https:\/\/www.tradingpedia.com\/wp-content\/themes\/trading-pedia\/images\/ios-logo.svg\" \/><img decoding=\"async\" src=\"https:\/\/www.tradingpedia.com\/wp-content\/themes\/trading-pedia\/images\/android-logo.svg\" \/><\/td><\/tr><tr><td>MetaTrader 5<\/td><td><img decoding=\"async\" src=\"https:\/\/www.tradingpedia.com\/wp-content\/themes\/trading-pedia\/images\/windows-logo.svg\" \/><img decoding=\"async\" src=\"https:\/\/www.tradingpedia.com\/wp-content\/themes\/trading-pedia\/images\/apple-logo.svg\" \/><\/td><td><img decoding=\"async\" src=\"https:\/\/www.tradingpedia.com\/wp-content\/themes\/trading-pedia\/images\/ios-logo.svg\" \/><img decoding=\"async\" src=\"https:\/\/www.tradingpedia.com\/wp-content\/themes\/trading-pedia\/images\/android-logo.svg\" \/><\/td><td><img decoding=\"async\" src=\"https:\/\/www.tradingpedia.com\/wp-content\/themes\/trading-pedia\/images\/ios-logo.svg\" \/><img decoding=\"async\" src=\"https:\/\/www.tradingpedia.com\/wp-content\/themes\/trading-pedia\/images\/android-logo.svg\" \/><\/td><\/tr><\/tbody><\/table><\/div>\n\n        <div class=\"table-wrapper\">\n          <table>\n            <tr><th colspan=\"2\">Informations de trading<\/th><\/tr>\n            <tr><td>Plateformes de trading<\/td><td>MetaTrader 4, MetaTrader 5<\/d><\/tr>\n      <tr><td>Compte d\u00e9mo<\/td><td><img decoding=\"async\" width=\"24\" height=\"24\" src=\"https:\/\/www.tradingpedia.com\/wp-content\/themes\/trading-pedia\/images\/ico-check.svg\" alt=\"Disponible\" \/><\/td><\/tr><tr><td>Couverture (hedging)<\/td><td><img decoding=\"async\" width=\"24\" height=\"24\" src=\"https:\/\/www.tradingpedia.com\/wp-content\/themes\/trading-pedia\/images\/ico-check.svg\" alt=\"Disponible\" \/><\/td><\/tr><tr><td>Scalping<\/td><td><img decoding=\"async\" width=\"24\" height=\"24\" src=\"https:\/\/www.tradingpedia.com\/wp-content\/themes\/trading-pedia\/images\/ico-check.svg\" alt=\"Disponible\" \/><\/td><\/tr><tr><td>Traders am\u00e9ricains<\/td><td><img decoding=\"async\" width=\"24\" height=\"24\" src=\"https:\/\/www.tradingpedia.com\/wp-content\/themes\/trading-pedia\/images\/ico-xmark.svg\" alt=\"Non disponible\" \/><\/td><\/tr><tr><td>Traders arabophones<\/td><td><img decoding=\"async\" width=\"24\" height=\"24\" src=\"https:\/\/www.tradingpedia.com\/wp-content\/themes\/trading-pedia\/images\/ico-xmark.svg\" alt=\"Non disponible\" \/><\/td><\/tr>\n          <\/table>\n        <\/div>\n      \n<p>Avec Libertex, vous pouvez trader sur MT4, MT5 et la plateforme Libertex, ainsi que via les applications iOS et Android. La plateforme Libertex fonctionne tr\u00e8s bien aussi bien sur ordinateurs de bureau que sur appareils mobiles. Sa plateforme de trading accessible via un navigateur web offre une interface conviviale, ce qui la rend adapt\u00e9e aux traders de tous niveaux d\u2019exp\u00e9rience. La plateforme propose diff\u00e9rentes fonctionnalit\u00e9s sp\u00e9cifiques qui enrichissent l\u2019exp\u00e9rience de trading. Par exemple, vous pouvez ajouter un actif sous-jacent particulier \u00e0 vos favoris, ce qui vous permet de le retrouver instantan\u00e9ment la prochaine fois que vous en avez besoin.<\/p>\n<p>Vous pouvez \u00e9galement choisir la fa\u00e7on dont vous affichez chaque graphique et son unit\u00e9 de temps. Pour acc\u00e9der aux march\u00e9s financiers, il n\u2019est pas n\u00e9cessaire de t\u00e9l\u00e9charger ni d\u2019installer de logiciel. La plateforme fonctionne de mani\u00e8re fluide sur diff\u00e9rents appareils mobiles, y compris Android et iOS. Pour un acc\u00e8s plus rapide, vous pouvez t\u00e9l\u00e9charger l\u2019application d\u00e9di\u00e9e Libertex directement depuis le Google Play Store ou l\u2019Apple App Store. Gr\u00e2ce \u00e0 l\u2019application, vous pouvez trader o\u00f9 et quand vous le souhaitez.<\/p>\n<h2 id=\"payment\">Moyens de paiement <div class=\"star-rating stars-4\"><\/div><\/h2>\n<p>Pour approvisionner votre compte Libertex, vous pouvez choisir parmi plusieurs moyens de paiement : Visa, Mastercard, virement bancaire, Skrill, PayPal, etc. La disponibilit\u00e9 de chaque m\u00e9thode d\u00e9pend de votre pays de r\u00e9sidence et des r\u00e9glementations locales qui y sont applicables.<\/p>\n<h2 id=\"account\">Types de compte <div class=\"star-rating stars-4\"><\/div><\/h2>\n<p>Chez Libertex, trois types de compte sont disponibles : un compte Invest, un compte de trading CFD et un compte de d\u00e9monstration. Si vous ne vous sentez pas encore pr\u00eat \u00e0 commencer \u00e0 trader avec vos propres fonds, vous pouvez opter pour le compte de d\u00e9monstration. Pour en ouvrir un, il vous suffit d\u2019une adresse e-mail et d\u2019un mot de passe. Une fois inscrit, vous recevrez des fonds virtuels que vous pourrez utiliser pour vous exercer au trading sur la plateforme Libertex.<\/p>\n<p>Le deuxi\u00e8me type de compte que vous pouvez ouvrir est un compte de trading en argent r\u00e9el.<\/p>\n<div class=\"important\"><strong>Important :<\/strong> Bien que Libertex s\u2019efforce de simplifier chaque \u00e9tape\u2014de l\u2019inscription et du d\u00e9p\u00f4t de fonds jusqu\u2019\u00e0 l\u2019ex\u00e9cution des ordres\u2014le trading comporte toujours un risque financier important. Assurez-vous de lire l\u2019int\u00e9gralit\u00e9 de la documentation juridique du courtier, de v\u00e9rifier attentivement tous les frais et de tester vos strat\u00e9gies avec le compte de d\u00e9monstration gratuit avant d\u2019engager un capital r\u00e9el. La gestion responsable de votre capital demeure en tout temps de votre seule responsabilit\u00e9.<\/div>\n<h2 id=\"support\">Assistance <div class=\"star-rating stars-4-5\"><\/div><\/h2>\n<p>Si vous avez besoin d\u2019aide, vous pouvez contacter l\u2019\u00e9quipe d\u2019assistance par t\u00e9l\u00e9phone, par e-mail ou via le chat en direct. En r\u00e8gle g\u00e9n\u00e9rale, le chat en direct est l\u2019option la plus rapide car il vous met directement en relation avec un membre du service client. Les repr\u00e9sentants de l\u2019entreprise sont tr\u00e8s comp\u00e9tents et r\u00e9pondent rapidement aux demandes. De plus, la section \u00ab Aide et support \u00bb de Libertex fournit des informations d\u00e9taill\u00e9es sur une grande vari\u00e9t\u00e9 de sujets, y compris la plateforme de trading, les transactions et bien d\u2019autres encore.<\/p>\n\n    <section class=\"ready-to-trade\">\n      <div class=\"ready-to-trade_head\">\n        <h3>\u00cates-vous pr\u00eat \u00e0 trader ?<\/h3>\n      <\/div>\n      <div class=\"ready-to-trade_body\">\n        <div class=\"row\">\n          <div class=\"col-12 col-md-6\">\n            <a href=\"\/out\/libertex?au=114&bp=1\" target=\"_blank\" rel=\"nofollow noopener noreferrer\" class=\"demo\">Ouvrir un compte d\u00e9mo<\/a>\n          <\/div>\n\n          <div class=\"col-12 col-md-6\">\n            <a href=\"\/out\/libertex?au=114&bp=1\" target=\"_blank\" rel=\"nofollow noopener noreferrer\" class=\"account\">Ouvrir un compte<\/a>\n          <\/div>\n        <\/div>\n      <\/div>\n    <\/section>\n  \n<p><em>Avertissement de risque : les CFD sont des instruments complexes et pr\u00e9sentent un risque \u00e9lev\u00e9 de perdre de l\u2019argent rapidement en raison de l\u2019effet de levier. 84 % des comptes d\u2019investisseurs particuliers perdent de l\u2019argent lorsqu\u2019ils tradent des CFD avec ce fournisseur. Vous devez vous demander si vous comprenez le fonctionnement des CFD et si vous pouvez vous permettre de prendre le risque \u00e9lev\u00e9 de perdre votre argent.<\/em><\/p>\n","protected":false},"excerpt":{"rendered":"<p>Libertex est un courtier en ligne exp\u00e9riment\u00e9 sur les march\u00e9s financiers, sp\u00e9cialis\u00e9 dans le trading d\u2019actions r\u00e9elles et de CFD. Le courtier propose une application conviviale pour les appareils mobiles iOS et Android. De l\u2019inscription et de l\u2019alimentation du compte, simples et rapides, \u00e0 l\u2019ex\u00e9cution ultra-rapide des ordres et \u00e0 un environnement de trading unique, [&hellip;]<\/p>\n","protected":false},"author":1,"featured_media":0,"parent":120403,"menu_order":9910,"comment_status":"closed","ping_status":"closed","template":"templates\/broker.php","meta":{"footnotes":""},"class_list":["post-120422","page","type-page","status-publish","hentry"],"aioseo_notices":[],"_links":{"self":[{"href":"https:\/\/www.tradingpedia.com\/fr\/wp-json\/wp\/v2\/pages\/120422","targetHints":{"allow":["GET"]}}],"collection":[{"href":"https:\/\/www.tradingpedia.com\/fr\/wp-json\/wp\/v2\/pages"}],"about":[{"href":"https:\/\/www.tradingpedia.com\/fr\/wp-json\/wp\/v2\/types\/page"}],"author":[{"embeddable":true,"href":"https:\/\/www.tradingpedia.com\/fr\/wp-json\/wp\/v2\/users\/1"}],"replies":[{"embeddable":true,"href":"https:\/\/www.tradingpedia.com\/fr\/wp-json\/wp\/v2\/comments?post=120422"}],"version-history":[{"count":3,"href":"https:\/\/www.tradingpedia.com\/fr\/wp-json\/wp\/v2\/pages\/120422\/revisions"}],"predecessor-version":[{"id":135616,"href":"https:\/\/www.tradingpedia.com\/fr\/wp-json\/wp\/v2\/pages\/120422\/revisions\/135616"}],"up":[{"embeddable":true,"href":"https:\/\/www.tradingpedia.com\/fr\/wp-json\/wp\/v2\/pages\/120403"}],"wp:attachment":[{"href":"https:\/\/www.tradingpedia.com\/fr\/wp-json\/wp\/v2\/media?parent=120422"}],"curies":[{"name":"wp","href":"https:\/\/api.w.org\/{rel}","templated":true}]}}