{"id":120417,"date":"2019-09-04T07:47:20","date_gmt":"2019-09-04T07:47:20","guid":{"rendered":"https:\/\/www.tradingpedia.com\/forex-brokers\/fxcm\/"},"modified":"2026-01-23T08:59:12","modified_gmt":"2026-01-23T08:59:12","slug":"fxcm","status":"publish","type":"page","link":"https:\/\/www.tradingpedia.com\/fr\/forex-brokers\/fxcm\/","title":{"rendered":"Avis sur la plateforme FXCM"},"content":{"rendered":"<p>La plateforme Trading Station de FXCM, plusieurs fois r\u00e9compens\u00e9e, prend en charge le trading mobile, l&rsquo;ex\u00e9cution des ordres en un clic et le trading directement \u00e0 partir de graphiques en temps r\u00e9el. L&rsquo;entreprise est un prestataire mondial de trading Forex, offrant  un acc\u00e8s \u00e0 un vaste r\u00e9seau de fournisseurs de liquidit\u00e9 Forex.<\/p>\n<h2 id=\"overview\">Vue d&rsquo;ensemble<\/h2>\n<p>FXCM est l&rsquo;un des courtiers Forex les plus importants et les plus avanc\u00e9s sur le web. Fond\u00e9 en 1999, il est depuis devenu le choix pr\u00e9f\u00e9r\u00e9 de millions de traders \u00e0 la recherche d&rsquo;un courtier fiable, convivial et moderne.<\/p>\n<p>Les services de FXCM sont disponibles pour des clients du monde entier, et l&rsquo;entreprise est r\u00e9gul\u00e9e par les organismes suivants: NFA, CFTC, SFC, ASIC, CONSOB, FCA, DGCX, BaFin, ACP et AMF. Son site web est disponible en plus de 10 langues, dont l&rsquo;arabe, le russe, l&rsquo;h\u00e9breu, l&rsquo;anglais, l&rsquo;allemand et d&rsquo;autres.<\/p>\n\n        <div class=\"table-wrapper\">\n          <table>\n            <tr><th colspan=\"2\">Informations g\u00e9n\u00e9rales sur FXCM<\/th><\/tr>\n            <tr>\n              <td><strong>D\u00e9p\u00f4t min.<\/strong><\/td>\n              <td>$50<\/td>\n            <\/tr>\n\n            <tr>\n              <td><strong>Langues prises en charge<\/strong><\/td>\n              <td>Allemand, Turc<\/td>\n            <\/tr>\n            <tr>\n              <td><strong>Devises prises en charge<\/strong><\/td>\n              <td>EUR, GBP, USD<\/td>\n            <\/tr>\n            \n              <tr>\n                <td style=\"width: 250px;\"><strong>Site web<\/strong><\/td>\n                <td><a>https:\/\/www.fxcm-markets.com\/<\/a><\/td>\n              <\/tr>\n          \n              <tr>\n                <td><strong>Num\u00e9ro de t\u00e9l\u00e9phone<\/strong><\/td>\n                <td><a href=\"tel:+357 22022619\">+357 22022619<\/a><\/td>\n              <\/tr>\n          \n              <tr>\n                <td><strong>E-mail du support<\/strong><\/td>\n                <td><a href=\"mailto:info@fxcmmarkets.com\">info@fxcmmarkets.com<\/a><\/td>\n              <\/tr>\n          \n              <tr>\n                <td><strong>Adresse du si\u00e8ge<\/strong><\/td>\n                <td><a href=\"https:\/\/maps.app.goo.gl\/QcLxRSNDnWSErfrC7\" rel=\"nofollow\" target=\"_blank\">33 Neas Engomis Street, 2409 Engomi, Nicosia, Cyprus<\/a><\/td>\n              <\/tr>\n          \n              <tr>\n                <td colspan=\"2\"><iframe src=\"https:\/\/www.google.com\/maps\/embed?pb=!1m18!1m12!1m3!1d3261.6580665595525!2d33.32009147443975!3d35.16514749796311!2m3!1f0!2f0!3f0!3m2!1i1024!2i768!4f13.1!3m3!1m2!1s0x14de1a7296dfeaf7%3A0xdb495d02197498a1!2sDOMS%20Business%20Centre!5e0!3m2!1sen!2smy!4v1738133522993!5m2!1sen!2smy\" style=\"width: 100%; height: 300px;\" style=\"border:0;\" allowfullscreen=\"\" loading=\"lazy\" referrerpolicy=\"no-referrer-when-downgrade\"><\/iframe><\/td>\n              <\/tr>\n          \n          <\/table>\n        <\/div>\n      \n\n          <div class=\"table-wrapper\">\n            <table>\n              <tr><th>R\u00e9gulateur<\/th><th>Licence<\/th><\/tr>\n        <tr><td>CySEC<\/td><td><a href=\"https:\/\/www.cysec.gov.cy\/en-GB\/entities\/investment-firms\/cypriot\/88692\/\" rel=\"nofollow\" target=\"_blank\">392\/20<\/a><\/td><\/tr><tr><td>FCA<\/td><td><a href=\"https:\/\/register.fca.org.uk\/s\/firm?id=001b000000MfNCCAA3\" rel=\"nofollow\" target=\"_blank\">217689<\/a><\/td><\/tr><tr><td>SVGFSA<\/td><td><a href=\"https:\/\/svgfsa.com\" rel=\"nofollow\" target=\"_blank\">1776<\/a><\/td><\/tr><tr><td>FSCA<\/td><td>46534<\/td><\/tr><tr><td>ISA<\/td><td>515234623<\/td><\/tr><tr><td>ASIC<\/td><td><a href=\"https:\/\/service.asic.gov.au\/Search\/EntityDetail?LicenceNumber=309763&PermissionType=Australian%20financial%20services%20licensees&licenceName=STRATOS%20TRADING%20PTY.%20LIMITED\" rel=\"nofollow\" target=\"_blank\">309763<\/a><\/td><\/tr>\n            <\/table>\n          <\/div>\n        \n<h2 id=\"features\">Plateformes &amp; fonctionnalit\u00e9s <div class=\"star-rating stars-4\"><\/div><\/h2>\n\n<div class=\"platforms\">\n<table>\n  <tbody>\n    <tr>\n      <th>\n        <img decoding=\"async\" src=\"https:\/\/www.tradingpedia.com\/wp-content\/themes\/trading-pedia\/images\/platforms-icon.svg\">\n        <h3>Plateformes<\/h3>\n      <\/th>\n      <th>\n        <img decoding=\"async\" src=\"https:\/\/www.tradingpedia.com\/wp-content\/themes\/trading-pedia\/images\/pc-mac-icon.svg\">\n        <h3>PC \/ Mac<\/h3>\n      <\/th>\n      <th>\n        <img decoding=\"async\" src=\"https:\/\/www.tradingpedia.com\/wp-content\/themes\/trading-pedia\/images\/smartphones-icon.svg\">\n        <h3>Smartphones<\/h3>\n      <\/th>\n      <th>\n        <img decoding=\"async\" src=\"https:\/\/www.tradingpedia.com\/wp-content\/themes\/trading-pedia\/images\/tablets-icon.svg\">\n        <h3>Tablettes<\/h3>\n      <\/th>\n    <\/tr><tr><td>MetaTrader 4<\/td><td><img decoding=\"async\" src=\"https:\/\/www.tradingpedia.com\/wp-content\/themes\/trading-pedia\/images\/windows-logo.svg\" \/><img decoding=\"async\" src=\"https:\/\/www.tradingpedia.com\/wp-content\/themes\/trading-pedia\/images\/apple-logo.svg\" \/><\/td><td><img decoding=\"async\" src=\"https:\/\/www.tradingpedia.com\/wp-content\/themes\/trading-pedia\/images\/ios-logo.svg\" \/><img decoding=\"async\" src=\"https:\/\/www.tradingpedia.com\/wp-content\/themes\/trading-pedia\/images\/android-logo.svg\" \/><\/td><td><img decoding=\"async\" src=\"https:\/\/www.tradingpedia.com\/wp-content\/themes\/trading-pedia\/images\/ios-logo.svg\" \/><img decoding=\"async\" src=\"https:\/\/www.tradingpedia.com\/wp-content\/themes\/trading-pedia\/images\/android-logo.svg\" \/><\/td><\/tr><tr><td>FXCM Trading Station<\/td><td><img decoding=\"async\" src=\"https:\/\/www.tradingpedia.com\/wp-content\/themes\/trading-pedia\/images\/windows-logo.svg\" \/><img decoding=\"async\" src=\"https:\/\/www.tradingpedia.com\/wp-content\/themes\/trading-pedia\/images\/apple-logo.svg\" \/><\/td><td><img decoding=\"async\" src=\"https:\/\/www.tradingpedia.com\/wp-content\/themes\/trading-pedia\/images\/ios-logo.svg\" \/><img decoding=\"async\" src=\"https:\/\/www.tradingpedia.com\/wp-content\/themes\/trading-pedia\/images\/android-logo.svg\" \/><\/td><td><img decoding=\"async\" src=\"https:\/\/www.tradingpedia.com\/wp-content\/themes\/trading-pedia\/images\/ios-logo.svg\" \/><img decoding=\"async\" src=\"https:\/\/www.tradingpedia.com\/wp-content\/themes\/trading-pedia\/images\/android-logo.svg\" \/><\/td><\/tr><tr><td>FXCC Zulu Trade<\/td><td><img decoding=\"async\" src=\"https:\/\/www.tradingpedia.com\/wp-content\/themes\/trading-pedia\/images\/windows-logo.svg\" \/><img decoding=\"async\" src=\"https:\/\/www.tradingpedia.com\/wp-content\/themes\/trading-pedia\/images\/apple-logo.svg\" \/><\/td><td><img decoding=\"async\" src=\"https:\/\/www.tradingpedia.com\/wp-content\/themes\/trading-pedia\/images\/ios-logo.svg\" \/><img decoding=\"async\" src=\"https:\/\/www.tradingpedia.com\/wp-content\/themes\/trading-pedia\/images\/android-logo.svg\" \/><\/td><td><img decoding=\"async\" src=\"https:\/\/www.tradingpedia.com\/wp-content\/themes\/trading-pedia\/images\/ios-logo.svg\" \/><img decoding=\"async\" src=\"https:\/\/www.tradingpedia.com\/wp-content\/themes\/trading-pedia\/images\/android-logo.svg\" \/><\/td><\/tr><tr><td>Mirror Trader<\/td><td><img decoding=\"async\" src=\"https:\/\/www.tradingpedia.com\/wp-content\/themes\/trading-pedia\/images\/windows-logo.svg\" \/><img decoding=\"async\" src=\"https:\/\/www.tradingpedia.com\/wp-content\/themes\/trading-pedia\/images\/apple-logo.svg\" \/><\/td><td><img decoding=\"async\" src=\"https:\/\/www.tradingpedia.com\/wp-content\/themes\/trading-pedia\/images\/ios-logo.svg\" \/><img decoding=\"async\" src=\"https:\/\/www.tradingpedia.com\/wp-content\/themes\/trading-pedia\/images\/android-logo.svg\" \/><\/td><td><img decoding=\"async\" src=\"https:\/\/www.tradingpedia.com\/wp-content\/themes\/trading-pedia\/images\/ios-logo.svg\" \/><img decoding=\"async\" src=\"https:\/\/www.tradingpedia.com\/wp-content\/themes\/trading-pedia\/images\/android-logo.svg\" \/><\/td><\/tr><tr><td>Ninja Trader<\/td><td><img decoding=\"async\" src=\"https:\/\/www.tradingpedia.com\/wp-content\/themes\/trading-pedia\/images\/windows-logo.svg\" \/><\/td><td><img decoding=\"async\" src=\"https:\/\/www.tradingpedia.com\/wp-content\/themes\/trading-pedia\/images\/ios-logo.svg\" \/><img decoding=\"async\" src=\"https:\/\/www.tradingpedia.com\/wp-content\/themes\/trading-pedia\/images\/android-logo.svg\" \/><\/td><td><img decoding=\"async\" src=\"https:\/\/www.tradingpedia.com\/wp-content\/themes\/trading-pedia\/images\/ios-logo.svg\" \/><img decoding=\"async\" src=\"https:\/\/www.tradingpedia.com\/wp-content\/themes\/trading-pedia\/images\/android-logo.svg\" \/><\/td><\/tr><tr><td>FXCM Trading Station Web<\/td><td><img decoding=\"async\" src=\"https:\/\/www.tradingpedia.com\/wp-content\/themes\/trading-pedia\/images\/windows-logo.svg\" \/><img decoding=\"async\" src=\"https:\/\/www.tradingpedia.com\/wp-content\/themes\/trading-pedia\/images\/apple-logo.svg\" \/><\/td><td><img decoding=\"async\" src=\"https:\/\/www.tradingpedia.com\/wp-content\/themes\/trading-pedia\/images\/ios-logo.svg\" \/><img decoding=\"async\" src=\"https:\/\/www.tradingpedia.com\/wp-content\/themes\/trading-pedia\/images\/android-logo.svg\" \/><\/td><td><img decoding=\"async\" src=\"https:\/\/www.tradingpedia.com\/wp-content\/themes\/trading-pedia\/images\/ios-logo.svg\" \/><img decoding=\"async\" src=\"https:\/\/www.tradingpedia.com\/wp-content\/themes\/trading-pedia\/images\/android-logo.svg\" \/><\/td><\/tr><\/tbody><\/table><\/div>\n<p>Les traders qui utilisent les services de FXCM peuvent choisir parmi une longue liste de plateformes de trading. L&rsquo;option la plus populaire est MetaTrader 4, mais il existe plusieurs autres choix tels que Mirror Trader, ZuluTrade, NinjaTrader et les versions web, mobile et de bureau propri\u00e9taires de la plateforme Trading Station. <\/p>\n<p>L&rsquo;une des fonctionnalit\u00e9s les plus appr\u00e9ci\u00e9es propos\u00e9es par FXCM est son centre de formation unique, qui peut aider les traders d\u00e9butants, interm\u00e9diaires et exp\u00e9riment\u00e9s \u00e0 am\u00e9liorer leurs comp\u00e9tences. FXCM est pr\u00e9f\u00e9r\u00e9 par de nombreuses personnes pour plusieurs autres raisons:  faibles spreads sur les principales paires de devises, conditions de levier favorables et possibilit\u00e9 d&rsquo;utiliser un compte de d\u00e9monstration illimit\u00e9.<\/p>\n\n        <div class=\"table-wrapper\">\n          <table>\n            <tr><th colspan=\"2\">Informations de trading<\/th><\/tr>\n            <tr><td>Plateformes de trading<\/td><td>MetaTrader 4, TradingView, ZuluTrade, Trading Station<\/d><\/tr>\n      <tr><td>Compte d\u00e9mo<\/td><td><img decoding=\"async\" width=\"24\" height=\"24\" src=\"https:\/\/www.tradingpedia.com\/wp-content\/themes\/trading-pedia\/images\/ico-check.svg\" alt=\"Disponible\" \/><\/td><\/tr><tr><td>Couverture (hedging)<\/td><td><img decoding=\"async\" width=\"24\" height=\"24\" src=\"https:\/\/www.tradingpedia.com\/wp-content\/themes\/trading-pedia\/images\/ico-check.svg\" alt=\"Disponible\" \/><\/td><\/tr><tr><td>Scalping<\/td><td><img decoding=\"async\" width=\"24\" height=\"24\" src=\"https:\/\/www.tradingpedia.com\/wp-content\/themes\/trading-pedia\/images\/ico-check.svg\" alt=\"Disponible\" \/><\/td><\/tr><tr><td>Traders am\u00e9ricains<\/td><td><img decoding=\"async\" width=\"24\" height=\"24\" src=\"https:\/\/www.tradingpedia.com\/wp-content\/themes\/trading-pedia\/images\/ico-check.svg\" alt=\"Disponible\" \/><\/td><\/tr><tr><td>Traders arabophones<\/td><td><img decoding=\"async\" width=\"24\" height=\"24\" src=\"https:\/\/www.tradingpedia.com\/wp-content\/themes\/trading-pedia\/images\/ico-check.svg\" alt=\"Disponible\" \/><\/td><\/tr>\n          <\/table>\n        <\/div>\n      \n<h2 id=\"assets\">Actifs de trading <div class=\"star-rating stars-4-5\"><\/div><\/h2>\n<p>Sur les plateformes de trading de FXCM, vous aurez acc\u00e8s \u00e0 un large \u00e9ventail de paires de devises, y compris des paires populaires telles que EUR\/USD, USD\/CHF, USD\/JPY et bien d&rsquo;autres. En plus du trading Forex, les plateformes prennent \u00e9galement en charge le trading de CFDs (or, argent, p\u00e9trole brut, etc.). Consultez le site web de FXCM pour en savoir plus sur les actifs disponibles.<\/p>\n<p>\n        <div class=\"table-wrapper\">\n          <table>\n            <tr><th>Instrument<\/th><th>Spread<\/th><\/tr>\n      <tr><td>AUDUSD<\/td><td>AVG 1.8 pips<\/td><\/tr><tr><td>EURGBP<\/td><td>AVG 2.3 pips<\/td><\/tr><tr><td>EURUSD<\/td><td>AVG 1.3 pips<\/td><\/tr><tr><td>GBPUSD<\/td><td>AVG 1.7 pips<\/td><\/tr><tr><td>NZDUSD<\/td><td>AVG 2 pips<\/td><\/tr><tr><td>USDCAD<\/td><td>AVG 2.2 pips<\/td><\/tr><tr><td>USDCHF<\/td><td>AVG 1.6 pips<\/td><\/tr><tr><td>USDCNY<\/td><td>AVG 7.5 pips<\/td><\/tr><tr><td>USDJPY<\/td><td>AVG 1.4 pips<\/td><\/tr>\n          <\/table>\n        <\/div>\n      <br \/>\n\n<div class=\"banking_tabs_holder\"> \n <ul>\n  <li class=\"tab_header_item tab_selected\"><a href=\"#table_broker_deposit_methods\">D\u00e9p\u00f4t<\/a><\/li><li class=\"tab_header_item\"><a href=\"#table_broker_withdrawal_methods\">Retrait<\/a><\/li>\n <\/ul>\n <div class=\"content_holder\"> \n  \n<div id=\"table_broker_deposit_methods\">\n\n<table> \n<thead> \n<tr><td>Marque<\/td><td>Minimum<\/td><td>Frais<\/td><td>D\u00e9lai de traitement<\/td><\/tr>\n<tbody><tr><td><img decoding=\"async\" src=\"https:\/\/www.tradingpedia.com\/wp-content\/uploads\/banking\/visa-logo.svg\" \/><\/td><td>50 $<\/td><td>Aucun frais<\/td><td>1 jour ouvrable<\/td><\/tr><tr><td><img decoding=\"async\" src=\"https:\/\/www.tradingpedia.com\/wp-content\/uploads\/banking\/mastercard-logo.svg\" \/><\/td><td>50 $<\/td><td>Pas de frais<\/td><td>1 jour ouvrable<\/td><\/tr><tr><td><img decoding=\"async\" src=\"https:\/\/www.tradingpedia.com\/wp-content\/uploads\/banking\/bank-transfer-logo.svg\" \/><\/td><td>50 USD<\/td><td>Pas de frais<\/td><td>1 \u00e0 5 jours ouvrables<\/td><\/tr><tr><td><img decoding=\"async\" src=\"https:\/\/www.tradingpedia.com\/wp-content\/uploads\/banking\/skrill-logo.svg\" \/><\/td><td>50 $<\/td><td>Pas de frais<\/td><td>1 jour ouvrable<\/td><\/tr><tr><td><img decoding=\"async\" src=\"https:\/\/www.tradingpedia.com\/wp-content\/uploads\/banking\/neteller-logo.svg\" \/><\/td><td>50 $<\/td><td>Pas de frais<\/td><td>1 jour ouvrable<\/td><\/tr><tr><td><img decoding=\"async\" src=\"https:\/\/www.tradingpedia.com\/wp-content\/uploads\/banking\/wire-transfer-logo.svg\" \/><\/td><td>50 $<\/td><td>Aucun frais<\/td><td>1 jour ouvrable<\/td><\/tr><\/tbody><\/table><\/div>\n<div id=\"table_broker_withdrawal_methods\">\n\n<table> \n<thead> \n<tr><td>Marque<\/td><td>Minimum<\/td><td>Frais<\/td><td>D\u00e9lai de traitement<\/td><\/tr>\n<tbody><tr><td><img decoding=\"async\" src=\"https:\/\/www.tradingpedia.com\/wp-content\/uploads\/banking\/visa-logo.svg\" \/><\/td><td>-<\/td><td>Pas de frais<\/td><td>Cela d\u00e9pend du syst\u00e8me de paiement<\/td><\/tr><tr><td><img decoding=\"async\" src=\"https:\/\/www.tradingpedia.com\/wp-content\/uploads\/banking\/mastercard-logo.svg\" \/><\/td><td>-<\/td><td>Aucun frais<\/td><td>Cela d\u00e9pend du syst\u00e8me de paiement.<\/td><\/tr><tr><td><img decoding=\"async\" src=\"https:\/\/www.tradingpedia.com\/wp-content\/uploads\/banking\/skrill-logo.svg\" \/><\/td><td>-<\/td><td>Pas de frais<\/td><td>5 jours ouvrables<\/td><\/tr><tr><td><img decoding=\"async\" src=\"https:\/\/www.tradingpedia.com\/wp-content\/uploads\/banking\/wire-transfer-logo.svg\" \/><\/td><td>-<\/td><td>Pas de frais<\/td><td>Cela d\u00e9pend du syst\u00e8me de paiement.<\/td><\/tr><\/tbody><\/table><\/div>\n <\/div>\n<\/div>\n<\/p>\n<h2 id=\"reliability\">Fiabilit\u00e9 <div class=\"star-rating stars-4\"><\/div><\/h2>\n<p>En termes de fiabilit\u00e9, FXCM est l&rsquo;un des meilleurs courtiers Forex que vous puissiez trouver. Ses services ont \u00e9t\u00e9 utilis\u00e9s par des millions de personnes au fil des ans, et il y a tr\u00e8s peu de plaintes concernant l&rsquo;entreprise. Les principales raisons \u00e0 cela sont l&rsquo;excellent syst\u00e8me de trading, le site web et les plateformes, ainsi que l&rsquo;\u00e9quipe d&rsquo;assistance conviviale et comp\u00e9tente, pr\u00eate \u00e0 fournir de l&rsquo;aide 24\/7. <\/p>\n<div class=\"important\"><strong>Important:<\/strong> Le trading de produits \u00e0 effet de levier tels que le Forex et les CFDs comporte un niveau de risque \u00e9lev\u00e9 et peut ne pas convenir \u00e0 tous les investisseurs. Avant d&rsquo;ouvrir un compte aupr\u00e8s de FXCM, assurez-vous de comprendre le fonctionnement de l&rsquo;effet de levier, le potentiel de pertes rapides et les exigences de marge du courtier. Tenez compte de vos objectifs d&rsquo;investissement, de votre niveau d&rsquo;exp\u00e9rience et de votre tol\u00e9rance au risque, et demandez un avis ind\u00e9pendant si n\u00e9cessaire. N&rsquo;investissez jamais de l&rsquo;argent que vous ne pouvez pas vous permettre de perdre.<\/div>\n<p>D\u00e9poser ou retirer des fonds est rapide et simple et peut se faire par l&rsquo;une des m\u00e9thodes suivantes: carte de cr\u00e9dit\/d\u00e9bit, virement bancaire, ACH et ch\u00e8que papier. FXCM est \u00e9galement bien connu pour exiger un d\u00e9p\u00f4t minimum tr\u00e8s faible de seulement 50 $. Vous pouvez choisir entre huit devises de compte (AUD, JPY, CHF, NZD, USD, CAD, EUR et GBP).<\/p>\n\n        <div class=\"table-wrapper\">\n          <table>\n            <tr><th>March\u00e9<\/th><th>Effet de levier<\/th><\/tr>\n      <tr><td>CFD sur mati\u00e8res premi\u00e8res<\/td><td>1:20 (ASIC | Compte de D\u00e9tail)<\/td><\/tr><tr><td>CFD sur mati\u00e8res premi\u00e8res<\/td><td>1:20 (CySEC | Compte de D\u00e9tail)<\/td><\/tr><tr><td>CFD sur mati\u00e8res premi\u00e8res<\/td><td>1:20 (FCA | Compte de D\u00e9tail)<\/td><\/tr><tr><td>CFD sur mati\u00e8res premi\u00e8res<\/td><td>1:20 (FSCA | Compte de D\u00e9tail)<\/td><\/tr><tr><td>CFD sur actions<\/td><td>1:5 (ASIC | Compte de D\u00e9tail)<\/td><\/tr><tr><td>CFD sur actions<\/td><td>1:5 (FCA | Compte de D\u00e9tail)<\/td><\/tr><tr><td>CFD sur actions<\/td><td>1:5 (FSCA | Compte de D\u00e9tail)<\/td><\/tr><tr><td>CFD sur actions<\/td><td>1:5 (CySEC)<\/td><\/tr><tr><td>CFD sur crypto-monnaies<\/td><td>1:2 (ASIC | Compte de D\u00e9tail)<\/td><\/tr><tr><td>CFD sur crypto-monnaies<\/td><td>1:2 (CySEC)<\/td><\/tr><tr><td>CFD sur Forex<\/td><td>1:30 (ASIC | Compte de D\u00e9tail)<\/td><\/tr><tr><td>CFD sur Forex<\/td><td>1:30 (CySEC | Compte de D\u00e9tail)<\/td><\/tr><tr><td>CFD sur Forex<\/td><td>1:30 (FCA | Compte de D\u00e9tail)<\/td><\/tr><tr><td>CFD sur Forex<\/td><td>1:30 (FSCA | Compte de D\u00e9tail)<\/td><\/tr><tr><td>CFD sur Forex<\/td><td>1:100 (ISA | Compte de D\u00e9tail)<\/td><\/tr><tr><td>CFD sur indices<\/td><td>1:20 (ASIC | Compte de D\u00e9tail)<\/td><\/tr><tr><td>CFD sur indices<\/td><td>1:20 (CySEC | Compte de D\u00e9tail)<\/td><\/tr><tr><td>CFD sur indices<\/td><td>1:20 (FCA | Compte de D\u00e9tail)<\/td><\/tr><tr><td>CFD sur indices<\/td><td>1:20 (FSCA | Compte de D\u00e9tail)<\/td><\/tr><tr><td>CFD sur indices<\/td><td>1:40 (ISA | Compte de D\u00e9tail)<\/td><\/tr><tr><td>CFD sur mati\u00e8res premi\u00e8res<\/td><td>1:10 (ASIC | Compte de D\u00e9tail)<\/td><\/tr><tr><td>CFD sur mati\u00e8res premi\u00e8res<\/td><td>1:10 (CySEC | Compte de D\u00e9tail)<\/td><\/tr><tr><td>CFD sur mati\u00e8res premi\u00e8res<\/td><td>1:10 (FCA | Compte de D\u00e9tail)<\/td><\/tr><tr><td>CFD sur mati\u00e8res premi\u00e8res<\/td><td>1:10 (FSCA | Compte de D\u00e9tail)<\/td><\/tr><tr><td>CFD sur mati\u00e8res premi\u00e8res<\/td><td>1:20 (ISA | Compte de D\u00e9tail)<\/td><\/tr>\n          <\/table>\n        <\/div>\n      \n<h2 id=\"bonus\">Offres de bonus <div class=\"star-rating stars-5\"><\/div><\/h2>\n<p>La seule promotion propos\u00e9e actuellement par FXCM est son programme de parrainage. Gr\u00e2ce \u00e0 celui-ci, les traders peuvent recevoir un bonus pour chaque ami ou membre de la famille qu&rsquo;ils recommandent aux services de FXCM. Si vous parrainez une personne qui ouvre un compte aupr\u00e8s de FXCM, vous et la personne parrain\u00e9e recevrez chacun un bonus de trading de 100 $! Gardez \u00e0 l&rsquo;esprit que ce bonus ne peut pas \u00eatre retir\u00e9 tant que certaines conditions sp\u00e9cifiques ne sont pas remplies. <\/p>\n","protected":false},"excerpt":{"rendered":"<p>La plateforme Trading Station de FXCM, plusieurs fois r\u00e9compens\u00e9e, prend en charge le trading mobile, l&rsquo;ex\u00e9cution des ordres en un clic et le trading directement \u00e0 partir de graphiques en temps r\u00e9el. L&rsquo;entreprise est un prestataire mondial de trading Forex, offrant un acc\u00e8s \u00e0 un vaste r\u00e9seau de fournisseurs de liquidit\u00e9 Forex. Vue d&rsquo;ensemble FXCM [&hellip;]<\/p>\n","protected":false},"author":1,"featured_media":0,"parent":120403,"menu_order":0,"comment_status":"closed","ping_status":"closed","template":"templates\/broker.php","meta":{"footnotes":""},"class_list":["post-120417","page","type-page","status-publish","hentry"],"aioseo_notices":[],"_links":{"self":[{"href":"https:\/\/www.tradingpedia.com\/fr\/wp-json\/wp\/v2\/pages\/120417","targetHints":{"allow":["GET"]}}],"collection":[{"href":"https:\/\/www.tradingpedia.com\/fr\/wp-json\/wp\/v2\/pages"}],"about":[{"href":"https:\/\/www.tradingpedia.com\/fr\/wp-json\/wp\/v2\/types\/page"}],"author":[{"embeddable":true,"href":"https:\/\/www.tradingpedia.com\/fr\/wp-json\/wp\/v2\/users\/1"}],"replies":[{"embeddable":true,"href":"https:\/\/www.tradingpedia.com\/fr\/wp-json\/wp\/v2\/comments?post=120417"}],"version-history":[{"count":1,"href":"https:\/\/www.tradingpedia.com\/fr\/wp-json\/wp\/v2\/pages\/120417\/revisions"}],"predecessor-version":[{"id":123200,"href":"https:\/\/www.tradingpedia.com\/fr\/wp-json\/wp\/v2\/pages\/120417\/revisions\/123200"}],"up":[{"embeddable":true,"href":"https:\/\/www.tradingpedia.com\/fr\/wp-json\/wp\/v2\/pages\/120403"}],"wp:attachment":[{"href":"https:\/\/www.tradingpedia.com\/fr\/wp-json\/wp\/v2\/media?parent=120417"}],"curies":[{"name":"wp","href":"https:\/\/api.w.org\/{rel}","templated":true}]}}