{"id":120414,"date":"2019-09-04T07:47:19","date_gmt":"2019-09-04T07:47:19","guid":{"rendered":"https:\/\/www.tradingpedia.com\/forex-brokers\/dukascopy\/"},"modified":"2026-01-23T08:57:41","modified_gmt":"2026-01-23T08:57:41","slug":"dukascopy","status":"publish","type":"page","link":"https:\/\/www.tradingpedia.com\/fr\/forex-brokers\/dukascopy\/","title":{"rendered":"Avis sur la plateforme Dukascopy Bank SA"},"content":{"rendered":"<p>Dukascopy offre un acc\u00e8s direct au Swiss Foreign Exchange Marketplace. Ce march\u00e9 fournit le plus grand pool de liquidit\u00e9 ECN au comptant sur le Forex, disponible pour les banques, les hedge funds, les autres institutions et les traders professionnels. Le Swiss Foreign Exchange Marketplace (SWFX) est une solution technologique pour le trading sur le Forex, bas\u00e9e sur un mod\u00e8le de place de march\u00e9 \u00e0 la fois centralis\u00e9e et d\u00e9centralis\u00e9e. Son lancement r\u00e9ussi est le r\u00e9sultat d\u2019une coop\u00e9ration \u00e9troite avec certaines banques s\u00e9lectionn\u00e9es, d\u2019autres institutions, des places de march\u00e9 Forex et des fournisseurs de solutions technologiques.<\/p>\n\n        <div class=\"table-wrapper\">\n          <table>\n            <tr><th colspan=\"2\">Informations g\u00e9n\u00e9rales sur Dukascopy Bank SA<\/th><\/tr>\n            <tr>\n              <td><strong>D\u00e9p\u00f4t min.<\/strong><\/td>\n              <td>$5000.0000<\/td>\n            <\/tr>\n\n            <tr>\n              <td><strong>Langues prises en charge<\/strong><\/td>\n              <td>Arabe, Allemand<\/td>\n            <\/tr>\n            <tr>\n              <td><strong>Devises prises en charge<\/strong><\/td>\n              <td>Dollar des \u00c9tats-Unis, Euro, Yen japonais, Livre sterling, Franc suisse, Dollar canadien, Dollar australien<\/td>\n            <\/tr>\n            \n          <\/table>\n        <\/div>\n      \n<h2 id=\"overview\">Vue d\u2019ensemble<\/h2>\n<p>Dukascopy est l\u2019un des principaux courtiers Forex du march\u00e9 et l\u2019un des rares \u00e0 offrir un acc\u00e8s direct et illimit\u00e9 au march\u00e9 suisse du Forex. Les clients particuliers, les fonds d\u2019investissement, les banques et les clients institutionnels peuvent ouvrir un compte chez Dukascopy et y d\u00e9poser des fonds pour participer au Swiss FX Marketplace. L\u2019entreprise a \u00e9t\u00e9 fond\u00e9e en 1998 et est r\u00e9gul\u00e9e par la FINMA. <\/p>\n<p>Gardez \u00e0 l\u2019esprit que Dukascopy est divis\u00e9 en deux entit\u00e9s \u2014 Dukascopy Europe et Dukascopy Bank SA. Les traders peuvent s\u2019inscrire aux deux services, mais les exigences ne sont pas les m\u00eames.<\/p>\n\n          <div class=\"table-wrapper\">\n            <table>\n              <tr><th>R\u00e9gulateur<\/th><th>Licence<\/th><\/tr>\n        <tr><td>ASIC (Australie)<\/td><td>Oui<\/td><\/tr><tr><td>FMA (Autriche)<\/td><td>Oui<\/td><\/tr><tr><td>FSMA (Belgique)<\/td><td>Oui<\/td><\/tr><tr><td>IFSC (Belize)<\/td><td>Oui<\/td><\/tr><tr><td>FSC (\u00celes Vierges britanniques)<\/td><td>Oui<\/td><\/tr><tr><td>BNB (Bulgarie)<\/td><td>Oui<\/td><\/tr><tr><td>FSA (Danemark)<\/td><td>Oui<\/td><\/tr><tr><td>DFSA (Duba\u00ef)<\/td><td>Oui<\/td><\/tr><tr><td>FSA (Estonie)<\/td><td>Oui<\/td><\/tr><tr><td>FSC (Maurice)<\/td><td>Oui<\/td><\/tr><tr><td>AFM (Pays-Bas)<\/td><td>Oui<\/td><\/tr><tr><td>FINMA (Suisse)<\/td><td>Oui<\/td><\/tr>\n            <\/table>\n          <\/div>\n        \n\n        <div class=\"table-wrapper\">\n          <table>\n            <tr><th>Instrument<\/th><th>Spread<\/th><\/tr>\n      <tr><td>EUR\/USD<\/td><td>0.40<\/td><\/tr><tr><td>GBP\/USD<\/td><td>1.20<\/td><\/tr><tr><td>USD\/JPY<\/td><td>1.10<\/td><\/tr>\n          <\/table>\n        <\/div>\n      \n<h2 id=\"features\">Plateformes &amp; fonctionnalit\u00e9s <div class=\"star-rating stars-4\"><\/div><\/h2>\n\n<div class=\"platforms\">\n<table>\n  <tbody>\n    <tr>\n      <th>\n        <img decoding=\"async\" src=\"https:\/\/www.tradingpedia.com\/wp-content\/themes\/trading-pedia\/images\/platforms-icon.svg\">\n        <h3>Plateformes<\/h3>\n      <\/th>\n      <th>\n        <img decoding=\"async\" src=\"https:\/\/www.tradingpedia.com\/wp-content\/themes\/trading-pedia\/images\/pc-mac-icon.svg\">\n        <h3>PC \/ Mac<\/h3>\n      <\/th>\n      <th>\n        <img decoding=\"async\" src=\"https:\/\/www.tradingpedia.com\/wp-content\/themes\/trading-pedia\/images\/smartphones-icon.svg\">\n        <h3>Smartphones<\/h3>\n      <\/th>\n      <th>\n        <img decoding=\"async\" src=\"https:\/\/www.tradingpedia.com\/wp-content\/themes\/trading-pedia\/images\/tablets-icon.svg\">\n        <h3>Tablettes<\/h3>\n      <\/th>\n    <\/tr><tr><td>MetaTrader 4<\/td><td><img decoding=\"async\" src=\"https:\/\/www.tradingpedia.com\/wp-content\/themes\/trading-pedia\/images\/windows-logo.svg\" \/><img decoding=\"async\" src=\"https:\/\/www.tradingpedia.com\/wp-content\/themes\/trading-pedia\/images\/apple-logo.svg\" \/><\/td><td><img decoding=\"async\" src=\"https:\/\/www.tradingpedia.com\/wp-content\/themes\/trading-pedia\/images\/ios-logo.svg\" \/><img decoding=\"async\" src=\"https:\/\/www.tradingpedia.com\/wp-content\/themes\/trading-pedia\/images\/android-logo.svg\" \/><\/td><td><img decoding=\"async\" src=\"https:\/\/www.tradingpedia.com\/wp-content\/themes\/trading-pedia\/images\/ios-logo.svg\" \/><img decoding=\"async\" src=\"https:\/\/www.tradingpedia.com\/wp-content\/themes\/trading-pedia\/images\/android-logo.svg\" \/><\/td><\/tr><tr><td>JForex<\/td><td><img decoding=\"async\" src=\"https:\/\/www.tradingpedia.com\/wp-content\/themes\/trading-pedia\/images\/windows-logo.svg\" \/><img decoding=\"async\" src=\"https:\/\/www.tradingpedia.com\/wp-content\/themes\/trading-pedia\/images\/apple-logo.svg\" \/><\/td><td><img decoding=\"async\" src=\"https:\/\/www.tradingpedia.com\/wp-content\/themes\/trading-pedia\/images\/ios-logo.svg\" \/><img decoding=\"async\" src=\"https:\/\/www.tradingpedia.com\/wp-content\/themes\/trading-pedia\/images\/android-logo.svg\" \/><\/td><td><img decoding=\"async\" src=\"https:\/\/www.tradingpedia.com\/wp-content\/themes\/trading-pedia\/images\/ios-logo.svg\" \/><img decoding=\"async\" src=\"https:\/\/www.tradingpedia.com\/wp-content\/themes\/trading-pedia\/images\/android-logo.svg\" \/><\/td><\/tr><tr><td>SwissFX Web<\/td><td><img decoding=\"async\" src=\"https:\/\/www.tradingpedia.com\/wp-content\/themes\/trading-pedia\/images\/windows-logo.svg\" \/><img decoding=\"async\" src=\"https:\/\/www.tradingpedia.com\/wp-content\/themes\/trading-pedia\/images\/apple-logo.svg\" \/><\/td><td><img decoding=\"async\" src=\"https:\/\/www.tradingpedia.com\/wp-content\/themes\/trading-pedia\/images\/ios-logo.svg\" \/><img decoding=\"async\" src=\"https:\/\/www.tradingpedia.com\/wp-content\/themes\/trading-pedia\/images\/android-logo.svg\" \/><\/td><td><img decoding=\"async\" src=\"https:\/\/www.tradingpedia.com\/wp-content\/themes\/trading-pedia\/images\/ios-logo.svg\" \/><img decoding=\"async\" src=\"https:\/\/www.tradingpedia.com\/wp-content\/themes\/trading-pedia\/images\/android-logo.svg\" \/><\/td><\/tr><\/tbody><\/table><\/div>\n\n        <div class=\"table-wrapper\">\n          <table>\n            <tr><th colspan=\"2\">Informations de trading<\/th><\/tr>\n            <tr><td>Plateformes de trading<\/td><td>MetaTrader 4, JForex, SwissFX Web<\/d><\/tr>\n      <tr><td>Compte d\u00e9mo<\/td><td><img decoding=\"async\" width=\"24\" height=\"24\" src=\"https:\/\/www.tradingpedia.com\/wp-content\/themes\/trading-pedia\/images\/ico-check.svg\" alt=\"Disponible\" \/><\/td><\/tr><tr><td>Couverture (hedging)<\/td><td><img decoding=\"async\" width=\"24\" height=\"24\" src=\"https:\/\/www.tradingpedia.com\/wp-content\/themes\/trading-pedia\/images\/ico-xmark.svg\" alt=\"Non disponible\" \/><\/td><\/tr><tr><td>Scalping<\/td><td><img decoding=\"async\" width=\"24\" height=\"24\" src=\"https:\/\/www.tradingpedia.com\/wp-content\/themes\/trading-pedia\/images\/ico-xmark.svg\" alt=\"Non disponible\" \/><\/td><\/tr><tr><td>Compte retraite<\/td><td><img decoding=\"async\" width=\"24\" height=\"24\" src=\"https:\/\/www.tradingpedia.com\/wp-content\/themes\/trading-pedia\/images\/ico-xmark.svg\" alt=\"Non disponible\" \/><\/td><\/tr><tr><td>Traders am\u00e9ricains<\/td><td><img decoding=\"async\" width=\"24\" height=\"24\" src=\"https:\/\/www.tradingpedia.com\/wp-content\/themes\/trading-pedia\/images\/ico-xmark.svg\" alt=\"Non disponible\" \/><\/td><\/tr><tr><td>Traders arabophones<\/td><td><img decoding=\"async\" width=\"24\" height=\"24\" src=\"https:\/\/www.tradingpedia.com\/wp-content\/themes\/trading-pedia\/images\/ico-xmark.svg\" alt=\"Non disponible\" \/><\/td><\/tr>\n          <\/table>\n        <\/div>\n      \n<p>Les utilisateurs de Dukascopy ont acc\u00e8s \u00e0 plusieurs plateformes de trading, notamment JForex, SwissFX Web, MetaTrader 4, SWFX Trader pour iOS, SWFX Trader pour Android et une plateforme bas\u00e9e sur Java. Chaque plateforme est unique et permet aux traders d\u2019utiliser un large \u00e9ventail d\u2019outils techniques et de statistiques. Les sp\u00e9cialistes de Dukascopy se sont assur\u00e9s que les traders ne rencontrent pas de probl\u00e8mes de compatibilit\u00e9 et peuvent trader depuis pratiquement n\u2019importe quel appareil et syst\u00e8me d\u2019exploitation. <\/p>\n<p>L\u2019ouverture d\u2019un compte chez Dukascopy peut prendre du temps en raison des mesures de s\u00e9curit\u00e9 suppl\u00e9mentaires, mais vous pouvez \u00eatre certain que vos fonds sont en s\u00e9curit\u00e9. Le d\u00e9p\u00f4t minimum est de 5 000 $, et la devise de votre compte peut \u00eatre l\u2019une des suivantes : AUD, CHF, JPY, GBP, USD, CAD ou EUR. <\/p>\n<h2 id=\"assets\">Actifs n\u00e9gociables <div class=\"star-rating stars-3-5\"><\/div><\/h2>\n<p>Les traders qui utilisent les services de Dukascopy ont acc\u00e8s \u00e0 plus de 30 paires de devises, ainsi qu\u2019\u00e0 deux mati\u00e8res premi\u00e8res \u2014 l\u2019or et l\u2019argent. M\u00eame si les spreads propos\u00e9s par ce courtier ne sont pas les plus comp\u00e9titifs, les fonctionnalit\u00e9s suppl\u00e9mentaires offertes par Dukascopy compensent ces co\u00fbts plus \u00e9lev\u00e9s. La plupart des principales paires de devises sont incluses, de sorte que cette s\u00e9lection limit\u00e9e ne devrait pas \u00eatre un sujet de pr\u00e9occupation.<\/p>\n\n        <div class=\"table-wrapper\">\n          <table>\n            <tr><th>March\u00e9<\/th><th>Effet de levier<\/th><\/tr>\n      <tr><td>Devises<\/td><td>100<\/td><\/tr>\n          <\/table>\n        <\/div>\n      \n\n<div class=\"banking_tabs_holder\"> \n <ul>\n  <li class=\"tab_header_item tab_selected\"><a href=\"#table_broker_deposit_methods\">D\u00e9p\u00f4t<\/a><\/li><li class=\"tab_header_item\"><a href=\"#table_broker_withdrawal_methods\">Retrait<\/a><\/li>\n <\/ul>\n <div class=\"content_holder\"> \n  \n<div id=\"table_broker_deposit_methods\">\n\n<table> \n<thead> \n<tr><td>Marque<\/td><td>Minimum<\/td><td>Frais<\/td><td>D\u00e9lai de traitement<\/td><\/tr>\n<tbody><tr><td><img decoding=\"async\" src=\"https:\/\/www.tradingpedia.com\/wp-content\/uploads\/banking\/visa-logo.svg\" \/><\/td><td>200 $<\/td><td>1,2 %<\/td><td>1 \u00e0 2 jours ouvrables<\/td><\/tr><tr><td><img decoding=\"async\" src=\"https:\/\/www.tradingpedia.com\/wp-content\/uploads\/banking\/mastercard-logo.svg\" \/><\/td><td>200 USD<\/td><td>1,2 %<\/td><td>1 \u00e0 2 jours ouvrables<\/td><\/tr><tr><td><img decoding=\"async\" src=\"https:\/\/www.tradingpedia.com\/wp-content\/uploads\/banking\/bank-transfer-logo.svg\" \/><\/td><td>200 $<\/td><td>1,2 %<\/td><td>1 \u00e0 2 jours ouvrables<\/td><\/tr><tr><td><img decoding=\"async\" src=\"https:\/\/www.tradingpedia.com\/wp-content\/uploads\/banking\/skrill-logo.svg\" \/><\/td><td>200 $<\/td><td>2,5 %<\/td><td>1 \u00e0 2 jours ouvrables<\/td><\/tr><tr><td><img decoding=\"async\" src=\"https:\/\/www.tradingpedia.com\/wp-content\/uploads\/banking\/neteller-logo.svg\" \/><\/td><td>200 $<\/td><td>1 EUR ou 2,5 %<\/td><td>1 \u00e0 2 jours ouvrables<\/td><\/tr><tr><td><img decoding=\"async\" src=\"https:\/\/www.tradingpedia.com\/wp-content\/uploads\/banking\/maestro-logo.svg\" \/><\/td><td>200 $<\/td><td>1,2 %<\/td><td>1 \u00e0 2 jours ouvrables<\/td><\/tr><tr><td><img decoding=\"async\" src=\"https:\/\/www.tradingpedia.com\/wp-content\/uploads\/banking\/wire-transfer-logo.svg\" \/><\/td><td>200 $<\/td><td>1,2 %<\/td><td>1 \u00e0 2 jours ouvrables<\/td><\/tr><\/tbody><\/table><\/div>\n<div id=\"table_broker_withdrawal_methods\">\n\n<table> \n<thead> \n<tr><td>Marque<\/td><td>Minimum<\/td><td>Frais<\/td><td>D\u00e9lai de traitement<\/td><\/tr>\n<tbody><tr><td><img decoding=\"async\" src=\"https:\/\/www.tradingpedia.com\/wp-content\/uploads\/banking\/visa-logo.svg\" \/><\/td><td>200 $<\/td><td>1,5 EUR + 2,5 %<\/td><td>3 \u00e0 5 jours ouvrables<\/td><\/tr><tr><td><img decoding=\"async\" src=\"https:\/\/www.tradingpedia.com\/wp-content\/uploads\/banking\/mastercard-logo.svg\" \/><\/td><td>200,00 USD<\/td><td>1,5 EUR + 2,5 %<\/td><td>3 \u00e0 5 jours ouvrables<\/td><\/tr><tr><td><img decoding=\"async\" src=\"https:\/\/www.tradingpedia.com\/wp-content\/uploads\/banking\/maestro-logo.svg\" \/><\/td><td>200 $<\/td><td>1,50 EUR + 2,5 %<\/td><td>3 \u00e0 5 jours ouvrables<\/td><\/tr><\/tbody><\/table><\/div>\n <\/div>\n<\/div>\n\n<h2 id=\"reliability\">Fiabilit\u00e9 <div class=\"star-rating stars-4-5\"><\/div><\/h2>\n<p>Le d\u00e9p\u00f4t minimum requis pour commencer \u00e0 trader avec Dukascopy est le suivant : 100 $ pour un compte chez Dukascopy Europe et 5 000 $ pour un compte chez Dukascopy Bank SA. Gardez \u00e0 l\u2019esprit que Dukascopy Bank SA impose des exigences plus strictes ; l\u2019inscription aupr\u00e8s de cette entit\u00e9 s\u2019accompagne donc d\u2019autres conditions, comme une taille de lot minimale de 1 000 unit\u00e9s. <\/p>\n<p>Dukascopy est l\u2019un des courtiers Forex les plus r\u00e9put\u00e9s, ce qui vous permet de trader en toute s\u00e9r\u00e9nit\u00e9. Le service d\u2019assistance est disponible 24 heures sur 24, six jours sur 7, et vous pouvez les contacter via les forums, par t\u00e9l\u00e9phone ou par chat. <\/p>\n<div class=\"important\"><strong>Important :<\/strong>Bien que Dukascopy Bank SA exige un d\u00e9p\u00f4t initial plus \u00e9lev\u00e9, sa protection renforc\u00e9e du capital, la surveillance plus stricte de la FINMA et l\u2019acc\u00e8s prioritaire aux fournisseurs de liquidit\u00e9 peuvent constituer des avantages d\u00e9cisifs pour les traders exp\u00e9riment\u00e9s qui g\u00e8rent des portefeuilles de taille importante. Avant de choisir entre Dukascopy Europe et Dukascopy Bank SA, \u00e9valuez votre volume de trading, l\u2019effet de levier que vous privil\u00e9giez et vos obligations r\u00e9glementaires afin de s\u00e9lectionner la structure qui s\u2019aligne le mieux avec vos objectifs.<\/div>\n<h2 id=\"bonus\">Offres de bonus <div class=\"star-rating stars-4\"><\/div><\/h2>\n<p>Malheureusement, Dukascopy n\u2019a actuellement aucune offre de bonus active.<\/p>\n","protected":false},"excerpt":{"rendered":"<p>Dukascopy offre un acc\u00e8s direct au Swiss Foreign Exchange Marketplace. Ce march\u00e9 fournit le plus grand pool de liquidit\u00e9 ECN au comptant sur le Forex, disponible pour les banques, les hedge funds, les autres institutions et les traders professionnels. Le Swiss Foreign Exchange Marketplace (SWFX) est une solution technologique pour le trading sur le Forex, [&hellip;]<\/p>\n","protected":false},"author":1,"featured_media":0,"parent":120403,"menu_order":0,"comment_status":"closed","ping_status":"closed","template":"templates\/broker.php","meta":{"footnotes":""},"class_list":["post-120414","page","type-page","status-publish","hentry"],"aioseo_notices":[],"_links":{"self":[{"href":"https:\/\/www.tradingpedia.com\/fr\/wp-json\/wp\/v2\/pages\/120414","targetHints":{"allow":["GET"]}}],"collection":[{"href":"https:\/\/www.tradingpedia.com\/fr\/wp-json\/wp\/v2\/pages"}],"about":[{"href":"https:\/\/www.tradingpedia.com\/fr\/wp-json\/wp\/v2\/types\/page"}],"author":[{"embeddable":true,"href":"https:\/\/www.tradingpedia.com\/fr\/wp-json\/wp\/v2\/users\/1"}],"replies":[{"embeddable":true,"href":"https:\/\/www.tradingpedia.com\/fr\/wp-json\/wp\/v2\/comments?post=120414"}],"version-history":[{"count":1,"href":"https:\/\/www.tradingpedia.com\/fr\/wp-json\/wp\/v2\/pages\/120414\/revisions"}],"predecessor-version":[{"id":123189,"href":"https:\/\/www.tradingpedia.com\/fr\/wp-json\/wp\/v2\/pages\/120414\/revisions\/123189"}],"up":[{"embeddable":true,"href":"https:\/\/www.tradingpedia.com\/fr\/wp-json\/wp\/v2\/pages\/120403"}],"wp:attachment":[{"href":"https:\/\/www.tradingpedia.com\/fr\/wp-json\/wp\/v2\/media?parent=120414"}],"curies":[{"name":"wp","href":"https:\/\/api.w.org\/{rel}","templated":true}]}}