{"id":120401,"date":"2013-09-24T15:46:52","date_gmt":"2013-09-24T15:46:52","guid":{"rendered":"https:\/\/www.tradingpedia.com\/about-us-2\/"},"modified":"2026-01-15T18:39:31","modified_gmt":"2026-01-15T18:39:31","slug":"about-us","status":"publish","type":"page","link":"https:\/\/www.tradingpedia.com\/fr\/about-us\/","title":{"rendered":"\u00c0 propos de nous"},"content":{"rendered":"<p>Fond\u00e9 en 2013 et exploit\u00e9 par Markets Chain Ltd (soci\u00e9t\u00e9 \u2116 : <a href=\"https:\/\/portal.registryagency.bg\/CR\/en\/Reports\/ActiveConditionTabResult?uic=208041531\" rel=\"nofollow\" target=\"_blank\">208041531<\/a>), TradingPedia.com a pour objectif de fournir \u00e0 ses lecteurs une couverture de l\u2019actualit\u00e9 financi\u00e8re pr\u00e9cise et \u00e0 jour. Notre site web est ax\u00e9 sur les principaux segments des march\u00e9s financiers \u2013 actions, devises et mati\u00e8res premi\u00e8res \u2013 et propose des explications interactives et approfondies des principaux \u00e9v\u00e9nements et indicateurs \u00e9conomiques. Il va encore plus loin en fournissant aux traders d\u00e9butants, ainsi qu\u2019aux plus exp\u00e9riment\u00e9s, des strat\u00e9gies de trading fond\u00e9es \u00e0 la fois sur l\u2019analyse fondamentale et l\u2019analyse technique. <\/p>\n<p>L\u2019objectif primordial de notre travail est d\u2019assurer le lien entre nos lecteurs et les courtiers Forex et CFD les plus fiables. <\/p>\n<p>En compilant des informations essentielles et des donn\u00e9es cl\u00e9s, que nous pr\u00e9sentons sous la forme d\u2019analyses de courtiers, nous aidons les investisseurs potentiels \u00e0 prendre des d\u00e9cisions \u00e9clair\u00e9es.<\/p>\n","protected":false},"excerpt":{"rendered":"<p>Fond\u00e9 en 2013 et exploit\u00e9 par Markets Chain Ltd (soci\u00e9t\u00e9 \u2116 : 208041531), TradingPedia.com a pour objectif de fournir \u00e0 ses lecteurs une couverture de l\u2019actualit\u00e9 financi\u00e8re pr\u00e9cise et \u00e0 jour. Notre site web est ax\u00e9 sur les principaux segments des march\u00e9s financiers \u2013 actions, devises et mati\u00e8res premi\u00e8res \u2013 et propose des explications interactives [&hellip;]<\/p>\n","protected":false},"author":1,"featured_media":0,"parent":0,"menu_order":100,"comment_status":"closed","ping_status":"open","template":"templates\/full-width.php","meta":{"footnotes":""},"class_list":["post-120401","page","type-page","status-publish","hentry"],"aioseo_notices":[],"_links":{"self":[{"href":"https:\/\/www.tradingpedia.com\/fr\/wp-json\/wp\/v2\/pages\/120401","targetHints":{"allow":["GET"]}}],"collection":[{"href":"https:\/\/www.tradingpedia.com\/fr\/wp-json\/wp\/v2\/pages"}],"about":[{"href":"https:\/\/www.tradingpedia.com\/fr\/wp-json\/wp\/v2\/types\/page"}],"author":[{"embeddable":true,"href":"https:\/\/www.tradingpedia.com\/fr\/wp-json\/wp\/v2\/users\/1"}],"replies":[{"embeddable":true,"href":"https:\/\/www.tradingpedia.com\/fr\/wp-json\/wp\/v2\/comments?post=120401"}],"version-history":[{"count":0,"href":"https:\/\/www.tradingpedia.com\/fr\/wp-json\/wp\/v2\/pages\/120401\/revisions"}],"wp:attachment":[{"href":"https:\/\/www.tradingpedia.com\/fr\/wp-json\/wp\/v2\/media?parent=120401"}],"curies":[{"name":"wp","href":"https:\/\/api.w.org\/{rel}","templated":true}]}}