{"id":120400,"date":"2013-09-15T07:56:19","date_gmt":"2013-09-15T07:56:19","guid":{"rendered":"https:\/\/www.tradingpedia.com\/privacy-2\/"},"modified":"2026-01-21T09:49:35","modified_gmt":"2026-01-21T09:49:35","slug":"privacy","status":"publish","type":"page","link":"https:\/\/www.tradingpedia.com\/fr\/privacy\/","title":{"rendered":"Confidentialit\u00e9"},"content":{"rendered":"<p>La pr\u00e9sente politique de confidentialit\u00e9 explique comment TradingPedia.com utilise et prot\u00e8ge toute information que vous fournissez \u00e0 TradingPedia.com lorsque vous utilisez ce site web. Nous nous engageons \u00e0 faire en sorte que votre vie priv\u00e9e soit prot\u00e9g\u00e9e. <\/p>\n<p>Si nous vous demandons de fournir certaines informations permettant de vous<br \/>\nidentifier lors de l&rsquo;utilisation de ce site web, vous pouvez \u00eatre s\u00fbr qu&rsquo;elles ne seront utilis\u00e9es qu&rsquo;en conformit\u00e9 avec la pr\u00e9sente d\u00e9claration de confidentialit\u00e9.<\/p>\n<p>TradingPedia.com peut modifier cette politique de temps \u00e0 autre en mettant \u00e0 jour cette page. Vous devriez consulter cette page r\u00e9guli\u00e8rement afin de vous assurer que les modifications \u00e9ventuelles vous conviennent.<\/p>\n<h3>Ce que nous collectons<\/h3>\n<ul>\n<li>informations d\u00e9mographiques telles que vos pr\u00e9f\u00e9rences et centres d&rsquo;int\u00e9r\u00eat<\/li>\n<li>autres informations pertinentes pour des enqu\u00eates aupr\u00e8s des clients et\/ou des offres<\/li>\n<\/ul>\n<h3>Comment nous utilisons les informations collect\u00e9es<\/h3>\n<ul>\n<li>Nous avons besoin de ces informations pour comprendre vos besoins et vous fournir un meilleur service, notamment pour les raisons suivantes :<br \/>\nTenue de nos dossiers internes<\/li>\n<li>Nous pouvons utiliser ces informations pour am\u00e9liorer nos produits et services<\/li>\n<\/ul>\n<h3>S\u00e9curit\u00e9<\/h3>\n<p>Nous nous engageons \u00e0 garantir la s\u00e9curit\u00e9 de vos informations. Afin de pr\u00e9venir tout acc\u00e8s non autoris\u00e9 ou toute divulgation, nous avons mis en place des proc\u00e9dures physiques, \u00e9lectroniques et de gestion appropri\u00e9es pour prot\u00e9ger et s\u00e9curiser les informations que nous collectons en ligne. <\/p>\n<h3>Comment nous utilisons les cookies<\/h3>\n<p>Un cookie est un petit fichier qui demande l&rsquo;autorisation d&rsquo;\u00eatre plac\u00e9 sur le disque dur de votre ordinateur. Une fois que vous avez accept\u00e9, le fichier est ajout\u00e9 et le cookie aide \u00e0 analyser le trafic web ou vous avertit lorsque vous visitez un site particulier. Les cookies permettent aux applications web de vous r\u00e9pondre de mani\u00e8re personnalis\u00e9e. L&rsquo;application web peut adapter son fonctionnement \u00e0 vos besoins, \u00e0 ce que vous aimez ou n&rsquo;aimez pas, en recueillant et en m\u00e9morisant des informations sur vos pr\u00e9f\u00e9rences. <\/p>\n<p>Nous utilisons des cookies de suivi de trafic pour identifier les pages consult\u00e9es. Cela nous aide \u00e0 analyser les donn\u00e9es relatives au trafic des pages web et \u00e0 am\u00e9liorer notre site web afin de l&rsquo;adapter aux besoins des clients. Nous utilisons ces informations uniquement \u00e0 des fins d&rsquo;analyse statistique, apr\u00e8s quoi les donn\u00e9es sont supprim\u00e9es du syst\u00e8me. <\/p>\n<h3>Liens vers d&rsquo;autres sites web<\/h3>\n<p>Notre site web peut contenir des liens vers d&rsquo;autres sites web susceptibles de vous int\u00e9resser. Cependant, une fois que vous avez utilis\u00e9 ces liens pour quitter notre site, vous devez noter que nous n&rsquo;exer\u00e7ons aucun contr\u00f4le sur ces autres sites web. Par cons\u00e9quent, nous ne pouvons \u00eatre tenus responsables de la protection et de la confidentialit\u00e9 des informations que vous fournissez lors de la visite de ces sites, lesquels ne sont pas r\u00e9gis par la pr\u00e9sente d\u00e9claration de confidentialit\u00e9. <\/p>\n","protected":false},"excerpt":{"rendered":"<p>La pr\u00e9sente politique de confidentialit\u00e9 explique comment TradingPedia.com utilise et prot\u00e8ge toute information que vous fournissez \u00e0 TradingPedia.com lorsque vous utilisez ce site web. Nous nous engageons \u00e0 faire en sorte que votre vie priv\u00e9e soit prot\u00e9g\u00e9e. Si nous vous demandons de fournir certaines informations permettant de vous identifier lors de l&rsquo;utilisation de ce site [&hellip;]<\/p>\n","protected":false},"author":1,"featured_media":0,"parent":0,"menu_order":300,"comment_status":"closed","ping_status":"open","template":"templates\/full-width.php","meta":{"footnotes":""},"class_list":["post-120400","page","type-page","status-publish","hentry"],"aioseo_notices":[],"_links":{"self":[{"href":"https:\/\/www.tradingpedia.com\/fr\/wp-json\/wp\/v2\/pages\/120400","targetHints":{"allow":["GET"]}}],"collection":[{"href":"https:\/\/www.tradingpedia.com\/fr\/wp-json\/wp\/v2\/pages"}],"about":[{"href":"https:\/\/www.tradingpedia.com\/fr\/wp-json\/wp\/v2\/types\/page"}],"author":[{"embeddable":true,"href":"https:\/\/www.tradingpedia.com\/fr\/wp-json\/wp\/v2\/users\/1"}],"replies":[{"embeddable":true,"href":"https:\/\/www.tradingpedia.com\/fr\/wp-json\/wp\/v2\/comments?post=120400"}],"version-history":[{"count":1,"href":"https:\/\/www.tradingpedia.com\/fr\/wp-json\/wp\/v2\/pages\/120400\/revisions"}],"predecessor-version":[{"id":122181,"href":"https:\/\/www.tradingpedia.com\/fr\/wp-json\/wp\/v2\/pages\/120400\/revisions\/122181"}],"wp:attachment":[{"href":"https:\/\/www.tradingpedia.com\/fr\/wp-json\/wp\/v2\/media?parent=120400"}],"curies":[{"name":"wp","href":"https:\/\/api.w.org\/{rel}","templated":true}]}}