{"id":120399,"date":"2013-09-15T07:52:26","date_gmt":"2013-09-15T07:52:26","guid":{"rendered":"https:\/\/www.tradingpedia.com\/authors-2\/"},"modified":"2026-01-21T10:47:00","modified_gmt":"2026-01-21T10:47:00","slug":"authors","status":"publish","type":"page","link":"https:\/\/www.tradingpedia.com\/fr\/authors\/","title":{"rendered":"Auteurs"},"content":{"rendered":"<p>Vous trouverez ci-dessous des informations sur les auteurs de nos actualit\u00e9s financi\u00e8res quotidiennes.<\/p>\n<h2><a href=\"https:\/\/www.tradingpedia.com\/fr\/authors\/miroslav-marinov\/\">Miroslav Marinov<\/a><\/h2>\n<p>Miroslav Marinov, r\u00e9dacteur d&rsquo;actualit\u00e9s financi\u00e8res chez TradingPedia, se consacre \u00e0 l&rsquo;observation et \u00e0 l&rsquo;analyse des tendances du march\u00e9 des changes et se concentre actuellement sur les principales devises de huit pays d\u00e9velopp\u00e9s \u00e0 travers le monde. Il supervise la rubrique \u201dTrading de devises\u201d du site et contribue \u00e9galement aux sections \u201dAnalyse fondamentale\u201d, \u201dAnalyse technique\u201d et \u201dStrat\u00e9gie de trading\u201d.<\/p>\n<p>Marinov est trader Forex ind\u00e9pendant depuis deux ans. Il a \u00e9galement travaill\u00e9 dans les domaines de la banque de d\u00e9tail et de la gestion de la relation client, ainsi que dans l&rsquo;audit financier ind\u00e9pendant. Ses int\u00e9r\u00eats professionnels couvrent les march\u00e9s financiers mondiaux, la gestion de patrimoine \u00e0 l&rsquo;\u00e9chelle mondiale, les bonnes pratiques de gouvernance d&rsquo;entreprise et la planification des investissements. Il est titulaire d&rsquo;une licence en finance et d&rsquo;un master en finance d&rsquo;entreprise.<\/p>\n<p><a target=\"_blank\" href=\"https:\/\/bg.linkedin.com\/in\/miroslav-marinoff-5a909828\" rel=\"nofollow noopener\"><img decoding=\"async\" width=\"25\" src=\"\/wp-content\/themes\/trading-pedia\/images\/icon-linkedin.svg\" \/><\/a><\/p>\n<hr \/>\n<h2><a href=\"https:\/\/www.tradingpedia.com\/fr\/authors\/mircea-vasiu\/\">Mircea Vasiu<\/a><\/h2>\n<p>Mircea Vasiu est un analyste de march\u00e9 exp\u00e9riment\u00e9 chez TradingPedia et un trader professionnel, avec une d\u00e9cennie d&rsquo;exp\u00e9rience dans la r\u00e9daction sur les subtilit\u00e9s du march\u00e9 boursier et du trading de devises. En combinant son expertise en macro\u00e9conomie avec un sens aigu de l&rsquo;analyse des donn\u00e9es, Mircea est capable de transformer des tendances de march\u00e9 complexes en id\u00e9es de trading et d&rsquo;investissement exploitables. Il est l&rsquo;auteur de notre section vid\u00e9o. <\/p>\n<p><a target=\"_blank\" href=\"https:\/\/www.linkedin.com\/in\/mirceavasiu\/\" rel=\"nofollow noopener\"><img decoding=\"async\" width=\"25\" src=\"\/wp-content\/themes\/trading-pedia\/images\/icon-linkedin.svg\" \/><\/a><\/p>\n<hr \/>\n<h2><a href=\"https:\/\/www.tradingpedia.com\/fr\/authors\/miro-nikolov\/\">Miro Nikolov<\/a><\/h2>\n<p>Miro Nikolov est le cofondateur de TradingPedia.com et de BestBrokers.com. Sa mission est d&rsquo;aider les personnes \u00e0 r\u00e9aliser des investissements rentables en leur donnant acc\u00e8s \u00e0 des ressources \u00e9ducatives et \u00e0 des outils d&rsquo;analyse. <\/p>\n<p><a target=\"_blank\" href=\"https:\/\/www.linkedin.com\/in\/miro-nikolov-1946b9141\/\" rel=\"nofollow noopener\"><img decoding=\"async\" width=\"25\" src=\"\/wp-content\/themes\/trading-pedia\/images\/icon-linkedin.svg\" \/><\/a><\/p>\n<hr \/>\n<h2><a href=\"https:\/\/www.tradingpedia.com\/fr\/authors\/arslan-ali\/\">Arslan Ali<\/a><\/h2>\n<p>Voici Arslan, un expert chevronn\u00e9 dans le domaine des produits d\u00e9riv\u00e9s, sp\u00e9cialis\u00e9 dans les cryptomonnaies, le Forex, les mati\u00e8res premi\u00e8res et les indices. En tant qu&rsquo;intervenant professionnel lors de webinaires en direct, il partage ses analyses avec des audiences du monde entier. Fort d&rsquo;une solide formation acad\u00e9mique, comprenant un MBA en finance et un MPhil en finance comportementale, Arslan apporte \u00e0 son travail un m\u00e9lange unique d&rsquo;expertise technique et d&rsquo;analyse comportementale, ce qui fait de lui une voix de confiance dans le secteur.<\/p>\n<p><a target=\"_blank\" href=\"https:\/\/www.linkedin.com\/in\/arslan-butt\/\" rel=\"nofollow noopener\"><img decoding=\"async\" width=\"25\" src=\"\/wp-content\/themes\/trading-pedia\/images\/icon-linkedin.svg\" \/><\/a><\/p>\n<hr \/>\n<h2><a href=\"https:\/\/www.tradingpedia.com\/fr\/authors\/jeremy-wagner\/\">Jeremy Wagner<\/a><\/h2>\n<p>Trader actif sur le Forex, les actions et les options sur actions. Jeremy est le principal auteur de notre Trading Academy. <\/p>\n<p><a target=\"_blank\" href=\"https:\/\/www.linkedin.com\/in\/jeremydwagner\/\" rel=\"nofollow noopener\"><img decoding=\"async\" width=\"25\" src=\"\/wp-content\/themes\/trading-pedia\/images\/icon-linkedin.svg\" \/><\/a><\/p>\n","protected":false},"excerpt":{"rendered":"<p>Vous trouverez ci-dessous des informations sur les auteurs de nos actualit\u00e9s financi\u00e8res quotidiennes. Miroslav Marinov Miroslav Marinov, r\u00e9dacteur d&rsquo;actualit\u00e9s financi\u00e8res chez TradingPedia, se consacre \u00e0 l&rsquo;observation et \u00e0 l&rsquo;analyse des tendances du march\u00e9 des changes et se concentre actuellement sur les principales devises de huit pays d\u00e9velopp\u00e9s \u00e0 travers le monde. Il supervise la rubrique [&hellip;]<\/p>\n","protected":false},"author":1,"featured_media":0,"parent":0,"menu_order":200,"comment_status":"closed","ping_status":"open","template":"templates\/full-width.php","meta":{"footnotes":""},"class_list":["post-120399","page","type-page","status-publish","hentry"],"aioseo_notices":[],"_links":{"self":[{"href":"https:\/\/www.tradingpedia.com\/fr\/wp-json\/wp\/v2\/pages\/120399","targetHints":{"allow":["GET"]}}],"collection":[{"href":"https:\/\/www.tradingpedia.com\/fr\/wp-json\/wp\/v2\/pages"}],"about":[{"href":"https:\/\/www.tradingpedia.com\/fr\/wp-json\/wp\/v2\/types\/page"}],"author":[{"embeddable":true,"href":"https:\/\/www.tradingpedia.com\/fr\/wp-json\/wp\/v2\/users\/1"}],"replies":[{"embeddable":true,"href":"https:\/\/www.tradingpedia.com\/fr\/wp-json\/wp\/v2\/comments?post=120399"}],"version-history":[{"count":1,"href":"https:\/\/www.tradingpedia.com\/fr\/wp-json\/wp\/v2\/pages\/120399\/revisions"}],"predecessor-version":[{"id":122226,"href":"https:\/\/www.tradingpedia.com\/fr\/wp-json\/wp\/v2\/pages\/120399\/revisions\/122226"}],"wp:attachment":[{"href":"https:\/\/www.tradingpedia.com\/fr\/wp-json\/wp\/v2\/media?parent=120399"}],"curies":[{"name":"wp","href":"https:\/\/api.w.org\/{rel}","templated":true}]}}