{"id":120388,"date":"2013-06-30T04:31:38","date_gmt":"2013-06-30T04:31:38","guid":{"rendered":"https:\/\/www.tradingpedia.com\/how-to-open-forex-account\/"},"modified":"2026-01-15T18:38:18","modified_gmt":"2026-01-15T18:38:18","slug":"how-to-open-forex-account","status":"publish","type":"page","link":"https:\/\/www.tradingpedia.com\/fr\/forex-brokers\/how-to-open-forex-account\/","title":{"rendered":"Comment ouvrir un compte Forex"},"content":{"rendered":"<p><img decoding=\"async\" src=\"https:\/\/www.tradingpedia.com\/wp-content\/uploads\/2020\/11\/how-to-open-forex-account.svg\" alt=\"forex_account\" width=\"250\" height=\"250\" class=\"alignleft size-medium wp-image-4716\">Le trading sur le Forex est une activit\u00e9 passionnante pratiqu\u00e9e par des millions de personnes dans le monde entier. Elle peut certainement \u00eatre rentable, mais une question importante subsiste : n&rsquo;importe qui peut-il ouvrir un compte de trading Forex et commencer \u00e0 acheter et vendre imm\u00e9diatement ?<\/p>\n<p>Eh bien, oui &#8211; le march\u00e9 des changes est ouvert \u00e0 tous, et la cr\u00e9ation d&rsquo;un compte de trading est relativement simple. Cependant, les traders potentiels doivent prendre en compte quelques points importants avant d&rsquo;entrer dans le monde du Forex. <\/p>\n<p>Tout d&rsquo;abord, les particuliers ne peuvent acc\u00e9der au march\u00e9 des changes que par l&rsquo;interm\u00e9diaire d&rsquo;une soci\u00e9t\u00e9 de courtage professionnelle. <a href=\"https:\/\/www.tradingpedia.com\/fr\/forex-brokers\/how-to-choose-a-forex-broker\/\">Trouver un courtier r\u00e9put\u00e9<\/a> qui r\u00e9ponde \u00e0 vos besoins peut sembler difficile, en particulier pour les d\u00e9butants, car des milliers d&rsquo;entreprises se disputent l&rsquo;attention. Avec une recherche approfondie, toutefois, la t\u00e2che devient g\u00e9rable. <\/p>\n<p>Une fois que les traders ont s\u00e9lectionn\u00e9 un courtier en ligne appropri\u00e9 qui propose du trading sur le Forex, ils doivent s&rsquo;inscrire au terme d&rsquo;une proc\u00e9dure similaire \u00e0 l&rsquo;ouverture d&rsquo;un compte bancaire classique. <\/p>\n<h2 id=\"registering\">Ouvrir un compte de trading Forex<\/h2>\n<p><img decoding=\"async\" src=\"https:\/\/www.tradingpedia.com\/wp-content\/uploads\/2020\/11\/registering-a-forex-trading-account.svg\" alt=\"forex sign up\" width=\"200\" height=\"200\" class=\"alignleft size-full\">N\u00e9gocier des paires de devises de mani\u00e8re rentable exige des connaissances et des comp\u00e9tences, mais la premi\u00e8re \u00e9tape consiste \u00e0 ouvrir un compte aupr\u00e8s d&rsquo;un <a href=\"https:\/\/www.tradingpedia.com\/fr\/forex-brokers\/\">courtier Forex en ligne<\/a>. Les courtiers diff\u00e8rent les uns des autres, mais il est toujours pr\u00e9f\u00e9rable de choisir une soci\u00e9t\u00e9 \u00e0 la fois agr\u00e9\u00e9e et r\u00e9gul\u00e9e. Les courtiers r\u00e9put\u00e9s n&rsquo;acceptent pas n&rsquo;importe qui : ils doivent v\u00e9rifier l&rsquo;identit\u00e9 de chaque client et s&rsquo;assurer que le trader a les moyens de participer, car le trading sur le Forex comporte des risques importants.  <\/p>\n<h3>Informations personnelles<\/h3>\n<p><img decoding=\"async\" src=\"https:\/\/www.tradingpedia.com\/wp-content\/uploads\/2020\/11\/personal-information.svg\" alt=\"personal-informati\" class=\"alignleft\" width=\"150\" height=\"150\">Pour ouvrir un compte aupr\u00e8s du courtier de leur choix, les traders doivent fournir de nombreuses informations personnelles. Celles-ci incluent g\u00e9n\u00e9ralement le nom et le pr\u00e9nom complets, la date de naissance, l&rsquo;adresse de r\u00e9sidence, le pays de citoyennet\u00e9 ou de r\u00e9sidence, l&rsquo;adresse e-mail et le num\u00e9ro de t\u00e9l\u00e9phone. <\/p>\n<p>Si cela peut sembler standard pour toute inscription en ligne, les courtiers Forex demandent \u00e9galement votre situation professionnelle, votre num\u00e9ro d&rsquo;identification fiscale, votre num\u00e9ro de contribuable (TIN) ou votre num\u00e9ro de s\u00e9curit\u00e9 sociale. Les traders doivent aussi pr\u00e9ciser la devise de base souhait\u00e9e pour le compte-usuellement leur devise nationale. Enfin, il leur est demand\u00e9 de cr\u00e9er un mot de passe pour le compte de trading ; des mots de passe plus robustes (au moins six caract\u00e8res, incluant des lettres majuscules et minuscules, des chiffres et des symboles) sont recommand\u00e9s.<\/p>\n<h3>Informations financi\u00e8res<\/h3>\n<p><img decoding=\"async\" src=\"https:\/\/www.tradingpedia.com\/wp-content\/uploads\/2020\/11\/financial-information.svg\" alt=\"financial-information\" class=\"alignleft\" width=\"150\" height=\"150\">Dans la plupart des cas, les personnes qui souhaitent ouvrir un compte de trading doivent \u00e9galement r\u00e9pondre \u00e0 plusieurs questions financi\u00e8res. Le courtier doit conna\u00eetre le patrimoine net et le revenu annuel du trader et peut proposer un court questionnaire sur les connaissances financi\u00e8res, l&rsquo;exp\u00e9rience de trading et les objectifs d&rsquo;investissement. <\/p>\n<p>Cela peut para\u00eetre excessif, mais les courtiers doivent recueillir ces informations pour se conformer aux r\u00e9glementations financi\u00e8res locales. Tous les pays ne supervisent pas les courtiers Forex de la m\u00eame mani\u00e8re-les r\u00e8gles sont strictes en Europe, au Royaume-Uni et aux \u00c9tats-Unis, par exemple. Les courtiers offshore, en revanche, sont souvent soumis \u00e0 un contr\u00f4le plus laxiste, c&rsquo;est pourquoi ils ont tendance \u00e0 ouvrir les comptes clients plus facilement. Malheureusement, ces soci\u00e9t\u00e9s offrent aussi rarement une s\u00e9curit\u00e9 ou une protection suffisante des fonds des clients. <\/p>\n<h3>Processus de v\u00e9rification et d\u00e9lais<\/h3>\n<p><img decoding=\"async\" src=\"https:\/\/www.tradingpedia.com\/wp-content\/uploads\/2020\/11\/verification-process.svg\" alt=\"verification-process\" class=\"alignleft\" width=\"150\" height=\"150\">Une fois que les traders ont envoy\u00e9 le formulaire d&rsquo;inscription, le courtier traite les informations. Les courtiers Forex demandent g\u00e9n\u00e9ralement des documents suppl\u00e9mentaires. Certains traders peuvent trouver cela frustrant, mais il s&rsquo;agit d&rsquo;une \u00e9tape essentielle du processus de v\u00e9rification. Les clients doivent en g\u00e9n\u00e9ral fournir une copie de leur passeport, d&rsquo;une pi\u00e8ce d&rsquo;identit\u00e9 d\u00e9livr\u00e9e par le gouvernement ou de leur permis de conduire. Comme justificatif de domicile, ils doivent \u00e9galement t\u00e9l\u00e9charger une facture de services publics r\u00e9cente. <\/p>\n<p>La collecte de ces documents peut ralentir la proc\u00e9dure, mais la plupart des comptes sont v\u00e9rifi\u00e9s et op\u00e9rationnels sous un \u00e0 deux jours ouvrables. Ce d\u00e9lai est raisonnable-l&rsquo;ouverture d&rsquo;un compte de trading Forex est une d\u00e9marche s\u00e9rieuse. Le trading sur le march\u00e9 du Forex implique un v\u00e9ritable risque financier, une r\u00e9alit\u00e9 soulign\u00e9e par les avertissements de risque que les courtiers publient sur leurs sites web. <\/p>\n<div class=\"important\"><strong>Important:<\/strong> V\u00e9rifiez toujours que le courtier que vous avez choisi est agr\u00e9\u00e9 par une autorit\u00e9 financi\u00e8re reconnue et que les fonds des clients sont conserv\u00e9s sur des comptes s\u00e9par\u00e9s. La r\u00e9glementation \u00e0 elle seule n&rsquo;\u00e9limine pas tous les risques, mais elle r\u00e9duit consid\u00e9rablement la possibilit\u00e9 de fraude, de d\u00e9tournement de fonds ou de faillite soudaine. Avant de d\u00e9poser, lisez les documents juridiques du courtier, confirmez que la protection contre le solde n\u00e9gatif est propos\u00e9e et assurez-vous de bien comprendre les r\u00e8gles de marge. Prendre ces pr\u00e9cautions peut vous faire \u00e9conomiser beaucoup de temps, d&rsquo;argent et de stress.<\/div>\n<h2 id=\"types\">Types de comptes<\/h2>\n<p><img decoding=\"async\" src=\"https:\/\/www.tradingpedia.com\/wp-content\/uploads\/2020\/11\/types-of-accounts.svg\" alt=\"forex account types\" width=\"200\" height=\"200\" class=\"alignleft size-full wp-image-62334\">Une autre \u00e9tape importante consiste \u00e0 choisir le type de compte de trading qui correspond le mieux aux besoins du trader, en fonction de sa connaissance du march\u00e9 du Forex, de son capital de d\u00e9part et de ses objectifs personnels. En trading d&rsquo;actions, les investisseurs ouvrent g\u00e9n\u00e9ralement soit un compte au comptant soit un compte sur marge, mais sur le Forex, chaque compte client permet le soi-disant \u00ab trading sur marge \u00bb-l&rsquo;utilisation de fonds emprunt\u00e9s pour contr\u00f4ler des positions sup\u00e9rieures au solde propre du trader. <\/p>\n<p>Il existe toutefois plusieurs autres types de comptes Forex. Ils se distinguent principalement par leurs exigences de taille minimale de transaction, mais commen\u00e7ons par les options les plus fondamentales : les comptes de d\u00e9monstration et les comptes r\u00e9els. <\/p>\n<h3>Comptes de d\u00e9monstration et comptes de trading r\u00e9els<\/h3>\n<p><img decoding=\"async\" src=\"https:\/\/www.tradingpedia.com\/wp-content\/uploads\/2020\/11\/demo-vs-live-trading-accounts.svg\" alt=\"demo-vs-live-trading-accounts\" class=\"alignleft\" width=\"150\" height=\"150\">Pratiquement tous les courtiers Forex proposent ces deux types de comptes, qui diff\u00e8rent sur un point essentiel-le compte de d\u00e9monstration permet de trader de fa\u00e7on simul\u00e9e avec des fonds virtuels, tandis que le compte r\u00e9el doit \u00eatre aliment\u00e9 avec de l&rsquo;argent v\u00e9ritable et permet le trading effectif sur le march\u00e9 des changes. Comme le compte r\u00e9el est assez simple \u00e0 comprendre, nous allons nous concentrer sur la version de d\u00e9monstration.<\/p>\n<p>Beaucoup de traders sautent cette premi\u00e8re \u00e9tape, n\u00e9gligeant la valeur p\u00e9dagogique d&rsquo;un compte sans risque. L&rsquo;ouverture d&rsquo;un compte de d\u00e9monstration ne n\u00e9cessite g\u00e9n\u00e9ralement que des informations personnelles de base et ne prend que quelques minutes. Une fois configur\u00e9, le compte permet aux utilisateurs d&rsquo;explorer la plateforme, d&rsquo;ouvrir des positions avec des fonds virtuels, de tester des strat\u00e9gies et d&rsquo;observer leur efficacit\u00e9 dans des conditions de march\u00e9 r\u00e9elles. <\/p>\n<p>Comme aucun argent r\u00e9el n&rsquo;est en jeu, les finances du trader ne sont pas expos\u00e9es au risque. Un compte de d\u00e9monstration constitue donc une excellente opportunit\u00e9 pour les d\u00e9butants d&rsquo;entrer sur le march\u00e9 des devises et d&rsquo;apprendre les bases d&rsquo;un trading r\u00e9ussi.  <\/p>\n<h3>Comptes standard, mini et micro<\/h3>\n<p><img decoding=\"async\" src=\"https:\/\/www.tradingpedia.com\/wp-content\/uploads\/2020\/11\/standard-mini-and-micro-accounts.svg\" alt=\"standard-mini-and-micro-accounts\" class=\"alignleft\" width=\"150\" height=\"150\">Comme indiqu\u00e9 plus haut, la plupart des courtiers proposent au moins deux niveaux de comptes en fonction des tailles minimale et maximale de transaction. Autrement dit, les comptes mini s&rsquo;adressent aux traders disposant de mises de d\u00e9part plus modestes, tandis que les comptes standard conviennent \u00e0 ceux qui ont davantage de capital. Le choix doit d\u00e9pendre non seulement des fonds disponibles, mais aussi de la tol\u00e9rance au risque de chacun et du temps que le trader pr\u00e9voit de consacrer au march\u00e9.<\/p>\n<p>Le type de compte le plus courant est le compte standard, qui permet de n\u00e9gocier des lots standard de devises avec un effet de levier standard. Un lot est la quantit\u00e9 minimale de devise pouvant \u00eatre trad\u00e9e ; un lot standard correspond \u00e0 100,000 unit\u00e9s-$100,000 si vous tradez des dollars am\u00e9ricains. Un mini lot repr\u00e9sente 10,000 unit\u00e9s, et un micro lot 1,000 unit\u00e9s. Les comptes mini permettent aux clients de trader des mini lots, tandis que les comptes micro autorisent des transactions encore plus petites. <\/p>\n<p>Chaque type de compte comporte aussi une exigence de capital minimum qui varie selon le courtier. Par exemple, les <a href=\"https:\/\/www.tradingpedia.com\/fr\/forex-brokers\/micro-account-forex-brokers\/\">comptes micro<\/a> peuvent exiger un solde minimum de $100. Un compte mini peut n\u00e9cessiter $500 ou $1,000, tandis que les comptes standard demandent souvent $10,000 ou plus. <\/p>\n<h3>Comptes g\u00e9r\u00e9s<\/h3>\n<p><img decoding=\"async\" src=\"https:\/\/www.tradingpedia.com\/wp-content\/uploads\/2020\/11\/managed-forex-accounts.svg\" alt=\"managed-forex-accounts\" class=\"alignleft\" width=\"150\" height=\"150\">Les comptes g\u00e9r\u00e9s sont courants dans le trading d&rsquo;actions, en particulier parmi les investisseurs fortun\u00e9s ou ceux qui font appel \u00e0 une soci\u00e9t\u00e9 de gestion de patrimoine. Dans un compte g\u00e9r\u00e9, le portefeuille est <a href=\"https:\/\/www.tradingpedia.com\/fr\/forex-brokers\/what-is-managed-forex-account\/\">g\u00e9r\u00e9 par une soci\u00e9t\u00e9 d&rsquo;investissement professionnelle<\/a> tandis que le capital reste le v\u00f4tre, mais le courtier, le conseiller financier ou l&rsquo;interm\u00e9diaire ex\u00e9cute les d\u00e9cisions d&rsquo;achat et de vente. <\/p>\n<p>Pour de nombreux traders Forex, cette formule peut sembler contre-intuitive, car m\u00eame un professionnel peut perdre de l&rsquo;argent. C&rsquo;est pourquoi des r\u00e9glementations existent pour prot\u00e9ger les fonds des clients contre une mauvaise gestion. Les comptes g\u00e9r\u00e9s se r\u00e9partissent g\u00e9n\u00e9ralement en deux cat\u00e9gories : les fonds mutualis\u00e9s, dans lesquels les traders investissent dans un portefeuille collectif similaire \u00e0 un fonds commun de placement, et les comptes individuels ou g\u00e9r\u00e9s s\u00e9par\u00e9ment.<\/p>\n<p>M\u00eame si ces comptes offrent un accompagnement professionnel et peuvent r\u00e9duire le risque au quotidien, ils entra\u00eenent aussi des co\u00fbts plus \u00e9lev\u00e9s. Les gestionnaires de compte facturent des commissions qui peuvent \u00eatre fixes ou calcul\u00e9es en pourcentage du portefeuille et, dans certains cas, d\u00e9passer plusieurs milliers de dollars par an. En outre, les comptes g\u00e9r\u00e9s sont con\u00e7us pour la gestion de patrimoine plut\u00f4t que pour le trading actif sur le Forex.<\/p>\n<h3>Comptes islamiques<\/h3>\n<p><img decoding=\"async\" src=\"https:\/\/www.tradingpedia.com\/wp-content\/uploads\/2020\/11\/islamic-accounts.svg\" alt=\"islamic-accounts\" class=\"alignleft\" width=\"150\" height=\"150\">Certains courtiers Forex proposent une option de trading appel\u00e9e compte islamique. \u00c9galement appel\u00e9s comptes sans swap, ils sont destin\u00e9s aux musulmans qui souhaitent participer aux march\u00e9s des devises sans enfreindre les principes islamiques. Selon la loi de la charia, l&rsquo;usure-la pratique consistant \u00e0 pr\u00eater de l&rsquo;argent \u00e0 int\u00e9r\u00eat-est interdite. En effet, tirer des profits des int\u00e9r\u00eats n&rsquo;est pas autoris\u00e9. <\/p>\n<p>Les courtiers facturent g\u00e9n\u00e9ralement une commission ou des int\u00e9r\u00eats de report pour les positions qui restent ouvertes pendant la nuit. Les comptes islamiques \u00e9liminent ces paiements d&rsquo;int\u00e9r\u00eats. <\/p>\n<h2 id=\"funding\">Alimenter un compte de trading Forex<\/h2>\n<p><img decoding=\"async\" src=\"https:\/\/www.tradingpedia.com\/wp-content\/uploads\/2020\/11\/funding-a-forex-trading-account.svg\" alt=\"funding-a-forex-trading-account\" class=\"alignleft\" width=\"200\" height=\"200\">Une fois le compte activ\u00e9 et v\u00e9rifi\u00e9, les traders peuvent commencer \u00e0 acheter et vendre sur le march\u00e9 du Forex. Cependant, ils doivent d&rsquo;abord approvisionner le compte ; sinon, ils seront limit\u00e9s au trading simul\u00e9 avec des fonds virtuels. <\/p>\n<h3>Devise de base du compte<\/h3>\n<p><img decoding=\"async\" src=\"https:\/\/www.tradingpedia.com\/wp-content\/uploads\/2020\/11\/account-base-currency.svg\" alt=\"account-base-currency\" class=\"alignleft\" width=\"150\" height=\"150\">L&rsquo;un des premiers \u00e9l\u00e9ments \u00e0 prendre en compte lors de l&rsquo;ouverture d&rsquo;un compte Forex est la devise de base propos\u00e9e. Il s&rsquo;agit de la devise dans laquelle le compte est libell\u00e9, et les courtiers r\u00e9put\u00e9s prennent g\u00e9n\u00e9ralement en charge plusieurs options telles que USD, EUR ou GBP. <\/p>\n<p>Certaines soci\u00e9t\u00e9s proposent un choix encore plus large, notamment si elles op\u00e8rent dans des pays ayant d&rsquo;autres devises nationales ou si elles ciblent une r\u00e9gion sp\u00e9cifique. Les courtiers canadiens, par exemple, traitent souvent les paiements en CAD, tandis que les courtiers japonais acceptent le JPY. Les clients sont libres de choisir n&rsquo;importe quelle devise prise en charge, mais l&rsquo;approche la plus judicieuse consiste \u00e0 s\u00e9lectionner la devise utilis\u00e9e par leur compte bancaire ou leur carte de cr\u00e9dit afin d&rsquo;\u00e9viter les frais de conversion.  <\/p>\n<h3>Moyens de paiement<\/h3>\n<p><img decoding=\"async\" src=\"https:\/\/www.tradingpedia.com\/wp-content\/uploads\/2020\/09\/payment-methods.svg\" alt=\"payment-methods\" class=\"alignleft\" width=\"150\" height=\"150\">Un autre \u00e9l\u00e9ment \u00e0 prendre en compte est la gamme de moyens de paiement disponibles. L&rsquo;aspect financier du trading compte le plus pour de nombreux utilisateurs ; pour commencer \u00e0 trader, ils doivent d\u00e9poser des fonds via un canal s\u00fbr et fiable. <\/p>\n<p>Presque tous les courtiers Forex acceptent les m\u00e9thodes de d\u00e9p\u00f4t traditionnelles telles que le virement bancaire, les <a href=\"https:\/\/www.tradingpedia.com\/fr\/forex-brokers\/forex-trading-brokers-with-bank-transfer\/\">virements bancaires en ligne<\/a> et les cartes de cr\u00e9dit ou de d\u00e9bit. Les <a href=\"https:\/\/www.tradingpedia.com\/fr\/forex-brokers\/credit-card-forex-brokers\/\">cartes de cr\u00e9dit<\/a> Visa, Mastercard et American Express sont particuli\u00e8rement populaires, car la plupart des gens en poss\u00e8dent au moins une et les transactions sont rapides, s\u00fbres et fiables. Le retrait de fonds vers une carte prend g\u00e9n\u00e9ralement jusqu&rsquo;\u00e0 trois jours, tandis que les virements bancaires peuvent n\u00e9cessiter plus d&rsquo;une semaine.<\/p>\n<p>Une option de plus en plus populaire est le portefeuille \u00e9lectronique-un moyen moderne, rapide et s\u00e9curis\u00e9 d&rsquo;envoyer ou de recevoir de l&rsquo;argent en ligne. Parmi les portefeuilles \u00e9lectroniques les plus connus figurent PayPal, Neteller et Skrill, et ils sont accept\u00e9s dans la plupart des r\u00e9gions du monde. <\/p>\n<h3>Effet de levier et exigences de marge<\/h3>\n<p><img decoding=\"async\" src=\"https:\/\/www.tradingpedia.com\/wp-content\/uploads\/2020\/11\/leverage-and-margin-requirements.svg\" alt=\"leverage-and-margin-requirements\" class=\"alignleft\" width=\"150\" height=\"150\">Lors de l&rsquo;ouverture d&rsquo;un nouveau compte, les traders doivent comprendre deux notions fondamentales : la marge et l&rsquo;effet de levier. Ces termes sont parfois utilis\u00e9s de mani\u00e8re interchangeable, mais ils ne sont pas synonymes. <\/p>\n<p>La marge correspond \u00e0 la part de fonds que les traders doivent maintenir sur leur compte tant qu&rsquo;une position est ouverte, afin de s&rsquo;assurer qu&rsquo;ils peuvent couvrir d&rsquo;\u00e9ventuelles pertes. L&rsquo;effet de levier, en revanche, repr\u00e9sente les fonds que les courtiers pr\u00eatent pour amplifier les profits potentiels. En d&rsquo;autres termes, l&rsquo;effet de levier permet aux traders de contr\u00f4ler une position bien plus importante que ce que leur capital propre leur permettrait normalement. <\/p>\n<p>Chaque type de compte-standard, mini ou micro-comporte ses propres conditions d&rsquo;effet de levier et de marge. Les comptes standard offrent g\u00e9n\u00e9ralement un effet de levier plus \u00e9lev\u00e9, tandis que les comptes mini et micro proposent un levier plus faible (jusqu&rsquo;\u00e0 1:5 ou 1:10) et des exigences de marge plus importantes.<\/p>\n<h2 id=\"where\">O\u00f9 ouvrir un compte Forex<\/h2>\n<p><img decoding=\"async\" src=\"https:\/\/www.tradingpedia.com\/wp-content\/uploads\/2020\/11\/where-to-open-forex-account.svg\" alt=\"where to open forex account\" width=\"200\" height=\"200\" class=\"alignleft size-full wp-image-62336\">Certains traders peuvent \u00eatre tent\u00e9s de s&rsquo;inscrire aupr\u00e8s d&rsquo;un courtier qui propose des tarifs bas, des bonus g\u00e9n\u00e9reux et des conditions de trading apparemment meilleures tout en recueillant un minimum d&rsquo;informations lors de l&rsquo;inscription. Cependant, ils ne devraient pas se pr\u00e9cipiter ; le site web ou la soci\u00e9t\u00e9 peut \u00eatre ill\u00e9gitime. Dans de nombreux cas, ces courtiers ne sont pas agr\u00e9\u00e9s-ce qui signifie qu&rsquo;ils ne respectent aucune loi nationale ou internationale-ou ils d\u00e9tiennent une licence d\u00e9livr\u00e9e par une juridiction \u00e0 la r\u00e9putation douteuse. <\/p>\n<p>De tels courtiers peuvent fonctionner comme de v\u00e9ritables arnaques, et les traders risquent de devenir victimes de fraude. De nombreux cas ont \u00e9t\u00e9 document\u00e9s, et ces stratag\u00e8mes continueront tant que des personnes continueront \u00e0 y d\u00e9poser des fonds. Si vous remarquez quelque chose de suspect au sujet d&rsquo;un courtier, cherchez simplement une autre soci\u00e9t\u00e9 plus digne de confiance.<\/p>\n<p>La derni\u00e8re \u00e9tape de l&rsquo;inscription comprend g\u00e9n\u00e9ralement des informations et avertissements sur les risques. Les traders doivent prendre cette section au s\u00e9rieux, car le Forex est consid\u00e9r\u00e9 comme l&rsquo;une des activit\u00e9s d&rsquo;investissement les plus difficiles pour les d\u00e9butants. Le march\u00e9 est tr\u00e8s risqu\u00e9, en particulier pour ceux qui ne comprennent pas en profondeur ses m\u00e9canismes et ses r\u00e8gles. Des traders enthousiastes mais inexp\u00e9riment\u00e9s peuvent perdre de l&rsquo;argent en quelques heures.<\/p>\n","protected":false},"excerpt":{"rendered":"<p>Le trading sur le Forex est une activit\u00e9 passionnante pratiqu\u00e9e par des millions de personnes dans le monde entier. Elle peut certainement \u00eatre rentable, mais une question importante subsiste : n&rsquo;importe qui peut-il ouvrir un compte de trading Forex et commencer \u00e0 acheter et vendre imm\u00e9diatement ? Eh bien, oui &#8211; le march\u00e9 des changes [&hellip;]<\/p>\n","protected":false},"author":6,"featured_media":70835,"parent":120403,"menu_order":0,"comment_status":"closed","ping_status":"open","template":"templates\/best-brokers-list.php","meta":{"footnotes":""},"class_list":["post-120388","page","type-page","status-publish","has-post-thumbnail","hentry"],"aioseo_notices":[],"_links":{"self":[{"href":"https:\/\/www.tradingpedia.com\/fr\/wp-json\/wp\/v2\/pages\/120388","targetHints":{"allow":["GET"]}}],"collection":[{"href":"https:\/\/www.tradingpedia.com\/fr\/wp-json\/wp\/v2\/pages"}],"about":[{"href":"https:\/\/www.tradingpedia.com\/fr\/wp-json\/wp\/v2\/types\/page"}],"author":[{"embeddable":true,"href":"https:\/\/www.tradingpedia.com\/fr\/wp-json\/wp\/v2\/users\/6"}],"replies":[{"embeddable":true,"href":"https:\/\/www.tradingpedia.com\/fr\/wp-json\/wp\/v2\/comments?post=120388"}],"version-history":[{"count":0,"href":"https:\/\/www.tradingpedia.com\/fr\/wp-json\/wp\/v2\/pages\/120388\/revisions"}],"up":[{"embeddable":true,"href":"https:\/\/www.tradingpedia.com\/fr\/wp-json\/wp\/v2\/pages\/120403"}],"wp:featuredmedia":[{"embeddable":true,"href":"https:\/\/www.tradingpedia.com\/fr\/wp-json\/wp\/v2\/media\/70835"}],"wp:attachment":[{"href":"https:\/\/www.tradingpedia.com\/fr\/wp-json\/wp\/v2\/media?parent=120388"}],"curies":[{"name":"wp","href":"https:\/\/api.w.org\/{rel}","templated":true}]}}