{"id":120361,"date":"2013-05-21T06:47:24","date_gmt":"2013-05-21T06:47:24","guid":{"rendered":"https:\/\/www.tradingpedia.com\/forex-trading-brokers-with-paysafecard\/"},"modified":"2026-02-20T15:43:14","modified_gmt":"2026-02-20T15:43:14","slug":"forex-trading-brokers-with-paysafecard","status":"publish","type":"page","link":"https:\/\/www.tradingpedia.com\/fr\/forex-brokers\/forex-trading-brokers-with-paysafecard\/","title":{"rendered":"Courtiers Forex avec d\u00e9p\u00f4ts Paysafecard"},"content":{"rendered":"<p>Vous recherchez des courtiers Forex r\u00e9glement\u00e9s et fiables qui acceptent Paysafecard ? Notre \u00e9quipe d&rsquo;experts traders a test\u00e9 de nombreux courtiers Forex avec de vrais comptes et a \u00e9tabli une liste des meilleurs d&rsquo;entre eux qui acceptent Paysafecard. Paysafecard est l&rsquo;une des solutions pr\u00e9pay\u00e9es les plus populaires actuellement disponibles sur Internet. Il s&rsquo;agit de l&rsquo;un des services exploit\u00e9s par Paysafe Group, une soci\u00e9t\u00e9 r\u00e9glement\u00e9e par la Financial Conduct Authority du Royaume-Uni. <\/p>\n<ol class=\"brokers-grid-container list-brokers\" data-pid=\"120361\">\n          <li><a rel=\"nofollow\" target=\"_blank\" href=\"\/out\/plus500-us?au=114&bp=1\">\n            \n      <figure>\n        <img decoding=\"async\" src=\"https:\/\/www.tradingpedia.com\/www-tradingpedia-com\/wp-content\/uploads\/logos\/lg-plus500-us-logo.webp\" width=\"160\" height=\"45\">\n      <\/figure>\n    \n\n            <div>\n              <span class=\"broker-name\">Plus500 US<\/span>\n\n              <div class=\"broker-rating\">Note : 4,2 <i class=\"ico-star\"><\/i><\/div>\n\n              <em>Ce contenu s\u2019applique uniquement \u00e0 Plus500 US et aux clients des \u00c9tats-Unis. Le trading sur contrats \u00e0 terme comporte un risque de perte.<\/em>\n            <\/div>\n          <\/a><\/li>\n        \n          <li><a rel=\"nofollow\" target=\"_blank\" href=\"\/out\/etoro?au=114&bp=2\">\n            \n      <figure>\n        <img decoding=\"async\" src=\"https:\/\/www.tradingpedia.com\/www-tradingpedia-com\/wp-content\/uploads\/logos\/lg-etoro-logo.webp\" width=\"160\" height=\"45\">\n      <\/figure>\n    \n\n            <div>\n              <span class=\"broker-name\">eToro<\/span>\n\n              <div class=\"broker-rating\">Note : 4,2 <i class=\"ico-star\"><\/i><\/div>\n\n              <em>50 % des comptes d'investisseurs particuliers perdent de l'argent<\/em>\n            <\/div>\n          <\/a><\/li>\n        \n          <li><a rel=\"nofollow\" target=\"_blank\" href=\"\/out\/fusion-markets?au=114&bp=3\">\n            \n      <figure>\n        <img decoding=\"async\" src=\"https:\/\/www.tradingpedia.com\/www-tradingpedia-com\/wp-content\/uploads\/logos\/lg-fusion-markets-logo.webp\" width=\"160\" height=\"45\">\n      <\/figure>\n    \n\n            <div>\n              <span class=\"broker-name\">Fusion Markets<\/span>\n\n              <div class=\"broker-rating\">Note : 4,8 <i class=\"ico-star\"><\/i><\/div>\n\n              <em>74-89 % des comptes de d\u00e9tail perdent de l'argent<\/em>\n            <\/div>\n          <\/a><\/li>\n        \n          <li><a rel=\"nofollow\" target=\"_blank\" href=\"\/out\/fp-markets?au=114&bp=4\">\n            \n      <figure>\n        <img decoding=\"async\" src=\"https:\/\/www.tradingpedia.com\/www-tradingpedia-com\/wp-content\/uploads\/logos\/lg-fp-markets-logo.webp\" width=\"160\" height=\"45\">\n      <\/figure>\n    \n\n            <div>\n              <span class=\"broker-name\">FP Markets<\/span>\n\n              <div class=\"broker-rating\">Note : 4,9 <i class=\"ico-star\"><\/i><\/div>\n\n              <em>73,33 % des comptes d'investisseurs particuliers perdent de l'argent<\/em>\n            <\/div>\n          <\/a><\/li>\n        \n          <li><a rel=\"nofollow\" target=\"_blank\" href=\"\/out\/global-prime?au=114&bp=5\">\n            \n      <figure>\n        <img decoding=\"async\" src=\"https:\/\/www.tradingpedia.com\/www-tradingpedia-com\/wp-content\/uploads\/logos\/lg-global-prime-logo.jpg\" width=\"160\" height=\"45\">\n      <\/figure>\n    \n\n            <div>\n              <span class=\"broker-name\">Global Prime<\/span>\n\n              <div class=\"broker-rating\">Note : 4,7 <i class=\"ico-star\"><\/i><\/div>\n\n              <em>74 \u00e0 89 % des comptes de d\u00e9tail de CFD perdent de l'argent<\/em>\n            <\/div>\n          <\/a><\/li>\n        \n          <li><a rel=\"nofollow\" target=\"_blank\" href=\"\/out\/pepperstone?au=114&bp=6\">\n            \n      <figure>\n        <img decoding=\"async\" src=\"https:\/\/www.tradingpedia.com\/www-tradingpedia-com\/wp-content\/uploads\/logos\/lg-pepperstone-logo.webp\" width=\"160\" height=\"45\">\n      <\/figure>\n    \n\n            <div>\n              <span class=\"broker-name\">Pepperstone<\/span>\n\n              <div class=\"broker-rating\">Note : 4,4 <i class=\"ico-star\"><\/i><\/div>\n\n              <em>72,9 % des comptes d'investisseurs particuliers perdent de l'argent<\/em>\n            <\/div>\n          <\/a><\/li>\n        <\/ol>\n<p>Actuellement, Paysafecard est disponible dans des dizaines de pays et des centaines de milliers de points de vente dans le monde entier. De plus, la qualit\u00e9 de son support est in\u00e9gal\u00e9e parmi les autres services pr\u00e9pay\u00e9s et, en termes d&rsquo;accessibilit\u00e9, il rivalise avec les <a href=\"https:\/\/www.tradingpedia.com\/fr\/forex-brokers\/credit-card-forex-brokers\/\">cartes de cr\u00e9dit<\/a> et les portefeuilles \u00e9lectroniques. La sc\u00e8ne de trading Forex en ligne appr\u00e9cie \u00e9galement beaucoup Paysafecard, et de nombreux sites de courtiers sont pr\u00eats \u00e0 accepter des paiements via cette m\u00e9thode. Ci-dessous, nous aborderons les aspects importants de l&rsquo;utilisation de Paysafecard pour trader sur le Forex et ce que vous pouvez attendre de cette solution pr\u00e9pay\u00e9e.<\/p>\n<h2 id=\"deposit\">Comment approvisionner un compte Forex avec Paysafecard<\/h2>\n<p><img decoding=\"async\" src=\"https:\/\/www.tradingpedia.com\/wp-content\/uploads\/2013\/07\/how-to-fund-forex-account.svg\" alt=\"\" class=\"alignleft\" width=\"150\" height=\"150\">Effectuer un d\u00e9p\u00f4t via Paysafecard est l&rsquo;un des aspects les plus simples du trading Forex et, une fois que vous aurez r\u00e9alis\u00e9 la proc\u00e9dure une premi\u00e8re fois, vous n&rsquo;aurez aucune difficult\u00e9 \u00e0 la r\u00e9p\u00e9ter. Le processus est assez simple et ne diff\u00e8re pas beaucoup des autres moyens de paiement. Il vous suffit de prendre votre coupon Paysafecard et de relever le code \u00e0 16 chiffres qui y est imprim\u00e9. Ensuite, rendez-vous sur la page de paiements du site du courtier et choisissez Paysafecard dans la liste des services pris en charge. Indiquez le montant que vous souhaitez d\u00e9poser ainsi que le code figurant sur le re\u00e7u. Une fois que vous avez confirm\u00e9 la transaction, l&rsquo;argent appara\u00eet instantan\u00e9ment sur votre solde et vous pouvez l&rsquo;utiliser pour trader comme vous l&rsquo;entendez.<\/p>\n<p>D\u00e9poser des fonds via Paysafecard est simple et direct. Vous n&rsquo;avez pas \u00e0 faire face \u00e0 bon nombre des difficult\u00e9s qui affectent d&rsquo;autres solutions bancaires. De plus, le processus est identique sur ordinateur de bureau et sur appareil mobile, ce qui vous donne la possibilit\u00e9 d&rsquo;utiliser tous vos appareils pour vos besoins de trading Forex.<\/p>\n<h2 id=\"withdraw\">Comment retirer des fonds d&rsquo;un compte Forex avec Paysafecard<\/h2>\n<p><img decoding=\"async\" src=\"https:\/\/www.tradingpedia.com\/wp-content\/uploads\/2020\/08\/how-to-withdraw.svg\" alt=\"\" class=\"alignleft\" width=\"150\" height=\"150\">Les retraits ne sont pas possibles avec Paysafecard. Bien que l&rsquo;industrie du trading Forex n\u00e9cessite un mouvement constant de fonds entre les courtiers et leurs clients, Paysafecard n&rsquo;a pas \u00e9t\u00e9 con\u00e7u dans cette optique. Il a \u00e9t\u00e9 cr\u00e9\u00e9 pour de petits achats num\u00e9riques plut\u00f4t que pour des transactions de grande envergure. En cons\u00e9quence, Paysafecard ne peut d\u00e9placer l&rsquo;argent que dans un seul sens \u2014 vers le courtier. Si vous souhaitez encaisser votre solde, votre demande ne sera pas refus\u00e9e, mais cela ne pourra pas se faire via Paysafecard.<\/p>\n<p>La plupart des <a href=\"https:\/\/www.tradingpedia.com\/fr\/forex-brokers\/\">courtiers Forex<\/a> vous permettront de retirer vos fonds par un <a href=\"https:\/\/www.tradingpedia.com\/fr\/forex-brokers\/forex-trading-brokers-with-bank-transfer\/\">virement bancaire<\/a> traditionnel. \u00c0 cette fin, vous devrez fournir au courtier vos coordonn\u00e9es bancaires puis attendre l&rsquo;approbation du paiement. Une fois celui-ci approuv\u00e9, la transaction prendra g\u00e9n\u00e9ralement entre un et cinq jours ouvrables pour \u00eatre trait\u00e9e.<\/p>\n<h2 id=\"pros\">Avantages de l&rsquo;utilisation de Paysafecard pour le trading Forex<\/h2>\n<p><img decoding=\"async\" src=\"https:\/\/www.tradingpedia.com\/wp-content\/uploads\/2020\/08\/benefits.svg\" alt=\"\" class=\"alignleft\" width=\"150\" height=\"150\">Paysafecard pr\u00e9sente plusieurs avantages qui rendent le service attractif pour les clients. Ces atouts prennent diff\u00e9rentes formes et peuvent avoir un impact significatif sur votre exp\u00e9rience de trading Forex. Tout d&rsquo;abord, Paysafecard permet des d\u00e9p\u00f4ts instantan\u00e9s. Le service est rapide et efficace pour traiter les paiements, ce qui vous garantit l&rsquo;absence d&rsquo;interruptions.<\/p>\n<p>Autre point \u00e0 prendre en compte : dans la plupart des cas, le service est enti\u00e8rement gratuit. Aucun frais n&rsquo;est factur\u00e9 pour effectuer des transactions ou pour acheter un coupon. Des frais ne vous seront imput\u00e9s que si vous souhaitez transf\u00e9rer le solde d&rsquo;un code Paysafecard vers votre compte bancaire, apr\u00e8s une longue p\u00e9riode d&rsquo;inactivit\u00e9 ou lors d&rsquo;une transaction dans une devise \u00e9trang\u00e8re. Naturellement, ces frais peuvent \u00eatre \u00e9vit\u00e9s avec un peu de planification.<\/p>\n<p>Un autre grand avantage de Paysafecard est sa disponibilit\u00e9 dans plus de 400 000 points de vente dans le monde. Il y a de fortes chances qu&rsquo;un commerce pr\u00e8s de chez vous propose des coupons Paysafecard que vous pouvez acheter tr\u00e8s facilement. Vous pouvez m\u00eame le faire au cours de vos courses habituelles. En termes de disponibilit\u00e9 et de facilit\u00e9 d&rsquo;utilisation, peu de services peuvent rivaliser avec Paysafecard.<\/p>\n<h2 id=\"cons\">Inconv\u00e9nients de l&rsquo;utilisation de Paysafecard pour le trading Forex<\/h2>\n<p><img decoding=\"async\" src=\"https:\/\/www.tradingpedia.com\/wp-content\/uploads\/2020\/08\/disadvantages.svg\" alt=\"\" class=\"alignleft\" width=\"150\" height=\"150\">Il existe plusieurs raisons pour lesquelles Paysafecard peut ne pas convenir au trading Forex, et vous devez en \u00eatre conscient avant de choisir un moyen de paiement. Pour commencer, le service ne permet pas les retraits, vous devrez donc trouver un autre moyen d&rsquo;encaisser vos gains. En g\u00e9n\u00e9ral, les courtiers vous autoriseront \u00e0 retirer votre solde par virement bancaire, mais cette m\u00e9thode est relativement lente et peut prendre plusieurs jours ouvrables \u00e0 \u00eatre trait\u00e9e.<\/p>\n<p>Un autre inconv\u00e9nient est que Paysafecard peut imposer des limites de transaction tr\u00e8s basses. Un seul code Paysafecard ne peut contenir qu&rsquo;un maximum de 100 $, ou un montant \u00e9quivalent dans une autre devise. Cette limite est exceptionnellement faible et la plupart des traders la jugeront insuffisante. Bien que vous puissiez lier plusieurs coupons dans une m\u00eame transaction, ce n&rsquo;est pas une mani\u00e8re id\u00e9ale de d\u00e9poser des fonds. C&rsquo;est peu pratique et cela vous oblige \u00e0 acheter plusieurs codes \u00e0 l&rsquo;avance. Si vous souhaitez d\u00e9poser des sommes de plusieurs milliers, vous aurez besoin d&rsquo;une autre solution bancaire.<\/p>\n<p>Enfin, vous devez acheter un coupon physique chaque fois que vous voulez d\u00e9poser. \u00c0 la longue, le fait de vous rendre r\u00e9guli\u00e8rement dans un point de vente peut devenir contraignant.<\/p>\n<h2 id=\"fees\">Frais et limites lors de l&rsquo;utilisation de Paysafecard pour trader sur le Forex<\/h2>\n<p><img decoding=\"async\" src=\"https:\/\/www.tradingpedia.com\/wp-content\/uploads\/2020\/08\/fees-and-limits.svg\" alt=\"\" class=\"alignleft\" width=\"150\" height=\"150\">Paysafecard applique des limites de transaction clairement d\u00e9finies ainsi qu&rsquo;une structure de frais g\u00e9n\u00e9ralement avantageuse pour les clients. En ce qui concerne les plafonds, Paysafecard reste toutefois assez limit\u00e9. Un coupon peut \u00eatre achet\u00e9 en plusieurs valeurs faciales, la valeur maximale par code unique \u00e9tant de 100 $. Pris isol\u00e9ment, ce montant est extr\u00eamement bas et ne satisfera pas la grande majorit\u00e9 des traders. Cependant, les clients peuvent lier jusqu&rsquo;\u00e0 10 codes par transaction, ce qui permet un paiement maximal de 1 000 $ en une seule fois. Si cela rend possibles des transferts plus \u00e9lev\u00e9s, ce n&rsquo;est pas une solution tr\u00e8s \u00e9l\u00e9gante et elle n&rsquo;offre pas la souplesse des services proposant des limites plus \u00e9lev\u00e9es. Veuillez noter que Paysafecard applique des limites diff\u00e9rentes selon les pays, ce qui peut entra\u00eener certaines disparit\u00e9s.<\/p>\n<p>En ce qui concerne le co\u00fbt, vous pouvez utiliser Paysafecard pendant un certain temps avant d&rsquo;avoir \u00e0 payer quoi que ce soit. Les transactions effectu\u00e9es avec Paysafecard sont gratuites du c\u00f4t\u00e9 du service, tout comme l&rsquo;achat du coupon lui-m\u00eame. Toutefois, des frais peuvent s&rsquo;appliquer dans certaines situations. Par exemple, une op\u00e9ration r\u00e9alis\u00e9e dans une devise \u00e9trang\u00e8re entra\u00eenera des frais de change. De plus, un code Paysafecard inutilis\u00e9 donnera lieu \u00e0 des frais de 2,00 $ par mois apr\u00e8s 12 mois d&rsquo;inactivit\u00e9. Enfin, si vous souhaitez transf\u00e9rer le solde d&rsquo;un coupon Paysafecard, 7,50 $ seront d\u00e9duits du montant total.<\/p>\n<div class=\"important\"><strong>Important :<\/strong> Lorsque vous choisissez Paysafecard pour effectuer des d\u00e9p\u00f4ts sur le Forex, n&rsquo;oubliez pas que le coupon ne peut transf\u00e9rer des fonds que vers le courtier et jamais dans le sens inverse. Comme les retraits doivent \u00eatre effectu\u00e9s par virement bancaire, vous devrez v\u00e9rifier votre identit\u00e9 et attendre jusqu&rsquo;\u00e0 plusieurs jours pour chaque paiement. Si des transferts rapides et bidirectionnels sont essentiels pour votre strat\u00e9gie, envisagez de combiner Paysafecard avec une option de paiement plus rapide et r\u00e9versible.<\/div>\n<h2 id=\"chargeback\">R\u00e9trofacturation Paysafecard sur un compte Forex<\/h2>\n<p><img decoding=\"async\" src=\"https:\/\/www.tradingpedia.com\/wp-content\/uploads\/2020\/08\/chargeback.svg\" alt=\"\" class=\"alignleft\" width=\"150\" height=\"150\">Un domaine dans lequel Paysafecard est notoirement inflexible concerne les remboursements et les r\u00e9trofacturations. Concr\u00e8tement, il n&rsquo;existe aucune possibilit\u00e9 de r\u00e9trofacturation lorsque vous utilisez Paysafecard, sous quelque forme que ce soit. L&rsquo;entreprise ne revient jamais sur une transaction, que vous ayez effectu\u00e9 un paiement par erreur, que votre code ait \u00e9t\u00e9 vol\u00e9 ou qu&rsquo;il se produise tout autre incident. Si vous n&rsquo;\u00eates pas prudent avec votre argent, vous n&rsquo;aurez aucun recours et devrez supporter la perte.<\/p>\n<p>Ainsi, si vous \u00eates victime d&rsquo;une escroquerie et qu&rsquo;un courtier refuse de vous payer, vous n&rsquo;aurez aucune option \u00e0 votre disposition. C&rsquo;est un \u00e9l\u00e9ment que vous devez vraiment prendre en consid\u00e9ration si vous choisissez d&rsquo;utiliser Paysafecard pour le trading Forex. Si ce n&rsquo;est pas un risque que vous \u00eates pr\u00eat \u00e0 accepter, il vaudra mieux opter pour une autre solution de paiement.<\/p>\n<h2 id=\"security\">S\u00e9curit\u00e9 lors du trading Forex avec Paysafecard<\/h2>\n<p><img decoding=\"async\" src=\"https:\/\/www.tradingpedia.com\/wp-content\/uploads\/2020\/08\/security.svg\" alt=\"\" class=\"alignleft\" width=\"150\" height=\"150\">En mati\u00e8re de s\u00e9curit\u00e9, Paysafecard peut \u00eatre id\u00e9al pour certains clients, en particulier ceux qui h\u00e9sitent \u00e0 partager des informations sensibles en ligne. L&rsquo;avantage principal est que l&rsquo;on ne vous demande jamais de fournir de donn\u00e9es personnelles. Vous pouvez simplement vous pr\u00e9senter \u00e0 la caisse d&rsquo;un point de vente et acheter un coupon sans aucune formalit\u00e9 pr\u00e9alable. Par cons\u00e9quent, vos donn\u00e9es importantes ne peuvent pas \u00eatre divulgu\u00e9es si elles n&rsquo;ont jamais \u00e9t\u00e9 communiqu\u00e9es.<\/p>\n<p>Bien entendu, si vous souhaitez encaisser vos gains, vous devrez utiliser une autre solution, le plus souvent un virement bancaire. \u00c0 cette fin, le courtier vous demandera vos coordonn\u00e9es bancaires, qui seront stock\u00e9es derri\u00e8re un mur de chiffrement de haut niveau. Cela rend les informations illisibles pour toute partie non autoris\u00e9e, ce qui vous permet de trader en toute s\u00e9r\u00e9nit\u00e9, en sachant que vous n&rsquo;\u00eates pas expos\u00e9 \u00e0 un risque.  <\/p>\n<h2 id=\"conclusion\">Conclusion<\/h2>\n<p><img decoding=\"async\" src=\"https:\/\/www.tradingpedia.com\/wp-content\/uploads\/2020\/08\/conclusion.svg\" alt=\"\" class=\"alignleft\" width=\"150\" height=\"150\">Dans l&rsquo;ensemble, Paysafecard convient \u00e0 un groupe restreint de clients, tandis que beaucoup d&rsquo;autres seront probablement mieux servis par une solution de paiement diff\u00e9rente. Les limites basses et l&rsquo;absence de fonctionnalit\u00e9 de retrait emp\u00eachent ce service de s&rsquo;imposer comme un moyen de paiement haut de gamme.<\/p>\n","protected":false},"excerpt":{"rendered":"<p>Vous recherchez des courtiers Forex r\u00e9glement\u00e9s et fiables qui acceptent Paysafecard ? Notre \u00e9quipe d&rsquo;experts traders a test\u00e9 de nombreux courtiers Forex avec de vrais comptes et a \u00e9tabli une liste des meilleurs d&rsquo;entre eux qui acceptent Paysafecard. Paysafecard est l&rsquo;une des solutions pr\u00e9pay\u00e9es les plus populaires actuellement disponibles sur Internet. Il s&rsquo;agit de l&rsquo;un [&hellip;]<\/p>\n","protected":false},"author":7,"featured_media":122999,"parent":120403,"menu_order":0,"comment_status":"open","ping_status":"open","template":"templates\/best-brokers-list.php","meta":{"footnotes":""},"class_list":["post-120361","page","type-page","status-publish","has-post-thumbnail","hentry"],"aioseo_notices":[],"_links":{"self":[{"href":"https:\/\/www.tradingpedia.com\/fr\/wp-json\/wp\/v2\/pages\/120361","targetHints":{"allow":["GET"]}}],"collection":[{"href":"https:\/\/www.tradingpedia.com\/fr\/wp-json\/wp\/v2\/pages"}],"about":[{"href":"https:\/\/www.tradingpedia.com\/fr\/wp-json\/wp\/v2\/types\/page"}],"author":[{"embeddable":true,"href":"https:\/\/www.tradingpedia.com\/fr\/wp-json\/wp\/v2\/users\/7"}],"replies":[{"embeddable":true,"href":"https:\/\/www.tradingpedia.com\/fr\/wp-json\/wp\/v2\/comments?post=120361"}],"version-history":[{"count":2,"href":"https:\/\/www.tradingpedia.com\/fr\/wp-json\/wp\/v2\/pages\/120361\/revisions"}],"predecessor-version":[{"id":126883,"href":"https:\/\/www.tradingpedia.com\/fr\/wp-json\/wp\/v2\/pages\/120361\/revisions\/126883"}],"up":[{"embeddable":true,"href":"https:\/\/www.tradingpedia.com\/fr\/wp-json\/wp\/v2\/pages\/120403"}],"wp:featuredmedia":[{"embeddable":true,"href":"https:\/\/www.tradingpedia.com\/fr\/wp-json\/wp\/v2\/media\/122999"}],"wp:attachment":[{"href":"https:\/\/www.tradingpedia.com\/fr\/wp-json\/wp\/v2\/media?parent=120361"}],"curies":[{"name":"wp","href":"https:\/\/api.w.org\/{rel}","templated":true}]}}