{"id":123027,"date":"2026-01-23T08:10:59","date_gmt":"2026-01-23T08:10:59","guid":{"rendered":"https:\/\/www.tradingpedia.com\/?page_id=123027"},"modified":"2026-01-23T08:25:31","modified_gmt":"2026-01-23T08:25:31","slug":"guillermo-imsteyf","status":"publish","type":"page","link":"https:\/\/www.tradingpedia.com\/es\/authors\/guillermo-imsteyf\/","title":{"rendered":"Guillermo Imsteyf"},"content":{"rendered":"<p>Guillermo Imsteyf es un creador de contenidos enfocado en trading y mercados financieros, con un estilo claro, din\u00e1mico y orientado a la acci\u00f3n. Convierte temas complejos &#8211; como tendencias burs\u00e1tiles, movimientos macro, volatilidad y gesti\u00f3n del riesgo &#8211; en lecturas f\u00e1ciles de seguir para todo tipo de p\u00fablico. Con m\u00e1s de 15 a\u00f1os de experiencia, aporta un enfoque narrativo y visual que mejora la comprensi\u00f3n y mantiene el inter\u00e9s del lector. Su fortaleza est\u00e1 en estructurar la informaci\u00f3n, sintetizar lo esencial y transformar datos en contenido \u00fatil para tomar decisiones mejor informadas.<\/p>\n<p><a target=\"_blank\" href=\"https:\/\/www.linkedin.com\/in\/guillermoimsteyf\/\" rel=\"nofollow noopener\"><img decoding=\"async\" width=\"25\" src=\"\/wp-content\/themes\/trading-pedia\/images\/icon-linkedin.svg\" \/><\/a><\/p>\n","protected":false},"excerpt":{"rendered":"<p>Guillermo Imsteyf es un creador de contenidos enfocado en trading y mercados financieros, con un estilo claro, din\u00e1mico y orientado a la acci\u00f3n. Convierte temas complejos &#8211; como tendencias burs\u00e1tiles, movimientos macro, volatilidad y gesti\u00f3n del riesgo &#8211; en lecturas f\u00e1ciles de seguir para todo tipo de p\u00fablico. Con m\u00e1s de 15 a\u00f1os de experiencia, [&hellip;]<\/p>\n","protected":false},"author":1,"featured_media":0,"parent":120788,"menu_order":0,"comment_status":"closed","ping_status":"closed","template":"templates\/full-width.php","meta":{"footnotes":""},"class_list":["post-123027","page","type-page","status-publish","hentry"],"aioseo_notices":[],"_links":{"self":[{"href":"https:\/\/www.tradingpedia.com\/es\/wp-json\/wp\/v2\/pages\/123027","targetHints":{"allow":["GET"]}}],"collection":[{"href":"https:\/\/www.tradingpedia.com\/es\/wp-json\/wp\/v2\/pages"}],"about":[{"href":"https:\/\/www.tradingpedia.com\/es\/wp-json\/wp\/v2\/types\/page"}],"author":[{"embeddable":true,"href":"https:\/\/www.tradingpedia.com\/es\/wp-json\/wp\/v2\/users\/1"}],"replies":[{"embeddable":true,"href":"https:\/\/www.tradingpedia.com\/es\/wp-json\/wp\/v2\/comments?post=123027"}],"version-history":[{"count":2,"href":"https:\/\/www.tradingpedia.com\/es\/wp-json\/wp\/v2\/pages\/123027\/revisions"}],"predecessor-version":[{"id":123031,"href":"https:\/\/www.tradingpedia.com\/es\/wp-json\/wp\/v2\/pages\/123027\/revisions\/123031"}],"up":[{"embeddable":true,"href":"https:\/\/www.tradingpedia.com\/es\/wp-json\/wp\/v2\/pages\/120788"}],"wp:attachment":[{"href":"https:\/\/www.tradingpedia.com\/es\/wp-json\/wp\/v2\/media?parent=123027"}],"curies":[{"name":"wp","href":"https:\/\/api.w.org\/{rel}","templated":true}]}}