{"id":121669,"date":"2025-03-14T10:29:06","date_gmt":"2025-03-14T10:29:06","guid":{"rendered":"https:\/\/www.tradingpedia.com\/ranking-methodology-2\/"},"modified":"2026-01-19T13:11:11","modified_gmt":"2026-01-19T13:11:11","slug":"ranking-methodology","status":"publish","type":"page","link":"https:\/\/www.tradingpedia.com\/es\/ranking-methodology\/","title":{"rendered":"Metodolog\u00eda de clasificaci\u00f3n de br\u00f3keres de Forex en Tradingpedia"},"content":{"rendered":"<p>En Tradingpedia, los traders pueden ver nuestra selecci\u00f3n de br\u00f3keres de confianza orientados a diferentes perfiles de operador, incluidos principiantes, traders con experiencia y profesionales. Nuestro equipo de expertos se basa en la siguiente metodolog\u00eda para clasificar las marcas en el sitio web de Tradingpedia, apoy\u00e1ndose en una evaluaci\u00f3n exhaustiva de todos los aspectos clave que contribuyen a una experiencia de trading adecuada. En cada rese\u00f1a de br\u00f3ker, destacamos los siguientes factores:<\/p>\n<ul>\n<li><a href=\"#regulation\">Regulaci\u00f3n<\/a><\/li>\n<li><a href=\"#reputation\">Reputaci\u00f3n<\/a><\/li>\n<li><a href=\"#instruments\">Instrumentos de trading disponibles<\/a><\/li>\n<li><a href=\"#platforms\">Plataformas de trading<\/a><\/li>\n<li><a href=\"#payments\">Pagos<\/a><\/li>\n<li><a href=\"#cost\">Coste de trading<\/a><\/li>\n<li><a href=\"#accounts\">Tipos de cuenta<\/a><\/li>\n<li><a href=\"#support\">Atenci\u00f3n al cliente<\/a><\/li>\n<\/ul>\n<p>La puntuaci\u00f3n total de todos los factores es 10. Cada factor tiene un peso diferente, de la siguiente manera: Regulaci\u00f3n &#8211; 2; Reputaci\u00f3n &#8211; 1,5; Instrumentos de trading disponibles &#8211; 1; Plataformas de trading &#8211; 1,5; Pagos &#8211; 1; Coste de trading &#8211; 1; Tipos de cuenta &#8211; 1; Atenci\u00f3n al cliente &#8211; 1.<\/p>\n<h2 id=\"regulation\">Regulaci\u00f3n (peso: 2)<\/h2>\n<p>Como atendemos a una audiencia global de traders, nos aseguramos de evaluar a los br\u00f3keres teniendo en cuenta a operadores de distintas partes del mundo. Por ello, comprobamos la lista completa de autoridades que regulan a cada br\u00f3ker, confirmando la validez de sus licencias correspondientes. Dado que somos conscientes de las restricciones m\u00e1s estrictas en Europa, Australia, EE. UU. y otras regiones, otorgamos una clasificaci\u00f3n m\u00e1s alta a las marcas que siguen las directrices regulatorias impuestas por autoridades como CySEC, FCA, ASIC y otros reguladores de primer nivel.<\/p>\n<div class=\"row mb-3\">\n<div class=\"col-6 col-md-3 text-center\"><a href=\"https:\/\/www.fca.org.uk\/\" rel=\"nofollow\" target=\"_blank\"><img decoding=\"async\" src=\"https:\/\/www.tradingpedia.com\/wp-content\/uploads\/2025\/03\/Financial_Conduct_Authority_logo.svg.png\" alt=\"FCA logo\" width=\"200\" height=\"65\" \/><\/a><\/div>\n<div class=\"col-6 col-md-3 text-center\"><a href=\"https:\/\/asic.gov.au\/\" rel=\"nofollow\" target=\"_blank\"><img decoding=\"async\" src=\"https:\/\/www.tradingpedia.com\/wp-content\/uploads\/2025\/03\/asic-logo.png\" alt=\"ASIC logo\" width=\"150\" height=\"65\" \/><\/a><\/div>\n<div class=\"col-6 col-md-3 text-center\"><a href=\"https:\/\/www.cysec.gov.cy\/en-GB\/home\/\" rel=\"nofollow\" target=\"_blank\"><img decoding=\"async\" src=\"https:\/\/www.tradingpedia.com\/wp-content\/uploads\/2025\/03\/Cysec_Cy.jpg\" alt=\"CySEC logo\" width=\"67\" height=\"65\" \/><\/a><\/div>\n<div class=\"col-6 col-md-3 text-center\"><a href=\"https:\/\/fsaseychelles.sc\/\" rel=\"nofollow\" target=\"_blank\"><img decoding=\"async\" src=\"https:\/\/www.tradingpedia.com\/wp-content\/uploads\/2025\/03\/fsa-logo.png\" alt=\"FSA logo\" width=\"90\" height=\"65\" \/><\/a><\/div>\n<\/p><\/div>\n<h2 id=\"reputation\">Reputaci\u00f3n (peso: 1,5)<\/h2>\n<p>Dado que apostamos por la transparencia, tambi\u00e9n consideramos las opiniones de traders reales. Mostramos la puntuaci\u00f3n actual de Trustpilot de cada br\u00f3ker, correspondiente a las rese\u00f1as publicadas por clientes reales de cada marca. Esto permite una evaluaci\u00f3n adecuada de la reputaci\u00f3n al resaltar las fortalezas y debilidades de los br\u00f3keres que hemos rese\u00f1ado en nuestra p\u00e1gina.<\/p>\n<p><a href=\"https:\/\/www.trustpilot.com\/\" class=\"d-inline-block mr-3\"><img decoding=\"async\" src=\"https:\/\/www.tradingpedia.com\/wp-content\/uploads\/2025\/03\/trustpilot-logo.png\" alt=\"Trustpilot logo\" width=\"300\" height=\"74\" \/><\/a> <a href=\"https:\/\/www.google.com\/maps\/contrib\/\/reviews\/\" class=\"d-inline-block mr-3\"><img decoding=\"async\" src=\"https:\/\/www.tradingpedia.com\/wp-content\/uploads\/2025\/03\/google-logo.webp\" alt=\"Google logo\" width=\"220\" height=\"74\" \/><\/a><\/p>\n<h2 id=\"instruments\">Instrumentos de trading disponibles (peso: 1)<\/h2>\n<p>En Tradingpedia, conocemos bien las preferencias de distintos traders: algunos buscan instrumentos espec\u00edficos, mientras que otros desean diversificar sus carteras. Por eso cubrimos toda la gama de mercados e instrumentos negociables disponibles en cada br\u00f3ker online. Tendemos a situar m\u00e1s arriba a los br\u00f3keres con una selecci\u00f3n m\u00e1s amplia de activos negociables, ya que ofrecen a los traders una mayor variedad de productos para a\u00f1adir a sus carteras. Mientras que algunos br\u00f3keres se centran en el trading de Forex y CFD, otros ofrecen diferentes formas de operar e invertir en determinados productos. Nos aseguramos de incluir toda la gama de opciones negociables en cada rese\u00f1a de br\u00f3ker.<\/p>\n<h2 id=\"platforms\">Plataformas de trading (peso: 1,5)<\/h2>\n<p>Otro factor que contribuye a nuestro sistema de clasificaci\u00f3n es la gama de plataformas de trading compatibles con cada br\u00f3ker que hemos rese\u00f1ado. MetaTrader 4 (MT4) y su sucesor MetaTrader 5 (MT5) son probablemente las plataformas m\u00e1s conocidas entre la mayor\u00eda de los traders, por lo que valoramos a un br\u00f3ker que haya adoptado una u ambas plataformas. Por supuesto, tambi\u00e9n otorgamos puntos extra a las casas de corretaje que ofrecen opciones avanzadas como cTrader o TradingView, dando acceso a herramientas de gr\u00e1ficos y an\u00e1lisis en profundidad. Tambi\u00e9n damos una clasificaci\u00f3n m\u00e1s alta a las marcas si ofrecen plataformas propias, siempre que sean f\u00e1ciles de usar y permitan un trading avanzado para distintos tipos de traders. La compatibilidad con m\u00faltiples dispositivos es, sin duda, otra caracter\u00edstica que consideramos al evaluar las plataformas de trading adoptadas por los br\u00f3keres.<\/p>\n<h2 id=\"payments\">Pagos (peso: 1)<\/h2>\n<p>Otro aspecto clave de nuestra metodolog\u00eda para el ranking de br\u00f3keres incluye los pagos. En esta categor\u00eda, una vez m\u00e1s, el equipo de Tradingpedia considera las necesidades de nuestra audiencia global, enumerando las soluciones de pago disponibles para traders de diferentes regiones. Los requisitos de dep\u00f3sito m\u00ednimo, el tiempo de procesamiento de los pagos y las comisiones asociadas a recargar el saldo de tu cuenta de trading son algunos de los aspectos clave que tenemos en cuenta durante nuestro proceso de evaluaci\u00f3n. Como las transacciones de dinero tambi\u00e9n incluyen retiradas, nos aseguramos de cubrir las opciones de retiro de cada br\u00f3ker, otorgando m\u00e1s puntos a las marcas que facilitan retiradas r\u00e1pidas, con comisiones nulas o muy bajas en las transacciones.<\/p>\n<h2 id=\"cost\">Coste de trading (peso: 1)<\/h2>\n<p>Uno de los factores m\u00e1s importantes durante nuestra revisi\u00f3n del rendimiento de los br\u00f3keres es el coste total de trading. Spreads, comisiones, swaps y comisiones no relacionadas con el trading se tienen en cuenta al calcular la puntuaci\u00f3n de rendimiento global de cada casa de corretaje. Aunque las comisiones cero se valoran mucho, principalmente consideramos que los br\u00f3keres con spreads ajustados son los mejores en el sector del trading, otorg\u00e1ndoles puntuaciones m\u00e1s altas por ofrecer a sus clientes un trading de bajo coste.<\/p>\n<h2 id=\"accounts\">Tipos de cuenta (peso: 1)<\/h2>\n<p>La mayor\u00eda de los br\u00f3keres permiten a sus clientes elegir entre varias opciones de cuenta, por lo que consideramos los modelos de precios, los instrumentos compatibles y las diferentes ventajas disponibles en todas las modalidades de cuenta de los br\u00f3keres online. Si las marcas se adaptan a las preferencias de distintos traders, ofreciendo microoperaciones, operaciones de alto volumen, trading sin swaps y otras ventajas disponibles en diversas opciones de cuenta, solemos otorgar puntos extra. Las cuentas demo y las cuentas profesionales tambi\u00e9n se consideran ventajas que tenemos en cuenta al rese\u00f1ar los br\u00f3keres en nuestro sitio web.<\/p>\n<h2 id=\"support\">Atenci\u00f3n al cliente (peso: 1)<\/h2>\n<p>Por \u00faltimo, pero no menos importante, evaluamos el servicio de atenci\u00f3n al cliente de cada marca que rese\u00f1amos. M\u00faltiples canales de comunicaci\u00f3n y atenci\u00f3n al cliente 24\/7 son, sin duda, aspectos que creemos que merecen una mejor clasificaci\u00f3n. La asistencia en varios idiomas y las respuestas r\u00e1pidas tambi\u00e9n son reconocidas por el equipo de Tradingpedia como factores que merecen puntos extra durante el proceso de revisi\u00f3n del rendimiento.<\/p>\n<p>Todos los aspectos anteriores forman parte de la metodolog\u00eda de Tradingpedia para el ranking de br\u00f3keres. Nuestro equipo no solo es firme a la hora de inspeccionar a fondo cada br\u00f3ker rese\u00f1ado en nuestra p\u00e1gina, sino que tambi\u00e9n realizamos reevaluaciones peri\u00f3dicas para mantener nuestras calificaciones relevantes y actualizadas.<\/p>\n","protected":false},"excerpt":{"rendered":"<p>En Tradingpedia, los traders pueden ver nuestra selecci\u00f3n de br\u00f3keres de confianza orientados a diferentes perfiles de operador, incluidos principiantes, traders con experiencia y profesionales. Nuestro equipo de expertos se basa en la siguiente metodolog\u00eda para clasificar las marcas en el sitio web de Tradingpedia, apoy\u00e1ndose en una evaluaci\u00f3n exhaustiva de todos los aspectos clave [&hellip;]<\/p>\n","protected":false},"author":1,"featured_media":0,"parent":0,"menu_order":0,"comment_status":"closed","ping_status":"closed","template":"templates\/full-width.php","meta":{"footnotes":""},"class_list":["post-121669","page","type-page","status-publish","hentry"],"aioseo_notices":[],"_links":{"self":[{"href":"https:\/\/www.tradingpedia.com\/es\/wp-json\/wp\/v2\/pages\/121669","targetHints":{"allow":["GET"]}}],"collection":[{"href":"https:\/\/www.tradingpedia.com\/es\/wp-json\/wp\/v2\/pages"}],"about":[{"href":"https:\/\/www.tradingpedia.com\/es\/wp-json\/wp\/v2\/types\/page"}],"author":[{"embeddable":true,"href":"https:\/\/www.tradingpedia.com\/es\/wp-json\/wp\/v2\/users\/1"}],"replies":[{"embeddable":true,"href":"https:\/\/www.tradingpedia.com\/es\/wp-json\/wp\/v2\/comments?post=121669"}],"version-history":[{"count":2,"href":"https:\/\/www.tradingpedia.com\/es\/wp-json\/wp\/v2\/pages\/121669\/revisions"}],"predecessor-version":[{"id":121691,"href":"https:\/\/www.tradingpedia.com\/es\/wp-json\/wp\/v2\/pages\/121669\/revisions\/121691"}],"wp:attachment":[{"href":"https:\/\/www.tradingpedia.com\/es\/wp-json\/wp\/v2\/media?parent=121669"}],"curies":[{"name":"wp","href":"https:\/\/api.w.org\/{rel}","templated":true}]}}