{"id":120887,"date":"2024-11-20T13:54:01","date_gmt":"2024-11-20T13:54:01","guid":{"rendered":"https:\/\/www.tradingpedia.com\/authors\/mircea-vasiu\/"},"modified":"2026-01-16T12:49:27","modified_gmt":"2026-01-16T12:49:27","slug":"mircea-vasiu","status":"publish","type":"page","link":"https:\/\/www.tradingpedia.com\/es\/authors\/mircea-vasiu\/","title":{"rendered":"Mircea Vasiu"},"content":{"rendered":"<p>Mircea Vasiu es un analista de mercados con amplia experiencia en TradingPedia y trader profesional, con una d\u00e9cada de experiencia escribiendo sobre las complejidades del mercado burs\u00e1til y el trading de divisas. Al combinar su especializaci\u00f3n en macroeconom\u00eda con un agudo sentido para el an\u00e1lisis de datos, Mircea es capaz de destilar complejas tendencias de mercado en ideas de trading e inversi\u00f3n pr\u00e1cticas y aplicables. Es el autor de nuestra secci\u00f3n de v\u00eddeos. <\/p>\n<p><a target=\"_blank\" href=\"https:\/\/www.linkedin.com\/in\/mirceavasiu\/\" rel=\"nofollow noopener\"><img decoding=\"async\" width=\"25\" src=\"\/wp-content\/themes\/trading-pedia\/images\/icon-linkedin.svg\" \/><\/a><\/p>\n","protected":false},"excerpt":{"rendered":"<p>Mircea Vasiu es un analista de mercados con amplia experiencia en TradingPedia y trader profesional, con una d\u00e9cada de experiencia escribiendo sobre las complejidades del mercado burs\u00e1til y el trading de divisas. Al combinar su especializaci\u00f3n en macroeconom\u00eda con un agudo sentido para el an\u00e1lisis de datos, Mircea es capaz de destilar complejas tendencias de [&hellip;]<\/p>\n","protected":false},"author":1,"featured_media":0,"parent":120788,"menu_order":0,"comment_status":"closed","ping_status":"closed","template":"templates\/full-width.php","meta":{"footnotes":""},"class_list":["post-120887","page","type-page","status-publish","hentry"],"aioseo_notices":[],"_links":{"self":[{"href":"https:\/\/www.tradingpedia.com\/es\/wp-json\/wp\/v2\/pages\/120887","targetHints":{"allow":["GET"]}}],"collection":[{"href":"https:\/\/www.tradingpedia.com\/es\/wp-json\/wp\/v2\/pages"}],"about":[{"href":"https:\/\/www.tradingpedia.com\/es\/wp-json\/wp\/v2\/types\/page"}],"author":[{"embeddable":true,"href":"https:\/\/www.tradingpedia.com\/es\/wp-json\/wp\/v2\/users\/1"}],"replies":[{"embeddable":true,"href":"https:\/\/www.tradingpedia.com\/es\/wp-json\/wp\/v2\/comments?post=120887"}],"version-history":[{"count":0,"href":"https:\/\/www.tradingpedia.com\/es\/wp-json\/wp\/v2\/pages\/120887\/revisions"}],"up":[{"embeddable":true,"href":"https:\/\/www.tradingpedia.com\/es\/wp-json\/wp\/v2\/pages\/120788"}],"wp:attachment":[{"href":"https:\/\/www.tradingpedia.com\/es\/wp-json\/wp\/v2\/media?parent=120887"}],"curies":[{"name":"wp","href":"https:\/\/api.w.org\/{rel}","templated":true}]}}