{"id":120886,"date":"2024-11-20T13:20:48","date_gmt":"2024-11-20T13:20:48","guid":{"rendered":"https:\/\/www.tradingpedia.com\/authors\/miro-nikolov\/"},"modified":"2026-01-16T12:49:12","modified_gmt":"2026-01-16T12:49:12","slug":"miro-nikolov","status":"publish","type":"page","link":"https:\/\/www.tradingpedia.com\/es\/authors\/miro-nikolov\/","title":{"rendered":"Miro Nikolov"},"content":{"rendered":"<p>Miro Nikolov es cofundador de TradingPedia.com y BestBrokers.com. Su misi\u00f3n es ayudar a las personas a realizar inversiones rentables d\u00e1ndoles acceso a recursos educativos y herramientas de an\u00e1lisis. <\/p>\n<p><a target=\"_blank\" href=\"https:\/\/www.linkedin.com\/in\/miro-nikolov-1946b9141\/\" rel=\"nofollow noopener\"><img decoding=\"async\" width=\"25\" src=\"\/wp-content\/themes\/trading-pedia\/images\/icon-linkedin.svg\" \/><\/a><\/p>\n","protected":false},"excerpt":{"rendered":"<p>Miro Nikolov es cofundador de TradingPedia.com y BestBrokers.com. Su misi\u00f3n es ayudar a las personas a realizar inversiones rentables d\u00e1ndoles acceso a recursos educativos y herramientas de an\u00e1lisis.<\/p>\n","protected":false},"author":1,"featured_media":0,"parent":120788,"menu_order":0,"comment_status":"closed","ping_status":"closed","template":"templates\/full-width.php","meta":{"footnotes":""},"class_list":["post-120886","page","type-page","status-publish","hentry"],"aioseo_notices":[],"_links":{"self":[{"href":"https:\/\/www.tradingpedia.com\/es\/wp-json\/wp\/v2\/pages\/120886","targetHints":{"allow":["GET"]}}],"collection":[{"href":"https:\/\/www.tradingpedia.com\/es\/wp-json\/wp\/v2\/pages"}],"about":[{"href":"https:\/\/www.tradingpedia.com\/es\/wp-json\/wp\/v2\/types\/page"}],"author":[{"embeddable":true,"href":"https:\/\/www.tradingpedia.com\/es\/wp-json\/wp\/v2\/users\/1"}],"replies":[{"embeddable":true,"href":"https:\/\/www.tradingpedia.com\/es\/wp-json\/wp\/v2\/comments?post=120886"}],"version-history":[{"count":0,"href":"https:\/\/www.tradingpedia.com\/es\/wp-json\/wp\/v2\/pages\/120886\/revisions"}],"up":[{"embeddable":true,"href":"https:\/\/www.tradingpedia.com\/es\/wp-json\/wp\/v2\/pages\/120788"}],"wp:attachment":[{"href":"https:\/\/www.tradingpedia.com\/es\/wp-json\/wp\/v2\/media?parent=120886"}],"curies":[{"name":"wp","href":"https:\/\/api.w.org\/{rel}","templated":true}]}}