{"id":120885,"date":"2024-11-20T13:02:04","date_gmt":"2024-11-20T13:02:04","guid":{"rendered":"https:\/\/www.tradingpedia.com\/authors\/arslan-ali\/"},"modified":"2026-01-16T12:49:16","modified_gmt":"2026-01-16T12:49:16","slug":"arslan-ali","status":"publish","type":"page","link":"https:\/\/www.tradingpedia.com\/es\/authors\/arslan-ali\/","title":{"rendered":"Arslan Ali"},"content":{"rendered":"<p>Conozca a Arslan, un experto con amplia experiencia en el mundo de los derivados, especializado en criptomonedas, Forex, materias primas e \u00edndices. Como ponente profesional de seminarios web en directo, comparte sus conocimientos con audiencias de todo el mundo. Gracias a su s\u00f3lida formaci\u00f3n acad\u00e9mica, que incluye un MBA en Finanzas y un MPhil en Finanzas del Comportamiento, Arslan aporta a su trabajo una combinaci\u00f3n \u00fanica de conocimientos t\u00e9cnicos y an\u00e1lisis conductual, lo que lo convierte en una voz de referencia en el sector.<\/p>\n<p><a target=\"_blank\" href=\"https:\/\/www.linkedin.com\/in\/arslan-butt\/\" rel=\"nofollow noopener\"><img decoding=\"async\" width=\"25\" src=\"\/wp-content\/themes\/trading-pedia\/images\/icon-linkedin.svg\" \/><\/a><\/p>\n","protected":false},"excerpt":{"rendered":"<p>Conozca a Arslan, un experto con amplia experiencia en el mundo de los derivados, especializado en criptomonedas, Forex, materias primas e \u00edndices. Como ponente profesional de seminarios web en directo, comparte sus conocimientos con audiencias de todo el mundo. Gracias a su s\u00f3lida formaci\u00f3n acad\u00e9mica, que incluye un MBA en Finanzas y un MPhil en [&hellip;]<\/p>\n","protected":false},"author":1,"featured_media":0,"parent":120788,"menu_order":0,"comment_status":"closed","ping_status":"closed","template":"templates\/full-width.php","meta":{"footnotes":""},"class_list":["post-120885","page","type-page","status-publish","hentry"],"aioseo_notices":[],"_links":{"self":[{"href":"https:\/\/www.tradingpedia.com\/es\/wp-json\/wp\/v2\/pages\/120885","targetHints":{"allow":["GET"]}}],"collection":[{"href":"https:\/\/www.tradingpedia.com\/es\/wp-json\/wp\/v2\/pages"}],"about":[{"href":"https:\/\/www.tradingpedia.com\/es\/wp-json\/wp\/v2\/types\/page"}],"author":[{"embeddable":true,"href":"https:\/\/www.tradingpedia.com\/es\/wp-json\/wp\/v2\/users\/1"}],"replies":[{"embeddable":true,"href":"https:\/\/www.tradingpedia.com\/es\/wp-json\/wp\/v2\/comments?post=120885"}],"version-history":[{"count":0,"href":"https:\/\/www.tradingpedia.com\/es\/wp-json\/wp\/v2\/pages\/120885\/revisions"}],"up":[{"embeddable":true,"href":"https:\/\/www.tradingpedia.com\/es\/wp-json\/wp\/v2\/pages\/120788"}],"wp:attachment":[{"href":"https:\/\/www.tradingpedia.com\/es\/wp-json\/wp\/v2\/media?parent=120885"}],"curies":[{"name":"wp","href":"https:\/\/api.w.org\/{rel}","templated":true}]}}