{"id":120883,"date":"2024-11-20T12:40:01","date_gmt":"2024-11-20T12:40:01","guid":{"rendered":"https:\/\/www.tradingpedia.com\/authors\/veneta-slavova-cfa\/"},"modified":"2026-01-16T12:48:41","modified_gmt":"2026-01-16T12:48:41","slug":"veneta-slavova-cfa","status":"publish","type":"page","link":"https:\/\/www.tradingpedia.com\/es\/authors\/veneta-slavova-cfa\/","title":{"rendered":"Veneta Slavova, CFA"},"content":{"rendered":"<p>Veneta Slavova, CFA, es una ejecutiva financiera con 14 a\u00f1os de intensa experiencia en los mercados de capitales y de divisas (FX) mediante day trading por cuenta propia \/NYSE, Nasdaq, acceso directo\/, gesti\u00f3n fiduciaria \/6 pares de divisas principales\/, inversi\u00f3n, as\u00ed como estimaciones del valor razonable de mercado de acciones, redacci\u00f3n de memorandos de OPV (IPO) y definici\u00f3n diaria de estrategias de mercado para algunos gestores de activos. Veneta tambi\u00e9n es Charterholder CFA y cuenta con experiencia continua en el sector de las finanzas interempresariales, con actividades en consultor\u00eda, modelizaci\u00f3n financiera de flujos de caja futuros, elaboraci\u00f3n de presupuestos, reporting y control financiero.<\/p>\n<p>Su especialidad en los mercados financieros es el an\u00e1lisis fundamental, con foco en el desglose de acontecimientos macroecon\u00f3micos, la definici\u00f3n de correlaciones diarias y los eventos espec\u00edficos de sectores y empresas. Tras muchos a\u00f1os de observaci\u00f3n del mercado, la cobertura de numerosas industrias, experiencia en finanzas corporativas y una intensa actividad de trading con un gran n\u00famero de acciones estadounidenses, se ha especializado en definir el sentimiento diario del mercado y las acciones m\u00e1s adecuadas para negociar. En sus actividades de momentum trading ha utilizado el an\u00e1lisis t\u00e9cnico como una herramienta adicional \u00fatil para afinar la entrada y la salida de las posiciones, pero su firme convicci\u00f3n es que los acontecimientos econ\u00f3micos, pol\u00edticos, geopol\u00edticos, espec\u00edficos de cada sector, propios del mercado e interempresariales, junto con las estimaciones financieras corporativas, son los verdaderos impulsores de los flujos monetarios mundiales, frente a las se\u00f1ales t\u00e9cnicas por s\u00ed solas.<\/p>\n","protected":false},"excerpt":{"rendered":"<p>Veneta Slavova, CFA, es una ejecutiva financiera con 14 a\u00f1os de intensa experiencia en los mercados de capitales y de divisas (FX) mediante day trading por cuenta propia \/NYSE, Nasdaq, acceso directo\/, gesti\u00f3n fiduciaria \/6 pares de divisas principales\/, inversi\u00f3n, as\u00ed como estimaciones del valor razonable de mercado de acciones, redacci\u00f3n de memorandos de OPV [&hellip;]<\/p>\n","protected":false},"author":1,"featured_media":0,"parent":120788,"menu_order":0,"comment_status":"closed","ping_status":"closed","template":"templates\/full-width.php","meta":{"footnotes":""},"class_list":["post-120883","page","type-page","status-publish","hentry"],"aioseo_notices":[],"_links":{"self":[{"href":"https:\/\/www.tradingpedia.com\/es\/wp-json\/wp\/v2\/pages\/120883","targetHints":{"allow":["GET"]}}],"collection":[{"href":"https:\/\/www.tradingpedia.com\/es\/wp-json\/wp\/v2\/pages"}],"about":[{"href":"https:\/\/www.tradingpedia.com\/es\/wp-json\/wp\/v2\/types\/page"}],"author":[{"embeddable":true,"href":"https:\/\/www.tradingpedia.com\/es\/wp-json\/wp\/v2\/users\/1"}],"replies":[{"embeddable":true,"href":"https:\/\/www.tradingpedia.com\/es\/wp-json\/wp\/v2\/comments?post=120883"}],"version-history":[{"count":0,"href":"https:\/\/www.tradingpedia.com\/es\/wp-json\/wp\/v2\/pages\/120883\/revisions"}],"up":[{"embeddable":true,"href":"https:\/\/www.tradingpedia.com\/es\/wp-json\/wp\/v2\/pages\/120788"}],"wp:attachment":[{"href":"https:\/\/www.tradingpedia.com\/es\/wp-json\/wp\/v2\/media?parent=120883"}],"curies":[{"name":"wp","href":"https:\/\/api.w.org\/{rel}","templated":true}]}}