{"id":120882,"date":"2024-11-20T12:38:28","date_gmt":"2024-11-20T12:38:28","guid":{"rendered":"https:\/\/www.tradingpedia.com\/authors\/veselin-valchev\/"},"modified":"2026-01-16T12:48:19","modified_gmt":"2026-01-16T12:48:19","slug":"veselin-valchev","status":"publish","type":"page","link":"https:\/\/www.tradingpedia.com\/es\/authors\/veselin-valchev\/","title":{"rendered":"Veselin Valchev"},"content":{"rendered":"<p>Veselin es redactor y editor de noticias financieras en TradingPedia, especializado en el mercado al contado de materias primas y en la elaboraci\u00f3n de informes sobre precios y tendencias en el mercado de futuros.<\/p>\n<p>Veselin tiene una licenciatura en marketing y su experiencia previa incluye investigaci\u00f3n de mercados, an\u00e1lisis econ\u00f3mico y redacci\u00f3n de distintos tipos de contenidos. A Veselin le apasionan el f\u00fatbol, los videojuegos y la ciencia.<\/p>\n","protected":false},"excerpt":{"rendered":"<p>Veselin es redactor y editor de noticias financieras en TradingPedia, especializado en el mercado al contado de materias primas y en la elaboraci\u00f3n de informes sobre precios y tendencias en el mercado de futuros. Veselin tiene una licenciatura en marketing y su experiencia previa incluye investigaci\u00f3n de mercados, an\u00e1lisis econ\u00f3mico y redacci\u00f3n de distintos tipos [&hellip;]<\/p>\n","protected":false},"author":1,"featured_media":0,"parent":120788,"menu_order":0,"comment_status":"closed","ping_status":"closed","template":"templates\/full-width.php","meta":{"footnotes":""},"class_list":["post-120882","page","type-page","status-publish","hentry"],"aioseo_notices":[],"_links":{"self":[{"href":"https:\/\/www.tradingpedia.com\/es\/wp-json\/wp\/v2\/pages\/120882","targetHints":{"allow":["GET"]}}],"collection":[{"href":"https:\/\/www.tradingpedia.com\/es\/wp-json\/wp\/v2\/pages"}],"about":[{"href":"https:\/\/www.tradingpedia.com\/es\/wp-json\/wp\/v2\/types\/page"}],"author":[{"embeddable":true,"href":"https:\/\/www.tradingpedia.com\/es\/wp-json\/wp\/v2\/users\/1"}],"replies":[{"embeddable":true,"href":"https:\/\/www.tradingpedia.com\/es\/wp-json\/wp\/v2\/comments?post=120882"}],"version-history":[{"count":0,"href":"https:\/\/www.tradingpedia.com\/es\/wp-json\/wp\/v2\/pages\/120882\/revisions"}],"up":[{"embeddable":true,"href":"https:\/\/www.tradingpedia.com\/es\/wp-json\/wp\/v2\/pages\/120788"}],"wp:attachment":[{"href":"https:\/\/www.tradingpedia.com\/es\/wp-json\/wp\/v2\/media?parent=120882"}],"curies":[{"name":"wp","href":"https:\/\/api.w.org\/{rel}","templated":true}]}}