{"id":120881,"date":"2024-11-20T12:36:54","date_gmt":"2024-11-20T12:36:54","guid":{"rendered":"https:\/\/www.tradingpedia.com\/authors\/vladimir-manev\/"},"modified":"2026-01-16T12:48:24","modified_gmt":"2026-01-16T12:48:24","slug":"vladimir-manev","status":"publish","type":"page","link":"https:\/\/www.tradingpedia.com\/es\/authors\/vladimir-manev\/","title":{"rendered":"Vladimir Manev"},"content":{"rendered":"<p>Vladimir es redactor y editor de noticias financieras en TradingPedia, donde supervisa e informa sobre las tendencias del mercado de divisas (Forex), as\u00ed como de los mercados al contado y de futuros de materias primas y de los factores vinculados a su formaci\u00f3n de precios.<\/p>\n<p>Su carrera profesional, antes de incorporarse a su puesto actual, comenz\u00f3 en la oficina internacional de cambio \u201cICE\u201d Plc. Manev posee un t\u00edtulo de grado en Finanzas y un m\u00e1ster en Econom\u00eda y Administraci\u00f3n de Empresas por la Universidad de Vaasa, Finlandia. Adem\u00e1s de su inter\u00e9s por los mercados de divisas y de materias primas, es un activo ciclista de monta\u00f1a.<\/p>\n","protected":false},"excerpt":{"rendered":"<p>Vladimir es redactor y editor de noticias financieras en TradingPedia, donde supervisa e informa sobre las tendencias del mercado de divisas (Forex), as\u00ed como de los mercados al contado y de futuros de materias primas y de los factores vinculados a su formaci\u00f3n de precios. Su carrera profesional, antes de incorporarse a su puesto actual, [&hellip;]<\/p>\n","protected":false},"author":1,"featured_media":0,"parent":120788,"menu_order":0,"comment_status":"closed","ping_status":"closed","template":"templates\/full-width.php","meta":{"footnotes":""},"class_list":["post-120881","page","type-page","status-publish","hentry"],"aioseo_notices":[],"_links":{"self":[{"href":"https:\/\/www.tradingpedia.com\/es\/wp-json\/wp\/v2\/pages\/120881","targetHints":{"allow":["GET"]}}],"collection":[{"href":"https:\/\/www.tradingpedia.com\/es\/wp-json\/wp\/v2\/pages"}],"about":[{"href":"https:\/\/www.tradingpedia.com\/es\/wp-json\/wp\/v2\/types\/page"}],"author":[{"embeddable":true,"href":"https:\/\/www.tradingpedia.com\/es\/wp-json\/wp\/v2\/users\/1"}],"replies":[{"embeddable":true,"href":"https:\/\/www.tradingpedia.com\/es\/wp-json\/wp\/v2\/comments?post=120881"}],"version-history":[{"count":0,"href":"https:\/\/www.tradingpedia.com\/es\/wp-json\/wp\/v2\/pages\/120881\/revisions"}],"up":[{"embeddable":true,"href":"https:\/\/www.tradingpedia.com\/es\/wp-json\/wp\/v2\/pages\/120788"}],"wp:attachment":[{"href":"https:\/\/www.tradingpedia.com\/es\/wp-json\/wp\/v2\/media?parent=120881"}],"curies":[{"name":"wp","href":"https:\/\/api.w.org\/{rel}","templated":true}]}}