{"id":120880,"date":"2024-11-20T12:35:41","date_gmt":"2024-11-20T12:35:41","guid":{"rendered":"https:\/\/www.tradingpedia.com\/authors\/elmira-miteva\/"},"modified":"2026-01-16T12:48:00","modified_gmt":"2026-01-16T12:48:00","slug":"elmira-miteva","status":"publish","type":"page","link":"https:\/\/www.tradingpedia.com\/es\/authors\/elmira-miteva\/","title":{"rendered":"Elmira Miteva"},"content":{"rendered":"<p><img decoding=\"async\" src=\"https:\/\/www.tradingpedia.com\/wp-content\/uploads\/2013\/09\/elmira-150x150.png\" alt=\"elmira\" width=\"150\" height=\"150\" class=\"alignleft size-thumbnail wp-image-19438\" \/>Elmira, redactora y editora de noticias financieras en TradingPedia, contribuye a la secci\u00f3n \u00abStock Trading\u00bb del sitio. Se ocupa de supervisar y presentar las \u00faltimas noticias, informes e indicadores fundamentales relativos a las mayores y m\u00e1s reconocidas estructuras corporativas a nivel mundial.<\/p>\n<p>Su experiencia previa incluye auditor\u00eda en el sector p\u00fablico y banca corporativa. Elmira posee una licenciatura en Contabilidad y un m\u00e1ster en Gesti\u00f3n bancaria. Adem\u00e1s de su inter\u00e9s por la renta variable, es una apasionada alpinista y defensora de la conservaci\u00f3n de la naturaleza.<\/p>\n","protected":false},"excerpt":{"rendered":"<p>Elmira, redactora y editora de noticias financieras en TradingPedia, contribuye a la secci\u00f3n \u00abStock Trading\u00bb del sitio. Se ocupa de supervisar y presentar las \u00faltimas noticias, informes e indicadores fundamentales relativos a las mayores y m\u00e1s reconocidas estructuras corporativas a nivel mundial. Su experiencia previa incluye auditor\u00eda en el sector p\u00fablico y banca corporativa. Elmira [&hellip;]<\/p>\n","protected":false},"author":1,"featured_media":0,"parent":120788,"menu_order":0,"comment_status":"closed","ping_status":"closed","template":"templates\/full-width.php","meta":{"footnotes":""},"class_list":["post-120880","page","type-page","status-publish","hentry"],"aioseo_notices":[],"_links":{"self":[{"href":"https:\/\/www.tradingpedia.com\/es\/wp-json\/wp\/v2\/pages\/120880","targetHints":{"allow":["GET"]}}],"collection":[{"href":"https:\/\/www.tradingpedia.com\/es\/wp-json\/wp\/v2\/pages"}],"about":[{"href":"https:\/\/www.tradingpedia.com\/es\/wp-json\/wp\/v2\/types\/page"}],"author":[{"embeddable":true,"href":"https:\/\/www.tradingpedia.com\/es\/wp-json\/wp\/v2\/users\/1"}],"replies":[{"embeddable":true,"href":"https:\/\/www.tradingpedia.com\/es\/wp-json\/wp\/v2\/comments?post=120880"}],"version-history":[{"count":0,"href":"https:\/\/www.tradingpedia.com\/es\/wp-json\/wp\/v2\/pages\/120880\/revisions"}],"up":[{"embeddable":true,"href":"https:\/\/www.tradingpedia.com\/es\/wp-json\/wp\/v2\/pages\/120788"}],"wp:attachment":[{"href":"https:\/\/www.tradingpedia.com\/es\/wp-json\/wp\/v2\/media?parent=120880"}],"curies":[{"name":"wp","href":"https:\/\/api.w.org\/{rel}","templated":true}]}}