{"id":120879,"date":"2024-11-20T12:34:36","date_gmt":"2024-11-20T12:34:36","guid":{"rendered":"https:\/\/www.tradingpedia.com\/authors\/teodor-dimov\/"},"modified":"2026-01-16T12:47:53","modified_gmt":"2026-01-16T12:47:53","slug":"teodor-dimov","status":"publish","type":"page","link":"https:\/\/www.tradingpedia.com\/es\/authors\/teodor-dimov\/","title":{"rendered":"Teodor Dimov"},"content":{"rendered":"<p>Teodor es redactor y editor de noticias financieras en TradingPedia, donde cubre los mercados spot y de futuros de materias primas, as\u00ed como los factores fundamentales vinculados a su formaci\u00f3n de precios. Junto con sus colegas, Dimov redacta y edita contenidos de an\u00e1lisis fundamental y t\u00e9cnico sobre la operativa con materias primas y Forex.<\/p>\n<p>Antes de su incorporaci\u00f3n a TradingPedia, Dimov inici\u00f3 su carrera en la gesti\u00f3n de relaciones con clientes en Piraeus Bank. Es licenciado en Finanzas y posee un m\u00e1ster en Finanzas Corporativas. <\/p>\n","protected":false},"excerpt":{"rendered":"<p>Teodor es redactor y editor de noticias financieras en TradingPedia, donde cubre los mercados spot y de futuros de materias primas, as\u00ed como los factores fundamentales vinculados a su formaci\u00f3n de precios. Junto con sus colegas, Dimov redacta y edita contenidos de an\u00e1lisis fundamental y t\u00e9cnico sobre la operativa con materias primas y Forex. Antes [&hellip;]<\/p>\n","protected":false},"author":1,"featured_media":0,"parent":120788,"menu_order":0,"comment_status":"closed","ping_status":"closed","template":"templates\/full-width.php","meta":{"footnotes":""},"class_list":["post-120879","page","type-page","status-publish","hentry"],"aioseo_notices":[],"_links":{"self":[{"href":"https:\/\/www.tradingpedia.com\/es\/wp-json\/wp\/v2\/pages\/120879","targetHints":{"allow":["GET"]}}],"collection":[{"href":"https:\/\/www.tradingpedia.com\/es\/wp-json\/wp\/v2\/pages"}],"about":[{"href":"https:\/\/www.tradingpedia.com\/es\/wp-json\/wp\/v2\/types\/page"}],"author":[{"embeddable":true,"href":"https:\/\/www.tradingpedia.com\/es\/wp-json\/wp\/v2\/users\/1"}],"replies":[{"embeddable":true,"href":"https:\/\/www.tradingpedia.com\/es\/wp-json\/wp\/v2\/comments?post=120879"}],"version-history":[{"count":0,"href":"https:\/\/www.tradingpedia.com\/es\/wp-json\/wp\/v2\/pages\/120879\/revisions"}],"up":[{"embeddable":true,"href":"https:\/\/www.tradingpedia.com\/es\/wp-json\/wp\/v2\/pages\/120788"}],"wp:attachment":[{"href":"https:\/\/www.tradingpedia.com\/es\/wp-json\/wp\/v2\/media?parent=120879"}],"curies":[{"name":"wp","href":"https:\/\/api.w.org\/{rel}","templated":true}]}}