{"id":120878,"date":"2024-11-20T12:33:32","date_gmt":"2024-11-20T12:33:32","guid":{"rendered":"https:\/\/www.tradingpedia.com\/authors\/sandra-leggero\/"},"modified":"2026-01-16T12:47:24","modified_gmt":"2026-01-16T12:47:24","slug":"sandra-leggero","status":"publish","type":"page","link":"https:\/\/www.tradingpedia.com\/es\/authors\/sandra-leggero\/","title":{"rendered":"Sandra Leggero"},"content":{"rendered":"<p><img decoding=\"async\" src=\"https:\/\/www.tradingpedia.com\/wp-content\/uploads\/2013\/09\/sandra1.jpg\" alt=\"sleggero\" width=\"180\" height=\"187\" class=\"alignleft size-full wp-image-9931\" \/>Sandra Leggero cuenta con amplia experiencia en los mercados financieros, tras haber pasado m\u00e1s de 9 a\u00f1os en la negociaci\u00f3n de materias primas para varias empresas europeas y asi\u00e1ticas. Es licenciada en Econom\u00eda por  la Universidad de Pav\u00eda y est\u00e1 especializada en mercados emergentes. Antes de incorporarse a TradingPedia, Leggero trabaj\u00f3 como asociada comercial en una empresa transnacional de importaci\u00f3n y exportaci\u00f3n que opera con materias primas.<\/p>\n<p>Leggero tambi\u00e9n cuenta con una licenciatura en Marketing y un m\u00e1ster en Comercio Internacional. Est\u00e1 a cargo de las secciones \u00abAcciones\u00bb y \u00abMaterias primas\u00bb y es una fuente de informaci\u00f3n imprescindible sobre la negociaci\u00f3n de futuros de cereales y de productos agr\u00edcolas blandos.<\/p>\n","protected":false},"excerpt":{"rendered":"<p>Sandra Leggero cuenta con amplia experiencia en los mercados financieros, tras haber pasado m\u00e1s de 9 a\u00f1os en la negociaci\u00f3n de materias primas para varias empresas europeas y asi\u00e1ticas. Es licenciada en Econom\u00eda por la Universidad de Pav\u00eda y est\u00e1 especializada en mercados emergentes. Antes de incorporarse a TradingPedia, Leggero trabaj\u00f3 como asociada comercial en [&hellip;]<\/p>\n","protected":false},"author":1,"featured_media":0,"parent":120788,"menu_order":0,"comment_status":"closed","ping_status":"closed","template":"templates\/full-width.php","meta":{"footnotes":""},"class_list":["post-120878","page","type-page","status-publish","hentry"],"aioseo_notices":[],"_links":{"self":[{"href":"https:\/\/www.tradingpedia.com\/es\/wp-json\/wp\/v2\/pages\/120878","targetHints":{"allow":["GET"]}}],"collection":[{"href":"https:\/\/www.tradingpedia.com\/es\/wp-json\/wp\/v2\/pages"}],"about":[{"href":"https:\/\/www.tradingpedia.com\/es\/wp-json\/wp\/v2\/types\/page"}],"author":[{"embeddable":true,"href":"https:\/\/www.tradingpedia.com\/es\/wp-json\/wp\/v2\/users\/1"}],"replies":[{"embeddable":true,"href":"https:\/\/www.tradingpedia.com\/es\/wp-json\/wp\/v2\/comments?post=120878"}],"version-history":[{"count":0,"href":"https:\/\/www.tradingpedia.com\/es\/wp-json\/wp\/v2\/pages\/120878\/revisions"}],"up":[{"embeddable":true,"href":"https:\/\/www.tradingpedia.com\/es\/wp-json\/wp\/v2\/pages\/120788"}],"wp:attachment":[{"href":"https:\/\/www.tradingpedia.com\/es\/wp-json\/wp\/v2\/media?parent=120878"}],"curies":[{"name":"wp","href":"https:\/\/api.w.org\/{rel}","templated":true}]}}