{"id":120877,"date":"2024-11-20T12:32:16","date_gmt":"2024-11-20T12:32:16","guid":{"rendered":"https:\/\/www.tradingpedia.com\/authors\/miroslav-marinov\/"},"modified":"2026-01-16T12:47:04","modified_gmt":"2026-01-16T12:47:04","slug":"miroslav-marinov","status":"publish","type":"page","link":"https:\/\/www.tradingpedia.com\/es\/authors\/miroslav-marinov\/","title":{"rendered":"Miroslav Marinov"},"content":{"rendered":"<p><img decoding=\"async\" src=\"https:\/\/www.tradingpedia.com\/wp-content\/uploads\/2013\/09\/mmarinov.jpg\" alt=\"Miroslav Marinov\" width=\"180\" height=\"187\" class=\"alignleft size-full wp-image-9855\" srcset=\"https:\/\/www.tradingpedia.com\/wp-content\/uploads\/2013\/09\/mmarinov.jpg 180w, https:\/\/www.tradingpedia.com\/wp-content\/uploads\/2013\/09\/mmarinov-52x55.jpg 52w\" sizes=\"(max-width: 180px) 100vw, 180px\" \/>Miroslav Marinov, editor de noticias financieras en TradingPedia, se dedica a observar y a informar sobre las tendencias del mercado de divisas, y actualmente centra su atenci\u00f3n en las principales divisas de ocho econom\u00edas desarrolladas de todo el mundo. Supervisa la secci\u00f3n \u00abCurrency Trading\u00bb del sitio web y tambi\u00e9n colabora en las secciones \u00abFundamental Analysis\u00bb, \u00abTechnical Analysis\u00bb y \u00abTrading Strategy\u00bb.<\/p>\n<p>Marinov ha sido trader independiente de Forex durante dos a\u00f1os. Tambi\u00e9n ha trabajado en los \u00e1mbitos de la banca minorista y de la gesti\u00f3n de relaciones con clientes, as\u00ed como en la auditor\u00eda financiera independiente. Sus intereses profesionales abarcan los mercados financieros globales, la gesti\u00f3n global de patrimonios, las buenas pr\u00e1cticas de gobierno corporativo y la presupuestaci\u00f3n de capital. Posee una licenciatura en Finanzas y un m\u00e1ster en Finanzas Corporativas.<\/p>\n<p><a target=\"_blank\" href=\"https:\/\/bg.linkedin.com\/in\/miroslav-marinoff-5a909828\" rel=\"nofollow noopener\"><img decoding=\"async\" width=\"25\" src=\"\/wp-content\/themes\/trading-pedia\/images\/icon-linkedin.svg\" \/><\/a><\/p>\n","protected":false},"excerpt":{"rendered":"<p>Miroslav Marinov, editor de noticias financieras en TradingPedia, se dedica a observar y a informar sobre las tendencias del mercado de divisas, y actualmente centra su atenci\u00f3n en las principales divisas de ocho econom\u00edas desarrolladas de todo el mundo. Supervisa la secci\u00f3n \u00abCurrency Trading\u00bb del sitio web y tambi\u00e9n colabora en las secciones \u00abFundamental Analysis\u00bb, [&hellip;]<\/p>\n","protected":false},"author":1,"featured_media":0,"parent":120788,"menu_order":0,"comment_status":"closed","ping_status":"closed","template":"templates\/full-width.php","meta":{"footnotes":""},"class_list":["post-120877","page","type-page","status-publish","hentry"],"aioseo_notices":[],"_links":{"self":[{"href":"https:\/\/www.tradingpedia.com\/es\/wp-json\/wp\/v2\/pages\/120877","targetHints":{"allow":["GET"]}}],"collection":[{"href":"https:\/\/www.tradingpedia.com\/es\/wp-json\/wp\/v2\/pages"}],"about":[{"href":"https:\/\/www.tradingpedia.com\/es\/wp-json\/wp\/v2\/types\/page"}],"author":[{"embeddable":true,"href":"https:\/\/www.tradingpedia.com\/es\/wp-json\/wp\/v2\/users\/1"}],"replies":[{"embeddable":true,"href":"https:\/\/www.tradingpedia.com\/es\/wp-json\/wp\/v2\/comments?post=120877"}],"version-history":[{"count":0,"href":"https:\/\/www.tradingpedia.com\/es\/wp-json\/wp\/v2\/pages\/120877\/revisions"}],"up":[{"embeddable":true,"href":"https:\/\/www.tradingpedia.com\/es\/wp-json\/wp\/v2\/pages\/120788"}],"wp:attachment":[{"href":"https:\/\/www.tradingpedia.com\/es\/wp-json\/wp\/v2\/media?parent=120877"}],"curies":[{"name":"wp","href":"https:\/\/api.w.org\/{rel}","templated":true}]}}