{"id":120876,"date":"2024-11-20T12:30:42","date_gmt":"2024-11-20T12:30:42","guid":{"rendered":"https:\/\/www.tradingpedia.com\/authors\/michael-fisher\/"},"modified":"2026-01-16T12:46:27","modified_gmt":"2026-01-16T12:46:27","slug":"michael-fisher","status":"publish","type":"page","link":"https:\/\/www.tradingpedia.com\/es\/authors\/michael-fisher\/","title":{"rendered":"Michael Fisher"},"content":{"rendered":"<p><img decoding=\"async\" src=\"https:\/\/www.tradingpedia.com\/wp-content\/uploads\/2013\/09\/mfisher2.jpg\" alt=\"mfisher\" width=\"180\" height=\"187\" class=\"alignleft size-full wp-image-9950\" srcset=\"https:\/\/www.tradingpedia.com\/wp-content\/uploads\/2013\/09\/mfisher2.jpg 180w, https:\/\/www.tradingpedia.com\/wp-content\/uploads\/2013\/09\/mfisher2-52x55.jpg 52w\" sizes=\"(max-width: 180px) 100vw, 180px\" \/>Michael Fisher es un trader activo y analista de mercados. Tiene una licenciatura en Econom\u00eda por la Universidad de Pensilvania y comenz\u00f3 su carrera como trader privado de Forex en 2005. Ha participado en encuestas sobre sistemas de trading de seguimiento de tendencias. Tambi\u00e9n ha adquirido experiencia como analista financiero corporativo en el sector de la banca privada. <\/p>\n<p>Fisher colabora en la redacci\u00f3n y edici\u00f3n de contenidos de la secci\u00f3n \u00abTrading Strategy\u00bb. Adem\u00e1s de su inter\u00e9s por la econom\u00eda, Fisher siente entusiasmo por el arte y los gr\u00e1ficos por ordenador. <\/p>\n","protected":false},"excerpt":{"rendered":"<p>Michael Fisher es un trader activo y analista de mercados. Tiene una licenciatura en Econom\u00eda por la Universidad de Pensilvania y comenz\u00f3 su carrera como trader privado de Forex en 2005. Ha participado en encuestas sobre sistemas de trading de seguimiento de tendencias. Tambi\u00e9n ha adquirido experiencia como analista financiero corporativo en el sector de [&hellip;]<\/p>\n","protected":false},"author":1,"featured_media":0,"parent":120788,"menu_order":0,"comment_status":"closed","ping_status":"closed","template":"templates\/full-width.php","meta":{"footnotes":""},"class_list":["post-120876","page","type-page","status-publish","hentry"],"aioseo_notices":[],"_links":{"self":[{"href":"https:\/\/www.tradingpedia.com\/es\/wp-json\/wp\/v2\/pages\/120876","targetHints":{"allow":["GET"]}}],"collection":[{"href":"https:\/\/www.tradingpedia.com\/es\/wp-json\/wp\/v2\/pages"}],"about":[{"href":"https:\/\/www.tradingpedia.com\/es\/wp-json\/wp\/v2\/types\/page"}],"author":[{"embeddable":true,"href":"https:\/\/www.tradingpedia.com\/es\/wp-json\/wp\/v2\/users\/1"}],"replies":[{"embeddable":true,"href":"https:\/\/www.tradingpedia.com\/es\/wp-json\/wp\/v2\/comments?post=120876"}],"version-history":[{"count":0,"href":"https:\/\/www.tradingpedia.com\/es\/wp-json\/wp\/v2\/pages\/120876\/revisions"}],"up":[{"embeddable":true,"href":"https:\/\/www.tradingpedia.com\/es\/wp-json\/wp\/v2\/pages\/120788"}],"wp:attachment":[{"href":"https:\/\/www.tradingpedia.com\/es\/wp-json\/wp\/v2\/media?parent=120876"}],"curies":[{"name":"wp","href":"https:\/\/api.w.org\/{rel}","templated":true}]}}