{"id":120875,"date":"2024-11-20T12:29:28","date_gmt":"2024-11-20T12:29:28","guid":{"rendered":"https:\/\/www.tradingpedia.com\/authors\/ivaylo-mihaylov\/"},"modified":"2026-01-16T12:45:42","modified_gmt":"2026-01-16T12:45:42","slug":"ivaylo-mihaylov","status":"publish","type":"page","link":"https:\/\/www.tradingpedia.com\/es\/authors\/ivaylo-mihaylov\/","title":{"rendered":"Ivaylo Mihaylov"},"content":{"rendered":"<p>Ivaylo es editor de noticias financieras y cubre los mercados internacionales de acciones y de futuros sobre acciones, informando sobre noticias corporativas y elaborando an\u00e1lisis empresariales. Junto con sus colegas, redacta art\u00edculos sobre estrategias de trading relacionadas con el an\u00e1lisis t\u00e9cnico y\/o fundamental.<\/p>\n<p>Su experiencia laboral previa est\u00e1 relacionada con el conocimiento de las pr\u00e1cticas de fiscalidad corporativa en grandes empresas de Europa y de Estados Unidos.<\/p>\n<p>Mihaylov obtuvo una licenciatura en administraci\u00f3n de empresas, con concentraci\u00f3n en finanzas, por Concord University, WV, EE. UU.<\/p>\n","protected":false},"excerpt":{"rendered":"<p>Ivaylo es editor de noticias financieras y cubre los mercados internacionales de acciones y de futuros sobre acciones, informando sobre noticias corporativas y elaborando an\u00e1lisis empresariales. Junto con sus colegas, redacta art\u00edculos sobre estrategias de trading relacionadas con el an\u00e1lisis t\u00e9cnico y\/o fundamental. Su experiencia laboral previa est\u00e1 relacionada con el conocimiento de las pr\u00e1cticas [&hellip;]<\/p>\n","protected":false},"author":1,"featured_media":0,"parent":120788,"menu_order":0,"comment_status":"closed","ping_status":"closed","template":"templates\/full-width.php","meta":{"footnotes":""},"class_list":["post-120875","page","type-page","status-publish","hentry"],"aioseo_notices":[],"_links":{"self":[{"href":"https:\/\/www.tradingpedia.com\/es\/wp-json\/wp\/v2\/pages\/120875","targetHints":{"allow":["GET"]}}],"collection":[{"href":"https:\/\/www.tradingpedia.com\/es\/wp-json\/wp\/v2\/pages"}],"about":[{"href":"https:\/\/www.tradingpedia.com\/es\/wp-json\/wp\/v2\/types\/page"}],"author":[{"embeddable":true,"href":"https:\/\/www.tradingpedia.com\/es\/wp-json\/wp\/v2\/users\/1"}],"replies":[{"embeddable":true,"href":"https:\/\/www.tradingpedia.com\/es\/wp-json\/wp\/v2\/comments?post=120875"}],"version-history":[{"count":0,"href":"https:\/\/www.tradingpedia.com\/es\/wp-json\/wp\/v2\/pages\/120875\/revisions"}],"up":[{"embeddable":true,"href":"https:\/\/www.tradingpedia.com\/es\/wp-json\/wp\/v2\/pages\/120788"}],"wp:attachment":[{"href":"https:\/\/www.tradingpedia.com\/es\/wp-json\/wp\/v2\/media?parent=120875"}],"curies":[{"name":"wp","href":"https:\/\/api.w.org\/{rel}","templated":true}]}}