{"id":120874,"date":"2024-11-20T12:28:11","date_gmt":"2024-11-20T12:28:11","guid":{"rendered":"https:\/\/www.tradingpedia.com\/authors\/brian-mccoll\/"},"modified":"2026-01-16T12:44:11","modified_gmt":"2026-01-16T12:44:11","slug":"brian-mccoll","status":"publish","type":"page","link":"https:\/\/www.tradingpedia.com\/es\/authors\/brian-mccoll\/","title":{"rendered":"Brian McColl"},"content":{"rendered":"<p><img decoding=\"async\" src=\"https:\/\/www.tradingpedia.com\/wp-content\/uploads\/2013\/09\/bmccoll1.jpg\" alt=\"bmccoll\" width=\"180\" height=\"187\" class=\"alignleft size-full wp-image-9930\" srcset=\"https:\/\/www.tradingpedia.com\/wp-content\/uploads\/2013\/09\/bmccoll1.jpg 180w, https:\/\/www.tradingpedia.com\/wp-content\/uploads\/2013\/09\/bmccoll1-52x55.jpg 52w\" sizes=\"(max-width: 180px) 100vw, 180px\" \/>Brian McColl es un experto y mentor en an\u00e1lisis fundamental y t\u00e9cnico. Brian forma parte de los mercados de Forex y de acciones desde hace m\u00e1s de diez a\u00f1os como trader independiente. Antes de incorporarse a TradingPedia.com, trabaj\u00f3 como analista financiero en el sector de las tecnolog\u00edas de la informaci\u00f3n.<\/p>\n<p>McColl es redactor y editor de contenidos en las secciones \u00abTrading Strategy\u00bb y \u00abForex Brokers\u00bb. Posee profundos conocimientos en seguros corporativos, an\u00e1lisis financiero y valores. McColl posee un m\u00e1ster en Econom\u00eda Financiera.<\/p>\n","protected":false},"excerpt":{"rendered":"<p>Brian McColl es un experto y mentor en an\u00e1lisis fundamental y t\u00e9cnico. Brian forma parte de los mercados de Forex y de acciones desde hace m\u00e1s de diez a\u00f1os como trader independiente. Antes de incorporarse a TradingPedia.com, trabaj\u00f3 como analista financiero en el sector de las tecnolog\u00edas de la informaci\u00f3n. McColl es redactor y editor [&hellip;]<\/p>\n","protected":false},"author":1,"featured_media":0,"parent":120788,"menu_order":0,"comment_status":"closed","ping_status":"closed","template":"templates\/full-width.php","meta":{"footnotes":""},"class_list":["post-120874","page","type-page","status-publish","hentry"],"aioseo_notices":[],"_links":{"self":[{"href":"https:\/\/www.tradingpedia.com\/es\/wp-json\/wp\/v2\/pages\/120874","targetHints":{"allow":["GET"]}}],"collection":[{"href":"https:\/\/www.tradingpedia.com\/es\/wp-json\/wp\/v2\/pages"}],"about":[{"href":"https:\/\/www.tradingpedia.com\/es\/wp-json\/wp\/v2\/types\/page"}],"author":[{"embeddable":true,"href":"https:\/\/www.tradingpedia.com\/es\/wp-json\/wp\/v2\/users\/1"}],"replies":[{"embeddable":true,"href":"https:\/\/www.tradingpedia.com\/es\/wp-json\/wp\/v2\/comments?post=120874"}],"version-history":[{"count":0,"href":"https:\/\/www.tradingpedia.com\/es\/wp-json\/wp\/v2\/pages\/120874\/revisions"}],"up":[{"embeddable":true,"href":"https:\/\/www.tradingpedia.com\/es\/wp-json\/wp\/v2\/pages\/120788"}],"wp:attachment":[{"href":"https:\/\/www.tradingpedia.com\/es\/wp-json\/wp\/v2\/media?parent=120874"}],"curies":[{"name":"wp","href":"https:\/\/api.w.org\/{rel}","templated":true}]}}